{"id":2844,"date":"2024-08-12T14:37:34","date_gmt":"2024-08-12T14:37:34","guid":{"rendered":"https:\/\/drterziler.com\/haar-behandlungen\/haar-check-up\/"},"modified":"2026-02-27T17:18:10","modified_gmt":"2026-02-27T17:18:10","slug":"haar-check-up","status":"publish","type":"page","link":"https:\/\/drterziler.com\/de\/haar-behandlungen\/haar-check-up\/","title":{"rendered":"Haar-Check-Up"},"content":{"rendered":"<div class=\"page-content\">\n<div id=\"header-area\">\n<div class=\"container\" id=\"firstContent\">\n<div class=\"header-content d-flex flex-column\">\n<h1 class=\"content-title h1-header\">Haar-Check-Up<\/h1>\n<div class=\"content-paragraph\">\n<p class=\"p-text\">Ein Haar-Check-Up ist eine umfassende trichologische Untersuchung, die der Diagnose und Behandlung von Haar- und Kopfhautproblemen dient. Dieser Prozess umfasst eine detaillierte Analyse der Haarfollikel, des Zustands der Kopfhaut und der essenziellen N\u00e4hrstoffe und bietet einen individuellen Behandlungsplan, um Probleme wie Haarausfall, Ausd\u00fcnnung und die Gesundheit der Kopfhaut anzugehen. Regelm\u00e4\u00dfige Haar-Check-Ups sind entscheidend f\u00fcr die Fr\u00fcherkennung von Problemen, erm\u00f6glichen wirksame Interventionen und gew\u00e4hrleisten eine langfristige Haargesundheit.<\/p>\n<\/p><\/div>\n<nav aria-label=\"breadcrumb\" class=\"breadcrumbs\">\n<ul class=\"d-flex align-items-center mb-0\">\n<li><a class=\"link\" href=\"https:\/\/drterziler.com\/de\/\"><span>Dr. Terziler Exclusive Clinic<\/span><\/a><\/li>\n<li class=\"separator\">\u00bb<\/li>\n<li><a class=\"link\" href=\"https:\/\/drterziler.com\/de\/haar-behandlungen\/\"><span>Haar-Behandlungen<\/span><\/a><\/li>\n<li class=\"separator\">\u00bb<\/li>\n<li class=\"current-page\"><span>Haar-Check-Up<\/span><\/li>\n<\/ul>\n<\/nav><\/div>\n<\/p><\/div>\n<\/p><\/div>\n<\/div>\n<section id=\"content-area\">\n<div class=\"container my-5\">\n<div class=\"row align-items-start\">\n<div class=\"col-md-6 order-2 order-md-1\">\n<div class=\"custom-toc-box\">\n<div id=\"toc-header\">\n<h4>Inhaltsverzeichnis<\/h4>\n<div class=\"toc-toggle-icon\"><\/div>\n<\/p><\/div>\n<div class=\"toc-full-divider\"><\/div>\n<div id=\"toc-body\">\n<div id=\"toc-container\"><\/div>\n<\/p><\/div>\n<\/p><\/div>\n<\/p><\/div>\n<div class=\"col-md-6 order-1 order-md-2\" id=\"jForm\">\n                <script type=\"text\/javascript\" src=\"https:\/\/form.jotform.com\/jsform\/242882128947973\"><\/script>\n            <\/div>\n<\/p><\/div>\n<\/p><\/div>\n<div class=\"container\">\n<div>\n<div>\n<h2 class=\"h2-header\">Haar-Check-Up: Umfassende Analyse f\u00fcr die Gesundheit von Haar und Kopfhaut<\/h2>\n<\/p><\/div>\n<div>\n<p class=\"p-text\">Ein Haar-Check-up umfasst eine Reihe von trichologischen Tests, die darauf abzielen, Probleme mit Haar und Kopfhaut zu erkennen und zu beheben. Dabei werden die Haarwurzeln mit detaillierten mikroskopischen Aufnahmen untersucht und verschiedene Parameter wie Haarmassenindex, Elastizit\u00e4t, Feuchtigkeit, Talg (\u00d6l) und pH-Wert gemessen. Au\u00dferdem werden wichtige N\u00e4hrstoffe wie Eisen, Zink, Fols\u00e4ure, Vitamin D, B12 und Biotin, die f\u00fcr die allgemeine Gesundheit wichtig sind, bestimmt. Ziel eines Haar-Check-ups ist es, die genaueste Behandlung f\u00fcr den Patienten zu finden, indem genetische oder hormonelle Faktoren ermittelt werden, die zum Haarausfall beitragen k\u00f6nnen.<\/p>\n<\/p><\/div>\n<\/p><\/div>\n<div>\n<div>\n<h2 class=\"h2-header\">Warum ist ein Haar-Check-up wichtig?<\/h2>\n<\/p><\/div>\n<div>\n<p class=\"p-text\">Regelm\u00e4\u00dfige Haaruntersuchungen sind f\u00fcr die Aufrechterhaltung einer optimalen Haargesundheit und die Behebung von Problemen unerl\u00e4sslich, bevor sie sich verschlimmern. Wenn wir fr\u00fche Anzeichen von Haarausfall, Kopfhautproblemen oder anderen Problemen erkennen, k\u00f6nnen wir fr\u00fchzeitig eingreifen und geeignete Behandlungen empfehlen, um weitere Sch\u00e4den zu verhindern und gesundes Haarwachstum zu f\u00f6rdern. Ein Haar-Check-up erm\u00f6glicht es uns auch, Ver\u00e4nderungen an Ihrem Haar und Ihrer Kopfhaut im Laufe der Zeit zu beobachten, was uns wertvolle Einblicke in Ihre allgemeine Haargesundheit gibt und es uns erm\u00f6glicht, Ihren Behandlungsplan bei Bedarf anzupassen.<\/p>\n<\/p><\/div>\n<\/p><\/div>\n<div>\n<div>\n<h2 class=\"h2-header\">Wie wird ein Haar-Check-up durchgef\u00fchrt?<\/h2>\n<\/p><\/div>\n<div>\n<p class=\"p-text\">Der Haar-Check-Up-Prozess beginnt mit einer Anamnese (Krankengeschichte), die von einem spezialisierten Trichologen durchgef\u00fchrt wird. Dazu geh\u00f6rt ein pers\u00f6nliches Gespr\u00e4ch, in dem die Krankengeschichte, der Lebensstil und die Haarpflegeroutine des Patienten er\u00f6rtert werden. Anschlie\u00dfend wird eine Kopfhautprobe entnommen, um die Haargesundheit, die Bruchrate und die St\u00e4rke des Haarausfalls mit Hilfe der \u201eTrikogramm\u201c-Technik zu beurteilen, die die Haarmorphologie untersucht und bei der Diagnose von Haarerkrankungen hilft. Nach der k\u00f6rperlichen Untersuchung und den Messungen wird ein Bluttest angefordert, um etwaige zugrunde liegende Probleme zu ermitteln. Die Diagnose basiert auf den Ergebnissen dieser Scans und Analysen, die in der Regel 1-1,5 Stunden dauern. Anschlie\u00dfend wird ein individueller trichologischer Therapie- oder Behandlungsplan f\u00fcr den Patienten erstellt. Wird eine Krankheit als Ursache f\u00fcr den Haarausfall festgestellt, wird der Patient an einen Facharzt \u00fcberwiesen.<\/p>\n<\/p><\/div>\n<\/p><\/div>\n<div>\n<div>\n<h2 class=\"h2-header\">Was Sie bei einem Haar-Check-up erwarten k\u00f6nnen<\/h2>\n<\/p><\/div>\n<div>\n<p class=\"p-text\">W\u00e4hrend Ihres Haar-Check-up-Termins f\u00fchren unsere Spezialisten eine gr\u00fcndliche Untersuchung Ihrer Kopfhaut und Ihrer Haare durch. Dies kann Folgendes umfassen: Visuelle Untersuchung der Kopfhaut und der Haarfollikel Analyse der Haardichte, -dicke und -textur Beurteilung des Zustands der Kopfhaut, einschlie\u00dflich Anzeichen von Entz\u00fcndungen, Schuppen oder anderen dermatologischen Problemen Besprechung etwaiger Probleme mit Haarausfall oder Ver\u00e4nderungen des Haarwachstums Empfehlungen f\u00fcr weitere diagnostische Tests oder Behandlungen, falls erforderlich Unsere Spezialisten nehmen sich Zeit, um sich Ihre Anliegen anzuh\u00f6ren und Ihre Fragen zu beantworten, damit Sie sich w\u00e4hrend des gesamten Prozesses sicher und unterst\u00fctzt f\u00fchlen.<\/p>\n<\/p><\/div>\n<\/p><\/div>\n<div>\n<div>\n<h2 class=\"h2-header\">Wissenschaftliche Dimension des Haar-Check-ups: Genetischer Haartest<\/h2>\n<\/p><\/div>\n<div>\n<p class=\"p-text\">Haarausfall hat oft eine genetische Grundlage, aber auch andere Faktoren k\u00f6nnen dazu beitragen. Genetische Haartests, wie der \u201eTricho-Test\u201c, sind die neueste Technologie, um die genetischen Ursachen von Haarausfall zu verstehen. Mit diesem Test kann innerhalb von 5-6 Wochen das f\u00fcr den Haarausfall verantwortliche Gen ermittelt werden. Auf der Grundlage der Ergebnisse k\u00f6nnen personalisierte Formeln, wie z. B. Haarseren und Vitamine, entwickelt werden, um Haar- und Kopfhautprobleme zu verlangsamen oder sogar zu stoppen.<\/p>\n<\/p><\/div>\n<\/p><\/div>\n<div>\n<div>\n<h2 class=\"h2-header\">Wer sollte einen Haar-Check-up durchf\u00fchren lassen?<\/h2>\n<\/p><\/div>\n<div>\n<p class=\"p-text\">Jeder, der unter kraftlosem Haar, regionalem Haarausfall, Kopfhautjucken, \u00fcberm\u00e4\u00dfiger Schuppenbildung oder Elastizit\u00e4tsverlust der Haare leidet, sollte einen Haar-Check-up in Erw\u00e4gung ziehen. Dabei wird zun\u00e4chst der Vitamin- und Mineralstoffhaushalt ermittelt, der f\u00fcr die Gesundheit der Haare eine entscheidende Rolle spielt.<\/p>\n<\/p><\/div>\n<\/p><\/div>\n<div>\n<div>\n<h2 class=\"h2-header\">Vorteile eines Haar-Check-Ups<\/h2>\n<\/p><\/div>\n<div>\n<p class=\"p-text\">Fr\u00fchzeitige Erkennung von Haarausfall: Die fr\u00fchzeitige Erkennung von Anzeichen f\u00fcr Haarausfall oder d\u00fcnner werdendes Haar erm\u00f6glicht ein rasches Eingreifen, um weiteren Haarausfall zu verhindern und die Wirksamkeit der Behandlung zu verbessern. Personalisierte Empfehlungen: Unsere Spezialisten geben Ihnen ma\u00dfgeschneiderte Ratschl\u00e4ge zu Haarpflegeprodukten, Behandlungen und \u00c4nderungen des Lebensstils, die auf Ihre speziellen Bed\u00fcrfnisse und Ziele abgestimmt sind. Verbesserte Gesundheit der Kopfhaut: Die Behandlung von Kopfhautproblemen w\u00e4hrend des Check-ups kann zu einer ges\u00fcnderen Kopfhaut f\u00fchren, die f\u00fcr kr\u00e4ftiges, widerstandsf\u00e4higes Haar unerl\u00e4sslich ist. Seelenfrieden: Regelm\u00e4\u00dfige Haar-Check-ups stellen sicher, dass Ihre Haargesundheit von Fachleuten \u00fcberwacht wird, damit Sie wirksame L\u00f6sungen f\u00fcr alle Probleme erhalten.<\/p>\n<\/p><\/div>\n<\/p><\/div>\n<div>\n<div>\n<h2 class=\"h2-header\">Vereinbaren Sie noch heute einen Termin f\u00fcr Ihren Haar-Check-up!<\/h2>\n<\/p><\/div>\n<div>\n<p class=\"p-text\">Warten Sie nicht, bis sich Haarprobleme verschlimmern. Vereinbaren Sie noch heute einen Termin f\u00fcr einen Haar-Check-up in der Klinik von Dr. Terziler und unternehmen Sie proaktive Schritte, um gesundes, lebendiges Haar zu erhalten. Unser Expertenteam unterst\u00fctzt Sie auf Ihrem Weg zu sch\u00f6nem, gesundem Haar.<\/p>\n<\/p><\/div>\n<\/p><\/div>\n<\/p><\/div>\n<\/section>\n","protected":false},"excerpt":{"rendered":"<p>Haar-Check-Up Ein Haar-Check-Up ist eine umfassende trichologische Untersuchung, die der Diagnose und Behandlung von Haar- und Kopfhautproblemen dient. Dieser Prozess umfasst eine detaillierte Analyse der Haarfollikel, des Zustands der Kopfhaut und der essenziellen N\u00e4hrstoffe und bietet einen individuellen Behandlungsplan, um Probleme wie Haarausfall, Ausd\u00fcnnung und die Gesundheit der Kopfhaut anzugehen. Regelm\u00e4\u00dfige Haar-Check-Ups sind entscheidend f\u00fcr [&hellip;]<\/p>\n","protected":false},"author":6,"featured_media":889,"parent":2840,"menu_order":0,"comment_status":"closed","ping_status":"closed","template":"","meta":{"footnotes":""},"class_list":["post-2844","page","type-page","status-publish","has-post-thumbnail","hentry"],"_links":{"self":[{"href":"https:\/\/drterziler.com\/de\/wp-json\/wp\/v2\/pages\/2844","targetHints":{"allow":["GET"]}}],"collection":[{"href":"https:\/\/drterziler.com\/de\/wp-json\/wp\/v2\/pages"}],"about":[{"href":"https:\/\/drterziler.com\/de\/wp-json\/wp\/v2\/types\/page"}],"author":[{"embeddable":true,"href":"https:\/\/drterziler.com\/de\/wp-json\/wp\/v2\/users\/6"}],"replies":[{"embeddable":true,"href":"https:\/\/drterziler.com\/de\/wp-json\/wp\/v2\/comments?post=2844"}],"version-history":[{"count":7,"href":"https:\/\/drterziler.com\/de\/wp-json\/wp\/v2\/pages\/2844\/revisions"}],"predecessor-version":[{"id":57762,"href":"https:\/\/drterziler.com\/de\/wp-json\/wp\/v2\/pages\/2844\/revisions\/57762"}],"up":[{"embeddable":true,"href":"https:\/\/drterziler.com\/de\/wp-json\/wp\/v2\/pages\/2840"}],"wp:featuredmedia":[{"embeddable":true,"href":"https:\/\/drterziler.com\/de\/wp-json\/wp\/v2\/media\/889"}],"wp:attachment":[{"href":"https:\/\/drterziler.com\/de\/wp-json\/wp\/v2\/media?parent=2844"}],"curies":[{"name":"wp","href":"https:\/\/api.w.org\/{rel}","templated":true}]}}