{"id":2848,"date":"2024-08-12T14:44:08","date_gmt":"2024-08-12T14:44:08","guid":{"rendered":"https:\/\/drterziler.com\/haar-behandlungen\/hair-nail-cocktail-behandlung\/"},"modified":"2026-04-16T11:01:38","modified_gmt":"2026-04-16T11:01:38","slug":"hair-nail-cocktail","status":"publish","type":"page","link":"https:\/\/drterziler.com\/de\/haar-behandlungen\/hair-nail-cocktail\/","title":{"rendered":"Hair Nail Cocktail Behandlung"},"content":{"rendered":"<div class=\"page-content\">\n<div id=\"header-area\">\n<div class=\"container\" id=\"firstContent\">\n<div class=\"header-content d-flex flex-column\">\n<h1 class=\"content-title h1-header\">Hair Nail Cocktail Behandlung<\/h1>\n<div class=\"content-paragraph\">\n<p class=\"p-text\">Die Haar-Nagel-Cocktail-Kur bietet einen ganzheitlichen Ansatz zur Verbesserung der Gesundheit von Haaren und N\u00e4geln mit einer speziell entwickelten Mischung aus nat\u00fcrlichen Inhaltsstoffen. Diese Behandlung kombiniert wichtige N\u00e4hrstoffe, um die Haarfollikel zu n\u00e4hren und zu st\u00e4rken und gleichzeitig die Widerstandsf\u00e4higkeit und das Aussehen Ihrer N\u00e4gel zu verbessern. Der mit Zink, Vitamin-B-Komplexen, N-Acetylcystein und Biotin angereicherte Hair Nail Cocktail wurde entwickelt, um h\u00e4ufige Probleme wie Haarausfall, br\u00fcchige N\u00e4gel und Anzeichen der Hautalterung zu bek\u00e4mpfen.<\/p>\n<\/p><\/div>\n<nav aria-label=\"breadcrumb\" class=\"breadcrumbs\">\n<ul class=\"d-flex align-items-center mb-0\">\n<li><a class=\"link\" href=\"https:\/\/drterziler.com\/de\/\"><span>Dr. Terziler Exclusive Clinic<\/span><\/a><\/li>\n<li class=\"separator\">\u00bb<\/li>\n<li><a class=\"link\" href=\"https:\/\/drterziler.com\/de\/haar-behandlungen\/\"><span>Haar-Behandlungen<\/span><\/a><\/li>\n<li class=\"separator\">\u00bb<\/li>\n<li class=\"current-page\"><span>Hair Nail Cocktail Behandlung<\/span><\/li>\n<\/ul>\n<\/nav><\/div>\n<\/p><\/div>\n<\/p><\/div>\n<\/div>\n<section id=\"content-area\">\n<div class=\"container my-5\">\n<div class=\"row align-items-start\">\n<div class=\"col-md-6 order-2 order-md-1\">\n<div class=\"custom-toc-box\">\n<div id=\"toc-header\">\n<h4>Inhaltsverzeichnis<\/h4>\n<div class=\"toc-toggle-icon\"><\/div>\n<\/p><\/div>\n<div class=\"toc-full-divider\"><\/div>\n<div id=\"toc-body\">\n<div id=\"toc-container\"><\/div>\n<\/p><\/div>\n<\/p><\/div>\n<\/p><\/div>\n<div class=\"col-md-6 order-1 order-md-2\" id=\"jForm\">\n                <script type=\"text\/javascript\" src=\"https:\/\/form.jotform.com\/jsform\/242882128947973\"><\/script>\n            <\/div>\n<\/p><\/div>\n<\/p><\/div>\n<div class=\"container\">\n<div class=\"img-thumb\">\n            <img loading=\"lazy\" decoding=\"async\" width=\"1140\" height=\"641\" src=\"https:\/\/drterziler.com\/wp-content\/uploads\/2025\/04\/HAIR-NAIL-KOKTEYL-1.webp\" alt=\"\" srcset=\"https:\/\/drterziler.com\/wp-content\/uploads\/2025\/04\/HAIR-NAIL-KOKTEYL-1.webp 1140w, https:\/\/drterziler.com\/wp-content\/uploads\/2025\/04\/HAIR-NAIL-KOKTEYL-1-300x169.webp 300w, https:\/\/drterziler.com\/wp-content\/uploads\/2025\/04\/HAIR-NAIL-KOKTEYL-1-1024x576.webp 1024w, https:\/\/drterziler.com\/wp-content\/uploads\/2025\/04\/HAIR-NAIL-KOKTEYL-1-768x432.webp 768w\" sizes=\"auto, (max-width: 1140px) 100vw, 1140px\">\n        <\/div>\n<div>\n<div>\n<h2 class=\"h2-header\">Was ist eine Haarnagel-Cocktail-Behandlung?<\/h2>\n<\/p><\/div>\n<div>\n<p class=\"p-text\">Hair Nail Cocktail Treatment ist eine einzigartige L\u00f6sung, die eine hohe Konzentration an essenziellen Vitaminen und Mineralien enth\u00e4lt, um eine optimale Gesundheit von Haar und N\u00e4geln zu f\u00f6rdern. Diese Mischung enth\u00e4lt: Zink: Verringert Hautalterung, Haarausfall und br\u00fcchige N\u00e4gel, indem es enzymatische Reaktionen im K\u00f6rper unterst\u00fctzt. Vitamin-B-Komplexe: Wichtig f\u00fcr die Festigkeit der Haare und N\u00e4gel, einschlie\u00dflich B1, B2, B5, B6, B7, B9 und B12. N-Acetyl Cystein: Bekannt f\u00fcr seine antioxidativen Eigenschaften, die zur Erhaltung gesunder Haare und N\u00e4gel beitragen. Biotin: Unterst\u00fctzt die allgemeine Gesundheit der Haare und N\u00e4gel.<\/p>\n<\/p><\/div>\n<\/p><\/div>\n<div>\n<div>\n<h2 class=\"h2-header\">Vorteile der Hair Nail Cocktail Behandlung<\/h2>\n<\/p><\/div>\n<div>\n<p class=\"p-text\">St\u00e4rkt die Haarfollikel: N\u00e4hrt und revitalisiert das Haar und f\u00f6rdert ein ges\u00fcnderes Wachstum. Verbessert die Festigkeit der N\u00e4gel: Verbessert die Geschmeidigkeit und Haltbarkeit der N\u00e4gel und reduziert Nagelbr\u00fcche. Unterst\u00fctzt die Genesung nach der Transplantation: Kann als unterst\u00fctzende Behandlung nach einer Haartransplantation verwendet werden. Reduziert Anzeichen der Hautalterung: Mildert die Auswirkungen der Hautalterung, indem es Defizite an essenziellen N\u00e4hrstoffen ausgleicht.<\/p>\n<\/p><\/div>\n<\/p><\/div>\n<div>\n<div>\n<h2 class=\"h2-header\">Behandlungsprotokoll<\/h2>\n<\/p><\/div>\n<div>\n<p class=\"p-text\">Die Hair-Nail-Cocktail-Behandlung umfasst eine Serie von f\u00fcnf Sitzungen, die jeweils einmal pro Woche durchgef\u00fchrt werden. Dieses Schema gew\u00e4hrleistet eine umfassende Pflege und erm\u00f6glicht eine optimale Aufnahme der n\u00fctzlichen N\u00e4hrstoffe.<\/p>\n<\/p><\/div>\n<\/p><\/div>\n<div>\n<div>\n<h2 class=\"h2-header\">Ideale Kandidaten f\u00fcr die Hair Nail Cocktail Behandlung<\/h2>\n<\/p><\/div>\n<div>\n<p class=\"p-text\">Diese Behandlung ist ideal f\u00fcr Personen, die die Gesundheit und das Aussehen ihrer Haare und N\u00e4gel verbessern m\u00f6chten. Besonders vorteilhaft ist sie als erg\u00e4nzende Therapie nach einer Haartransplantation oder bei Haarausfall und br\u00fcchigen N\u00e4geln.<\/p>\n<\/p><\/div>\n<\/p><\/div>\n<div>\n<div>\n<h2 class=\"h2-header\">Buchen Sie Ihre Hair Nail Cocktail Behandlung noch heute!<\/h2>\n<\/p><\/div>\n<div>\n<p class=\"p-text\">Verbessern Sie die Gesundheit und St\u00e4rke Ihrer Haare und N\u00e4gel mit der Hair Nail Cocktail Behandlung in der Dr. Terziler Exclusive Hair Clinic. Unser Expertenteam bietet Ihnen individuelle Pflege und Unterst\u00fctzung, die auf Ihre Bed\u00fcrfnisse zugeschnitten ist.<\/p>\n<\/p><\/div>\n<\/p><\/div>\n<\/p><\/div>\n<\/section>\n","protected":false},"excerpt":{"rendered":"<p>Hair Nail Cocktail Behandlung Die Haar-Nagel-Cocktail-Kur bietet einen ganzheitlichen Ansatz zur Verbesserung der Gesundheit von Haaren und N\u00e4geln mit einer speziell entwickelten Mischung aus nat\u00fcrlichen Inhaltsstoffen. Diese Behandlung kombiniert wichtige N\u00e4hrstoffe, um die Haarfollikel zu n\u00e4hren und zu st\u00e4rken und gleichzeitig die Widerstandsf\u00e4higkeit und das Aussehen Ihrer N\u00e4gel zu verbessern. Der mit Zink, Vitamin-B-Komplexen, N-Acetylcystein [&hellip;]<\/p>\n","protected":false},"author":6,"featured_media":4928,"parent":2840,"menu_order":0,"comment_status":"closed","ping_status":"closed","template":"","meta":{"footnotes":""},"class_list":["post-2848","page","type-page","status-publish","has-post-thumbnail","hentry"],"_links":{"self":[{"href":"https:\/\/drterziler.com\/de\/wp-json\/wp\/v2\/pages\/2848","targetHints":{"allow":["GET"]}}],"collection":[{"href":"https:\/\/drterziler.com\/de\/wp-json\/wp\/v2\/pages"}],"about":[{"href":"https:\/\/drterziler.com\/de\/wp-json\/wp\/v2\/types\/page"}],"author":[{"embeddable":true,"href":"https:\/\/drterziler.com\/de\/wp-json\/wp\/v2\/users\/6"}],"replies":[{"embeddable":true,"href":"https:\/\/drterziler.com\/de\/wp-json\/wp\/v2\/comments?post=2848"}],"version-history":[{"count":11,"href":"https:\/\/drterziler.com\/de\/wp-json\/wp\/v2\/pages\/2848\/revisions"}],"predecessor-version":[{"id":62134,"href":"https:\/\/drterziler.com\/de\/wp-json\/wp\/v2\/pages\/2848\/revisions\/62134"}],"up":[{"embeddable":true,"href":"https:\/\/drterziler.com\/de\/wp-json\/wp\/v2\/pages\/2840"}],"wp:featuredmedia":[{"embeddable":true,"href":"https:\/\/drterziler.com\/de\/wp-json\/wp\/v2\/media\/4928"}],"wp:attachment":[{"href":"https:\/\/drterziler.com\/de\/wp-json\/wp\/v2\/media?parent=2848"}],"curies":[{"name":"wp","href":"https:\/\/api.w.org\/{rel}","templated":true}]}}