{"id":2858,"date":"2024-08-12T20:00:03","date_gmt":"2024-08-12T20:00:03","guid":{"rendered":"https:\/\/drterziler.com\/haar-behandlungen\/tricho-test\/"},"modified":"2026-02-27T17:20:44","modified_gmt":"2026-02-27T17:20:44","slug":"tricho-test","status":"publish","type":"page","link":"https:\/\/drterziler.com\/de\/haar-behandlungen\/tricho-test\/","title":{"rendered":"Tricho-Test"},"content":{"rendered":"<div class=\"page-content\">\n<div id=\"header-area\">\n<div class=\"container\" id=\"firstContent\">\n<div class=\"header-content d-flex flex-column\">\n<h1 class=\"content-title h1-header\">Tricho-Test<\/h1>\n<div class=\"content-paragraph\">\n<p class=\"p-text\">\n<\/p><\/div>\n<nav aria-label=\"breadcrumb\" class=\"breadcrumbs\">\n<ul class=\"d-flex align-items-center mb-0\">\n<li><a class=\"link\" href=\"https:\/\/drterziler.com\/de\/\"><span>Dr. Terziler Exclusive Clinic<\/span><\/a><\/li>\n<li class=\"separator\">\u00bb<\/li>\n<li><a class=\"link\" href=\"https:\/\/drterziler.com\/de\/haar-behandlungen\/\"><span>Haar-Behandlungen<\/span><\/a><\/li>\n<li class=\"separator\">\u00bb<\/li>\n<li class=\"current-page\"><span>Tricho-Test<\/span><\/li>\n<\/ul>\n<\/nav><\/div>\n<\/p><\/div>\n<\/p><\/div>\n<\/div>\n<section id=\"content-area\">\n<div class=\"container my-5\">\n<div class=\"row align-items-start\">\n<div class=\"col-md-6 order-2 order-md-1\">\n<div class=\"custom-toc-box\">\n<div id=\"toc-header\">\n<h4>Inhaltsverzeichnis<\/h4>\n<div class=\"toc-toggle-icon\"><\/div>\n<\/p><\/div>\n<div class=\"toc-full-divider\"><\/div>\n<div id=\"toc-body\">\n<div id=\"toc-container\"><\/div>\n<\/p><\/div>\n<\/p><\/div>\n<\/p><\/div>\n<div class=\"col-md-6 order-1 order-md-2\" id=\"jForm\">\n                <script type=\"text\/javascript\" src=\"https:\/\/form.jotform.com\/jsform\/242882128947973\"><\/script>\n            <\/div>\n<\/p><\/div>\n<\/p><\/div>\n<div class=\"container\">\n<div class=\"img-thumb\">\n            <img loading=\"lazy\" decoding=\"async\" width=\"1140\" height=\"641\" src=\"https:\/\/drterziler.com\/wp-content\/uploads\/2025\/04\/Tricho-Test.webp\" alt=\"\" srcset=\"https:\/\/drterziler.com\/wp-content\/uploads\/2025\/04\/Tricho-Test.webp 1140w, https:\/\/drterziler.com\/wp-content\/uploads\/2025\/04\/Tricho-Test-300x169.webp 300w, https:\/\/drterziler.com\/wp-content\/uploads\/2025\/04\/Tricho-Test-1024x576.webp 1024w, https:\/\/drterziler.com\/wp-content\/uploads\/2025\/04\/Tricho-Test-768x432.webp 768w\" sizes=\"auto, (max-width: 1140px) 100vw, 1140px\">\n        <\/div>\n<div>\n<div>\n<h2 class=\"h2-header\">Der Schl\u00fcssel zum genetisch bedingten Haarausfall: Tricho-Test!<\/h2>\n<\/p><\/div>\n<div>\n<p class=\"p-text\">Wenn Sie von genetisch bedingtem Haarausfall betroffen sind, ist das kein unl\u00f6sbares Problem mehr. Bei genetisch bedingtem Haarausfall glauben Frauen oft, dass ihre Situation hoffnungslos ist, und greifen zu vor\u00fcbergehenden L\u00f6sungen wie Per\u00fccken und Extensions, um ein volleres Aussehen zu erreichen. M\u00e4nner hingegen k\u00f6nnen eine Haartransplantation als Eingriff in Betracht ziehen. Mit dem richtigen Ansatz ist es jedoch m\u00f6glich, das vorhandene Haar zu sch\u00fctzen, zu st\u00e4rken und sogar zu vermehren, ohne dass eine Transplantation erforderlich ist, und so die Auswirkungen des Haarausfalls bis zu einem gewissen Alter hinauszuz\u00f6gern.Mit dem bahnbrechenden genetischen Haartest, dem Tricho Test, der als einer der bedeutendsten medizinischen Fortschritte des Jahrhunderts angesehen werden kann, kann nun eine personalisierte Haarbehandlung entwickelt werden, die auf der Genetik des Einzelnen basiert. Sowohl bei M\u00e4nnern als auch bei Frauen, die unter genetisch bedingtem Haarausfall leiden, ermittelt der Tricho Test genau, was das Haar braucht, um zu gedeihen. Indem man auf diese spezifischen Bed\u00fcrfnisse eingeht, k\u00f6nnen Qualit\u00e4t und Quantit\u00e4t des Haares verbessert werden, und das Haar kann sogar ohne chirurgischen Eingriff regeneriert werden.<\/p>\n<\/p><\/div>\n<\/p><\/div>\n<div>\n<div>\n<h2 class=\"h2-header\">Wie funktioniert der Tricho-Test?<\/h2>\n<\/p><\/div>\n<div>\n<p class=\"p-text\">Das Verfahren beginnt mit einer einfachen Speichelprobe, die dem Patienten entnommen und an ein Genlabor geschickt wird. Im Laufe von 5-8 Wochen analysieren Spezialisten die Probe, um eine personalisierte Formulierung von Haarseren und Vitaminen zu erstellen, die das Wachstum Ihres Haares st\u00e4rken und f\u00f6rdern sollen.<\/p>\n<\/p><\/div>\n<\/p><\/div>\n<div>\n<div>\n<h2 class=\"h2-header\">Personalisiertes Haarserum und Vitamine<\/h2>\n<\/p><\/div>\n<div>\n<p class=\"p-text\">Diese ma\u00dfgeschneiderte Formel ist der Schl\u00fcssel zur Herstellung eines personalisierten Serums, das den einzigartigen Bed\u00fcrfnissen Ihres Haares entspricht. Das daraus resultierende Haarserum und die Tabletten, die in der Apotheke als Hauptarzneimittel zubereitet werden, m\u00fcssen t\u00e4glich unter \u00e4rztlicher Aufsicht angewendet werden. Dieses Behandlungsschema wird in der Regel 6-9 Monate lang befolgt und bietet eine wirksame, nicht-invasive L\u00f6sung f\u00fcr genetisch bedingten Haarausfall.<\/p>\n<\/p><\/div>\n<\/p><\/div>\n<div>\n<div>\n<h2 class=\"h2-header\">Warum der Tricho-Test das Spiel ver\u00e4ndert<\/h2>\n<\/p><\/div>\n<div>\n<p class=\"p-text\">W\u00e4hrend Ihres Haar-Check-up-Termins f\u00fchren unsere Spezialisten eine gr\u00fcndliche Untersuchung Ihrer Kopfhaut und Ihrer Haare durch. Dies kann Folgendes umfassen: Visuelle Untersuchung der Kopfhaut und der Haarfollikel Analyse der Haardichte, -dicke und -textur Beurteilung des Zustands der Kopfhaut, einschlie\u00dflich Anzeichen von Entz\u00fcndungen, Schuppen oder anderen dermatologischen Problemen Besprechung etwaiger Probleme mit Haarausfall oder Ver\u00e4nderungen des Haarwachstums Empfehlungen f\u00fcr weitere diagnostische Tests oder Behandlungen, falls erforderlich Unsere Spezialisten nehmen sich Zeit, um sich Ihre Anliegen anzuh\u00f6ren und Ihre Fragen zu beantworten, damit Sie sich w\u00e4hrend des gesamten Prozesses sicher und unterst\u00fctzt f\u00fchlen.<\/p>\n<\/p><\/div>\n<\/p><\/div>\n<div>\n<div>\n<h2 class=\"h2-header\">Eine personalisierte L\u00f6sung f\u00fcr genetisch bedingten Haarausfall<\/h2>\n<\/p><\/div>\n<div>\n<p class=\"p-text\">In der Dr. Terziler Exclusive Hair Clinic glauben wir, dass jeder Mensch einen Behandlungsplan verdient, der so einzigartig ist wie sein genetisches Profil. Anstatt sich mit allgemeinen Behandlungen zufrieden zu geben, laden wir Sie ein, die Vorteile eines ma\u00dfgeschneiderten Ansatzes mit dem Tricho-Test zu entdecken. Verabschieden Sie sich von den Frustrationen des genetisch bedingten Haarausfalls und begr\u00fc\u00dfen Sie eine Zukunft, in der Ihre Haargesundheit in den bestm\u00f6glichen H\u00e4nden liegt.<\/p>\n<\/p><\/div>\n<\/p><\/div>\n<\/p><\/div>\n<\/section>\n","protected":false},"excerpt":{"rendered":"<p>Tricho-Test Dr. Terziler Exclusive Clinic \u00bb Haar-Behandlungen \u00bb Tricho-Test Inhaltsverzeichnis Der Schl\u00fcssel zum genetisch bedingten Haarausfall: Tricho-Test! Wenn Sie von genetisch bedingtem Haarausfall betroffen sind, ist das kein unl\u00f6sbares Problem mehr. Bei genetisch bedingtem Haarausfall glauben Frauen oft, dass ihre Situation hoffnungslos ist, und greifen zu vor\u00fcbergehenden L\u00f6sungen wie Per\u00fccken und Extensions, um ein volleres [&hellip;]<\/p>\n","protected":false},"author":6,"featured_media":4952,"parent":2840,"menu_order":0,"comment_status":"closed","ping_status":"closed","template":"","meta":{"footnotes":""},"class_list":["post-2858","page","type-page","status-publish","has-post-thumbnail","hentry"],"_links":{"self":[{"href":"https:\/\/drterziler.com\/de\/wp-json\/wp\/v2\/pages\/2858","targetHints":{"allow":["GET"]}}],"collection":[{"href":"https:\/\/drterziler.com\/de\/wp-json\/wp\/v2\/pages"}],"about":[{"href":"https:\/\/drterziler.com\/de\/wp-json\/wp\/v2\/types\/page"}],"author":[{"embeddable":true,"href":"https:\/\/drterziler.com\/de\/wp-json\/wp\/v2\/users\/6"}],"replies":[{"embeddable":true,"href":"https:\/\/drterziler.com\/de\/wp-json\/wp\/v2\/comments?post=2858"}],"version-history":[{"count":17,"href":"https:\/\/drterziler.com\/de\/wp-json\/wp\/v2\/pages\/2858\/revisions"}],"predecessor-version":[{"id":57769,"href":"https:\/\/drterziler.com\/de\/wp-json\/wp\/v2\/pages\/2858\/revisions\/57769"}],"up":[{"embeddable":true,"href":"https:\/\/drterziler.com\/de\/wp-json\/wp\/v2\/pages\/2840"}],"wp:featuredmedia":[{"embeddable":true,"href":"https:\/\/drterziler.com\/de\/wp-json\/wp\/v2\/media\/4952"}],"wp:attachment":[{"href":"https:\/\/drterziler.com\/de\/wp-json\/wp\/v2\/media?parent=2858"}],"curies":[{"name":"wp","href":"https:\/\/api.w.org\/{rel}","templated":true}]}}