{"id":2860,"date":"2024-08-12T14:21:52","date_gmt":"2024-08-12T14:21:52","guid":{"rendered":"https:\/\/drterziler.com\/langlebigkeit\/"},"modified":"2026-04-21T12:12:34","modified_gmt":"2026-04-21T12:12:34","slug":"langlebigkeit","status":"publish","type":"page","link":"https:\/\/drterziler.com\/de\/langlebigkeit\/","title":{"rendered":"Langlebigkeit"},"content":{"rendered":"<div class=\"page-content category-page\">\n<div id=\"header-area\">\n<div class=\"container\" id=\"firstContent\">\n<div class=\"header-content d-flex flex-column\">\n<h1 class=\"content-title\">Longevity<\/h1>\n<div class=\"content-paragraph\">\n<p>Longevity sorgt f\u00fcr Verj\u00fcngung und Gesundheit, indem es den K\u00f6rper von innen und au\u00dfen repariert. Das Elixier der Jugend steigert die k\u00f6rperliche, geistige und sexuelle Leistungsf\u00e4higkeit durch mehr Energie und Kraft. Glutathion und Vitamin C entgiften den K\u00f6rper, verbessern die kognitiven Funktionen und unterst\u00fctzen die Zellregeneration. Die Ozontherapie f\u00f6rdert die Geweberegeneration durch einen hohen Sauerstoffgehalt. Die NAD-Therapie steigert die zellul\u00e4re Energieproduktion und bringt Verj\u00fcngung sowie Vitalit\u00e4t. Der Myer\u2019s-Cocktail gleicht Vitaminmangel aus und sorgt f\u00fcr geistige Klarheit.<\/p>\n<\/p><\/div>\n<nav aria-label=\"breadcrumb\" class=\"breadcrumbs\">\n<ul class=\"d-flex align-items-center mb-0\">\n<li><a class=\"link\" href=\"https:\/\/drterziler.com\/de\/\"><span>Dr. Terziler<\/span><\/a><\/li>\n<li class=\"separator\">\u00bb<\/li>\n<li class=\"current-page\"><span>Longevity<\/span><\/li>\n<\/ul>\n<\/nav><\/div>\n<\/p><\/div>\n<\/p><\/div>\n<\/div>\n<section class=\"svc-section\">\n<div class=\"container\">\n<div class=\"svc-item right-card\">\n<div class=\"svc-media\">\n                <img decoding=\"async\" src=\"https:\/\/drterziler.com\/wp-content\/uploads\/2025\/04\/Elixir-of-Youth.webp\" alt=\"Elixier der Jugend\" loading=\"lazy\" class=\"cat-img\">\n            <\/div>\n<div class=\"svc-card\">\n<h3 class=\"svc-title gilda\">Elixier der Jugend<\/h3>\n<p class=\"svc-text barlow\">\n                    Es handelt sich um ein Protokoll, bei dem eine Wunder-Mischung in den K\u00f6rper injiziert wird, die ihn innerlich und \u00e4u\u00dferlich um bis zu 15 Jahre verj\u00fcngen kann. Das Serum bietet eine nahezu unersch\u00f6pfliche Quelle f\u00fcr Energie und Kraft und maximiert die k\u00f6rperliche, geistige sowie sexuelle Leistung. Es erleichtert den Muskelaufbau und gesundes Abnehmen, w\u00e4hrend Selbstvertrauen und Motivation auf ihrem H\u00f6hepunkt gehalten werden.\n                <\/p>\n<p>                <a class=\"btn-details barlow-condensed\" href=\"https:\/\/drterziler.com\/de\/langlebigkeit\/golden-vial\/\">DETAILS<\/a>\n            <\/div>\n<\/p><\/div>\n<div class=\"svc-item left-card\">\n<div class=\"svc-media\">\n                <img decoding=\"async\" src=\"https:\/\/drterziler.com\/wp-content\/uploads\/2025\/04\/glutatyon.webp\" alt=\"Glutathion &amp; Vitamin C\" loading=\"lazy\" class=\"cat-img\">\n            <\/div>\n<div class=\"svc-card\">\n<h3 class=\"svc-title gilda\">Glutathion &amp; Vitamin C<\/h3>\n<p class=\"svc-text barlow\">\n                    Das Glutathion-Enzym, das den K\u00f6rper von giftigen Substanzen befreit, wird mit Vitamin C kombiniert, um eine unglaubliche Quelle f\u00fcr Energie und Immunit\u00e4t zu bieten. Diese kraftvolle Kombination verbessert die kognitiven Funktionen und sorgt f\u00fcr einen klaren und aktiven Geist. Sie unterst\u00fctzt die Zellregeneration und verz\u00f6gert den Alterungsprozess.\n                <\/p>\n<p>                <a class=\"btn-details barlow-condensed\" href=\"https:\/\/drterziler.com\/de\/langlebigkeit\/glutathion-und-vitamin-c\/\">DETAILS<\/a>\n            <\/div>\n<\/p><\/div>\n<div class=\"svc-item right-card\">\n<div class=\"svc-media\">\n                <img decoding=\"async\" src=\"https:\/\/drterziler.com\/wp-content\/uploads\/2025\/04\/10x-Ozone-Therapy.webp\" alt=\"10x Ozontherapie\" loading=\"lazy\" class=\"cat-img\">\n            <\/div>\n<div class=\"svc-card\">\n<h3 class=\"svc-title gilda\">10x Ozontherapie<\/h3>\n<p class=\"svc-text barlow\">\n                    Dank modernster Ger\u00e4te bietet diese Therapie die Vorteile von 10 Sitzungen in nur einer, was maximale Zeiteffizienz und wundersame Wirkungen erm\u00f6glicht. Die Ozontherapie leitet eine umfassende Geweberegeneration ein, indem sie den Sauerstoffgehalt im Blut auf ein hohes Niveau anhebt und durch die bereitgestellte Energie und Vitalit\u00e4t einen nat\u00fcrlichen Doping-Effekt im K\u00f6rper erzeugt.\n                <\/p>\n<p>                <a class=\"btn-details barlow-condensed\" href=\"https:\/\/drterziler.com\/de\/langlebigkeit\/ozon-therapie\/\">DETAILS<\/a>\n            <\/div>\n<\/p><\/div>\n<div class=\"svc-item left-card\">\n<div class=\"svc-media\">\n                <img decoding=\"async\" src=\"https:\/\/drterziler.com\/wp-content\/uploads\/2025\/04\/NAD.webp\" alt=\"NAD\" loading=\"lazy\" class=\"cat-img\">\n            <\/div>\n<div class=\"svc-card\">\n<h3 class=\"svc-title gilda\">NAD<\/h3>\n<p class=\"svc-text barlow\">\n                    Die NAD-Therapie, welche die Produktion hochwertiger Energie in den Zellen steigert, sorgt f\u00fcr Vitalit\u00e4t sowie Agilit\u00e4t und ist eine erg\u00e4nzende Methode, die die Funktionsweise der K\u00f6rpersysteme verbessert. Mit steigendem Energieniveau erf\u00e4hrt der K\u00f6rper zellul\u00e4re Reparatur und Verj\u00fcngung, was letztendlich die Lebensqualit\u00e4t verbessert.\n                <\/p>\n<p>                <a class=\"btn-details barlow-condensed\" href=\"https:\/\/drterziler.com\/de\/langlebigkeit\/nad\/\">DETAILS<\/a>\n            <\/div>\n<\/p><\/div>\n<div class=\"svc-item right-card\">\n<div class=\"svc-media\">\n                <img decoding=\"async\" src=\"https:\/\/drterziler.com\/wp-content\/uploads\/2025\/04\/Myers-Cocktail.webp\" alt=\"Myer's-Cocktail\" loading=\"lazy\" class=\"cat-img\">\n            <\/div>\n<div class=\"svc-card\">\n<h3 class=\"svc-title gilda\">Myer&#8217;s-Cocktail<\/h3>\n<p class=\"svc-text barlow\">\n                    Dies ist eine Vitamintherapie zur Behandlung von anhaltender M\u00fcdigkeit, Fibromyalgie-Schmerzen, Depressionen und verschiedenen anderen Zust\u00e4nden. Das spezielle Serum, das B-Vitaminkomplexe, Vitamin C und Magnesiumchlorid kombiniert, wird direkt in den Blutkreislauf verabreicht, wodurch der K\u00f6rper dynamischer und energetischer wird, w\u00e4hrend die geistige Klarheit gef\u00f6rdert wird.\n                <\/p>\n<p>                <a class=\"btn-details barlow-condensed\" href=\"https:\/\/drterziler.com\/de\/langlebigkeit\/myers-cocktail\/\">DETAILS<\/a>\n            <\/div>\n<\/p><\/div>\n<\/p><\/div>\n<\/section>\n","protected":false},"excerpt":{"rendered":"<p>Longevity Longevity sorgt f\u00fcr Verj\u00fcngung und Gesundheit, indem es den K\u00f6rper von innen und au\u00dfen repariert. Das Elixier der Jugend steigert die k\u00f6rperliche, geistige und sexuelle Leistungsf\u00e4higkeit durch mehr Energie und Kraft. Glutathion und Vitamin C entgiften den K\u00f6rper, verbessern die kognitiven Funktionen und unterst\u00fctzen die Zellregeneration. Die Ozontherapie f\u00f6rdert die Geweberegeneration durch einen hohen [&hellip;]<\/p>\n","protected":false},"author":6,"featured_media":62213,"parent":0,"menu_order":0,"comment_status":"closed","ping_status":"closed","template":"","meta":{"footnotes":""},"class_list":["post-2860","page","type-page","status-publish","has-post-thumbnail","hentry"],"_links":{"self":[{"href":"https:\/\/drterziler.com\/de\/wp-json\/wp\/v2\/pages\/2860","targetHints":{"allow":["GET"]}}],"collection":[{"href":"https:\/\/drterziler.com\/de\/wp-json\/wp\/v2\/pages"}],"about":[{"href":"https:\/\/drterziler.com\/de\/wp-json\/wp\/v2\/types\/page"}],"author":[{"embeddable":true,"href":"https:\/\/drterziler.com\/de\/wp-json\/wp\/v2\/users\/6"}],"replies":[{"embeddable":true,"href":"https:\/\/drterziler.com\/de\/wp-json\/wp\/v2\/comments?post=2860"}],"version-history":[{"count":18,"href":"https:\/\/drterziler.com\/de\/wp-json\/wp\/v2\/pages\/2860\/revisions"}],"predecessor-version":[{"id":59537,"href":"https:\/\/drterziler.com\/de\/wp-json\/wp\/v2\/pages\/2860\/revisions\/59537"}],"wp:featuredmedia":[{"embeddable":true,"href":"https:\/\/drterziler.com\/de\/wp-json\/wp\/v2\/media\/62213"}],"wp:attachment":[{"href":"https:\/\/drterziler.com\/de\/wp-json\/wp\/v2\/media?parent=2860"}],"curies":[{"name":"wp","href":"https:\/\/api.w.org\/{rel}","templated":true}]}}