{"id":2862,"date":"2024-08-12T14:45:48","date_gmt":"2024-08-12T14:45:48","guid":{"rendered":"https:\/\/drterziler.com\/langlebigkeit\/glutathion-und-vitamin-c\/"},"modified":"2026-02-27T17:21:34","modified_gmt":"2026-02-27T17:21:34","slug":"glutathion-und-vitamin-c","status":"publish","type":"page","link":"https:\/\/drterziler.com\/de\/langlebigkeit\/glutathion-und-vitamin-c\/","title":{"rendered":"Glutathion und Vitamin C"},"content":{"rendered":"<div class=\"page-content\">\n<div id=\"header-area\">\n<div class=\"container\" id=\"firstContent\">\n<div class=\"header-content d-flex flex-column\">\n<h1 class=\"content-title h1-header\">Glutathion und Vitamin C<\/h1>\n<div class=\"content-paragraph\">\n<p class=\"p-text\">Die Glutathion-C-Therapie ist eine wirkungsvolle komplement\u00e4rmedizinische Behandlung zur Verj\u00fcngung Ihres K\u00f6rpers durch die Kombination der Vorteile von Glutathion und Vitamin C. Diese Therapie ist bekannt f\u00fcr ihre entgiftenden Eigenschaften, die Unterst\u00fctzung des Immunsystems und die Vorteile der Zellregeneration. Sie wirkt wie ein \u201eM\u00fcllschlucker\u201c f\u00fcr Ihren K\u00f6rper, hilft bei der Beseitigung von Giftstoffen, st\u00e4rkt Ihren Stoffwechsel und f\u00f6rdert Ihre allgemeine Gesundheit und Vitalit\u00e4t.<\/p>\n<\/p><\/div>\n<nav aria-label=\"breadcrumb\" class=\"breadcrumbs\">\n<ul class=\"d-flex align-items-center mb-0\">\n<li><a class=\"link\" href=\"https:\/\/drterziler.com\/de\/\"><span>Dr. Terziler Exclusive Clinic<\/span><\/a><\/li>\n<li class=\"separator\">\u00bb<\/li>\n<li><a class=\"link\" href=\"https:\/\/drterziler.com\/de\/langlebigkeit\/\"><span>Langlebigkeit<\/span><\/a><\/li>\n<li class=\"separator\">\u00bb<\/li>\n<li class=\"current-page\"><span>Glutathion und Vitamin C<\/span><\/li>\n<\/ul>\n<\/nav><\/div>\n<\/p><\/div>\n<\/p><\/div>\n<\/div>\n<section id=\"content-area\">\n<div class=\"container my-5\">\n<div class=\"row align-items-start\">\n<div class=\"col-md-6 order-2 order-md-1\">\n<div class=\"custom-toc-box\">\n<div id=\"toc-header\">\n<h4>Inhaltsverzeichnis<\/h4>\n<div class=\"toc-toggle-icon\"><\/div>\n<\/p><\/div>\n<div class=\"toc-full-divider\"><\/div>\n<div id=\"toc-body\">\n<div id=\"toc-container\"><\/div>\n<\/p><\/div>\n<\/p><\/div>\n<\/p><\/div>\n<div class=\"col-md-6 order-1 order-md-2\" id=\"jForm\">\n                <script type=\"text\/javascript\" src=\"https:\/\/form.jotform.com\/jsform\/242882128947973\"><\/script>\n            <\/div>\n<\/p><\/div>\n<\/p><\/div>\n<div class=\"container\">\n<div class=\"img-thumb\">\n            <img loading=\"lazy\" decoding=\"async\" src=\"https:\/\/drterziler.com\/wp-content\/uploads\/2025\/04\/glutatyon.webp\" sizes=\"auto, (max-width: 1140px) 100vw, 1140px\" srcset=\"https:\/\/drterziler.com\/wp-content\/uploads\/2025\/04\/glutatyon.webp 1140w, https:\/\/drterziler.com\/wp-content\/uploads\/2025\/04\/glutatyon-300x169.webp 300w, https:\/\/drterziler.com\/wp-content\/uploads\/2025\/04\/glutatyon-1024x576.webp 1024w, https:\/\/drterziler.com\/wp-content\/uploads\/2025\/04\/glutatyon-768x432.webp 768w\" alt=\"\" width=\"1140\" height=\"641\">\n        <\/div>\n<div>\n<div>\n<h2 class=\"h2-header\">Was ist die Glutathion-C-Therapie?<\/h2>\n<\/p><\/div>\n<div>\n<p class=\"p-text\">Die Glutathion-C-Therapie umfasst zwei Schl\u00fcsselkomponenten: Glutathion: Glutathion, das oft als \u201eHauptantioxidans\u201c des K\u00f6rpers bezeichnet wird, spielt eine entscheidende Rolle bei der Steuerung des Immunsystems und der Entgiftung von Schadstoffen. Vitamin C: Ein starkes Antioxidans, das die Immunfunktion unterst\u00fctzt, vor oxidativem Stress sch\u00fctzt und bei der Zellregeneration hilft.<\/p>\n<\/p><\/div>\n<\/p><\/div>\n<div>\n<div>\n<h2 class=\"h2-header\">Vorteile der Glutathion-C-Therapie<\/h2>\n<\/p><\/div>\n<div>\n<p class=\"p-text\">Entgiftung: Entschlackt den K\u00f6rper durch Beseitigung von Giftstoffen, \u00e4hnlich wie ein Rostschutzmittel bei Maschinen wirkt. Unterst\u00fctzung des Immunsystems: St\u00e4rkt das Immunsystem und verbessert die F\u00e4higkeit des K\u00f6rpers, Krankheiten abzuwehren. Jugend und Gesundheit: F\u00f6rdert einen robusten Stoffwechsel und unterst\u00fctzt die allgemeine Gesundheit und Vitalit\u00e4t. Zellregeneration: Hilft bei der Reparatur und Regeneration von Zellen und tr\u00e4gt so zu einem jugendlichen Aussehen bei.<\/p>\n<\/p><\/div>\n<\/p><\/div>\n<div>\n<div>\n<h2 class=\"h2-header\">Wie die Glutathion-C-Therapie funktioniert<\/h2>\n<\/p><\/div>\n<div>\n<p class=\"p-text\">Die Therapie wird in einer Serie von 5 Sitzungen durchgef\u00fchrt, wobei eine Sitzung pro Woche stattfindet. Diese Kur ist so konzipiert, dass sie eine kontinuierliche Unterst\u00fctzung und Verj\u00fcngung bietet. Die kombinierte Wirkung von Glutathion und Vitamin C wirkt synergetisch, um das Immunsystem zu aktivieren und zu st\u00e4rken, und bietet einen umfassenden Ansatz zur Erhaltung von Gesundheit und Wohlbefinden.<\/p>\n<\/p><\/div>\n<\/p><\/div>\n<div>\n<div>\n<h2 class=\"h2-header\">Ideale Kandidaten f\u00fcr die Glutathion-C-Therapie<\/h2>\n<\/p><\/div>\n<div>\n<p class=\"p-text\">Diese Therapie wird f\u00fcr Personen empfohlen, die im Allgemeinen gesund sind und ihr Immunsystem st\u00e4rken, ihren K\u00f6rper entgiften und ihr allgemeines Wohlbefinden verbessern wollen. Es wird empfohlen, die Therapie einmal im Jahr im Rahmen einer regelm\u00e4\u00dfigen Gesundheitspflege durchzuf\u00fchren.<\/p>\n<\/p><\/div>\n<\/p><\/div>\n<div>\n<div>\n<h2 class=\"h2-header\">Buchen Sie Ihre Glutathion-C-Therapie noch heute!<\/h2>\n<\/p><\/div>\n<div>\n<p class=\"p-text\">Erleben Sie die revitalisierende Wirkung der Glutathion-C-Therapie in der Dr. Terziler Exclusive Hair Clinic. Unser Expertenteam ist bereit, Sie bei der Entgiftung und St\u00e4rkung Ihres K\u00f6rpers zu unterst\u00fctzen, damit Sie ges\u00fcnder und lebendiger werden.<\/p>\n<\/p><\/div>\n<\/p><\/div>\n<\/p><\/div>\n<\/section>\n","protected":false},"excerpt":{"rendered":"<p>Glutathion und Vitamin C Die Glutathion-C-Therapie ist eine wirkungsvolle komplement\u00e4rmedizinische Behandlung zur Verj\u00fcngung Ihres K\u00f6rpers durch die Kombination der Vorteile von Glutathion und Vitamin C. Diese Therapie ist bekannt f\u00fcr ihre entgiftenden Eigenschaften, die Unterst\u00fctzung des Immunsystems und die Vorteile der Zellregeneration. Sie wirkt wie ein \u201eM\u00fcllschlucker\u201c f\u00fcr Ihren K\u00f6rper, hilft bei der Beseitigung von [&hellip;]<\/p>\n","protected":false},"author":6,"featured_media":5063,"parent":2860,"menu_order":0,"comment_status":"closed","ping_status":"closed","template":"","meta":{"footnotes":""},"class_list":["post-2862","page","type-page","status-publish","has-post-thumbnail","hentry"],"_links":{"self":[{"href":"https:\/\/drterziler.com\/de\/wp-json\/wp\/v2\/pages\/2862","targetHints":{"allow":["GET"]}}],"collection":[{"href":"https:\/\/drterziler.com\/de\/wp-json\/wp\/v2\/pages"}],"about":[{"href":"https:\/\/drterziler.com\/de\/wp-json\/wp\/v2\/types\/page"}],"author":[{"embeddable":true,"href":"https:\/\/drterziler.com\/de\/wp-json\/wp\/v2\/users\/6"}],"replies":[{"embeddable":true,"href":"https:\/\/drterziler.com\/de\/wp-json\/wp\/v2\/comments?post=2862"}],"version-history":[{"count":13,"href":"https:\/\/drterziler.com\/de\/wp-json\/wp\/v2\/pages\/2862\/revisions"}],"predecessor-version":[{"id":57771,"href":"https:\/\/drterziler.com\/de\/wp-json\/wp\/v2\/pages\/2862\/revisions\/57771"}],"up":[{"embeddable":true,"href":"https:\/\/drterziler.com\/de\/wp-json\/wp\/v2\/pages\/2860"}],"wp:featuredmedia":[{"embeddable":true,"href":"https:\/\/drterziler.com\/de\/wp-json\/wp\/v2\/media\/5063"}],"wp:attachment":[{"href":"https:\/\/drterziler.com\/de\/wp-json\/wp\/v2\/media?parent=2862"}],"curies":[{"name":"wp","href":"https:\/\/api.w.org\/{rel}","templated":true}]}}