{"id":2864,"date":"2024-08-12T22:39:00","date_gmt":"2024-08-12T22:39:00","guid":{"rendered":"https:\/\/drterziler.com\/langlebigkeit\/golden-vial\/"},"modified":"2026-04-21T12:11:39","modified_gmt":"2026-04-21T12:11:39","slug":"golden-vial","status":"publish","type":"page","link":"https:\/\/drterziler.com\/de\/langlebigkeit\/golden-vial\/","title":{"rendered":"Elixier der Jugend"},"content":{"rendered":"<div class=\"page-content\">\n<div id=\"header-area\">\n<div class=\"container\" id=\"firstContent\">\n<div class=\"header-content d-flex flex-column\">\n<h1 class=\"content-title h1-header\">Elixier der Jugend<\/h1>\n<div class=\"content-paragraph\">\n<p class=\"p-text\">Dabei handelt es sich um ein Programm, bei dem dem K\u00f6rper eine Wundermischung injiziert wird, die ihn von innen und au\u00dfen repariert, die biologische Uhr um bis zu 15 Jahre zur\u00fcckdreht und f\u00fcr Verj\u00fcngung sorgt. Dieses Wunderserum, das f\u00fcr nahezu unersch\u00f6pfliche Energie und Kraft sorgt, maximiert die k\u00f6rperliche, geistige und sexuelle Leistungsf\u00e4higkeit. Es erleichtert den Aufbau von Muskelmasse und eine gesunde Gewichtsabnahme, w\u00e4hrend Selbstvertrauen und Motivation auf h\u00f6chstem Niveau bleiben. Mit diesem Programm werden Sie die k\u00f6rperlichen, kognitiven und psychologischen Auswirkungen des Alterns auf einen Schlag beseitigen.<\/p>\n<\/p><\/div>\n<nav aria-label=\"breadcrumb\" class=\"breadcrumbs\">\n<ul class=\"d-flex align-items-center mb-0\">\n<li><a class=\"link\" href=\"https:\/\/drterziler.com\/de\/\"><span>Dr. Terziler Exclusive Clinic<\/span><\/a><\/li>\n<li class=\"separator\">\u00bb<\/li>\n<li><a class=\"link\" href=\"https:\/\/drterziler.com\/de\/langlebigkeit\/\"><span>Langlebigkeit<\/span><\/a><\/li>\n<li class=\"separator\">\u00bb<\/li>\n<li class=\"current-page\"><span>Elixier der Jugend<\/span><\/li>\n<\/ul>\n<\/nav><\/div>\n<\/p><\/div>\n<\/p><\/div>\n<\/div>\n<section id=\"content-area\">\n<div class=\"container my-5\">\n<div class=\"row align-items-start\">\n<div class=\"col-md-6 order-2 order-md-1\">\n<div class=\"custom-toc-box\">\n<div id=\"toc-header\">\n<h4>Inhaltsverzeichnis<\/h4>\n<div class=\"toc-toggle-icon\"><\/div>\n<\/p><\/div>\n<div class=\"toc-full-divider\"><\/div>\n<div id=\"toc-body\">\n<div id=\"toc-container\"><\/div>\n<\/p><\/div>\n<\/p><\/div>\n<\/p><\/div>\n<div class=\"col-md-6 order-1 order-md-2\" id=\"jForm\">\n                <script type=\"text\/javascript\" src=\"https:\/\/form.jotform.com\/jsform\/242882128947973\"><\/script>\n            <\/div>\n<\/p><\/div>\n<\/p><\/div>\n<div class=\"container\">\n<div class=\"img-thumb\">\n            <img loading=\"lazy\" decoding=\"async\" src=\"https:\/\/drterziler.com\/wp-content\/uploads\/2025\/04\/Elixir-of-Youth.webp\" sizes=\"auto, (max-width: 1140px) 100vw, 1140px\" srcset=\"https:\/\/drterziler.com\/wp-content\/uploads\/2025\/04\/Elixir-of-Youth.webp 1140w, https:\/\/drterziler.com\/wp-content\/uploads\/2025\/04\/Elixir-of-Youth-300x169.webp 300w, https:\/\/drterziler.com\/wp-content\/uploads\/2025\/04\/Elixir-of-Youth-1024x576.webp 1024w, https:\/\/drterziler.com\/wp-content\/uploads\/2025\/04\/Elixir-of-Youth-768x432.webp 768w\" alt=\"\" width=\"1140\" height=\"641\">\n        <\/div>\n<div>\n<div>\n<h2 class=\"h2-header\">Wunderbare L\u00f6sung f\u00fcr chronische Krankheiten<\/h2>\n<\/p><\/div>\n<div>\n<p class=\"p-text\">Es bietet eine revolution\u00e4re L\u00f6sung gegen chronische Krankheiten. Es beseitigt insbesondere chronische Schlaflosigkeit und M\u00fcdigkeit und sorgt daf\u00fcr, dass Sie sich den ganzen Tag \u00fcber kraftvoll und energiegeladen f\u00fchlen. Es beseitigt mentalen Nebel und sch\u00e4rft die kognitiven Funktionen. Die 240 Arten von organspezifischen Exosomen in seinem Inhalt beschleunigen die Zellerneuerung und restrukturieren Ihren K\u00f6rper von Kopf bis Fu\u00df.<\/p>\n<\/p><\/div>\n<\/p><\/div>\n<div>\n<div>\n<h2 class=\"h2-header\">Steigerung der k\u00f6rperlichen Leistungsf\u00e4higkeit<\/h2>\n<\/p><\/div>\n<div>\n<p class=\"p-text\">Es versorgt den K\u00f6rper mit Energie und steigert die k\u00f6rperliche Leistungsf\u00e4higkeit und das Energieniveau erheblich. Die im Serum enthaltenen Komponenten unterst\u00fctzen den Aufbau von Muskelmasse und erh\u00f6hen die Stoffwechselrate des K\u00f6rpers. Es verbessert die Muskelausdauer und die allgemeine k\u00f6rperliche Kraft, was eine effizientere Durchf\u00fchrung von Aktivit\u00e4ten des t\u00e4glichen Lebens erm\u00f6glicht. Dank des beschleunigten Stoffwechsels verbessert es die Fettverbrennung und sorgt f\u00fcr eine fitte und richtige K\u00f6rperzusammensetzung.<\/p>\n<\/p><\/div>\n<\/p><\/div>\n<div>\n<div>\n<h2 class=\"h2-header\">Geistige und sexuelle Leistungsf\u00e4higkeit<\/h2>\n<\/p><\/div>\n<div>\n<p class=\"p-text\">Das Elixier der Jugend unterst\u00fctzt die kognitiven Funktionen des Gehirns und st\u00e4rkt die Aufmerksamkeit, die Konzentration und das Erinnerungsverm\u00f6gen. Dank der positiven Wirkung seiner Bestandteile auf die Nervenzellen kann der Mensch den t\u00e4glichen Stress leichter bew\u00e4ltigen, und die geistige Leistungsf\u00e4higkeit nimmt insgesamt zu. Die geistige Klarheit wirkt sich direkt auf den Erfolg im Berufs- und Sozialleben aus. Gleichzeitig steigert die Behandlung die sexuelle Leistungsf\u00e4higkeit, was zu einer deutlichen Verbesserung des Sexuallebens f\u00fchrt. Das Elixier der Jugend tr\u00e4gt zu einer Steigerung der Libido und zu optimalen sexuellen Funktionen bei, indem es das Energieniveau im K\u00f6rper erh\u00f6ht. W\u00e4hrend sowohl die geistige als auch die sexuelle Leistungsf\u00e4higkeit zunimmt, macht die bequeme Anwendung die Behandlung noch attraktiver.<\/p>\n<\/p><\/div>\n<\/p><\/div>\n<div>\n<div>\n<h2 class=\"h2-header\">Steigerung der Motivation und des Selbstbewusstseins<\/h2>\n<\/p><\/div>\n<div>\n<p class=\"p-text\">Nach der Anwendung f\u00fchlt sich die Person sowohl k\u00f6rperlich als auch geistig st\u00e4rker und dynamischer. Ein h\u00f6heres Energieniveau und ein erneuerter K\u00f6rper tragen dazu bei, dass die Person motivierter ist und in ihrem sozialen und beruflichen Leben ein H\u00f6chstma\u00df an Selbstvertrauen erreicht. Diese Effekte erm\u00f6glichen es der Person, eine aktivere und erfolgreichere Lebenseinstellung an den Tag zu legen. W\u00e4hrend des gesamten Behandlungsprozesses werden alle Schritte mit einem professionellen Ansatz geplant, um den Komfort der Person und einen schnellen Abschluss des Verfahrens zu gew\u00e4hrleisten.<\/p>\n<\/p><\/div>\n<\/p><\/div>\n<div>\n<div>\n<h2 class=\"h2-header\">Gibt es eine Altersgrenze?<\/h2>\n<\/p><\/div>\n<div>\n<p class=\"p-text\">Eine bestimmte Altersgrenze gibt es nicht. Da das Elixier der Jugend die nat\u00fcrlichen Erneuerungsprozesse des K\u00f6rpers unterst\u00fctzt, ist es f\u00fcr alle Altersgruppen geeignet. W\u00e4hrend junge Menschen ihre Leistungsf\u00e4higkeit steigern, sorgt es bei alternden oder \u00e4lteren Menschen f\u00fcr langfristige Gesundheit und Vitalit\u00e4t. Dieses wunderbare Serum bietet Vorteile, die auf jedes Alter zugeschnitten sind.<\/p>\n<\/p><\/div>\n<\/p><\/div>\n<div>\n<div>\n<h2 class=\"h2-header\">Gibt es irgendwelche Nebenwirkungen?<\/h2>\n<\/p><\/div>\n<div>\n<p class=\"p-text\">Das Programm hat keine Nebenwirkungen. Das Elixier der Jugend wird von Expertenteams in einer klinischen Umgebung sicher und bequem angewendet. Wir verwenden keine Behandlungsprotokolle, die das normale Funktionieren Ihres K\u00f6rpers beeintr\u00e4chtigen k\u00f6nnten.<\/p>\n<\/p><\/div>\n<\/p><\/div>\n<div>\n<div>\n<h2 class=\"h2-header\">K\u00f6nnen Menschen, die regelm\u00e4\u00dfig Medikamente einnehmen, das Elixier der Jugend einnehmen?<\/h2>\n<\/p><\/div>\n<div>\n<p class=\"p-text\">Die regelm\u00e4\u00dfige oder periodische Einnahme von Medikamenten stellt im Allgemeinen kein Problem dar. Einige Medikamente k\u00f6nnen jedoch Wechselwirkungen mit der Behandlung haben. Deshalb werden alle gesundheitlichen Befunde unserer G\u00e4ste ber\u00fccksichtigt, ihre Anamnese angeh\u00f6rt und in der Endphase unter \u00e4rztlicher Aufsicht der am besten geeignete Weg bestimmt.<\/p>\n<\/p><\/div>\n<\/p><\/div>\n<\/p><\/div>\n<\/section>\n","protected":false},"excerpt":{"rendered":"<p>Elixier der Jugend Dabei handelt es sich um ein Programm, bei dem dem K\u00f6rper eine Wundermischung injiziert wird, die ihn von innen und au\u00dfen repariert, die biologische Uhr um bis zu 15 Jahre zur\u00fcckdreht und f\u00fcr Verj\u00fcngung sorgt. Dieses Wunderserum, das f\u00fcr nahezu unersch\u00f6pfliche Energie und Kraft sorgt, maximiert die k\u00f6rperliche, geistige und sexuelle Leistungsf\u00e4higkeit. [&hellip;]<\/p>\n","protected":false},"author":6,"featured_media":5057,"parent":2860,"menu_order":0,"comment_status":"closed","ping_status":"closed","template":"","meta":{"footnotes":""},"class_list":["post-2864","page","type-page","status-publish","has-post-thumbnail","hentry"],"_links":{"self":[{"href":"https:\/\/drterziler.com\/de\/wp-json\/wp\/v2\/pages\/2864","targetHints":{"allow":["GET"]}}],"collection":[{"href":"https:\/\/drterziler.com\/de\/wp-json\/wp\/v2\/pages"}],"about":[{"href":"https:\/\/drterziler.com\/de\/wp-json\/wp\/v2\/types\/page"}],"author":[{"embeddable":true,"href":"https:\/\/drterziler.com\/de\/wp-json\/wp\/v2\/users\/6"}],"replies":[{"embeddable":true,"href":"https:\/\/drterziler.com\/de\/wp-json\/wp\/v2\/comments?post=2864"}],"version-history":[{"count":13,"href":"https:\/\/drterziler.com\/de\/wp-json\/wp\/v2\/pages\/2864\/revisions"}],"predecessor-version":[{"id":62368,"href":"https:\/\/drterziler.com\/de\/wp-json\/wp\/v2\/pages\/2864\/revisions\/62368"}],"up":[{"embeddable":true,"href":"https:\/\/drterziler.com\/de\/wp-json\/wp\/v2\/pages\/2860"}],"wp:featuredmedia":[{"embeddable":true,"href":"https:\/\/drterziler.com\/de\/wp-json\/wp\/v2\/media\/5057"}],"wp:attachment":[{"href":"https:\/\/drterziler.com\/de\/wp-json\/wp\/v2\/media?parent=2864"}],"curies":[{"name":"wp","href":"https:\/\/api.w.org\/{rel}","templated":true}]}}