{"id":2866,"date":"2024-08-12T14:49:05","date_gmt":"2024-08-12T14:49:05","guid":{"rendered":"https:\/\/drterziler.com\/langlebigkeit\/myers-cocktail\/"},"modified":"2026-04-21T12:14:51","modified_gmt":"2026-04-21T12:14:51","slug":"myers-cocktail","status":"publish","type":"page","link":"https:\/\/drterziler.com\/de\/langlebigkeit\/myers-cocktail\/","title":{"rendered":"Myer&#8217;s Cocktail"},"content":{"rendered":"<div class=\"page-content\">\n<div id=\"header-area\">\n<div class=\"container\" id=\"firstContent\">\n<div class=\"header-content d-flex flex-column\">\n<h1 class=\"content-title h1-header\">Myer&#039;s Cocktail<\/h1>\n<div class=\"content-paragraph\">\n<p class=\"p-text\">Es handelt sich um eine Vitamintherapie, die zur Behandlung zahlreicher Beschwerden wie anhaltender M\u00fcdigkeit, Fibromyalgie und Depressionen eingesetzt wird. Das spezielle Serum mit B-Vitaminkomplexen, Vitamin C und Magnesiumchlorid, das direkt ins Blut verabreicht wird, macht den K\u00f6rper dynamischer und leistungsf\u00e4higer und sorgt f\u00fcr geistige Klarheit.<\/p>\n<\/p><\/div>\n<nav aria-label=\"breadcrumb\" class=\"breadcrumbs\">\n<ul class=\"d-flex align-items-center mb-0\">\n<li><a class=\"link\" href=\"https:\/\/drterziler.com\/de\/\"><span>Dr. Terziler Exclusive Clinic<\/span><\/a><\/li>\n<li class=\"separator\">\u00bb<\/li>\n<li><a class=\"link\" href=\"https:\/\/drterziler.com\/de\/langlebigkeit\/\"><span>Langlebigkeit<\/span><\/a><\/li>\n<li class=\"separator\">\u00bb<\/li>\n<li class=\"current-page\"><span>Myer&#039;s Cocktail<\/span><\/li>\n<\/ul>\n<\/nav><\/div>\n<\/p><\/div>\n<\/p><\/div>\n<\/div>\n<section id=\"content-area\">\n<div class=\"container my-5\">\n<div class=\"row align-items-start\">\n<div class=\"col-md-6 order-2 order-md-1\">\n<div class=\"custom-toc-box\">\n<div id=\"toc-header\">\n<h4>Inhaltsverzeichnis<\/h4>\n<div class=\"toc-toggle-icon\"><\/div>\n<\/p><\/div>\n<div class=\"toc-full-divider\"><\/div>\n<div id=\"toc-body\">\n<div id=\"toc-container\"><\/div>\n<\/p><\/div>\n<\/p><\/div>\n<\/p><\/div>\n<div class=\"col-md-6 order-1 order-md-2\" id=\"jForm\">\n                <script type=\"text\/javascript\" src=\"https:\/\/form.jotform.com\/jsform\/242882128947973\"><\/script>\n            <\/div>\n<\/p><\/div>\n<\/p><\/div>\n<div class=\"container\">\n<div class=\"img-thumb\">\n            <img loading=\"lazy\" decoding=\"async\" width=\"1140\" height=\"641\" src=\"https:\/\/drterziler.com\/wp-content\/uploads\/2025\/04\/Myers-Cocktail.webp\" alt=\"\" srcset=\"https:\/\/drterziler.com\/wp-content\/uploads\/2025\/04\/Myers-Cocktail.webp 1140w, https:\/\/drterziler.com\/wp-content\/uploads\/2025\/04\/Myers-Cocktail-300x169.webp 300w, https:\/\/drterziler.com\/wp-content\/uploads\/2025\/04\/Myers-Cocktail-1024x576.webp 1024w, https:\/\/drterziler.com\/wp-content\/uploads\/2025\/04\/Myers-Cocktail-768x432.webp 768w\" sizes=\"auto, (max-width: 1140px) 100vw, 1140px\">\n        <\/div>\n<div>\n<div>\n<h2 class=\"h2-header\">Was ist der Inhalt von Myers&#039; Cocktail und welche Vorteile bietet er?<\/h2>\n<\/p><\/div>\n<div>\n<p class=\"p-text\">Myers&#039; Cocktail ist vollgepackt mit leistungsstarken Komponenten wie B-Vitaminen, Vitamin C und Magnesiumchlorid. W\u00e4hrend die B-Vitamine die Energieproduktion unterst\u00fctzen, st\u00e4rkt Vitamin C das Immunsystem, und Magnesium lindert Muskelschmerzen. Diese spezielle Mischung versorgt den K\u00f6rper mit Energie und verringert sowohl k\u00f6rperliche als auch geistige M\u00fcdigkeit.<\/p>\n<\/p><\/div>\n<\/p><\/div>\n<div>\n<div>\n<h2 class=\"h2-header\">Ein klarer und scharfer Verstand<\/h2>\n<\/p><\/div>\n<div>\n<p class=\"p-text\">Myers&#039; Cocktail sorgt mit seinem B-Vitamin-Komplex, der die Gehirnfunktionen unterst\u00fctzt, und Vitamin C mit antioxidativer Wirkung f\u00fcr geistige Klarheit. Er lindert die M\u00fcdigkeit und erh\u00f6ht die geistige Klarheit und Konzentration. Besonders in stressigen und intensiven Zeiten hilft er, den Geist fokussiert und aktiv zu halten. Daher sorgt es f\u00fcr eine deutliche Verbesserung im Gesch\u00e4fts- und Sozialleben.<\/p>\n<\/p><\/div>\n<\/p><\/div>\n<div>\n<div>\n<h2 class=\"h2-header\">F\u00fcr wen ist Myers&#039; Cocktail geeignet?<\/h2>\n<\/p><\/div>\n<div>\n<p class=\"p-text\">Sie ist eine hervorragende Option f\u00fcr Menschen mit chronischer M\u00fcdigkeit, Fibromyalgie, Depressionen, Muskelschmerzen oder starkem Stress. Jeder, der sein Energieniveau erh\u00f6hen, geistige Klarheit schaffen und die allgemeine Gesundheit verbessern m\u00f6chte, kann von dieser Behandlung profitieren.<\/p>\n<\/p><\/div>\n<\/p><\/div>\n<div>\n<div>\n<h2 class=\"h2-header\">Wie wird es verwaltet?<\/h2>\n<\/p><\/div>\n<div>\n<p class=\"p-text\">Der Vitamincocktail, der in Serumform in den K\u00f6rper injiziert wird, ist wesentlich wirksamer als oral eingenommene Vitamine, da er direkt in den Blutkreislauf aufgenommen wird. Die Behandlung, die einmal pro Woche f\u00fcr 3\u20136 Sitzungen durchgef\u00fchrt werden kann, ist je nach \u00dcbertragungsrate in etwa einer Stunde abgeschlossen.<\/p>\n<\/p><\/div>\n<\/p><\/div>\n<\/p><\/div>\n<\/section>\n","protected":false},"excerpt":{"rendered":"<p>Myer&#039;s Cocktail Es handelt sich um eine Vitamintherapie, die zur Behandlung zahlreicher Beschwerden wie anhaltender M\u00fcdigkeit, Fibromyalgie und Depressionen eingesetzt wird. Das spezielle Serum mit B-Vitaminkomplexen, Vitamin C und Magnesiumchlorid, das direkt ins Blut verabreicht wird, macht den K\u00f6rper dynamischer und leistungsf\u00e4higer und sorgt f\u00fcr geistige Klarheit. Dr. Terziler Exclusive Clinic \u00bb Langlebigkeit \u00bb Myer&#039;s [&hellip;]<\/p>\n","protected":false},"author":6,"featured_media":979,"parent":2860,"menu_order":0,"comment_status":"closed","ping_status":"closed","template":"","meta":{"footnotes":""},"class_list":["post-2866","page","type-page","status-publish","has-post-thumbnail","hentry"],"_links":{"self":[{"href":"https:\/\/drterziler.com\/de\/wp-json\/wp\/v2\/pages\/2866","targetHints":{"allow":["GET"]}}],"collection":[{"href":"https:\/\/drterziler.com\/de\/wp-json\/wp\/v2\/pages"}],"about":[{"href":"https:\/\/drterziler.com\/de\/wp-json\/wp\/v2\/types\/page"}],"author":[{"embeddable":true,"href":"https:\/\/drterziler.com\/de\/wp-json\/wp\/v2\/users\/6"}],"replies":[{"embeddable":true,"href":"https:\/\/drterziler.com\/de\/wp-json\/wp\/v2\/comments?post=2866"}],"version-history":[{"count":12,"href":"https:\/\/drterziler.com\/de\/wp-json\/wp\/v2\/pages\/2866\/revisions"}],"predecessor-version":[{"id":62370,"href":"https:\/\/drterziler.com\/de\/wp-json\/wp\/v2\/pages\/2866\/revisions\/62370"}],"up":[{"embeddable":true,"href":"https:\/\/drterziler.com\/de\/wp-json\/wp\/v2\/pages\/2860"}],"wp:featuredmedia":[{"embeddable":true,"href":"https:\/\/drterziler.com\/de\/wp-json\/wp\/v2\/media\/979"}],"wp:attachment":[{"href":"https:\/\/drterziler.com\/de\/wp-json\/wp\/v2\/media?parent=2866"}],"curies":[{"name":"wp","href":"https:\/\/api.w.org\/{rel}","templated":true}]}}