{"id":2868,"date":"2024-08-12T14:47:10","date_gmt":"2024-08-12T14:47:10","guid":{"rendered":"https:\/\/drterziler.com\/langlebigkeit\/ozon-therapie\/"},"modified":"2026-04-21T12:17:06","modified_gmt":"2026-04-21T12:17:06","slug":"ozon-therapie","status":"publish","type":"page","link":"https:\/\/drterziler.com\/de\/langlebigkeit\/ozon-therapie\/","title":{"rendered":"10x Ozon-Therapie"},"content":{"rendered":"<div class=\"page-content\">\n<div id=\"header-area\">\n<div class=\"container\" id=\"firstContent\">\n<div class=\"header-content d-flex flex-column\">\n<h1 class=\"content-title h1-header\">10x Ozon-Therapie<\/h1>\n<div class=\"content-paragraph\">\n<p class=\"p-text\">Diese Therapie, die dank hochmoderner Ger\u00e4te 10 Behandlungen in einer einzigen Sitzung erm\u00f6glicht, bietet wundersame Wirkungen sowie eine maximale Zeitersparnis. Die Ozontherapie, die durch die Anhebung des Sauerstoffgehalts im Blut auf ein hohes Niveau eine ganzheitliche Gewebeerneuerung einleitet, erzeugt dank der Energie und Vitalit\u00e4t, die sie liefert, einen nat\u00fcrlichen Dopingeffekt im K\u00f6rper. Mit Ozon angereicherte Blutzellen erneuern den Stoffwechsel und st\u00e4rken das Immunsystem, was den K\u00f6rper insbesondere vor Grippe und anderen Viruserkrankungen sch\u00fctzt. Ozon wird seit vielen Jahren im medizinischen Bereich zur Desinfektion von Ger\u00e4ten sowie zur Reinigung von Wasser und Lebensmitteln eingesetzt, da es keine Nebenwirkungen auf die menschliche Gesundheit hat und antibakterielle und antioxidative Eigenschaften besitzt.<\/p>\n<\/p><\/div>\n<nav aria-label=\"breadcrumb\" class=\"breadcrumbs\">\n<ul class=\"d-flex align-items-center mb-0\">\n<li><a class=\"link\" href=\"https:\/\/drterziler.com\/de\/\"><span>Dr. Terziler Exclusive Clinic<\/span><\/a><\/li>\n<li class=\"separator\">\u00bb<\/li>\n<li><a class=\"link\" href=\"https:\/\/drterziler.com\/de\/langlebigkeit\/\"><span>Langlebigkeit<\/span><\/a><\/li>\n<li class=\"separator\">\u00bb<\/li>\n<li class=\"current-page\"><span>10x Ozon-Therapie<\/span><\/li>\n<\/ul>\n<\/nav><\/div>\n<\/p><\/div>\n<\/p><\/div>\n<\/div>\n<section id=\"content-area\">\n<div class=\"container my-5\">\n<div class=\"row align-items-start\">\n<div class=\"col-md-6 order-2 order-md-1\">\n<div class=\"custom-toc-box\">\n<div id=\"toc-header\">\n<h4>Inhaltsverzeichnis<\/h4>\n<div class=\"toc-toggle-icon\"><\/div>\n<\/p><\/div>\n<div class=\"toc-full-divider\"><\/div>\n<div id=\"toc-body\">\n<div id=\"toc-container\"><\/div>\n<\/p><\/div>\n<\/p><\/div>\n<\/p><\/div>\n<div class=\"col-md-6 order-1 order-md-2\" id=\"jForm\">\n                <script type=\"text\/javascript\" src=\"https:\/\/form.jotform.com\/jsform\/242882128947973\"><\/script>\n            <\/div>\n<\/p><\/div>\n<\/p><\/div>\n<div class=\"container\">\n<div class=\"img-thumb\">\n            <img loading=\"lazy\" decoding=\"async\" src=\"https:\/\/drterziler.com\/wp-content\/uploads\/2025\/04\/10x-Ozone-Therapy.webp\" sizes=\"auto, (max-width: 1140px) 100vw, 1140px\" srcset=\"https:\/\/drterziler.com\/wp-content\/uploads\/2025\/04\/10x-Ozone-Therapy.webp 1140w, https:\/\/drterziler.com\/wp-content\/uploads\/2025\/04\/10x-Ozone-Therapy-300x169.webp 300w, https:\/\/drterziler.com\/wp-content\/uploads\/2025\/04\/10x-Ozone-Therapy-1024x576.webp 1024w, https:\/\/drterziler.com\/wp-content\/uploads\/2025\/04\/10x-Ozone-Therapy-768x432.webp 768w\" alt=\"\" width=\"1140\" height=\"641\">\n        <\/div>\n<div>\n<div>\n<h2 class=\"h2-header\">Technologie, die 10 Therapiesitzungen auf eine einzige Sitzung reduziert<\/h2>\n<\/p><\/div>\n<div>\n<p class=\"p-text\">Um die erwarteten Ergebnisse der Ozontherapie zu erzielen, kann es bis zu 4-5 Sitzungen dauern. Diese Situation stellt ein Hindernis f\u00fcr diejenigen dar, die aufgrund eines vollen Terminkalenders oder aus verschiedenen Gr\u00fcnden nicht gen\u00fcgend Zeit f\u00fcr die Therapie aufbringen k\u00f6nnen. Dr. Terziler ist es jedoch gelungen, die herk\u00f6mmliche Ozontherapie, die in 10 Sitzungen durchgef\u00fchrt wird, auf eine einzige Sitzung zu reduzieren, und zwar mit einem hochmodernen Ger\u00e4t, das er nach eingehenden Studien f\u00fcr seine Klinik erworben hat.<\/p>\n<\/p><\/div>\n<\/p><\/div>\n<div>\n<div>\n<h2 class=\"h2-header\">Mindestdauer Maximale Leistung<\/h2>\n<\/p><\/div>\n<div>\n<p class=\"p-text\">Dank des hochmodernen Ozontherapieger\u00e4ts der Dr. Terziler Exclusive Clinic k\u00f6nnen Ergebnisse, die bei der traditionellen Ozontherapie in 10 Sitzungen erzielt werden konnten, nun in einer einzigen Sitzung erreicht werden. Diese Technologie bietet maximalen Nutzen bei einer Anwendungszeit von 15-20 Minuten und ein optimales Zeitmanagement f\u00fcr Menschen, die viel arbeiten und nicht viel Zeit f\u00fcr die Therapie aufbringen k\u00f6nnen.<\/p>\n<\/p><\/div>\n<\/p><\/div>\n<div>\n<div>\n<h2 class=\"h2-header\">Ist es sicher, 10 Dosen in einer einzigen Sitzung einzunehmen?<\/h2>\n<\/p><\/div>\n<div>\n<p class=\"p-text\">Ja, es ist sicher! Mit dieser Technologie k\u00f6nnen Sie den Nutzen von 10 Sitzungen in einer einzigen Sitzung erzielen, indem Sie dem K\u00f6rper die erforderliche Ozonmenge auf ideale und kontrollierte Weise zuf\u00fchren. Es ist eine Anwendung, die sicher bevorzugt werden kann, um Zeit zu sparen und gleichzeitig einen maximalen Nutzen zu erzielen.<\/p>\n<\/p><\/div>\n<\/p><\/div>\n<div>\n<div>\n<h2 class=\"h2-header\">F\u00fcr wen ist die Ozontherapie geeignet?<\/h2>\n<\/p><\/div>\n<div>\n<p class=\"p-text\">* Personen mit chronischen M\u00fcdigkeitsbeschwerden * Fibromyalgie-Patienten * Diabetiker * Personen mit chronischen Infektions- und Entz\u00fcndungsproblemen * Patienten mit rheumatoider Arthritis und Osteoarthritis * Personen mit schwachem Immunsystem * Personen, die Unterst\u00fctzung bei Hautproblemen und Wundheilungsprozessen suchen<\/p>\n<\/p><\/div>\n<\/p><\/div>\n<div>\n<div>\n<h2 class=\"h2-header\">Wer sollte nicht mit Ozon behandelt werden?<\/h2>\n<\/p><\/div>\n<div>\n<p class=\"p-text\">* Schwangere * Personen mit Glukose-6-Phosphat-Dehydrogenase-Mangel * Personen mit Schilddr\u00fcsenfehlfunktion (Hyperthyreose) * Patienten mit Blutungsst\u00f6rungen oder schwerer An\u00e4mie * Personen, die einen akuten Herzinfarkt erlitten haben * Personen mit schweren kardiovaskul\u00e4ren Problemen<\/p>\n<\/p><\/div>\n<\/p><\/div>\n<\/p><\/div>\n<\/section>\n","protected":false},"excerpt":{"rendered":"<p>10x Ozon-Therapie Diese Therapie, die dank hochmoderner Ger\u00e4te 10 Behandlungen in einer einzigen Sitzung erm\u00f6glicht, bietet wundersame Wirkungen sowie eine maximale Zeitersparnis. Die Ozontherapie, die durch die Anhebung des Sauerstoffgehalts im Blut auf ein hohes Niveau eine ganzheitliche Gewebeerneuerung einleitet, erzeugt dank der Energie und Vitalit\u00e4t, die sie liefert, einen nat\u00fcrlichen Dopingeffekt im K\u00f6rper. Mit [&hellip;]<\/p>\n","protected":false},"author":6,"featured_media":5081,"parent":2860,"menu_order":0,"comment_status":"closed","ping_status":"closed","template":"","meta":{"footnotes":""},"class_list":["post-2868","page","type-page","status-publish","has-post-thumbnail","hentry"],"_links":{"self":[{"href":"https:\/\/drterziler.com\/de\/wp-json\/wp\/v2\/pages\/2868","targetHints":{"allow":["GET"]}}],"collection":[{"href":"https:\/\/drterziler.com\/de\/wp-json\/wp\/v2\/pages"}],"about":[{"href":"https:\/\/drterziler.com\/de\/wp-json\/wp\/v2\/types\/page"}],"author":[{"embeddable":true,"href":"https:\/\/drterziler.com\/de\/wp-json\/wp\/v2\/users\/6"}],"replies":[{"embeddable":true,"href":"https:\/\/drterziler.com\/de\/wp-json\/wp\/v2\/comments?post=2868"}],"version-history":[{"count":14,"href":"https:\/\/drterziler.com\/de\/wp-json\/wp\/v2\/pages\/2868\/revisions"}],"predecessor-version":[{"id":62371,"href":"https:\/\/drterziler.com\/de\/wp-json\/wp\/v2\/pages\/2868\/revisions\/62371"}],"up":[{"embeddable":true,"href":"https:\/\/drterziler.com\/de\/wp-json\/wp\/v2\/pages\/2860"}],"wp:featuredmedia":[{"embeddable":true,"href":"https:\/\/drterziler.com\/de\/wp-json\/wp\/v2\/media\/5081"}],"wp:attachment":[{"href":"https:\/\/drterziler.com\/de\/wp-json\/wp\/v2\/media?parent=2868"}],"curies":[{"name":"wp","href":"https:\/\/api.w.org\/{rel}","templated":true}]}}