{"id":2870,"date":"2024-08-12T14:23:02","date_gmt":"2024-08-12T14:23:02","guid":{"rendered":"https:\/\/drterziler.com\/medizinische-aesthetik\/"},"modified":"2026-03-05T23:14:50","modified_gmt":"2026-03-05T23:14:50","slug":"medizinische-aesthetik","status":"publish","type":"page","link":"https:\/\/drterziler.com\/de\/medizinische-aesthetik\/","title":{"rendered":"Medizinische \u00c4sthetik"},"content":{"rendered":"<div class=\"page-content category-page\">\n<div id=\"header-area\">\n<div class=\"container\" id=\"firstContent\">\n<div class=\"header-content d-flex flex-column\">\n<h1 class=\"content-title\">Medizinische \u00c4sthetik<\/h1>\n<div class=\"content-paragraph\">\n<p>In der Dr. Terziler Exclusive Clinic sind wir darauf spezialisiert, Ihre nat\u00fcrliche Sch\u00f6nheit durch fachm\u00e4nnisch angewandte Behandlungen hervorzuheben. Unsere Dienstleistungen umfassen Mesotherapie-Anwendungen, Jugendimpfungen und Botox \u2013 allesamt darauf ausgerichtet, Ihre Haut zu verj\u00fcngen und f\u00fcr ein jugendliches Aussehen zu sorgen. Mit dem Fokus auf Pr\u00e4zision und Sorgfalt stellen wir sicher, dass Sie qualitativ hochwertige Behandlungen erhalten, die auf Ihre spezifischen Bed\u00fcrfnisse zugeschnitten sind. Erleben Sie die Kunst der medizinischen \u00c4sthetik mit Ergebnissen, die Ihnen ein sicheres und erfrischtes Gef\u00fchl geben.<\/p>\n<\/p><\/div>\n<nav aria-label=\"breadcrumb\" class=\"breadcrumbs\">\n<ul class=\"d-flex align-items-center mb-0\">\n<li><a class=\"link\" href=\"https:\/\/drterziler.com\/de\"><span>Dr. Terziler<\/span><\/a><\/li>\n<li class=\"separator\">\u00bb<\/li>\n<li class=\"current-page\"><span>Medizinische \u00c4sthetik<\/span><\/li>\n<\/ul>\n<\/nav><\/div>\n<\/p><\/div>\n<\/p><\/div>\n<\/div>\n<section class=\"svc-section\">\n<div class=\"container\">\n<div class=\"svc-item right-card\">\n<div class=\"svc-media\">\n                <img decoding=\"async\" src=\"https:\/\/drterziler.com\/wp-content\/uploads\/2025\/04\/karbon-peeling.webp\" alt=\"Gesichtsbehandlungen\" loading=\"lazy\" class=\"cat-img\">\n            <\/div>\n<div class=\"svc-card\">\n<h3 class=\"svc-title gilda\">Gesichtsbehandlungen<\/h3>\n<p class=\"svc-text barlow\">\n                    Wir sind f\u00fcr das Gesicht da, das Sie im Spiegel sehen m\u00f6chten. Mit unseren technologisch fortschrittlichen Ger\u00e4ten und fachkundiger Hand begleiten wir Sie auf der Reise Ihrer Haut zur Jugendlichkeit. Der Look Ihrer Tr\u00e4ume ist jetzt nur noch einen Schritt entfernt, in seiner makellosesten Form.\n                <\/p>\n<p>                <a class=\"btn-details barlow-condensed\" href=\"https:\/\/drterziler.com\/de\/medizinische-aesthetik\/gesichtsbehandlungen\/\">DETAILS<\/a>\n            <\/div>\n<\/p><\/div>\n<div class=\"svc-item left-card\">\n<div class=\"svc-media\">\n                <img decoding=\"async\" src=\"https:\/\/drterziler.com\/wp-content\/uploads\/2025\/02\/Dermatoloji.webp\" alt=\"Dermatologie\" loading=\"lazy\" class=\"cat-img\" style= \"transform: scaleX(-1);\">\n            <\/div>\n<div class=\"svc-card\">\n<h3 class=\"svc-title gilda\">Dermatologie<\/h3>\n<p class=\"svc-text barlow\">\n                    Dermatologie ist ein medizinischer Fachbereich, der sich auf die Gesundheit und \u00c4sthetik der Haut spezialisiert hat. Krankheiten und \u00e4sthetische Probleme der Haut, Haare, N\u00e4gel und anderer subkutaner Strukturen werden durch dermatologische Behandlungen angegangen. Dermatologen behandeln nicht nur Zust\u00e4nde wie Hautflecken, Akne und Psoriasis, sondern f\u00fchren auch verschiedene \u00e4sthetische Verfahren durch, um ein gesundes und jugendliches Hautbild zu erreichen.\n                <\/p>\n<p>                <a class=\"btn-details barlow-condensed\" href=\"https:\/\/drterziler.com\/de\/medizinische-aesthetik\/dermatologie-de\/\">DETAILS<\/a>\n            <\/div>\n<\/p><\/div>\n<div class=\"svc-item right-card\">\n<div class=\"svc-media\">\n                <img decoding=\"async\" src=\"https:\/\/drterziler.com\/wp-content\/uploads\/2025\/01\/Ameliyatsiz-Goz-Cevresi-Uygulamalari.webp\" alt=\"Nicht-chirurgische periorbitale Behandlungen\" loading=\"lazy\" class=\"cat-img\" style= \"transform: scaleX(-1);\">\n            <\/div>\n<div class=\"svc-card\">\n<h3 class=\"svc-title gilda\">Nicht-chirurgische periorbitale Behandlungen<\/h3>\n<p class=\"svc-text barlow\">\n                    Nicht-chirurgische Augenpartie-Behandlungen zielen auf Probleme wie Falten, Tr\u00e4nens\u00e4cke und Augenringe ab. Diese Verfahren nutzen Methoden wie Botox, Filler und Mesotherapie, um das jugendliche und dynamische Erscheinungsbild der Augenpartie zu verbessern. Die Wirkung ist sofort sichtbar, und die Erholungszeit ist kurz, was eine schnelle R\u00fcckkehr zur Arbeit und zu sozialen Aktivit\u00e4ten erm\u00f6glicht.\n                <\/p>\n<p>                <a class=\"btn-details barlow-condensed\" href=\"https:\/\/drterziler.com\/de\/medizinische-aesthetik\/nicht-chirurgische-periorbitale-behandlungen\/\">DETAILS<\/a>\n            <\/div>\n<\/p><\/div>\n<div class=\"svc-item left-card\">\n<div class=\"svc-media\">\n                <img decoding=\"async\" src=\"https:\/\/drterziler.com\/wp-content\/uploads\/2025\/02\/El-Genclestirme.webp\" alt=\"Handverj\u00fcngung\" loading=\"lazy\" class=\"cat-img\">\n            <\/div>\n<div class=\"svc-card\">\n<h3 class=\"svc-title gilda\">Handverj\u00fcngung<\/h3>\n<p class=\"svc-text barlow\">\n                    Hierbei handelt es sich um ein nicht-chirurgisches \u00e4sthetisches Verfahren, das darauf abzielt, Anzeichen der Hautalterung, Volumenverlust, Falten und feine Linien an den H\u00e4nden zu korrigieren. Durchgef\u00fchrt mit Methoden wie Hautf\u00fcllern, PRP und Laserbehandlungen, verbessert dieses Verfahren das jugendliche, gesunde und vitale Aussehen der H\u00e4nde. Die schnelle Anwendung und die minimalen Beschwerden machen es zu einer sehr bevorzugten Option.\n                <\/p>\n<p>                <a class=\"btn-details barlow-condensed\" href=\"https:\/\/drterziler.com\/de\/medizinische-aesthetik\/handverjuengung\/\">DETAILS<\/a>\n            <\/div>\n<\/p><\/div>\n<div class=\"svc-item right-card\">\n<div class=\"svc-media\">\n                <img decoding=\"async\" src=\"https:\/\/drterziler.com\/wp-content\/uploads\/2025\/02\/Boyun-Genclestirme.webp\" alt=\"Halsverj\u00fcngung\" loading=\"lazy\" class=\"cat-img\" style= \"transform: scaleX(-1);\">\n            <\/div>\n<div class=\"svc-card\">\n<h3 class=\"svc-title gilda\">Halsverj\u00fcngung<\/h3>\n<p class=\"svc-text barlow\">\n                    Es handelt sich um ein nicht-chirurgisches Verfahren zur Korrektur von Falten, Erschlaffung und feinen Linien, die durch das Alter entstehen. Techniken wie Filler, Botox, Laser und PRP werden eingesetzt, um die Halshaut straffer, glatter und jugendlicher erscheinen zu lassen. Diese Behandlung wird oft wegen ihrer schnellen und effektiven Ergebnisse, der minimalen Beschwerden und der kurzen Erholungszeit bevorzugt.\n                <\/p>\n<p>                <a class=\"btn-details barlow-condensed\" href=\"https:\/\/drterziler.com\/de\/medizinische-aesthetik\/nackenverjuengung\/\">DETAILS<\/a>\n            <\/div>\n<\/p><\/div>\n<div class=\"svc-item left-card\">\n<div class=\"svc-media\">\n                <img decoding=\"async\" src=\"https:\/\/drterziler.com\/wp-content\/uploads\/2025\/02\/Dekolte-Genclestirme.webp\" alt=\"Dekollet\u00e9-Verj\u00fcngung\" loading=\"lazy\" class=\"cat-img\" style= \"transform: scaleX(-1);\">\n            <\/div>\n<div class=\"svc-card\">\n<h3 class=\"svc-title gilda\">Dekollet\u00e9-Verj\u00fcngung<\/h3>\n<p class=\"svc-text barlow\">\n                    Die Dekollet\u00e9-Verj\u00fcngungsbehandlung ist ein innovatives Verfahren, das auf feine Linien, Flecken und den Verlust der Hautelastizit\u00e4t im Hals- und Brustbereich abzielt. Durch nat\u00fcrliche Inhaltsstoffe unterst\u00fctzte Methoden straffen die Haut und sorgen f\u00fcr ein jugendlicheres und strahlenderes Aussehen. Diese Behandlung bietet eine effektive L\u00f6sung f\u00fcr ein glattes und leuchtendes Dekollet\u00e9.\n                <\/p>\n<p>                <a class=\"btn-details barlow-condensed\" href=\"https:\/\/drterziler.com\/de\/medizinische-aesthetik\/dekollete-verjuengung\/\">DETAILS<\/a>\n            <\/div>\n<\/p><\/div>\n<div class=\"svc-item right-card\">\n<div class=\"svc-media\">\n                <img decoding=\"async\" src=\"https:\/\/drterziler.com\/wp-content\/uploads\/2025\/01\/Gidi-Genclestirme.webp\" alt=\"Doppelkinn-Verj\u00fcngung\" loading=\"lazy\" class=\"cat-img\" style= \"transform: scaleX(-1);\">\n            <\/div>\n<div class=\"svc-card\">\n<h3 class=\"svc-title gilda\">Doppelkinn-Verj\u00fcngung<\/h3>\n<p class=\"svc-text barlow\">\n                    Die submentale Verj\u00fcngungsbehandlung zielt darauf ab, Hauterschlaffung und Lockerheit zu reduzieren, um ein jugendlicheres und strafferes Aussehen zu erreichen. Diese Behandlung kann mit Methoden wie Botox, Fillern und Laser durchgef\u00fchrt werden, indem Fettansammlungen im Bereich reduziert und die Hautelastizit\u00e4t erh\u00f6ht werden. Als Ergebnis wird die Kieferlinie definierter und die Gesichtskontur verbessert.\n                <\/p>\n<p>                <a class=\"btn-details barlow-condensed\" href=\"https:\/\/drterziler.com\/de\/medizinische-aesthetik\/doppelkinn-verjuengung\/\">DETAILS<\/a>\n            <\/div>\n<\/p><\/div>\n<div class=\"svc-item left-card\">\n<div class=\"svc-media\">\n                <img decoding=\"async\" src=\"https:\/\/drterziler.com\/wp-content\/uploads\/2025\/02\/Diger-Botoks-Uygulamalari.webp\" alt=\"Weitere Botox-Behandlungen\" loading=\"lazy\" class=\"cat-img\" style= \"transform: scaleX(-1);\">\n            <\/div>\n<div class=\"svc-card\">\n<h3 class=\"svc-title gilda\">Weitere Botox-Behandlungen<\/h3>\n<p class=\"svc-text barlow\">\n                    Botox ist ein wirksames Spektrum an Behandlungsmethoden, das weite Bereiche in \u00c4sthetik und Gesundheit abdeckt. Masseter-Botox reduziert \u00fcberm\u00e4\u00dfige Spannungen in der Kaumuskulatur und verschlankt die Gesichtskonturen, w\u00e4hrend Migr\u00e4ne-Botox Kopfschmerzen lindert und die Lebensqualit\u00e4t verbessert. Schwitz-Botox hilft, \u00fcberm\u00e4\u00dfiges Schwitzen zu kontrollieren, was den Alltag f\u00fcr Betroffene angenehmer macht. Diese Arten von Botox-Behandlungen werden oft wegen ihrer minimalinvasiven Natur und der schnellen Erholungszeiten bevorzugt.\n                <\/p>\n<p>                <a class=\"btn-details barlow-condensed\" href=\"https:\/\/drterziler.com\/de\/medizinische-aesthetik\/andere-botox-behandlungen\/\">DETAILS<\/a>\n            <\/div>\n<\/p><\/div>\n<div class=\"svc-item right-card\">\n<div class=\"svc-media\">\n                <img decoding=\"async\" src=\"https:\/\/drterziler.com\/wp-content\/uploads\/2025\/02\/Teknolojik-Uygulamalar.webp\" alt=\"Technologische Behandlungen\" loading=\"lazy\" class=\"cat-img\" style= \"transform: scaleX(-1);\">\n            <\/div>\n<div class=\"svc-card\">\n<h3 class=\"svc-title gilda\">Technologische Behandlungen<\/h3>\n<p class=\"svc-text barlow\">\n                    Als Dr. Terziler bieten wir mit unseren modernsten Anwendungen in \u00c4sthetik, Gesundheit und Sch\u00f6nheit eine zeitlose Erfahrung. Robotische Ger\u00e4te, Lasertechnologien und intelligente Systeme beschleunigen und verst\u00e4rken die Wirksamkeit der Behandlungsprozesse. Modernisierte Anwendungen erm\u00f6glichen einen schnelleren Genesungsprozess mit minimalinvasiven Methoden und bieten gleichzeitig beispiellosen Komfort.\n                <\/p>\n<p>                <a class=\"btn-details barlow-condensed\" href=\"https:\/\/drterziler.com\/de\/medizinische-aesthetik\/technologische-behandlungen\/\">DETAILS<\/a>\n            <\/div>\n<\/p><\/div>\n<div class=\"svc-item left-card\">\n<div class=\"svc-media\">\n                <img decoding=\"async\" src=\"https:\/\/drterziler.com\/wp-content\/uploads\/2025\/02\/Tamamlayici-Tip-GETAT-Uygulamalari.webp\" alt=\"Komplement\u00e4rmedizinische GETAT-Behandlungen\" loading=\"lazy\" class=\"cat-img\" style= \"transform: scaleX(-1);\">\n            <\/div>\n<div class=\"svc-card\">\n<h3 class=\"svc-title gilda\">Komplement\u00e4rmedizinische GETAT-Behandlungen<\/h3>\n<p class=\"svc-text barlow\">\n                    Die Komplement\u00e4rmedizin (GETAT) ist ein Behandlungsfeld, das darauf abzielt, den K\u00f6rper neben der traditionellen Medizin mit nat\u00fcrlichen und ganzheitlichen Heilmethoden zu unterst\u00fctzen. Diese Anwendungen unterst\u00fctzen nicht nur die Heilungsprozesse des K\u00f6rpers, sondern zielen auch darauf ab, sowohl die geistige als auch die k\u00f6rperliche Gesundheit des Einzelnen auf das h\u00f6chste Niveau zu heben.\n                <\/p>\n<p>                <a class=\"btn-details barlow-condensed\" href=\"https:\/\/drterziler.com\/de\/medizinische-aesthetik\/komplementaermedizinische-getat-behandlungen\/\">DETAILS<\/a>\n            <\/div>\n<\/p><\/div>\n<div class=\"svc-item right-card\">\n<div class=\"svc-media\">\n                <img decoding=\"async\" src=\"https:\/\/drterziler.com\/wp-content\/uploads\/2025\/07\/Cilt-Eksozom.webp\" alt=\"Exosom-Behandlungen\" loading=\"lazy\" class=\"cat-img\">\n            <\/div>\n<div class=\"svc-card\">\n<h3 class=\"svc-title gilda\">Exosom-Behandlungen<\/h3>\n<p class=\"svc-text barlow\">\n                    Exosomen sind mikroskopisch kleine, membranumschlossene Strukturen, die innerhalb von Zellen produziert und nach au\u00dfen abgegeben werden. Sie transportieren biologische Inhalte wie RNA, Proteine und Wachstumsfaktoren und \u00fcbertragen Informationen zwischen den Zellen. In den letzten Jahren haben Exosomen in Hautverj\u00fcngungsbehandlungen aufgrund ihrer bedeutenden Rolle bei der Geweberegeneration und den zellul\u00e4ren Erneuerungsprozessen an Aufmerksamkeit gewonnen.\n                <\/p>\n<p>                <a class=\"btn-details barlow-condensed\" href=\"https:\/\/drterziler.com\/de\/medizinische-aesthetik\/exosomen-behandlungen-skin\/exosomen-zur-hautbehandlung\/\">DETAILS<\/a>\n            <\/div>\n<\/p><\/div>\n<div class=\"svc-item left-card\">\n<div class=\"svc-media\">\n                <img decoding=\"async\" src=\"https:\/\/drterziler.com\/wp-content\/uploads\/2025\/02\/cilt-iksiri-1.webp\" alt=\"Haut-Elixier\" loading=\"lazy\" class=\"cat-img\" style= \"transform: scaleX(-1);\">\n            <\/div>\n<div class=\"svc-card\">\n<h3 class=\"svc-title gilda\">Haut-Elixier<\/h3>\n<p class=\"svc-text barlow\">\n                    Diese Behandlung wurde entwickelt, um die nat\u00fcrliche Struktur der Haut zu unterst\u00fctzen und Anzeichen der Hautalterung zu reduzieren. Die spezielle Formel, bestehend aus einer Kombination von Hyalurons\u00e4ure, Vitaminen, Antioxidantien und anderen nat\u00fcrlichen Inhaltsstoffen, dringt tief in die Haut ein, steigert ihre Vitalit\u00e4t und verj\u00fcngt ihr Erscheinungsbild.\n                <\/p>\n<p>                <a class=\"btn-details barlow-condensed\" href=\"https:\/\/drterziler.com\/de\/medizinische-aesthetik\/jugendimpfung\/\">DETAILS<\/a>\n            <\/div>\n<\/p><\/div>\n<div class=\"svc-item right-card\">\n<div class=\"svc-media\">\n                <img decoding=\"async\" src=\"https:\/\/drterziler.com\/wp-content\/uploads\/2025\/02\/Ozon-Terapi1.webp\" alt=\"Ozontherapie\" loading=\"lazy\" class=\"cat-img\">\n            <\/div>\n<div class=\"svc-card\">\n<h3 class=\"svc-title gilda\">Ozontherapie<\/h3>\n<p class=\"svc-text barlow\">\n                    Die Ozontherapie tr\u00e4gt dazu bei, die Sauerstoffversorgung der Haut zu erh\u00f6hen und f\u00f6rdert so ein ges\u00fcnderes, helleres und jugendlicheres Aussehen. Mit ihrer starken Entgiftungswirkung erneuert sie Hautzellen, unterst\u00fctzt die Reduzierung von Flecken und feinen F\u00e4ltchen und verbessert zudem die Hautelastizit\u00e4t, wodurch eine straffere und lebendigere Textur entsteht.\n                <\/p>\n<p>                <a class=\"btn-details barlow-condensed\" href=\"https:\/\/drterziler.com\/de\/medizinische-aesthetik\/ozontherapie-de\/\">DETAILS<\/a>\n            <\/div>\n<\/p><\/div>\n<\/p><\/div>\n<\/section>\n","protected":false},"excerpt":{"rendered":"<p>Medizinische \u00c4sthetik In der Dr. Terziler Exclusive Clinic sind wir darauf spezialisiert, Ihre nat\u00fcrliche Sch\u00f6nheit durch fachm\u00e4nnisch angewandte Behandlungen hervorzuheben. Unsere Dienstleistungen umfassen Mesotherapie-Anwendungen, Jugendimpfungen und Botox \u2013 allesamt darauf ausgerichtet, Ihre Haut zu verj\u00fcngen und f\u00fcr ein jugendliches Aussehen zu sorgen. Mit dem Fokus auf Pr\u00e4zision und Sorgfalt stellen wir sicher, dass Sie qualitativ [&hellip;]<\/p>\n","protected":false},"author":6,"featured_media":56465,"parent":0,"menu_order":0,"comment_status":"closed","ping_status":"closed","template":"","meta":{"footnotes":""},"class_list":["post-2870","page","type-page","status-publish","has-post-thumbnail","hentry"],"_links":{"self":[{"href":"https:\/\/drterziler.com\/de\/wp-json\/wp\/v2\/pages\/2870","targetHints":{"allow":["GET"]}}],"collection":[{"href":"https:\/\/drterziler.com\/de\/wp-json\/wp\/v2\/pages"}],"about":[{"href":"https:\/\/drterziler.com\/de\/wp-json\/wp\/v2\/types\/page"}],"author":[{"embeddable":true,"href":"https:\/\/drterziler.com\/de\/wp-json\/wp\/v2\/users\/6"}],"replies":[{"embeddable":true,"href":"https:\/\/drterziler.com\/de\/wp-json\/wp\/v2\/comments?post=2870"}],"version-history":[{"count":60,"href":"https:\/\/drterziler.com\/de\/wp-json\/wp\/v2\/pages\/2870\/revisions"}],"predecessor-version":[{"id":59539,"href":"https:\/\/drterziler.com\/de\/wp-json\/wp\/v2\/pages\/2870\/revisions\/59539"}],"wp:featuredmedia":[{"embeddable":true,"href":"https:\/\/drterziler.com\/de\/wp-json\/wp\/v2\/media\/56465"}],"wp:attachment":[{"href":"https:\/\/drterziler.com\/de\/wp-json\/wp\/v2\/media?parent=2870"}],"curies":[{"name":"wp","href":"https:\/\/api.w.org\/{rel}","templated":true}]}}