{"id":2874,"date":"2024-08-12T16:07:43","date_gmt":"2024-08-12T16:07:43","guid":{"rendered":"https:\/\/drterziler.com\/medizinische-aesthetik\/mesotherapie-anwendungen\/"},"modified":"2026-04-21T12:16:34","modified_gmt":"2026-04-21T12:16:34","slug":"mesotherapie-de","status":"publish","type":"page","link":"https:\/\/drterziler.com\/de\/medizinische-aesthetik\/gesichtsbehandlungen\/mesotherapie-de\/","title":{"rendered":"Mesotherapie"},"content":{"rendered":"<div class=\"page-content category-page\">\n<div id=\"header-area\">\n<div class=\"container\" id=\"firstContent\">\n<div class=\"header-content d-flex flex-column\">\n<h1 class=\"content-title\">Mesotherapie<\/h1>\n<div class=\"content-paragraph\">\n<p>Die Mesotherapie ist eine wirksame Behandlungsmethode, die tief in Ihre Haut einwirkt und f\u00fcr Jugendlichkeit, Vitalit\u00e4t und Ausstrahlung sorgt. Durch Mikroinjektionen von Vitaminen, Mineralien, Hyalurons\u00e4ure und anderen n\u00e4hrenden Inhaltsstoffen unter die Haut wird sichergestellt, dass Ihre Haut alle ben\u00f6tigten N\u00e4hrstoffe erh\u00e4lt. Dies f\u00fchrt zu einem lebendigen und strahlenden Erscheinungsbild.<\/p>\n<\/p><\/div>\n<nav aria-label=\"breadcrumb\" class=\"breadcrumbs\">\n<ul class=\"d-flex align-items-center mb-0\">\n<li><a class=\"link\" href=\"https:\/\/drterziler.com\/de\/\"><span>Dr. Terziler<\/span><\/a><\/li>\n<li class=\"separator\">\u00bb<\/li>\n<li><a class=\"link\" href=\"https:\/\/drterziler.com\/de\/medizinische-aesthetik\/\"><span>Medizinische \u00c4sthetik<\/span><\/a><\/li>\n<li class=\"separator\">\u00bb<\/li>\n<li><a class=\"link\" href=\"https:\/\/drterziler.com\/de\/medizinische-aesthetik\/gesichtsbehandlungen\/\"><span>Gesichtsbehandlungen<\/span><\/a><\/li>\n<li class=\"separator\">\u00bb<\/li>\n<li class=\"current-page\"><span>Mesotherapie<\/span><\/li>\n<\/ul>\n<\/nav><\/div>\n<\/p><\/div>\n<\/p><\/div>\n<\/p><\/div>\n<section class=\"svc-section\">\n<div class=\"container\">\n<div class=\"svc-item right-card\">\n<div class=\"svc-media\">\n       <img decoding=\"async\" src=\"https:\/\/drterziler.com\/wp-content\/uploads\/2025\/02\/Akne-Tedavisi-1.webp\" alt=\"Exosom-Behandlungen\" style=\"transform: scaleX(-1);\" loading=\"lazy\" class=\"cat-img\">\n       <\/div>\n<div class=\"svc-card\">\n<h3 class=\"svc-title gilda\">Aknebehandlung<\/h3>\n<p class=\"svc-text barlow\">\n         Sie umfasst eine Reihe dermatologischer Verfahren, die darauf abzielen, Akne und Aknenarben zu entfernen. Methoden wie Laserbehandlungen, chemische Peelings und topische Medikamente werden eingesetzt, um die Haut zu reinigen und das Gleichgewicht wiederherzustellen. Die Behandlung wird individuell auf den Hauttyp abgestimmt und liefert effektive und schnelle Ergebnisse.\n       <\/p>\n<p>       <a class=\"btn-details barlow-condensed\" href=\"https:\/\/drterziler.com\/de\/medizinische-aesthetik\/gesichtsbehandlungen\/mesotherapie-de\/akne-behandlung\/\">DETAILS<\/a>\n       <\/div>\n<\/p><\/div>\n<div class=\"svc-item left-card\">\n<div class=\"svc-media\">\n       <img decoding=\"async\" src=\"https:\/\/drterziler.com\/wp-content\/uploads\/2025\/02\/leke-tedavisi-1.webp\" alt=\"Haar-Elixier\" loading=\"lazy\" class=\"cat-img\">\n       <\/div>\n<div class=\"svc-card\">\n<h3 class=\"svc-title gilda\">Fleckenbehandlung<\/h3>\n<p class=\"svc-text barlow\">\n         Sie zielt auf Sonnenflecken, Aknenarben und Alterserscheinungen ab und gleicht den Hautton aus. Methoden wie Laserbehandlung, chemische Peelings und PRP werden eingesetzt, um Unreinheiten zu entfernen und die Haut aufzuhellen. Die Behandlung wird personalisiert und liefert nat\u00fcrliche und langanhaltende Ergebnisse.\n       <\/p>\n<p>       <a class=\"btn-details barlow-condensed\" href=\"https:\/\/drterziler.com\/de\/medizinische-aesthetik\/gesichtsbehandlungen\/mesotherapie-de\/spot-behandlung\/\">DETAILS<\/a>\n       <\/div>\n<\/p><\/div>\n<div class=\"svc-item right-card\">\n<div class=\"svc-media\">\n      <img decoding=\"async\" src=\"https:\/\/drterziler.com\/wp-content\/uploads\/2025\/02\/Anti-Aging-1.webp\" alt=\"Exosom-Behandlungen\" loading=\"lazy\" class=\"cat-img\" style=\"transform: scaleX(-1);\">\n      <\/div>\n<div class=\"svc-card\">\n<h3 class=\"svc-title gilda\">Anti-Aging<\/h3>\n<p class=\"svc-text barlow\">\n        Anti-Aging-Behandlungen, die den Zeichen der Hautalterung entgegenwirken, sind moderne Verfahren mit dem Ziel, eine j\u00fcngere, lebendigere und glattere Haut zu erreichen. Diese Methoden unterst\u00fctzen sowohl die \u00e4sthetische als auch die nat\u00fcrliche Sch\u00f6nheit und bieten heute eine beliebte L\u00f6sung f\u00fcr jedermann.\n      <\/p>\n<p>      <a class=\"btn-details barlow-condensed\" href=\"https:\/\/drterziler.com\/de\/medizinische-aesthetik\/gesichtsbehandlungen\/mesotherapie-de\/anti-aging-de\/\">DETAILS<\/a>\n      <\/div>\n<\/p><\/div>\n<\/p><\/div>\n<\/section>\n","protected":false},"excerpt":{"rendered":"<p>Mesotherapie Die Mesotherapie ist eine wirksame Behandlungsmethode, die tief in Ihre Haut einwirkt und f\u00fcr Jugendlichkeit, Vitalit\u00e4t und Ausstrahlung sorgt. Durch Mikroinjektionen von Vitaminen, Mineralien, Hyalurons\u00e4ure und anderen n\u00e4hrenden Inhaltsstoffen unter die Haut wird sichergestellt, dass Ihre Haut alle ben\u00f6tigten N\u00e4hrstoffe erh\u00e4lt. Dies f\u00fchrt zu einem lebendigen und strahlenden Erscheinungsbild. Dr. Terziler \u00bb Medizinische \u00c4sthetik [&hellip;]<\/p>\n","protected":false},"author":6,"featured_media":4999,"parent":15917,"menu_order":0,"comment_status":"closed","ping_status":"closed","template":"","meta":{"footnotes":""},"class_list":["post-2874","page","type-page","status-publish","has-post-thumbnail","hentry"],"_links":{"self":[{"href":"https:\/\/drterziler.com\/de\/wp-json\/wp\/v2\/pages\/2874","targetHints":{"allow":["GET"]}}],"collection":[{"href":"https:\/\/drterziler.com\/de\/wp-json\/wp\/v2\/pages"}],"about":[{"href":"https:\/\/drterziler.com\/de\/wp-json\/wp\/v2\/types\/page"}],"author":[{"embeddable":true,"href":"https:\/\/drterziler.com\/de\/wp-json\/wp\/v2\/users\/6"}],"replies":[{"embeddable":true,"href":"https:\/\/drterziler.com\/de\/wp-json\/wp\/v2\/comments?post=2874"}],"version-history":[{"count":24,"href":"https:\/\/drterziler.com\/de\/wp-json\/wp\/v2\/pages\/2874\/revisions"}],"predecessor-version":[{"id":59691,"href":"https:\/\/drterziler.com\/de\/wp-json\/wp\/v2\/pages\/2874\/revisions\/59691"}],"up":[{"embeddable":true,"href":"https:\/\/drterziler.com\/de\/wp-json\/wp\/v2\/pages\/15917"}],"wp:featuredmedia":[{"embeddable":true,"href":"https:\/\/drterziler.com\/de\/wp-json\/wp\/v2\/media\/4999"}],"wp:attachment":[{"href":"https:\/\/drterziler.com\/de\/wp-json\/wp\/v2\/media?parent=2874"}],"curies":[{"name":"wp","href":"https:\/\/api.w.org\/{rel}","templated":true}]}}