{"id":2876,"date":"2024-08-12T16:08:05","date_gmt":"2024-08-12T16:08:05","guid":{"rendered":"https:\/\/drterziler.com\/medizinische-aesthetik\/jugendimpfung\/"},"modified":"2026-02-27T20:22:55","modified_gmt":"2026-02-27T20:22:55","slug":"jugendimpfung","status":"publish","type":"page","link":"https:\/\/drterziler.com\/de\/medizinische-aesthetik\/jugendimpfung\/","title":{"rendered":"Hautelixier"},"content":{"rendered":"<div class=\"page-content\">\n<div id=\"header-area\">\n<div class=\"container\" id=\"firstContent\">\n<div class=\"header-content d-flex flex-column\">\n<h1 class=\"content-title h1-header\">Hautelixier<\/h1>\n<div class=\"content-paragraph\">\n<p class=\"p-text\">Das Geheimnis der nat\u00fcrlichen Erneuerung<\/p>\n<\/p><\/div>\n<nav aria-label=\"breadcrumb\" class=\"breadcrumbs\">\n<ul class=\"d-flex align-items-center mb-0\">\n<li><a class=\"link\" href=\"https:\/\/drterziler.com\/de\/\"><span>Dr. Terziler Exclusive Clinic<\/span><\/a><\/li>\n<li class=\"separator\">\u00bb<\/li>\n<li><a class=\"link\" href=\"https:\/\/drterziler.com\/de\/medizinische-aesthetik\/\"><span>Medizinische \u00c4sthetik<\/span><\/a><\/li>\n<li class=\"separator\">\u00bb<\/li>\n<li class=\"current-page\"><span>Hautelixier<\/span><\/li>\n<\/ul>\n<\/nav><\/div>\n<\/p><\/div>\n<\/p><\/div>\n<\/div>\n<section id=\"content-area\">\n<div class=\"container my-5\">\n<div class=\"row align-items-start\">\n<div class=\"col-md-6 order-2 order-md-1\">\n<div class=\"custom-toc-box\">\n<div id=\"toc-header\">\n<h4>Inhaltsverzeichnis<\/h4>\n<div class=\"toc-toggle-icon\"><\/div>\n<\/p><\/div>\n<div class=\"toc-full-divider\"><\/div>\n<div id=\"toc-body\">\n<div id=\"toc-container\"><\/div>\n<\/p><\/div>\n<\/p><\/div>\n<\/p><\/div>\n<div class=\"col-md-6 order-1 order-md-2\" id=\"jForm\">\n                <script type=\"text\/javascript\" src=\"https:\/\/form.jotform.com\/jsform\/242882128947973\"><\/script>\n            <\/div>\n<\/p><\/div>\n<\/p><\/div>\n<div class=\"container\">\n<div class=\"img-thumb\">\n            <img loading=\"lazy\" decoding=\"async\" width=\"1920\" height=\"1080\" src=\"https:\/\/drterziler.com\/wp-content\/uploads\/2025\/02\/cilt-iksiri-1.webp\" alt=\"\" sizes=\"auto, (max-width: 1920px) 100vw, 1920px\">\n        <\/div>\n<div>\n<div>\n<h2 class=\"h2-header\">Was ist Hautelixier?<\/h2>\n<\/p><\/div>\n<div>\n<p class=\"p-text\">Skin Elixir ist eine Behandlungsmethode, die entwickelt wurde, um die nat\u00fcrliche Struktur der Haut zu unterst\u00fctzen und Zeichen der Hautalterung zu reduzieren. Diese spezielle Formel dringt mit einer Kombination aus Hyalurons\u00e4ure, Vitaminen, Antioxidantien und anderen nat\u00fcrlichen Komponenten tief in die Haut ein und erh\u00f6ht die Vitalit\u00e4t der Haut. Das Elixier f\u00f6rdert die Hauterneuerung und sorgt f\u00fcr ein gesundes und jugendliches Aussehen.<\/p>\n<\/p><\/div>\n<\/p><\/div>\n<div>\n<div>\n<h2 class=\"h2-header\">Inhalt und Nutzen<\/h2>\n<\/p><\/div>\n<div>\n<p class=\"p-text\">Skin Elixir enth\u00e4lt leistungsstarke Komponenten wie Hyalurons\u00e4ure, Vitamine und Antioxidantien. Hyalurons\u00e4ure h\u00e4lt den Feuchtigkeitshaushalt der Haut aufrecht und mindert Trockenheit und Falten. Vitamine tragen zur Ern\u00e4hrung und Reparatur der Haut bei, w\u00e4hrend Antioxidantien freie Radikale bek\u00e4mpfen und so die Hautalterung verz\u00f6gern. Diese Komponenten erh\u00f6hen die Elastizit\u00e4t der Haut und sorgen f\u00fcr ein ges\u00fcnderes Aussehen.<\/p>\n<\/p><\/div>\n<\/p><\/div>\n<div>\n<div>\n<h2 class=\"h2-header\">F\u00fcr wen ist es geeignet?<\/h2>\n<\/p><\/div>\n<div>\n<p class=\"p-text\">Skin Elixir ist ideal f\u00fcr Haut, die Zeichen der Alterung aufweist, durch Alkohol- und Zigarettenkonsum gesch\u00e4digt ist und durch \u00e4u\u00dfere Faktoren wie Sonneneinstrahlung und Solarium beeintr\u00e4chtigt wurde. Auch Menschen, die Aknenarben und Unregelm\u00e4\u00dfigkeiten im Hautton entfernen m\u00f6chten, k\u00f6nnen von dieser Behandlung profitieren. Je nach Hautbeschaffenheit bietet diese Behandlung f\u00fcr jeden eine geeignete Option.<\/p>\n<\/p><\/div>\n<\/p><\/div>\n<div>\n<div>\n<h2 class=\"h2-header\">Erwartete Ergebnisse<\/h2>\n<\/p><\/div>\n<div>\n<p class=\"p-text\">Nach der Behandlung ist die Haut glatter, lebendiger und elastischer. Es kommt zu einer sichtbaren Straffung, Feuchtigkeitszunahme und Verj\u00fcngung der Haut. Bei regelm\u00e4\u00dfiger Anwendung k\u00f6nnen dauerhafte Verbesserungen und ein lang anhaltendes jugendliches Aussehen der Haut erzielt werden.<\/p>\n<\/p><\/div>\n<\/p><\/div>\n<div>\n<div>\n<h2 class=\"h2-header\">Pflege und Empfehlungen<\/h2>\n<\/p><\/div>\n<div>\n<p class=\"p-text\">Nach der Anwendung von Skin Elixir ist es wichtig, die Haut vor der Sonne zu sch\u00fctzen und regelm\u00e4\u00dfig Feuchtigkeitscreme zu verwenden. Um dauerhafte Ergebnisse auf der Haut zu erzielen, sollten au\u00dferdem die empfohlenen Behandlungsintervalle eingehalten werden. Eine gesunde Lebensweise und eine ausgewogene Ern\u00e4hrung sind ebenfalls wichtig, um den Heilungsprozess der Haut zu unterst\u00fctzen. Die Wiederholung der Behandlung in bestimmten Abst\u00e4nden sorgt laut Expertenmeinung f\u00fcr optimale Ergebnisse.<\/p>\n<\/p><\/div>\n<\/p><\/div>\n<\/p><\/div>\n<\/section>\n","protected":false},"excerpt":{"rendered":"<p>Hautelixier Das Geheimnis der nat\u00fcrlichen Erneuerung Dr. Terziler Exclusive Clinic \u00bb Medizinische \u00c4sthetik \u00bb Hautelixier Inhaltsverzeichnis Was ist Hautelixier? Skin Elixir ist eine Behandlungsmethode, die entwickelt wurde, um die nat\u00fcrliche Struktur der Haut zu unterst\u00fctzen und Zeichen der Hautalterung zu reduzieren. Diese spezielle Formel dringt mit einer Kombination aus Hyalurons\u00e4ure, Vitaminen, Antioxidantien und anderen nat\u00fcrlichen [&hellip;]<\/p>\n","protected":false},"author":6,"featured_media":4975,"parent":2870,"menu_order":0,"comment_status":"closed","ping_status":"closed","template":"","meta":{"footnotes":""},"class_list":["post-2876","page","type-page","status-publish","has-post-thumbnail","hentry"],"_links":{"self":[{"href":"https:\/\/drterziler.com\/de\/wp-json\/wp\/v2\/pages\/2876","targetHints":{"allow":["GET"]}}],"collection":[{"href":"https:\/\/drterziler.com\/de\/wp-json\/wp\/v2\/pages"}],"about":[{"href":"https:\/\/drterziler.com\/de\/wp-json\/wp\/v2\/types\/page"}],"author":[{"embeddable":true,"href":"https:\/\/drterziler.com\/de\/wp-json\/wp\/v2\/users\/6"}],"replies":[{"embeddable":true,"href":"https:\/\/drterziler.com\/de\/wp-json\/wp\/v2\/comments?post=2876"}],"version-history":[{"count":18,"href":"https:\/\/drterziler.com\/de\/wp-json\/wp\/v2\/pages\/2876\/revisions"}],"predecessor-version":[{"id":57781,"href":"https:\/\/drterziler.com\/de\/wp-json\/wp\/v2\/pages\/2876\/revisions\/57781"}],"up":[{"embeddable":true,"href":"https:\/\/drterziler.com\/de\/wp-json\/wp\/v2\/pages\/2870"}],"wp:featuredmedia":[{"embeddable":true,"href":"https:\/\/drterziler.com\/de\/wp-json\/wp\/v2\/media\/4975"}],"wp:attachment":[{"href":"https:\/\/drterziler.com\/de\/wp-json\/wp\/v2\/media?parent=2876"}],"curies":[{"name":"wp","href":"https:\/\/api.w.org\/{rel}","templated":true}]}}