{"id":2879,"date":"2024-08-12T17:12:03","date_gmt":"2024-08-12T17:12:03","guid":{"rendered":"https:\/\/drterziler.com\/unsere-klinik\/ueber\/"},"modified":"2026-03-08T13:54:46","modified_gmt":"2026-03-08T13:54:46","slug":"ueber","status":"publish","type":"page","link":"https:\/\/drterziler.com\/de\/unsere-klinik\/ueber\/","title":{"rendered":"\u00dcber"},"content":{"rendered":"<div class=\"page-content\">\n<div id=\"header-area\">\n<div class=\"container\" id=\"firstContent\">\n<div class=\"header-content d-flex flex-column\">\n<h1 class=\"content-title h1-header\">\u00dcber uns<\/h1>\n<div class=\"content-paragraph\">\n<p class=\"p-text\">\n<\/p><\/div>\n<nav aria-label=\"breadcrumb\" class=\"breadcrumbs\">\n<ul class=\"d-flex align-items-center mb-0\">\n<li><a class=\"link\" href=\"https:\/\/drterziler.com\/de\/\"><span>Dr. Terziler Exclusive Clinic<\/span><\/a><\/li>\n<li class=\"separator\">\u00bb<\/li>\n<li><a class=\"link\" href=\"https:\/\/drterziler.com\/de\/unsere-klinik\/\"><span>Unsere Klinik<\/span><\/a><\/li>\n<li class=\"separator\">\u00bb<\/li>\n<li class=\"current-page\"><span>\u00dcber uns<\/span><\/li>\n<\/ul>\n<\/nav><\/div>\n<\/p><\/div>\n<\/p><\/div>\n<\/div>\n<section id=\"content-area\">\n<div class=\"container g-0 w-100\">\n<div class=\"col-lg-12 col-12 tour-video\">\n<div class=\"video-wrapper\">\n                <iframe\n                data-src=\"https:\/\/www.youtube-nocookie.com\/embed\/bjR2KtM5NZ4\"\n                frameborder=\"0\"\n                allow=\"encrypted-media; picture-in-picture\"\n                allowfullscreen><br \/>\n                <\/iframe>\n            <\/div>\n<\/p><\/div>\n<\/p><\/div>\n<div class=\"container\">\n<div>\n<div>\n<h2 class=\"h2-header\">Unsere Mission<\/h2>\n<\/p><\/div>\n<div>\n<p class=\"p-text\">Unsere Mission als Dr. Terziler Exclusive Clinic;\u2022 Mehr Menschen zu erreichen, die unter Haarschw\u00e4che und Haarausfall leiden, indem wir modernste Haartransplantationstechnologien und Behandlungen einsetzen, und sicherzustellen, dass mehr Menschen gesundes, volles und dauerhaftes Haar haben.\u2022 Unseren G\u00e4sten und deren Angeh\u00f6rigen mit unserer viertelj\u00e4hrlichen Erfahrung in Haartransplantation und Behandlungen sowie einem hohen Qualit\u00e4tsbewusstsein eine Gesundheitsdienstleistung \u00fcber den weltweiten Standards und Erwartungen zu bieten.\u2022 Eine Gesundheitsdienstleistung zu erbringen, bei der jedes Detail bedacht wird und die dem Vertrauen, dem Interesse und der Erwartung unserer G\u00e4ste entspricht, die uns vertrauen und uns bevorzugen.\u2022 Der zuverl\u00e4ssigste Begleiter im Bereich der Haargesundheit und Behandlungen zu sein, indem wir unseren G\u00e4sten, die Haartransplantations- und Behandlungsdienstleistungen in unserer Klinik in Anspruch genommen haben, mit einem ethischen und transparenten Ansatz Unterst\u00fctzungs- und Beratungsdienste anbieten.<\/p>\n<\/p><\/div>\n<\/p><\/div>\n<div>\n<div>\n<h2 class=\"h2-header\">Unsere Vision<\/h2>\n<\/p><\/div>\n<div>\n<p class=\"p-text\">Unsere Vision als Dr. Terziler Exclusive Clinic;\u2022 Die Haartransplantationspraktiken in der T\u00fcrkei auf die Spitze des weltweiten Standards zu bringen und auch die t\u00fcrkischen Medizinstandards an die Weltspitze zu f\u00fchren, insbesondere im Bereich der Haartransplantation,\u2022 Die Entwicklung neuer Behandlungen und Anwendungen zu unterst\u00fctzen, indem wir im Lichte unseres viertelj\u00e4hrlichen Wissens und unserer Erfahrung zu wissenschaftlichen Studien im Bereich der Haartransplantation beitragen,\u2022 Eine Gesundheitseinrichtung zu sein, die sowohl in unserem Land als auch in der Welt referenziert wird, getreu dem Motto \u201e101 Kundenzufriedenheit von 100 Kunden\u201c.\u2022 Innovation als Unternehmenskultur mit dem Motto \u201eVer\u00e4nderungs- und Entwicklungsprozesse enden nie\u201c zu \u00fcbernehmen und an Schulungen, Seminaren und Workshops im Ausland teilzunehmen; Als enger Verfolger wissenschaftlicher Entwicklungen einer der wegweisenden F\u00fchrer des Sektors zu sein,\u2022 Zur Entwicklung unseres Landes und des Gesundheitstourismus beizutragen, indem wir unseren G\u00e4sten Dienstleistungen \u00fcber den weltweiten Standards bieten.\u2022 Sowohl in unserem Land als auch weltweit die am meisten bevorzugte Haartransplantationsklinik zu sein, mit dem von uns angebotenen Service und unserem menschenorientierten Ansatz, der immer nach Perfektion strebt,\u2022 Die Haartransplantation f\u00fcr unsere Kunden zu einem einzigartigen Erlebnis zu machen, an das man sich ein Leben lang gerne erinnert, mit unserem exklusiven Service, bei dem jedes Detail bedacht wird.\u2022 Eine professionelle Wahrnehmung zu schaffen, indem wir \u00c4rzte und medizinisches Fachpersonal ausbilden, die ihrem Beruf mit Leidenschaft nachgehen, die \u00fcber alle Arten von Innovationen in der Haartransplantation informiert sind und die keine Kompromisse bei menschenorientierten und ethischen Werten eingehen, in \u00dcbereinstimmung mit dem Bereich der Haartransplantation.<\/p>\n<\/p><\/div>\n<\/p><\/div>\n<\/p><\/div>\n<\/section>\n","protected":false},"excerpt":{"rendered":"<p>\u00dcber uns Dr. Terziler Exclusive Clinic \u00bb Unsere Klinik \u00bb \u00dcber uns Unsere Mission Unsere Mission als Dr. Terziler Exclusive Clinic;\u2022 Mehr Menschen zu erreichen, die unter Haarschw\u00e4che und Haarausfall leiden, indem wir modernste Haartransplantationstechnologien und Behandlungen einsetzen, und sicherzustellen, dass mehr Menschen gesundes, volles und dauerhaftes Haar haben.\u2022 Unseren G\u00e4sten und deren Angeh\u00f6rigen mit [&hellip;]<\/p>\n","protected":false},"author":6,"featured_media":0,"parent":2878,"menu_order":0,"comment_status":"closed","ping_status":"closed","template":"","meta":{"footnotes":""},"class_list":["post-2879","page","type-page","status-publish","hentry"],"_links":{"self":[{"href":"https:\/\/drterziler.com\/de\/wp-json\/wp\/v2\/pages\/2879","targetHints":{"allow":["GET"]}}],"collection":[{"href":"https:\/\/drterziler.com\/de\/wp-json\/wp\/v2\/pages"}],"about":[{"href":"https:\/\/drterziler.com\/de\/wp-json\/wp\/v2\/types\/page"}],"author":[{"embeddable":true,"href":"https:\/\/drterziler.com\/de\/wp-json\/wp\/v2\/users\/6"}],"replies":[{"embeddable":true,"href":"https:\/\/drterziler.com\/de\/wp-json\/wp\/v2\/comments?post=2879"}],"version-history":[{"count":10,"href":"https:\/\/drterziler.com\/de\/wp-json\/wp\/v2\/pages\/2879\/revisions"}],"predecessor-version":[{"id":59917,"href":"https:\/\/drterziler.com\/de\/wp-json\/wp\/v2\/pages\/2879\/revisions\/59917"}],"up":[{"embeddable":true,"href":"https:\/\/drterziler.com\/de\/wp-json\/wp\/v2\/pages\/2878"}],"wp:attachment":[{"href":"https:\/\/drterziler.com\/de\/wp-json\/wp\/v2\/media?parent=2879"}],"curies":[{"name":"wp","href":"https:\/\/api.w.org\/{rel}","templated":true}]}}