{"id":29807,"date":"2024-10-22T10:31:26","date_gmt":"2024-10-22T10:31:26","guid":{"rendered":"https:\/\/drterziler.com\/turkei-vs-usa\/"},"modified":"2025-06-13T08:16:33","modified_gmt":"2025-06-13T08:16:33","slug":"turkei-vs-usa","status":"publish","type":"page","link":"https:\/\/drterziler.com\/de\/haartransplantation\/haartransplantation-im-ausland\/turkei-vs-usa\/","title":{"rendered":"Haartransplantation in der T\u00fcrkei und in den USA"},"content":{"rendered":"<h1 class=\"content-title h1-header\">Haartransplantation in der T\u00fcrkei und in den USA<\/h1>\n<nav aria-label=\"breadcrumbs\" class=\"rank-math-breadcrumb\"><p><span class=\"last\">Dr. Terziler<\/span><\/p><\/nav>\n<h4>\n\t\t\t\tInhaltsverzeichnis\t\t\t<\/h4>\n<p>\t\t\t\t\t\t\t<svg aria-hidden=\"true\" viewBox=\"0 0 448 512\" xmlns=\"http:\/\/www.w3.org\/2000\/svg\"><path d=\"M207.029 381.476L12.686 187.132c-9.373-9.373-9.373-24.569 0-33.941l22.667-22.667c9.357-9.357 24.522-9.375 33.901-.04L224 284.505l154.745-154.021c9.379-9.335 24.544-9.317 33.901.04l22.667 22.667c9.373 9.373 9.373 24.569 0 33.941L240.971 381.476c-9.373 9.372-24.569 9.372-33.942 0z\"><\/path><\/svg><br \/>\n\t\t\t\t<svg aria-hidden=\"true\" viewBox=\"0 0 448 512\" xmlns=\"http:\/\/www.w3.org\/2000\/svg\"><path d=\"M240.971 130.524l194.343 194.343c9.373 9.373 9.373 24.569 0 33.941l-22.667 22.667c-9.357 9.357-24.522 9.375-33.901.04L224 227.495 69.255 381.516c-9.379 9.335-24.544 9.317-33.901-.04l-22.667-22.667c-9.373-9.373-9.373-24.569 0-33.941L207.03 130.525c9.372-9.373 24.568-9.373 33.941-.001z\"><\/path><\/svg><br \/>\n\t\t\t\t<svg aria-hidden=\"true\" viewBox=\"0 0 1000 1000\" xmlns=\"http:\/\/www.w3.org\/2000\/svg\"><path d=\"M500 975V858C696 858 858 696 858 500S696 142 500 142 142 304 142 500H25C25 237 238 25 500 25S975 237 975 500 763 975 500 975Z\"><\/path><\/svg><br \/>\n\t\t\t\t\t\t\t\t\t\t\t\t\t\t\t\t\t\t\t\t\t\t<img loading=\"lazy\" decoding=\"async\" width=\"751\" height=\"502\" src=\"https:\/\/drterziler.com\/wp-content\/uploads\/2024\/10\/hair-transplant-turkey-vs-usa.png\" alt=\"\" srcset=\"https:\/\/drterziler.com\/wp-content\/uploads\/2024\/10\/hair-transplant-turkey-vs-usa.png 751w, https:\/\/drterziler.com\/wp-content\/uploads\/2024\/10\/hair-transplant-turkey-vs-usa-300x201.png 300w\" sizes=\"auto, (max-width: 751px) 100vw, 751px\">\t\t\t\t\t\t\t\t\t\t\t\t\t<\/p>\n<p>Bei der \u00dcberlegung, sich einer Haartransplantation zu unterziehen, w\u00e4gen viele Menschen die Vorteile einer Reise ins Ausland, insbesondere in die T\u00fcrkei, gegen eine Behandlung in den USA ab. Die T\u00fcrkei hat sich aufgrund ihrer Erschwinglichkeit, der Qualit\u00e4t der Versorgung und der fortschrittlichen Techniken zu einem beliebten Ziel f\u00fcr Haartransplantationen entwickelt. Allerdings gibt es auch in den USA renommierte Kliniken und erfahrene Chirurgen. Wenn Patienten die Unterschiede zwischen Haartransplantationen in der T\u00fcrkei und den USA kennen, k\u00f6nnen sie fundierte Entscheidungen \u00fcber ihre Haartransplantation treffen.<\/p>\n<h2>Kostenvergleich<\/h2>\n<p>Einer der gr\u00f6\u00dften Unterschiede zwischen Haartransplantationen in der T\u00fcrkei und den USA sind die Kosten. Haartransplantationen in der T\u00fcrkei kosten in der Regel zwischen <strong>2.500 und 7.000 US-Dollar<\/strong>, je nach angewandter Technik und Anzahl der ben\u00f6tigten Transplantate. Im Gegensatz dazu k\u00f6nnen dieselben Verfahren in den USA zwischen <strong>6.000 und 18.000 US-Dollar<\/strong> kosten. Der erhebliche Kostenunterschied ist in erster Linie auf die niedrigeren Betriebskosten in der T\u00fcrkei und den Wettbewerbscharakter des Medizintourismus zur\u00fcckzuf\u00fchren. Patienten k\u00f6nnen oft eine qualitativ hochwertige Versorgung zu einem Bruchteil des Preises erhalten, den sie in den USA zahlen w\u00fcrden.<\/p>\n<h2>Qualit\u00e4t der Versorgung<\/h2>\n<p>Die T\u00fcrkei hat sich als f\u00fchrendes Ziel f\u00fcr Haartransplantationen etabliert, mit zahlreichen Kliniken, die internationale Standards erf\u00fcllen. Viele t\u00fcrkische Chirurgen sind hochqualifiziert und erfahren und haben bereits Tausende von Eingriffen durchgef\u00fchrt. In der T\u00fcrkei werden h\u00e4ufig fortschrittliche Techniken wie die Follicular Unit Extraction (FUE) und die robotergest\u00fctzte Haartransplantation eingesetzt, um nat\u00fcrlich aussehende Ergebnisse zu erzielen. In den USA haben Patienten ebenfalls Zugang zu renommierten Kliniken und erfahrenen Chirurgen. Die h\u00f6heren Kosten k\u00f6nnen jedoch f\u00fcr einige Personen die M\u00f6glichkeiten einschr\u00e4nken.<\/p>\n<h2>Technologie und Techniken<\/h2>\n<p>Sowohl in der T\u00fcrkei als auch in den USA werden bei Haartransplantationen fortschrittliche Technologien und Techniken eingesetzt. In der T\u00fcrkei halten sich die Kliniken oft auf dem neuesten Stand der Technik und bieten den Patienten minimalinvasive Verfahren an, die die Genesungszeit verk\u00fcrzen und die Ergebnisse verbessern. Die FUE-Technik ist weit verbreitet und erm\u00f6glicht eine pr\u00e4zise Platzierung der Transplantate und minimale Narbenbildung. In den USA werden \u00e4hnliche Techniken eingesetzt, wobei viele Kliniken auch modernste Technologie anbieten. Die Verf\u00fcgbarkeit bestimmter fortschrittlicher Methoden kann jedoch je nach Standort variieren.<\/p>\n<h2>Umfassende Pakete<\/h2>\n<p>Viele t\u00fcrkische Kliniken bieten All-inclusive-Pakete an, die verschiedene Aspekte des Haartransplantationsprozesses abdecken, darunter das Verfahren, pr\u00e4operative Beratungen, Unterbringung, Transport und postoperative Versorgung. Diese Annehmlichkeit erleichtert internationalen Patienten die Orientierung w\u00e4hrend ihrer Behandlung. Im Gegensatz dazu bieten einige Kliniken in den USA zwar Pauschalangebote an, doch m\u00fcssen Patienten oft zus\u00e4tzliche Kosten f\u00fcr Unterkunft und Reise in Kauf nehmen, die die Gesamtkosten in die H\u00f6he treiben k\u00f6nnen.<\/p>\n<h2>Patientenerfahrung und -unterst\u00fctzung<\/h2>\n<p>Die Patientenerfahrung kann sich zwischen der T\u00fcrkei und den USA erheblich unterscheiden. In der T\u00fcrkei ist die Hotellerie gut entwickelt, und Kliniken legen oft Wert auf Kundenservice und Patientenkomfort. Patienten k\u00f6nnen w\u00e4hrend ihrer gesamten Behandlung eine einladende Umgebung und pers\u00f6nliche Betreuung erwarten. In den USA legen zwar viele Kliniken Wert auf die Patientenversorgung, doch die Erfahrung kann je nach Praxis variieren. Einige Patienten stellen m\u00f6glicherweise fest, dass die Behandlungskosten das Niveau der erbrachten Leistungen beeinflussen.<\/p>\n<h3>Schlussfolgerung<\/h3>\n<p>Sowohl die T\u00fcrkei als auch die USA bieten praktikable Optionen f\u00fcr Haartransplantationen, jede mit ihren Vorteilen und \u00dcberlegungen. Die T\u00fcrkei zeichnet sich durch ihre Erschwinglichkeit, umfassende Pakete und hochwertige Pflege aus, was sie f\u00fcr viele, die eine Haarwiederherstellung anstreben, zu einer attraktiven Wahl macht. Andererseits bieten die USA renommierte Kliniken und erfahrene Chirurgen, allerdings zu h\u00f6heren Kosten. Letztendlich sollte die Entscheidung auf den individuellen Pr\u00e4ferenzen, dem Budget und den spezifischen Leistungen der in Betracht gezogenen Kliniken basieren.<\/p>\n<p>\t\t\t\t\t\t\t<a href=\"https:\/\/drterziler.com\/wp-content\/uploads\/2024\/09\/2500-graft-hair-transplant-before-after.jpg\" data-elementor-open-lightbox=\"yes\" data-elementor-lightbox-slideshow=\"5fcda46\" data-elementor-lightbox-title=\"2500-graft-hair-transplant-before-after\" data-e-action-hash=\"#elementor-action%3Aaction%3Dlightbox%26settings%3DeyJpZCI6NzUzMSwidXJsIjoiaHR0cHM6XC9cL2RydGVyemlsZXIuY29tXC93cC1jb250ZW50XC91cGxvYWRzXC8yMDI0XC8wOVwvMjUwMC1ncmFmdC1oYWlyLXRyYW5zcGxhbnQtYmVmb3JlLWFmdGVyLmpwZyIsInNsaWRlc2hvdyI6IjVmY2RhNDYifQ%3D%3D\"><br \/>\n\t\t<\/a><br \/>\n\t\t\t\t\t\t\t<a href=\"https:\/\/drterziler.com\/wp-content\/uploads\/2024\/09\/3000-graft-hair-transplant-before-after.jpg\" data-elementor-open-lightbox=\"yes\" data-elementor-lightbox-slideshow=\"5fcda46\" data-elementor-lightbox-title=\"3000-graft-hair-transplant-before-after\" data-e-action-hash=\"#elementor-action%3Aaction%3Dlightbox%26settings%3DeyJpZCI6NzUzNywidXJsIjoiaHR0cHM6XC9cL2RydGVyemlsZXIuY29tXC93cC1jb250ZW50XC91cGxvYWRzXC8yMDI0XC8wOVwvMzAwMC1ncmFmdC1oYWlyLXRyYW5zcGxhbnQtYmVmb3JlLWFmdGVyLmpwZyIsInNsaWRlc2hvdyI6IjVmY2RhNDYifQ%3D%3D\"><br \/>\n\t\t<\/a><br \/>\n\t\t\t\t\t\t\t<a href=\"https:\/\/drterziler.com\/wp-content\/uploads\/2024\/09\/3500-graft-hair-transplant-before-after.jpg\" data-elementor-open-lightbox=\"yes\" data-elementor-lightbox-slideshow=\"5fcda46\" data-elementor-lightbox-title=\"3500-graft-hair-transplant-before-after\" data-e-action-hash=\"#elementor-action%3Aaction%3Dlightbox%26settings%3DeyJpZCI6NzU0MywidXJsIjoiaHR0cHM6XC9cL2RydGVyemlsZXIuY29tXC93cC1jb250ZW50XC91cGxvYWRzXC8yMDI0XC8wOVwvMzUwMC1ncmFmdC1oYWlyLXRyYW5zcGxhbnQtYmVmb3JlLWFmdGVyLmpwZyIsInNsaWRlc2hvdyI6IjVmY2RhNDYifQ%3D%3D\"><br \/>\n\t\t<\/a><br \/>\n\t\t\t\t\t\t\t<a href=\"https:\/\/drterziler.com\/wp-content\/uploads\/2024\/09\/4000-graft-hair-transplant-before-after.jpg\" data-elementor-open-lightbox=\"yes\" data-elementor-lightbox-slideshow=\"5fcda46\" data-elementor-lightbox-title=\"4000-graft-hair-transplant-before-after\" data-e-action-hash=\"#elementor-action%3Aaction%3Dlightbox%26settings%3DeyJpZCI6NzU0OSwidXJsIjoiaHR0cHM6XC9cL2RydGVyemlsZXIuY29tXC93cC1jb250ZW50XC91cGxvYWRzXC8yMDI0XC8wOVwvNDAwMC1ncmFmdC1oYWlyLXRyYW5zcGxhbnQtYmVmb3JlLWFmdGVyLmpwZyIsInNsaWRlc2hvdyI6IjVmY2RhNDYifQ%3D%3D\"><br \/>\n\t\t<\/a><br \/>\n\t\t\t\t\t\t\t<a href=\"https:\/\/drterziler.com\/wp-content\/uploads\/2024\/09\/4500-graft-hair-transplant-before-after.jpg\" data-elementor-open-lightbox=\"yes\" data-elementor-lightbox-slideshow=\"5fcda46\" data-elementor-lightbox-title=\"4500-graft-hair-transplant-before-after\" data-e-action-hash=\"#elementor-action%3Aaction%3Dlightbox%26settings%3DeyJpZCI6NzU1NSwidXJsIjoiaHR0cHM6XC9cL2RydGVyemlsZXIuY29tXC93cC1jb250ZW50XC91cGxvYWRzXC8yMDI0XC8wOVwvNDUwMC1ncmFmdC1oYWlyLXRyYW5zcGxhbnQtYmVmb3JlLWFmdGVyLmpwZyIsInNsaWRlc2hvdyI6IjVmY2RhNDYifQ%3D%3D\"><br \/>\n\t\t<\/a><br \/>\n\t\t\t\t\t\t\t<a href=\"https:\/\/drterziler.com\/wp-content\/uploads\/2024\/09\/5200-graft-hair-transplant-before-after.jpg\" data-elementor-open-lightbox=\"yes\" data-elementor-lightbox-slideshow=\"5fcda46\" data-elementor-lightbox-title=\"5200-graft-hair-transplant-before-after\" data-e-action-hash=\"#elementor-action%3Aaction%3Dlightbox%26settings%3DeyJpZCI6NzU2MSwidXJsIjoiaHR0cHM6XC9cL2RydGVyemlsZXIuY29tXC93cC1jb250ZW50XC91cGxvYWRzXC8yMDI0XC8wOVwvNTIwMC1ncmFmdC1oYWlyLXRyYW5zcGxhbnQtYmVmb3JlLWFmdGVyLmpwZyIsInNsaWRlc2hvdyI6IjVmY2RhNDYifQ%3D%3D\"><br \/>\n\t\t<\/a><br \/>\n\t\t\t\t\t\t\t<a href=\"https:\/\/drterziler.com\/wp-content\/uploads\/2024\/09\/5300-graft-hair-transplant-before-after.jpg\" data-elementor-open-lightbox=\"yes\" data-elementor-lightbox-slideshow=\"5fcda46\" data-elementor-lightbox-title=\"5300-graft-hair-transplant-before-after\" data-e-action-hash=\"#elementor-action%3Aaction%3Dlightbox%26settings%3DeyJpZCI6NzU2NywidXJsIjoiaHR0cHM6XC9cL2RydGVyemlsZXIuY29tXC93cC1jb250ZW50XC91cGxvYWRzXC8yMDI0XC8wOVwvNTMwMC1ncmFmdC1oYWlyLXRyYW5zcGxhbnQtYmVmb3JlLWFmdGVyLmpwZyIsInNsaWRlc2hvdyI6IjVmY2RhNDYifQ%3D%3D\"><br \/>\n\t\t<\/a><br \/>\n\t\t\t\t\t\t\t<svg aria-hidden=\"true\" viewBox=\"0 0 1000 1000\" xmlns=\"http:\/\/www.w3.org\/2000\/svg\"><path d=\"M646 125C629 125 613 133 604 142L308 442C296 454 292 471 292 487 292 504 296 521 308 533L604 854C617 867 629 875 646 875 663 875 679 871 692 858 704 846 713 829 713 812 713 796 708 779 692 767L438 487 692 225C700 217 708 204 708 187 708 171 704 154 692 142 675 129 663 125 646 125Z\"><\/path><\/svg><br \/>\n\t\t\t\t\t\t\t<svg aria-hidden=\"true\" viewBox=\"0 0 1000 1000\" xmlns=\"http:\/\/www.w3.org\/2000\/svg\"><path d=\"M696 533C708 521 713 504 713 487 713 471 708 454 696 446L400 146C388 133 375 125 354 125 338 125 325 129 313 142 300 154 292 171 292 187 292 204 296 221 308 233L563 492 304 771C292 783 288 800 288 817 288 833 296 850 308 863 321 871 338 875 354 875 371 875 388 867 400 854L696 533Z\"><\/path><\/svg>\t\t\t\t\t\t<\/p>\n<details id=\"e-n-accordion-item-2340\" open>\n<summary data-accordion-index=\"1\" tabindex=\"0\" aria-expanded=\"true\" aria-controls=\"e-n-accordion-item-2340\" >\n\t\t\t\t\t Sind die Chirurgen in der T\u00fcrkei qualifiziert?<br \/>\n\t\t\t<svg aria-hidden=\"true\" viewBox=\"0 0 448 512\" xmlns=\"http:\/\/www.w3.org\/2000\/svg\"><path d=\"M416 208H32c-17.67 0-32 14.33-32 32v32c0 17.67 14.33 32 32 32h384c17.67 0 32-14.33 32-32v-32c0-17.67-14.33-32-32-32z\"><\/path><\/svg><br \/>\n\t\t\t<svg aria-hidden=\"true\" viewBox=\"0 0 448 512\" xmlns=\"http:\/\/www.w3.org\/2000\/svg\"><path d=\"M416 208H272V64c0-17.67-14.33-32-32-32h-32c-17.67 0-32 14.33-32 32v144H32c-17.67 0-32 14.33-32 32v32c0 17.67 14.33 32 32 32h144v144c0 17.67 14.33 32 32 32h32c17.67 0 32-14.33 32-32V304h144c17.67 0 32-14.33 32-32v-32c0-17.67-14.33-32-32-32z\"><\/path><\/svg><br \/>\n\t\t\t\t\t\t<\/summary>\n<p>Ja, viele Chirurgen in der T\u00fcrkei sind hoch qualifiziert und erfahren, haben Tausende von Haartransplantationen durchgef\u00fchrt und wurden von renommierten Instituten ausgebildet.<\/p>\n<\/details>\n<details id=\"e-n-accordion-item-2341\" >\n<summary data-accordion-index=\"2\" tabindex=\"-1\" aria-expanded=\"false\" aria-controls=\"e-n-accordion-item-2341\" >\n\t\t\t\t\t Bieten t\u00fcrkische Kliniken All-inclusive-Pakete an?<br \/>\n\t\t\t<svg aria-hidden=\"true\" viewBox=\"0 0 448 512\" xmlns=\"http:\/\/www.w3.org\/2000\/svg\"><path d=\"M416 208H32c-17.67 0-32 14.33-32 32v32c0 17.67 14.33 32 32 32h384c17.67 0 32-14.33 32-32v-32c0-17.67-14.33-32-32-32z\"><\/path><\/svg><br \/>\n\t\t\t<svg aria-hidden=\"true\" viewBox=\"0 0 448 512\" xmlns=\"http:\/\/www.w3.org\/2000\/svg\"><path d=\"M416 208H272V64c0-17.67-14.33-32-32-32h-32c-17.67 0-32 14.33-32 32v144H32c-17.67 0-32 14.33-32 32v32c0 17.67 14.33 32 32 32h144v144c0 17.67 14.33 32 32 32h32c17.67 0 32-14.33 32-32V304h144c17.67 0 32-14.33 32-32v-32c0-17.67-14.33-32-32-32z\"><\/path><\/svg><br \/>\n\t\t\t\t\t\t<\/summary>\n<p>Ja, viele Kliniken in der T\u00fcrkei bieten All-inclusive-Pakete an, die den Eingriff, die Unterbringung, den Transport und die Nachsorge abdecken, was f\u00fcr internationale Patienten sehr praktisch ist.<\/p>\n<\/details>\n<details id=\"e-n-accordion-item-2342\" >\n<summary data-accordion-index=\"3\" tabindex=\"-1\" aria-expanded=\"false\" aria-controls=\"e-n-accordion-item-2342\" >\n\t\t\t\t\t Kann ich eine Haartransplantation mit einem Urlaub in der T\u00fcrkei verbinden?<br \/>\n\t\t\t<svg aria-hidden=\"true\" viewBox=\"0 0 448 512\" xmlns=\"http:\/\/www.w3.org\/2000\/svg\"><path d=\"M416 208H32c-17.67 0-32 14.33-32 32v32c0 17.67 14.33 32 32 32h384c17.67 0 32-14.33 32-32v-32c0-17.67-14.33-32-32-32z\"><\/path><\/svg><br \/>\n\t\t\t<svg aria-hidden=\"true\" viewBox=\"0 0 448 512\" xmlns=\"http:\/\/www.w3.org\/2000\/svg\"><path d=\"M416 208H272V64c0-17.67-14.33-32-32-32h-32c-17.67 0-32 14.33-32 32v144H32c-17.67 0-32 14.33-32 32v32c0 17.67 14.33 32 32 32h144v144c0 17.67 14.33 32 32 32h32c17.67 0 32-14.33 32-32V304h144c17.67 0 32-14.33 32-32v-32c0-17.67-14.33-32-32-32z\"><\/path><\/svg><br \/>\n\t\t\t\t\t\t<\/summary>\n<p>Ja, viele Patienten entscheiden sich daf\u00fcr, ihre Haartransplantation mit einem Urlaub zu verbinden und die Sch\u00f6nheit und Kultur der T\u00fcrkei zu genie\u00dfen, w\u00e4hrend sie sich behandeln lassen.<\/p>\n<\/details>\n<details id=\"e-n-accordion-item-2343\" >\n<summary data-accordion-index=\"4\" tabindex=\"-1\" aria-expanded=\"false\" aria-controls=\"e-n-accordion-item-2343\" >\n\t\t\t\t\t Worauf sollte ich bei der Auswahl einer Klinik f\u00fcr eine Haartransplantation achten?<br \/>\n\t\t\t<svg aria-hidden=\"true\" viewBox=\"0 0 448 512\" xmlns=\"http:\/\/www.w3.org\/2000\/svg\"><path d=\"M416 208H32c-17.67 0-32 14.33-32 32v32c0 17.67 14.33 32 32 32h384c17.67 0 32-14.33 32-32v-32c0-17.67-14.33-32-32-32z\"><\/path><\/svg><br \/>\n\t\t\t<svg aria-hidden=\"true\" viewBox=\"0 0 448 512\" xmlns=\"http:\/\/www.w3.org\/2000\/svg\"><path d=\"M416 208H272V64c0-17.67-14.33-32-32-32h-32c-17.67 0-32 14.33-32 32v144H32c-17.67 0-32 14.33-32 32v32c0 17.67 14.33 32 32 32h144v144c0 17.67 14.33 32 32 32h32c17.67 0 32-14.33 32-32V304h144c17.67 0 32-14.33 32-32v-32c0-17.67-14.33-32-32-32z\"><\/path><\/svg><br \/>\n\t\t\t\t\t\t<\/summary>\n<p>Achten Sie auf den Ruf der Klinik, die Qualifikation des Chirurgen, die eingesetzte Technologie, Patientenbewertungen und die im Paket enthaltenen Leistungen.<\/p>\n<\/details>\n<details id=\"e-n-accordion-item-2344\" >\n<summary data-accordion-index=\"5\" tabindex=\"-1\" aria-expanded=\"false\" aria-controls=\"e-n-accordion-item-2344\" >\n\t\t\t\t\t Welche Art von Nachsorge sollte ich nach einer Haartransplantation erwarten?<br \/>\n\t\t\t<svg aria-hidden=\"true\" viewBox=\"0 0 448 512\" xmlns=\"http:\/\/www.w3.org\/2000\/svg\"><path d=\"M416 208H32c-17.67 0-32 14.33-32 32v32c0 17.67 14.33 32 32 32h384c17.67 0 32-14.33 32-32v-32c0-17.67-14.33-32-32-32z\"><\/path><\/svg><br \/>\n\t\t\t<svg aria-hidden=\"true\" viewBox=\"0 0 448 512\" xmlns=\"http:\/\/www.w3.org\/2000\/svg\"><path d=\"M416 208H272V64c0-17.67-14.33-32-32-32h-32c-17.67 0-32 14.33-32 32v144H32c-17.67 0-32 14.33-32 32v32c0 17.67 14.33 32 32 32h144v144c0 17.67 14.33 32 32 32h32c17.67 0 32-14.33 32-32V304h144c17.67 0 32-14.33 32-32v-32c0-17.67-14.33-32-32-32z\"><\/path><\/svg><br \/>\n\t\t\t\t\t\t<\/summary>\n<p>Die Nachsorge umfasst in der Regel detaillierte Anweisungen zum Waschen, Medikamente zur Unterst\u00fctzung der Heilung und Nachsorgegespr\u00e4che zur \u00dcberwachung der Fortschritte.<\/p>\n<\/details>\n<details id=\"e-n-accordion-item-2345\" >\n<summary data-accordion-index=\"6\" tabindex=\"-1\" aria-expanded=\"false\" aria-controls=\"e-n-accordion-item-2345\" >\n\t\t\t\t\t Ist es sicher, f\u00fcr eine Haartransplantation in die T\u00fcrkei zu reisen?<br \/>\n\t\t\t<svg aria-hidden=\"true\" viewBox=\"0 0 448 512\" xmlns=\"http:\/\/www.w3.org\/2000\/svg\"><path d=\"M416 208H32c-17.67 0-32 14.33-32 32v32c0 17.67 14.33 32 32 32h384c17.67 0 32-14.33 32-32v-32c0-17.67-14.33-32-32-32z\"><\/path><\/svg><br \/>\n\t\t\t<svg aria-hidden=\"true\" viewBox=\"0 0 448 512\" xmlns=\"http:\/\/www.w3.org\/2000\/svg\"><path d=\"M416 208H272V64c0-17.67-14.33-32-32-32h-32c-17.67 0-32 14.33-32 32v144H32c-17.67 0-32 14.33-32 32v32c0 17.67 14.33 32 32 32h144v144c0 17.67 14.33 32 32 32h32c17.67 0 32-14.33 32-32V304h144c17.67 0 32-14.33 32-32v-32c0-17.67-14.33-32-32-32z\"><\/path><\/svg><br \/>\n\t\t\t\t\t\t<\/summary>\n<p>Ja, die T\u00fcrkei ist ein bekanntes Ziel f\u00fcr Medizintourismus, und viele Kliniken legen gro\u00dfen Wert auf Patientensicherheit und -betreuung, um den Besuchern eine positive Erfahrung zu bieten.<\/p>\n<\/details>\n<p>Ja, viele Chirurgen in der T\u00fcrkei sind hoch qualifiziert und erfahren, haben Tausende von Haartransplantationen durchgef\u00fchrt und wurden von renommierten Instituten ausgebildet.<\/p>\n<p>Ja, viele Kliniken in der T\u00fcrkei bieten All-inclusive-Pakete an, die den Eingriff, die Unterbringung, den Transport und die Nachsorge abdecken, was f\u00fcr internationale Patienten sehr praktisch ist.<\/p>\n<p>Ja, viele Patienten entscheiden sich daf\u00fcr, ihre Haartransplantation mit einem Urlaub zu verbinden und die Sch\u00f6nheit und Kultur der T\u00fcrkei zu genie\u00dfen, w\u00e4hrend sie sich behandeln lassen.<\/p>\n<p>Achten Sie auf den Ruf der Klinik, die Qualifikation des Chirurgen, die eingesetzte Technologie, Patientenbewertungen und die im Paket enthaltenen Leistungen.<\/p>\n<p>Die Nachsorge umfasst in der Regel detaillierte Anweisungen zum Waschen, Medikamente zur Unterst\u00fctzung der Heilung und Nachsorgegespr\u00e4che zur \u00dcberwachung der Fortschritte.<\/p>\n<p>Ja, die T\u00fcrkei ist ein bekanntes Ziel f\u00fcr Medizintourismus, und viele Kliniken legen gro\u00dfen Wert auf Patientensicherheit und -betreuung, um den Besuchern eine positive Erfahrung zu bieten.<\/p>\n","protected":false},"excerpt":{"rendered":"<p>Haartransplantation in der T\u00fcrkei und in den USA Inhaltsverzeichnis Bei der \u00dcberlegung, sich einer Haartransplantation zu unterziehen, w\u00e4gen viele Menschen die Vorteile einer Reise ins Ausland, insbesondere in die T\u00fcrkei, gegen eine Behandlung in den USA ab. Die T\u00fcrkei hat sich aufgrund ihrer Erschwinglichkeit, der Qualit\u00e4t der Versorgung und der fortschrittlichen Techniken zu einem beliebten [&hellip;]<\/p>\n","protected":false},"author":6,"featured_media":0,"parent":13582,"menu_order":0,"comment_status":"closed","ping_status":"closed","template":"","meta":{"footnotes":""},"class_list":["post-29807","page","type-page","status-publish","hentry"],"_links":{"self":[{"href":"https:\/\/drterziler.com\/de\/wp-json\/wp\/v2\/pages\/29807","targetHints":{"allow":["GET"]}}],"collection":[{"href":"https:\/\/drterziler.com\/de\/wp-json\/wp\/v2\/pages"}],"about":[{"href":"https:\/\/drterziler.com\/de\/wp-json\/wp\/v2\/types\/page"}],"author":[{"embeddable":true,"href":"https:\/\/drterziler.com\/de\/wp-json\/wp\/v2\/users\/6"}],"replies":[{"embeddable":true,"href":"https:\/\/drterziler.com\/de\/wp-json\/wp\/v2\/comments?post=29807"}],"version-history":[{"count":8,"href":"https:\/\/drterziler.com\/de\/wp-json\/wp\/v2\/pages\/29807\/revisions"}],"predecessor-version":[{"id":43620,"href":"https:\/\/drterziler.com\/de\/wp-json\/wp\/v2\/pages\/29807\/revisions\/43620"}],"up":[{"embeddable":true,"href":"https:\/\/drterziler.com\/de\/wp-json\/wp\/v2\/pages\/13582"}],"wp:attachment":[{"href":"https:\/\/drterziler.com\/de\/wp-json\/wp\/v2\/media?parent=29807"}],"curies":[{"name":"wp","href":"https:\/\/api.w.org\/{rel}","templated":true}]}}