{"id":29823,"date":"2024-10-22T09:44:06","date_gmt":"2024-10-22T09:44:06","guid":{"rendered":"https:\/\/drterziler.com\/telogen-effluvium\/"},"modified":"2025-06-12T11:42:56","modified_gmt":"2025-06-12T11:42:56","slug":"telogen-effluvium","status":"publish","type":"page","link":"https:\/\/drterziler.com\/de\/telogen-effluvium\/","title":{"rendered":"Telogenes Effluvium"},"content":{"rendered":"<nav aria-label=\"breadcrumbs\" class=\"rank-math-breadcrumb\"><p><span class=\"last\">Dr. Terziler<\/span><\/p><\/nav>\n<h4>\n\t\t\t\tInhaltsverzeichnis\t\t\t<\/h4>\n<p>\t\t\t\t\t\t\t<svg aria-hidden=\"true\" viewBox=\"0 0 448 512\" xmlns=\"http:\/\/www.w3.org\/2000\/svg\"><path d=\"M207.029 381.476L12.686 187.132c-9.373-9.373-9.373-24.569 0-33.941l22.667-22.667c9.357-9.357 24.522-9.375 33.901-.04L224 284.505l154.745-154.021c9.379-9.335 24.544-9.317 33.901.04l22.667 22.667c9.373 9.373 9.373 24.569 0 33.941L240.971 381.476c-9.373 9.372-24.569 9.372-33.942 0z\"><\/path><\/svg><br \/>\n\t\t\t\t<svg aria-hidden=\"true\" viewBox=\"0 0 448 512\" xmlns=\"http:\/\/www.w3.org\/2000\/svg\"><path d=\"M240.971 130.524l194.343 194.343c9.373 9.373 9.373 24.569 0 33.941l-22.667 22.667c-9.357 9.357-24.522 9.375-33.901.04L224 227.495 69.255 381.516c-9.379 9.335-24.544 9.317-33.901-.04l-22.667-22.667c-9.373-9.373-9.373-24.569 0-33.941L207.03 130.525c9.372-9.373 24.568-9.373 33.941-.001z\"><\/path><\/svg><br \/>\n\t\t\t\t<svg aria-hidden=\"true\" viewBox=\"0 0 1000 1000\" xmlns=\"http:\/\/www.w3.org\/2000\/svg\"><path d=\"M500 975V858C696 858 858 696 858 500S696 142 500 142 142 304 142 500H25C25 237 238 25 500 25S975 237 975 500 763 975 500 975Z\"><\/path><\/svg><br \/>\n\t\t\t\t\t\t\t\t\t\t\t\t\t\t\t\t\t\t\t\t\t\t<img loading=\"lazy\" decoding=\"async\" width=\"882\" height=\"528\" src=\"https:\/\/drterziler.com\/wp-content\/uploads\/2024\/10\/telogen-effluvium.png\" alt=\"\" srcset=\"https:\/\/drterziler.com\/wp-content\/uploads\/2024\/10\/telogen-effluvium.png 882w, https:\/\/drterziler.com\/wp-content\/uploads\/2024\/10\/telogen-effluvium-300x180.png 300w, https:\/\/drterziler.com\/wp-content\/uploads\/2024\/10\/telogen-effluvium-768x460.png 768w\" sizes=\"auto, (max-width: 882px) 100vw, 882px\">\t\t\t\t\t\t\t\t\t\t\t\t\t<\/p>\n<h2>Telogeneffluvium: Ursachen und Behandlungen<\/h2>\n<p>Telogeneffluvium ist eine h\u00e4ufige Form von Haarausfall, bei der es zum Ausfall von Haaren als Reaktion auf verschiedene Stressfaktoren kommt. Im Gegensatz zu anderen Arten von Haarausfall ist Telogeneffluvium in der Regel vor\u00fcbergehend und kann durch eine Vielzahl von Faktoren ausgel\u00f6st werden, darunter k\u00f6rperlicher oder emotionaler Stress, hormonelle Ver\u00e4nderungen und N\u00e4hrstoffmangel. F\u00fcr Betroffene ist es wichtig, die Ursachen von Telogeneffluvium und die verf\u00fcgbaren Behandlungsm\u00f6glichkeiten zu kennen, da eine rechtzeitige Intervention dazu beitragen kann, das Haarwachstum wiederherzustellen und die allgemeine Haargesundheit zu verbessern.<\/p>\n<h2>Ursachen von Telogeneffluvium<\/h2>\n<p>Telogeneffluvium tritt auf, wenn eine erhebliche Anzahl von Haarfollikeln vorzeitig in die Telogenphase des Haarwachstumszyklus eintritt. Dies kann durch verschiedene Ausl\u00f6ser geschehen, wie z. B.<\/p>\n<ul>\n<li><strong>K\u00f6rperlicher Stress:<\/strong> Ereignisse wie Operationen, schwere Krankheiten oder erheblicher Gewichtsverlust k\u00f6nnen den K\u00f6rper schocken und den Haarwuchszyklus st\u00f6ren, was zu vermehrtem Haarausfall f\u00fchrt.<\/li>\n<li><strong>Emotionaler Stress:<\/strong> Auch starker Stress, Angstzust\u00e4nde oder Traumata k\u00f6nnen zu Telogeneffluvium beitragen, da die Reaktion des K\u00f6rpers auf Stress die Haarfollikel beeintr\u00e4chtigen kann.<\/li>\n<li><strong>Hormonelle Ver\u00e4nderungen:<\/strong> Hormonelle Schwankungen, wie sie beispielsweise w\u00e4hrend der Schwangerschaft, der Geburt, der Menopause oder bei Schilddr\u00fcsenfehlfunktionen auftreten, k\u00f6nnen Haarausfall ausl\u00f6sen und den Wachstumszyklus st\u00f6ren.<\/li>\n<li><strong>Mangelern\u00e4hrung:<\/strong> Eine unzureichende Zufuhr essenzieller N\u00e4hrstoffe, insbesondere von Eisen, Zink und Biotin, kann die Haarfollikel schw\u00e4chen und zu vermehrtem Haarausfall f\u00fchren.<\/li>\n<li><strong>Medikamente:<\/strong> Bestimmte Medikamente, darunter solche zur Behandlung von Bluthochdruck, Depressionen und Chemotherapie, k\u00f6nnen Nebenwirkungen haben, zu denen auch Haarausfall geh\u00f6rt.<\/li>\n<\/ul>\n<h2>Symptome von Telogeneffluvium<\/h2>\n<p>Das Hauptsymptom von Telogeneffluvium ist ein auff\u00e4lliger Haarausfall, der beim Waschen, B\u00fcrsten oder Frisieren oft in B\u00fcscheln auftritt. Betroffene stellen m\u00f6glicherweise fest, dass ihr Haar d\u00fcnner erscheint, insbesondere am Oberkopf oder auf der gesamten Kopfhaut. Im Gegensatz zu anderen Arten von Haarausfall f\u00fchrt Telogeneffluvium in der Regel nicht zu kahlen Stellen oder vollst\u00e4ndiger Kahlheit. Stattdessen zeigt es sich als diffuse Ausd\u00fcnnung \u00fcber einen gr\u00f6\u00dferen Bereich der Kopfhaut.<\/p>\n<h2>Diagnose von Telogeneffluvium<\/h2>\n<p>Die Diagnose von Telogeneffluvium umfasst in der Regel eine gr\u00fcndliche Untersuchung durch einen Arzt oder Dermatologen. Die Untersuchung kann eine detaillierte Anamnese zur Identifizierung potenzieller Ausl\u00f6ser, eine k\u00f6rperliche Untersuchung der Kopfhaut und manchmal einen Haarzupftest zur Beurteilung der Anzahl der Haare in der Telogenphase umfassen. In bestimmten F\u00e4llen kann eine Kopfhautbiopsie durchgef\u00fchrt werden, um andere Formen von Haarausfall auszuschlie\u00dfen und die Diagnose zu best\u00e4tigen.<\/p>\n<h2>Behandlungsm\u00f6glichkeiten bei Telogeneffluvium<\/h2>\n<p>Die Behandlung von Telogeneffluvium konzentriert sich auf die Bek\u00e4mpfung der zugrunde liegenden Ursachen des Haarausfalls. In vielen F\u00e4llen wachsen die Haare auf nat\u00fcrliche Weise nach, sobald der ausl\u00f6sende Faktor behoben ist. Zu den m\u00f6glichen Behandlungsoptionen geh\u00f6ren:<\/p>\n<ul>\n<li><strong>Stressbew\u00e4ltigung:<\/strong> Techniken wie Achtsamkeit, Meditation und Yoga k\u00f6nnen helfen, Stress abzubauen und das allgemeine Wohlbefinden zu f\u00f6rdern, was m\u00f6glicherweise das Nachwachsen der Haare unterst\u00fctzt.<\/li>\n<li><strong>Ern\u00e4hrungsunterst\u00fctzung:<\/strong> Die Sicherstellung einer ausreichenden Zufuhr essenzieller N\u00e4hrstoffe durch eine ausgewogene Ern\u00e4hrung oder Nahrungserg\u00e4nzungsmittel kann zur St\u00e4rkung der Haarfollikel und zur F\u00f6rderung des Haarwuchses beitragen.<\/li>\n<li><strong>Topische Behandlungen:<\/strong> Produkte, die Minoxidil enthalten, k\u00f6nnen empfohlen werden, um das Haarwachstum anzuregen und die allgemeine Gesundheit der Kopfhaut zu verbessern.<\/li>\n<li><strong>Medizinische Intervention:<\/strong> In F\u00e4llen, in denen eine zugrundeliegende Erkrankung festgestellt wird, kann die Behandlung dieser Erkrankung dazu beitragen, das normale Haarwachstum wiederherzustellen.<\/li>\n<\/ul>\n<h2>Pflege und Management nach der Behandlung<\/h2>\n<p>Die Nachbehandlung bei Telogeneffluvium umfasst die \u00dcberwachung des Haarwachstums und die Aufrechterhaltung eines gesunden Lebensstils, um zuk\u00fcnftige Episoden von Haarausfall zu verhindern. Die Patienten sollten sich weiterhin ausgewogen und vitamin- und mineralstoffreich ern\u00e4hren, Stress effektiv bew\u00e4ltigen und sich an alle verschriebenen Behandlungen halten. Es ist wichtig, daran zu denken, dass das Nachwachsen der Haare Zeit in Anspruch nehmen kann und dass Geduld w\u00e4hrend des Genesungsprozesses unerl\u00e4sslich ist.<\/p>\n<p>\t\t\t\t\t\t\t<a href=\"https:\/\/drterziler.com\/wp-content\/uploads\/2024\/09\/2500-graft-hair-transplant-before-after.jpg\" data-elementor-open-lightbox=\"yes\" data-elementor-lightbox-slideshow=\"5fcda46\" data-elementor-lightbox-title=\"2500-graft-hair-transplant-before-after\" data-e-action-hash=\"#elementor-action%3Aaction%3Dlightbox%26settings%3DeyJpZCI6NzUzMSwidXJsIjoiaHR0cHM6XC9cL2RydGVyemlsZXIuY29tXC93cC1jb250ZW50XC91cGxvYWRzXC8yMDI0XC8wOVwvMjUwMC1ncmFmdC1oYWlyLXRyYW5zcGxhbnQtYmVmb3JlLWFmdGVyLmpwZyIsInNsaWRlc2hvdyI6IjVmY2RhNDYifQ%3D%3D\"><br \/>\n\t\t<\/a><br \/>\n\t\t\t\t\t\t\t<a href=\"https:\/\/drterziler.com\/wp-content\/uploads\/2024\/09\/3000-graft-hair-transplant-before-after.jpg\" data-elementor-open-lightbox=\"yes\" data-elementor-lightbox-slideshow=\"5fcda46\" data-elementor-lightbox-title=\"3000-graft-hair-transplant-before-after\" data-e-action-hash=\"#elementor-action%3Aaction%3Dlightbox%26settings%3DeyJpZCI6NzUzNywidXJsIjoiaHR0cHM6XC9cL2RydGVyemlsZXIuY29tXC93cC1jb250ZW50XC91cGxvYWRzXC8yMDI0XC8wOVwvMzAwMC1ncmFmdC1oYWlyLXRyYW5zcGxhbnQtYmVmb3JlLWFmdGVyLmpwZyIsInNsaWRlc2hvdyI6IjVmY2RhNDYifQ%3D%3D\"><br \/>\n\t\t<\/a><br \/>\n\t\t\t\t\t\t\t<a href=\"https:\/\/drterziler.com\/wp-content\/uploads\/2024\/09\/3500-graft-hair-transplant-before-after.jpg\" data-elementor-open-lightbox=\"yes\" data-elementor-lightbox-slideshow=\"5fcda46\" data-elementor-lightbox-title=\"3500-graft-hair-transplant-before-after\" data-e-action-hash=\"#elementor-action%3Aaction%3Dlightbox%26settings%3DeyJpZCI6NzU0MywidXJsIjoiaHR0cHM6XC9cL2RydGVyemlsZXIuY29tXC93cC1jb250ZW50XC91cGxvYWRzXC8yMDI0XC8wOVwvMzUwMC1ncmFmdC1oYWlyLXRyYW5zcGxhbnQtYmVmb3JlLWFmdGVyLmpwZyIsInNsaWRlc2hvdyI6IjVmY2RhNDYifQ%3D%3D\"><br \/>\n\t\t<\/a><br \/>\n\t\t\t\t\t\t\t<a href=\"https:\/\/drterziler.com\/wp-content\/uploads\/2024\/09\/4000-graft-hair-transplant-before-after.jpg\" data-elementor-open-lightbox=\"yes\" data-elementor-lightbox-slideshow=\"5fcda46\" data-elementor-lightbox-title=\"4000-graft-hair-transplant-before-after\" data-e-action-hash=\"#elementor-action%3Aaction%3Dlightbox%26settings%3DeyJpZCI6NzU0OSwidXJsIjoiaHR0cHM6XC9cL2RydGVyemlsZXIuY29tXC93cC1jb250ZW50XC91cGxvYWRzXC8yMDI0XC8wOVwvNDAwMC1ncmFmdC1oYWlyLXRyYW5zcGxhbnQtYmVmb3JlLWFmdGVyLmpwZyIsInNsaWRlc2hvdyI6IjVmY2RhNDYifQ%3D%3D\"><br \/>\n\t\t<\/a><br \/>\n\t\t\t\t\t\t\t<a href=\"https:\/\/drterziler.com\/wp-content\/uploads\/2024\/09\/4500-graft-hair-transplant-before-after.jpg\" data-elementor-open-lightbox=\"yes\" data-elementor-lightbox-slideshow=\"5fcda46\" data-elementor-lightbox-title=\"4500-graft-hair-transplant-before-after\" data-e-action-hash=\"#elementor-action%3Aaction%3Dlightbox%26settings%3DeyJpZCI6NzU1NSwidXJsIjoiaHR0cHM6XC9cL2RydGVyemlsZXIuY29tXC93cC1jb250ZW50XC91cGxvYWRzXC8yMDI0XC8wOVwvNDUwMC1ncmFmdC1oYWlyLXRyYW5zcGxhbnQtYmVmb3JlLWFmdGVyLmpwZyIsInNsaWRlc2hvdyI6IjVmY2RhNDYifQ%3D%3D\"><br \/>\n\t\t<\/a><br \/>\n\t\t\t\t\t\t\t<a href=\"https:\/\/drterziler.com\/wp-content\/uploads\/2024\/09\/5200-graft-hair-transplant-before-after.jpg\" data-elementor-open-lightbox=\"yes\" data-elementor-lightbox-slideshow=\"5fcda46\" data-elementor-lightbox-title=\"5200-graft-hair-transplant-before-after\" data-e-action-hash=\"#elementor-action%3Aaction%3Dlightbox%26settings%3DeyJpZCI6NzU2MSwidXJsIjoiaHR0cHM6XC9cL2RydGVyemlsZXIuY29tXC93cC1jb250ZW50XC91cGxvYWRzXC8yMDI0XC8wOVwvNTIwMC1ncmFmdC1oYWlyLXRyYW5zcGxhbnQtYmVmb3JlLWFmdGVyLmpwZyIsInNsaWRlc2hvdyI6IjVmY2RhNDYifQ%3D%3D\"><br \/>\n\t\t<\/a><br \/>\n\t\t\t\t\t\t\t<a href=\"https:\/\/drterziler.com\/wp-content\/uploads\/2024\/09\/5300-graft-hair-transplant-before-after.jpg\" data-elementor-open-lightbox=\"yes\" data-elementor-lightbox-slideshow=\"5fcda46\" data-elementor-lightbox-title=\"5300-graft-hair-transplant-before-after\" data-e-action-hash=\"#elementor-action%3Aaction%3Dlightbox%26settings%3DeyJpZCI6NzU2NywidXJsIjoiaHR0cHM6XC9cL2RydGVyemlsZXIuY29tXC93cC1jb250ZW50XC91cGxvYWRzXC8yMDI0XC8wOVwvNTMwMC1ncmFmdC1oYWlyLXRyYW5zcGxhbnQtYmVmb3JlLWFmdGVyLmpwZyIsInNsaWRlc2hvdyI6IjVmY2RhNDYifQ%3D%3D\"><br \/>\n\t\t<\/a><br \/>\n\t\t\t\t\t\t\t<svg aria-hidden=\"true\" viewBox=\"0 0 1000 1000\" xmlns=\"http:\/\/www.w3.org\/2000\/svg\"><path d=\"M646 125C629 125 613 133 604 142L308 442C296 454 292 471 292 487 292 504 296 521 308 533L604 854C617 867 629 875 646 875 663 875 679 871 692 858 704 846 713 829 713 812 713 796 708 779 692 767L438 487 692 225C700 217 708 204 708 187 708 171 704 154 692 142 675 129 663 125 646 125Z\"><\/path><\/svg><br \/>\n\t\t\t\t\t\t\t<svg aria-hidden=\"true\" viewBox=\"0 0 1000 1000\" xmlns=\"http:\/\/www.w3.org\/2000\/svg\"><path d=\"M696 533C708 521 713 504 713 487 713 471 708 454 696 446L400 146C388 133 375 125 354 125 338 125 325 129 313 142 300 154 292 171 292 187 292 204 296 221 308 233L563 492 304 771C292 783 288 800 288 817 288 833 296 850 308 863 321 871 338 875 354 875 371 875 388 867 400 854L696 533Z\"><\/path><\/svg>\t\t\t\t\t\t<\/p>\n<details id=\"e-n-accordion-item-2340\" open>\n<summary data-accordion-index=\"1\" tabindex=\"0\" aria-expanded=\"true\" aria-controls=\"e-n-accordion-item-2340\" >\n\t\t\t\t\t Was ist Telogenes Effluvium?<br \/>\n\t\t\t<svg aria-hidden=\"true\" viewBox=\"0 0 448 512\" xmlns=\"http:\/\/www.w3.org\/2000\/svg\"><path d=\"M416 208H32c-17.67 0-32 14.33-32 32v32c0 17.67 14.33 32 32 32h384c17.67 0 32-14.33 32-32v-32c0-17.67-14.33-32-32-32z\"><\/path><\/svg><br \/>\n\t\t\t<svg aria-hidden=\"true\" viewBox=\"0 0 448 512\" xmlns=\"http:\/\/www.w3.org\/2000\/svg\"><path d=\"M416 208H272V64c0-17.67-14.33-32-32-32h-32c-17.67 0-32 14.33-32 32v144H32c-17.67 0-32 14.33-32 32v32c0 17.67 14.33 32 32 32h144v144c0 17.67 14.33 32 32 32h32c17.67 0 32-14.33 32-32V304h144c17.67 0 32-14.33 32-32v-32c0-17.67-14.33-32-32-32z\"><\/path><\/svg><br \/>\n\t\t\t\t\t\t<\/summary>\n<p>Telogenes Effluvium ist eine h\u00e4ufige Form des Haarausfalls, die durch vermehrten Haarausfall gekennzeichnet ist und in der Regel durch k\u00f6rperlichen oder emotionalen Stress, hormonelle Ver\u00e4nderungen oder Ern\u00e4hrungsm\u00e4ngel ausgel\u00f6st wird.<\/p>\n<\/details>\n<details id=\"e-n-accordion-item-2341\" >\n<summary data-accordion-index=\"2\" tabindex=\"-1\" aria-expanded=\"false\" aria-controls=\"e-n-accordion-item-2341\" >\n\t\t\t\t\t Was sind die Ursachen des Telogenen Effluviums?<br \/>\n\t\t\t<svg aria-hidden=\"true\" viewBox=\"0 0 448 512\" xmlns=\"http:\/\/www.w3.org\/2000\/svg\"><path d=\"M416 208H32c-17.67 0-32 14.33-32 32v32c0 17.67 14.33 32 32 32h384c17.67 0 32-14.33 32-32v-32c0-17.67-14.33-32-32-32z\"><\/path><\/svg><br \/>\n\t\t\t<svg aria-hidden=\"true\" viewBox=\"0 0 448 512\" xmlns=\"http:\/\/www.w3.org\/2000\/svg\"><path d=\"M416 208H272V64c0-17.67-14.33-32-32-32h-32c-17.67 0-32 14.33-32 32v144H32c-17.67 0-32 14.33-32 32v32c0 17.67 14.33 32 32 32h144v144c0 17.67 14.33 32 32 32h32c17.67 0 32-14.33 32-32V304h144c17.67 0 32-14.33 32-32v-32c0-17.67-14.33-32-32-32z\"><\/path><\/svg><br \/>\n\t\t\t\t\t\t<\/summary>\n<p>Ursachen sind u. a. k\u00f6rperliche Belastungen (z. B. Operationen oder Krankheiten), emotionaler Stress, hormonelle Ver\u00e4nderungen (wie Schwangerschaft oder Wechseljahre), Ern\u00e4hrungsm\u00e4ngel und bestimmte Medikamente.<\/p>\n<\/details>\n<details id=\"e-n-accordion-item-2342\" >\n<summary data-accordion-index=\"3\" tabindex=\"-1\" aria-expanded=\"false\" aria-controls=\"e-n-accordion-item-2342\" >\n\t\t\t\t\t Wie kann ich feststellen, ob ich Telogeneffluvium habe?<br \/>\n\t\t\t<svg aria-hidden=\"true\" viewBox=\"0 0 448 512\" xmlns=\"http:\/\/www.w3.org\/2000\/svg\"><path d=\"M416 208H32c-17.67 0-32 14.33-32 32v32c0 17.67 14.33 32 32 32h384c17.67 0 32-14.33 32-32v-32c0-17.67-14.33-32-32-32z\"><\/path><\/svg><br \/>\n\t\t\t<svg aria-hidden=\"true\" viewBox=\"0 0 448 512\" xmlns=\"http:\/\/www.w3.org\/2000\/svg\"><path d=\"M416 208H272V64c0-17.67-14.33-32-32-32h-32c-17.67 0-32 14.33-32 32v144H32c-17.67 0-32 14.33-32 32v32c0 17.67 14.33 32 32 32h144v144c0 17.67 14.33 32 32 32h32c17.67 0 32-14.33 32-32V304h144c17.67 0 32-14.33 32-32v-32c0-17.67-14.33-32-32-32z\"><\/path><\/svg><br \/>\n\t\t\t\t\t\t<\/summary>\n<p>Zu den Symptomen geh\u00f6ren sp\u00fcrbarer Haarausfall, insbesondere beim Waschen oder B\u00fcrsten, sowie eine diffuse Ausd\u00fcnnung der Haare auf der Kopfhaut, ohne dass sich kahle Stellen bilden.<\/p>\n<\/details>\n<details id=\"e-n-accordion-item-2343\" >\n<summary data-accordion-index=\"4\" tabindex=\"-1\" aria-expanded=\"false\" aria-controls=\"e-n-accordion-item-2343\" >\n\t\t\t\t\t Wie wird Telogeneffluvium diagnostiziert?<br \/>\n\t\t\t<svg aria-hidden=\"true\" viewBox=\"0 0 448 512\" xmlns=\"http:\/\/www.w3.org\/2000\/svg\"><path d=\"M416 208H32c-17.67 0-32 14.33-32 32v32c0 17.67 14.33 32 32 32h384c17.67 0 32-14.33 32-32v-32c0-17.67-14.33-32-32-32z\"><\/path><\/svg><br \/>\n\t\t\t<svg aria-hidden=\"true\" viewBox=\"0 0 448 512\" xmlns=\"http:\/\/www.w3.org\/2000\/svg\"><path d=\"M416 208H272V64c0-17.67-14.33-32-32-32h-32c-17.67 0-32 14.33-32 32v144H32c-17.67 0-32 14.33-32 32v32c0 17.67 14.33 32 32 32h144v144c0 17.67 14.33 32 32 32h32c17.67 0 32-14.33 32-32V304h144c17.67 0 32-14.33 32-32v-32c0-17.67-14.33-32-32-32z\"><\/path><\/svg><br \/>\n\t\t\t\t\t\t<\/summary>\n<p>Die Diagnose umfasst in der Regel eine Anamneseerhebung, eine k\u00f6rperliche Untersuchung der Kopfhaut und m\u00f6glicherweise einen Haarausrei\u00dftest oder eine Kopfhautbiopsie, um andere Ursachen f\u00fcr den Haarausfall auszuschlie\u00dfen.<\/p>\n<\/details>\n<details id=\"e-n-accordion-item-2344\" >\n<summary data-accordion-index=\"5\" tabindex=\"-1\" aria-expanded=\"false\" aria-controls=\"e-n-accordion-item-2344\" >\n\t\t\t\t\t Ist das telogene Effluvium dauerhaft?<br \/>\n\t\t\t<svg aria-hidden=\"true\" viewBox=\"0 0 448 512\" xmlns=\"http:\/\/www.w3.org\/2000\/svg\"><path d=\"M416 208H32c-17.67 0-32 14.33-32 32v32c0 17.67 14.33 32 32 32h384c17.67 0 32-14.33 32-32v-32c0-17.67-14.33-32-32-32z\"><\/path><\/svg><br \/>\n\t\t\t<svg aria-hidden=\"true\" viewBox=\"0 0 448 512\" xmlns=\"http:\/\/www.w3.org\/2000\/svg\"><path d=\"M416 208H272V64c0-17.67-14.33-32-32-32h-32c-17.67 0-32 14.33-32 32v144H32c-17.67 0-32 14.33-32 32v32c0 17.67 14.33 32 32 32h144v144c0 17.67 14.33 32 32 32h32c17.67 0 32-14.33 32-32V304h144c17.67 0 32-14.33 32-32v-32c0-17.67-14.33-32-32-32z\"><\/path><\/svg><br \/>\n\t\t\t\t\t\t<\/summary>\n<p>Nein, das telogene Effluvium ist in der Regel vor\u00fcbergehend. Das Haar w\u00e4chst in der Regel nach, sobald die zugrunde liegende Ursache behoben ist.<\/p>\n<\/details>\n<details id=\"e-n-accordion-item-2345\" >\n<summary data-accordion-index=\"6\" tabindex=\"-1\" aria-expanded=\"false\" aria-controls=\"e-n-accordion-item-2345\" >\n\t\t\t\t\t Wie lange dauert es, bis man nach der Behandlung Ergebnisse sieht?<br \/>\n\t\t\t<svg aria-hidden=\"true\" viewBox=\"0 0 448 512\" xmlns=\"http:\/\/www.w3.org\/2000\/svg\"><path d=\"M416 208H32c-17.67 0-32 14.33-32 32v32c0 17.67 14.33 32 32 32h384c17.67 0 32-14.33 32-32v-32c0-17.67-14.33-32-32-32z\"><\/path><\/svg><br \/>\n\t\t\t<svg aria-hidden=\"true\" viewBox=\"0 0 448 512\" xmlns=\"http:\/\/www.w3.org\/2000\/svg\"><path d=\"M416 208H272V64c0-17.67-14.33-32-32-32h-32c-17.67 0-32 14.33-32 32v144H32c-17.67 0-32 14.33-32 32v32c0 17.67 14.33 32 32 32h144v144c0 17.67 14.33 32 32 32h32c17.67 0 32-14.33 32-32V304h144c17.67 0 32-14.33 32-32v-32c0-17.67-14.33-32-32-32z\"><\/path><\/svg><br \/>\n\t\t\t\t\t\t<\/summary>\n<p>Die Ergebnisse k\u00f6nnen unterschiedlich ausfallen, aber bei vielen Menschen lassen sich bereits nach wenigen Monaten Anzeichen f\u00fcr ein Nachwachsen der Haare feststellen, nachdem die Ursache des Haarausfalls behoben wurde.<\/p>\n<\/details>\n<p>Telogenes Effluvium ist eine h\u00e4ufige Form des Haarausfalls, die durch vermehrten Haarausfall gekennzeichnet ist und in der Regel durch k\u00f6rperlichen oder emotionalen Stress, hormonelle Ver\u00e4nderungen oder Ern\u00e4hrungsm\u00e4ngel ausgel\u00f6st wird.<\/p>\n<p>Ursachen sind u. a. k\u00f6rperliche Belastungen (z. B. Operationen oder Krankheiten), emotionaler Stress, hormonelle Ver\u00e4nderungen (wie Schwangerschaft oder Wechseljahre), Ern\u00e4hrungsm\u00e4ngel und bestimmte Medikamente.<\/p>\n<p>Zu den Symptomen geh\u00f6ren sp\u00fcrbarer Haarausfall, insbesondere beim Waschen oder B\u00fcrsten, sowie eine diffuse Ausd\u00fcnnung der Haare auf der Kopfhaut, ohne dass sich kahle Stellen bilden.<\/p>\n<p>Die Diagnose umfasst in der Regel eine Anamneseerhebung, eine k\u00f6rperliche Untersuchung der Kopfhaut und m\u00f6glicherweise einen Haarausrei\u00dftest oder eine Kopfhautbiopsie, um andere Ursachen f\u00fcr den Haarausfall auszuschlie\u00dfen.<\/p>\n<p>Nein, das telogene Effluvium ist in der Regel vor\u00fcbergehend. Das Haar w\u00e4chst in der Regel nach, sobald die zugrunde liegende Ursache behoben ist.<\/p>\n<p>Die Ergebnisse k\u00f6nnen unterschiedlich ausfallen, aber bei vielen Menschen lassen sich bereits nach wenigen Monaten Anzeichen f\u00fcr ein Nachwachsen der Haare feststellen, nachdem die Ursache des Haarausfalls behoben wurde.<\/p>\n","protected":false},"excerpt":{"rendered":"<p>Inhaltsverzeichnis Telogeneffluvium: Ursachen und Behandlungen Telogeneffluvium ist eine h\u00e4ufige Form von Haarausfall, bei der es zum Ausfall von Haaren als Reaktion auf verschiedene Stressfaktoren kommt. Im Gegensatz zu anderen Arten von Haarausfall ist Telogeneffluvium in der Regel vor\u00fcbergehend und kann durch eine Vielzahl von Faktoren ausgel\u00f6st werden, darunter k\u00f6rperlicher oder emotionaler Stress, hormonelle Ver\u00e4nderungen und [&hellip;]<\/p>\n","protected":false},"author":6,"featured_media":0,"parent":0,"menu_order":0,"comment_status":"closed","ping_status":"closed","template":"","meta":{"footnotes":""},"class_list":["post-29823","page","type-page","status-publish","hentry"],"_links":{"self":[{"href":"https:\/\/drterziler.com\/de\/wp-json\/wp\/v2\/pages\/29823","targetHints":{"allow":["GET"]}}],"collection":[{"href":"https:\/\/drterziler.com\/de\/wp-json\/wp\/v2\/pages"}],"about":[{"href":"https:\/\/drterziler.com\/de\/wp-json\/wp\/v2\/types\/page"}],"author":[{"embeddable":true,"href":"https:\/\/drterziler.com\/de\/wp-json\/wp\/v2\/users\/6"}],"replies":[{"embeddable":true,"href":"https:\/\/drterziler.com\/de\/wp-json\/wp\/v2\/comments?post=29823"}],"version-history":[{"count":5,"href":"https:\/\/drterziler.com\/de\/wp-json\/wp\/v2\/pages\/29823\/revisions"}],"predecessor-version":[{"id":43393,"href":"https:\/\/drterziler.com\/de\/wp-json\/wp\/v2\/pages\/29823\/revisions\/43393"}],"wp:attachment":[{"href":"https:\/\/drterziler.com\/de\/wp-json\/wp\/v2\/media?parent=29823"}],"curies":[{"name":"wp","href":"https:\/\/api.w.org\/{rel}","templated":true}]}}