{"id":29829,"date":"2024-09-02T11:57:31","date_gmt":"2024-09-02T11:57:31","guid":{"rendered":"https:\/\/drterziler.com\/korper-zu-kopf\/"},"modified":"2025-05-22T14:05:52","modified_gmt":"2025-05-22T14:05:52","slug":"korper-zu-kopf","status":"publish","type":"page","link":"https:\/\/drterziler.com\/de\/haartransplantation\/korper-zu-kopf\/","title":{"rendered":"K\u00f6nnen Haare vom K\u00f6rper auf den Kopf transplantiert werden?"},"content":{"rendered":"<p>\u00a0<\/p>\n<p>Indem wir alle M\u00f6glichkeiten der heutigen Technologie nutzen, formulieren wir einen personalisierten Behandlungsansatz und liefern Ergebnisse, die die Erwartungen \u00fcbertreffen. Unsere fortschrittlichen Technologien sowohl in der \u00c4sthetik als auch in der Medizin werden bei jedem Schritt optimiert, um atemberaubende Ergebnisse zu erzielen. Bei Dr. Terziler vertreten wir das Prinzip Ihres \u201eganzheitlichen Gl\u00fccks\u201c in den Bereichen Gesundheit, Sch\u00f6nheit und Zufriedenheit und \u00fcberschreiten Grenzen, um Ihr L\u00e4cheln zu erleben.<\/p>\n<nav aria-label=\"breadcrumbs\" class=\"rank-math-breadcrumb\"><p><span class=\"last\">Dr. Terziler<\/span><\/p><\/nav>\n<h4>\n\t\t\t\tInhaltsverzeichnis\t\t\t<\/h4>\n<p>\t\t\t\t\t\t\t<svg aria-hidden=\"true\" viewBox=\"0 0 448 512\" xmlns=\"http:\/\/www.w3.org\/2000\/svg\"><path d=\"M207.029 381.476L12.686 187.132c-9.373-9.373-9.373-24.569 0-33.941l22.667-22.667c9.357-9.357 24.522-9.375 33.901-.04L224 284.505l154.745-154.021c9.379-9.335 24.544-9.317 33.901.04l22.667 22.667c9.373 9.373 9.373 24.569 0 33.941L240.971 381.476c-9.373 9.372-24.569 9.372-33.942 0z\"><\/path><\/svg><br \/>\n\t\t\t\t<svg aria-hidden=\"true\" viewBox=\"0 0 448 512\" xmlns=\"http:\/\/www.w3.org\/2000\/svg\"><path d=\"M240.971 130.524l194.343 194.343c9.373 9.373 9.373 24.569 0 33.941l-22.667 22.667c-9.357 9.357-24.522 9.375-33.901.04L224 227.495 69.255 381.516c-9.379 9.335-24.544 9.317-33.901-.04l-22.667-22.667c-9.373-9.373-9.373-24.569 0-33.941L207.03 130.525c9.372-9.373 24.568-9.373 33.941-.001z\"><\/path><\/svg><br \/>\n\t\t\t\t<svg aria-hidden=\"true\" viewBox=\"0 0 1000 1000\" xmlns=\"http:\/\/www.w3.org\/2000\/svg\"><path d=\"M500 975V858C696 858 858 696 858 500S696 142 500 142 142 304 142 500H25C25 237 238 25 500 25S975 237 975 500 763 975 500 975Z\"><\/path><\/svg><br \/>\n\t\t\t\t\t\t\t\t\t\t\t\t\t\t\t\t\t\t\t\t\t\t<img loading=\"lazy\" decoding=\"async\" width=\"1700\" height=\"1080\" src=\"https:\/\/drterziler.com\/wp-content\/uploads\/2024\/08\/6.webp\" alt=\"\" srcset=\"https:\/\/drterziler.com\/wp-content\/uploads\/2024\/08\/6.webp 1700w, https:\/\/drterziler.com\/wp-content\/uploads\/2024\/08\/6-300x191.webp 300w, https:\/\/drterziler.com\/wp-content\/uploads\/2024\/08\/6-1024x651.webp 1024w, https:\/\/drterziler.com\/wp-content\/uploads\/2024\/08\/6-768x488.webp 768w, https:\/\/drterziler.com\/wp-content\/uploads\/2024\/08\/6-1536x976.webp 1536w\" sizes=\"auto, (max-width: 1700px) 100vw, 1700px\">\t\t\t\t\t\t\t\t\t\t\t\t\t<\/p>\n<h1>Die Kunst und Wissenschaft des Haaransatzdesigns bei Haartransplantationen<\/h1>\n<p>Das Haaransatzdesign ist ein entscheidender Aspekt bei Haartransplantationen, bei dem k\u00fcnstlerische Vision mit medizinischem Fachwissen kombiniert wird. Es ist die Grundlage, auf der ein erfolgreiches Verfahren zur Haarwiederherstellung aufbaut, und spielt eine entscheidende Rolle bei der Erzielung nat\u00fcrlich aussehender und \u00e4sthetisch ansprechender Ergebnisse. In der Dr. Terziler Exclusive Clinic sind wir uns der Bedeutung dieses entscheidenden Schritts bewusst und gehen ihn mit \u00e4u\u00dferster Sorgfalt und Pr\u00e4zision an.<\/p>\n<h2>Warum das Haaransatzdesign wichtig ist<\/h2>\n<p>Der Haaransatz ist eines der sichtbarsten und pr\u00e4gendsten Merkmale des Erscheinungsbildes einer Person. Er umrahmt das Gesicht, beeinflusst das wahrgenommene Alter und hat einen erheblichen Einfluss auf die Gesamt\u00e4sthetik. Ein gut gestalteter Haaransatz kann:<\/p>\n<ol>\n<li>die Gesichtsz\u00fcge verbessern<\/li>\n<li>ein jugendlicheres Aussehen schaffen<\/li>\n<li>das Selbstvertrauen st\u00e4rken<\/li>\n<li>nat\u00fcrlich aussehende Ergebnisse liefern<\/li>\n<\/ol>\n<p>Umgekehrt kann ein schlecht gestalteter Haaransatz zu unnat\u00fcrlichen Ergebnissen und Unzufriedenheit beim Patienten f\u00fchren.<\/p>\n<h2>Wichtige \u00dcberlegungen bei der Gestaltung des Haaransatzes<\/h2>\n<h3>1. Patientenberatung<\/h3>\n<p>Der Prozess beginnt mit einer gr\u00fcndlichen Beratung. Unsere Experten in der Dr. Terziler Exclusive Clinic nehmen sich Zeit, um:<\/p>\n<ul>\n<li>die Erwartungen und das gew\u00fcnschte Ergebnis des Patienten zu verstehen<\/li>\n<li>die Gesichtsz\u00fcge und den Haaransatz vor dem Haarausfall zu beurteilen<\/li>\n<li>Faktoren wie Alter, ethnische Zugeh\u00f6rigkeit und potenziellen zuk\u00fcnftigen Haarausfall zu ber\u00fccksichtigen<\/li>\n<\/ul>\n<h3>2. Gesichtsform und Proportionen<\/h3>\n<p>Jedes Gesicht ist einzigartig und der Haaransatz sollte seine Form und Proportionen erg\u00e4nzen. Wir analysieren:<\/p>\n<ul>\n<li>Gesichtsform insgesamt (oval, rund, eckig usw.)<\/li>\n<li>Stirnh\u00f6he und -breite<\/li>\n<li>Verh\u00e4ltnis zwischen Haaransatz, Augenbrauen und anderen Gesichtsmerkmalen<\/li>\n<\/ul>\n<h3>3. Altersgerechtes Design<\/h3>\n<p>Ein nat\u00fcrlicher Haaransatz sollte dem Alter des Patienten entsprechen. Dies umfasst:<\/p>\n<ul>\n<li>Ber\u00fccksichtigung der Temporalrezessio<\/li>\n<li>Planung einer allm\u00e4hlichen Reifung des Haaransatzes im Laufe der Zeit<\/li>\n<li>Vermeidung eines zu niedrigen oder geraden Haaransatzes, der bei einem \u00e4lteren Patienten unnat\u00fcrlich aussehen k\u00f6nnte<\/li>\n<\/ul>\n<h3>4. Form und Unregelm\u00e4\u00dfigkeit des Haaransatzes<\/h3>\n<p>Die Natur bevorzugt Unregelm\u00e4\u00dfigkeiten, und das sollte auch beim Design des Haaransatzes der Fall sein. Wir konzentrieren uns auf:<\/p>\n<ul>\n<li>Erstellen subtiler Variationen in Dichte und Richtung<\/li>\n<li>Vermeiden perfekt gerader oder \u00fcberm\u00e4\u00dfig geschwungener Linien<\/li>\n<li>Gestalten eines weichen, nat\u00fcrlich aussehenden vorderen Haaransatzes<\/li>\n<\/ul>\n<h3>5. Schl\u00e4fenpunkte<\/h3>\n<p>Die Schl\u00e4fenpunkte sind entscheidend f\u00fcr die Gestaltung des Gesichts. Wir achten besonders auf:<\/p>\n<ul>\n<li>Definieren von Schl\u00e4fenpunkten, die einen weichen \u00dcbergang schaffen<\/li>\n<li>Vermeidung einer zu hohen oder zu niedrigen Platzierung<\/li>\n<\/ul>\n<h3>6. Dichteverl\u00e4ufe<\/h3>\n<p>Ein nat\u00fcrlicher Haaransatz weist unterschiedliche Dichten auf. Wir planen:<\/p>\n<ul>\n<li>Eine allm\u00e4hliche Zunahme der Haardichte von vorne nach hinten<\/li>\n<li>Einzelhaarfollikeleinheiten an der Vorderkante f\u00fcr ein weicheres Erscheinungsbild<\/li>\n<li>Ber\u00fccksichtigung der vorhandenen Haardichte und zuk\u00fcnftiger Ausfallmuster<\/li>\n<\/ul>\n<h2>Der Prozess der Haaransatzgestaltung in der Dr. Terziler Exclusive Clinic<\/h2>\n<p>In unserer Klinik ist die Gestaltung des Haaransatzes ein gemeinschaftlicher Prozess zwischen dem Patienten und unserem Expertenteam. So gehen wir vor:<\/p>\n<ol>\n<li><strong>Erste Beratung<\/strong>: Wir besprechen Ihre Ziele, beurteilen Ihre aktuelle Haarsituation und erl\u00e4utern die M\u00f6glichkeiten.<\/li>\n<li><strong>Digitale Bildgebung<\/strong>: Wir verwenden fortschrittliche Bildgebungstechnologie, um Ihnen m\u00f6gliche Ergebnisse zu zeigen und das Design auf der Grundlage Ihres Feedbacks zu verfeinern.<\/li>\n<li><strong>Individuelle Planung<\/strong>: Unsere Experten erstellen einen individuellen Plan f\u00fcr die Gestaltung des Haaransatzes, wobei sie alle oben genannten Faktoren ber\u00fccksichtigen.<\/li>\n<li><strong>Vorbesprechung vor dem Eingriff<\/strong>: Vor dem Eingriff besprechen wir den Plan mit Ihnen, um sicherzustellen, dass er Ihren Erwartungen entspricht.<\/li>\n<li><strong>Pr\u00e4zise Umsetzung<\/strong>: W\u00e4hrend des Eingriffs halten sich unsere erfahrenen Chirurgen genau an das vereinbarte Design und verwenden die neuesten Techniken f\u00fcr nat\u00fcrlich aussehende Ergebnisse.<\/li>\n<\/ol>\n<h2>Die Bedeutung von Fachwissen<\/h2>\n<p>Das Design der Haarlinie ist ebenso Kunst wie Wissenschaft. Es erfordert:<\/p>\n<ul>\n<li>einen ausgepr\u00e4gten Sinn f\u00fcr \u00c4sthetik<\/li>\n<li>jahrelange Erfahrung in der Haarwiederherstellung<\/li>\n<li>aktuelle Kenntnisse der neuesten Techniken und Trends<\/li>\n<\/ul>\n<p>In der Dr. Terziler Exclusive Clinic verbindet unser Team k\u00fcnstlerische Visionen mit technischer Expertise, um Haarlinien zu schaffen, die nicht nur nat\u00fcrlich aussehen, sondern auch die Zeit \u00fcberdauern.<\/p>\n<h2>Schlussfolgerung<\/h2>\n<p>Das Design des Haaransatzes ist ein entscheidender Bestandteil einer erfolgreichen Haartransplantation. Es erfordert die sorgf\u00e4ltige Ber\u00fccksichtigung zahlreicher Faktoren und eine Mischung aus k\u00fcnstlerischen und medizinischen F\u00e4higkeiten. In der Dr. Terziler Exclusive Clinic sind wir stolz auf unseren sorgf\u00e4ltigen Ansatz bei der Gestaltung des Haaransatzes, der sicherstellt, dass jeder Patient ein individuelles, nat\u00fcrlich aussehendes Ergebnis erh\u00e4lt, das sein Aussehen verbessert und sein Selbstvertrauen st\u00e4rkt.<\/p>\n<p>Wenn Sie eine Haartransplantation in Betracht ziehen, untersch\u00e4tzen Sie nicht die Bedeutung der Gestaltung des Haaransatzes. Wenden Sie sich noch heute an die Dr. Terziler Exclusive Clinic, um einen Beratungstermin zu vereinbaren und zu erfahren, wie unsere Expertise Ihnen dabei helfen kann, den nat\u00fcrlichen, jugendlichen Haaransatz zu erhalten, den Sie sich w\u00fcnschen.<\/p>\n","protected":false},"excerpt":{"rendered":"<p>\u00a0 Indem wir alle M\u00f6glichkeiten der heutigen Technologie nutzen, formulieren wir einen personalisierten Behandlungsansatz und liefern Ergebnisse, die die Erwartungen \u00fcbertreffen. Unsere fortschrittlichen Technologien sowohl in der \u00c4sthetik als auch in der Medizin werden bei jedem Schritt optimiert, um atemberaubende Ergebnisse zu erzielen. Bei Dr. Terziler vertreten wir das Prinzip Ihres \u201eganzheitlichen Gl\u00fccks\u201c in den [&hellip;]<\/p>\n","protected":false},"author":6,"featured_media":0,"parent":2826,"menu_order":0,"comment_status":"closed","ping_status":"closed","template":"","meta":{"footnotes":""},"class_list":["post-29829","page","type-page","status-publish","hentry"],"_links":{"self":[{"href":"https:\/\/drterziler.com\/de\/wp-json\/wp\/v2\/pages\/29829","targetHints":{"allow":["GET"]}}],"collection":[{"href":"https:\/\/drterziler.com\/de\/wp-json\/wp\/v2\/pages"}],"about":[{"href":"https:\/\/drterziler.com\/de\/wp-json\/wp\/v2\/types\/page"}],"author":[{"embeddable":true,"href":"https:\/\/drterziler.com\/de\/wp-json\/wp\/v2\/users\/6"}],"replies":[{"embeddable":true,"href":"https:\/\/drterziler.com\/de\/wp-json\/wp\/v2\/comments?post=29829"}],"version-history":[{"count":6,"href":"https:\/\/drterziler.com\/de\/wp-json\/wp\/v2\/pages\/29829\/revisions"}],"predecessor-version":[{"id":56452,"href":"https:\/\/drterziler.com\/de\/wp-json\/wp\/v2\/pages\/29829\/revisions\/56452"}],"up":[{"embeddable":true,"href":"https:\/\/drterziler.com\/de\/wp-json\/wp\/v2\/pages\/2826"}],"wp:attachment":[{"href":"https:\/\/drterziler.com\/de\/wp-json\/wp\/v2\/media?parent=29829"}],"curies":[{"name":"wp","href":"https:\/\/api.w.org\/{rel}","templated":true}]}}