{"id":29837,"date":"2024-10-28T16:58:30","date_gmt":"2024-10-28T16:58:30","guid":{"rendered":"https:\/\/drterziler.com\/kannst-du-noch-mal-bald-gehen\/"},"modified":"2025-06-13T08:29:10","modified_gmt":"2025-06-13T08:29:10","slug":"kannst-du-noch-mal-bald-gehen","status":"publish","type":"page","link":"https:\/\/drterziler.com\/de\/haartransplantation\/faq\/faqs-nach-der-operation\/kannst-du-noch-mal-bald-gehen\/","title":{"rendered":"Kann man nach einer Haartransplantation wieder kahl werden?"},"content":{"rendered":"<nav aria-label=\"breadcrumbs\" class=\"rank-math-breadcrumb\"><p><span class=\"last\">Dr. Terziler<\/span><\/p><\/nav>\n<h4>\n\t\t\t\tInhaltsverzeichnis\t\t\t<\/h4>\n<p>\t\t\t\t\t\t\t<svg aria-hidden=\"true\" viewBox=\"0 0 448 512\" xmlns=\"http:\/\/www.w3.org\/2000\/svg\"><path d=\"M207.029 381.476L12.686 187.132c-9.373-9.373-9.373-24.569 0-33.941l22.667-22.667c9.357-9.357 24.522-9.375 33.901-.04L224 284.505l154.745-154.021c9.379-9.335 24.544-9.317 33.901.04l22.667 22.667c9.373 9.373 9.373 24.569 0 33.941L240.971 381.476c-9.373 9.372-24.569 9.372-33.942 0z\"><\/path><\/svg><br \/>\n\t\t\t\t<svg aria-hidden=\"true\" viewBox=\"0 0 448 512\" xmlns=\"http:\/\/www.w3.org\/2000\/svg\"><path d=\"M240.971 130.524l194.343 194.343c9.373 9.373 9.373 24.569 0 33.941l-22.667 22.667c-9.357 9.357-24.522 9.375-33.901.04L224 227.495 69.255 381.516c-9.379 9.335-24.544 9.317-33.901-.04l-22.667-22.667c-9.373-9.373-9.373-24.569 0-33.941L207.03 130.525c9.372-9.373 24.568-9.373 33.941-.001z\"><\/path><\/svg><br \/>\n\t\t\t\t<svg aria-hidden=\"true\" viewBox=\"0 0 1000 1000\" xmlns=\"http:\/\/www.w3.org\/2000\/svg\"><path d=\"M500 975V858C696 858 858 696 858 500S696 142 500 142 142 304 142 500H25C25 237 238 25 500 25S975 237 975 500 763 975 500 975Z\"><\/path><\/svg><br \/>\n\t\t\t\t\t\t\t\t\t\t\t\t\t\t\t\t\t\t\t\t\t\t<img loading=\"lazy\" decoding=\"async\" width=\"885\" height=\"501\" src=\"https:\/\/drterziler.com\/wp-content\/uploads\/2024\/10\/can-you-go-bald-again-after-hair-transplant.png\" alt=\"\" srcset=\"https:\/\/drterziler.com\/wp-content\/uploads\/2024\/10\/can-you-go-bald-again-after-hair-transplant.png 885w, https:\/\/drterziler.com\/wp-content\/uploads\/2024\/10\/can-you-go-bald-again-after-hair-transplant-300x170.png 300w, https:\/\/drterziler.com\/wp-content\/uploads\/2024\/10\/can-you-go-bald-again-after-hair-transplant-768x435.png 768w\" sizes=\"auto, (max-width: 885px) 100vw, 885px\">\t\t\t\t\t\t\t\t\t\t\t\t\t<\/p>\n<p>Haartransplantationen gelten im Allgemeinen als dauerhafte L\u00f6sung bei Haarausfall, insbesondere bei Erkrankungen wie <a href=\"\/?page_id=8325\">androgenetischer Alopezie<\/a>. Viele Patienten fragen sich jedoch, ob nach dem Eingriff weiterer Haarausfall oder eine Glatzenbildung m\u00f6glich ist. Eine Haartransplantation kann zwar das Haar in sch\u00fctteren Bereichen wiederherstellen, doch mehrere Faktoren k\u00f6nnen die langfristigen Ergebnisse beeinflussen. Das Verst\u00e4ndnis des Potenzials f\u00fcr Haarausfall <a href=\"\/?page_id=7845\">nach der Transplantation<\/a> ist unerl\u00e4sslich, um realistische Erwartungen zu setzen und eine angemessene Pflege nach dem Eingriff sicherzustellen.<\/p>\n<h3>Faktoren, die den Haarausfall nach einer Transplantation beeinflussen<\/h3>\n<ol>\n<li><strong>Genetische Grunderkrankungen:<\/strong> Personen, die sich einer Haartransplantation unterziehen, haben in der Regel eine genetische Veranlagung f\u00fcr Haarausfall. Selbst nach einer erfolgreichen Transplantation k\u00f6nnen die verbleibenden Haarfollikel, die nicht transplantiert wurden, immer noch f\u00fcr dieselben genetischen Faktoren anf\u00e4llig sein, die den anf\u00e4nglichen Haarausfall verursacht haben. Daher kann es bei Patienten zu einer Ausd\u00fcnnung oder Glatzenbildung in Bereichen kommen, die nicht mit der Transplantation behandelt wurden.<\/li>\n<li><strong>Fortschreiten des Haarausfalls:<\/strong> Haarausfall ist eine fortschreitende Erkrankung. Nach einer Transplantation bleiben die transplantierten Haarfollikel in der Regel dauerhaft und resistent gegen Haarausfall, aber andere Haare im Spenderbereich oder vorhandene Haare k\u00f6nnen mit der Zeit weiter ausd\u00fcnnen. Das bedeutet, dass die transplantierten Haare zwar nicht ausfallen, die Patienten aber dennoch in unbehandelten Bereichen Haarausfall erleiden k\u00f6nnen, was zu einem fleckigen oder ungleichm\u00e4\u00dfigen Erscheinungsbild f\u00fchrt.<\/li>\n<li><strong>Schlechte Nachsorge:<\/strong> Die postoperative Pflege ist f\u00fcr den Erfolg einer Haartransplantation von entscheidender Bedeutung. Die Nichtbeachtung der Nachsorgeanweisungen kann zu Komplikationen wie Infektionen oder Follikelsch\u00e4den f\u00fchren, die das Ergebnis der Transplantation beeintr\u00e4chtigen k\u00f6nnen. Die Aufrechterhaltung eines gesunden Lebensstils, der Umgang mit Stress und die Einhaltung einer angemessenen Haarpflegeroutine k\u00f6nnen die Langlebigkeit sowohl des transplantierten als auch des vorhandenen Haares unterst\u00fctzen.<\/li>\n<li><strong>Alter und hormonelle Ver\u00e4nderungen:<\/strong> Mit zunehmendem Alter k\u00f6nnen hormonelle Ver\u00e4nderungen das Haarwachstum beeinflussen. So k\u00f6nnen beispielsweise Schwankungen des Androgenspiegels zu Ver\u00e4nderungen im Haarwuchszyklus f\u00fchren. Auch nach einer Haartransplantation k\u00f6nnen Alterung und hormonelle Ver\u00e4nderungen die Haardichte und -gesundheit beeinflussen.<\/li>\n<\/ol>\n<h3>Wie man das Risiko von Haarausfall nach einer Transplantation minimiert<\/h3>\n<ol>\n<li><strong>Konsultieren Sie einen Spezialisten:<\/strong> Die Zusammenarbeit mit einem qualifizierten Spezialisten f\u00fcr Haarwiederherstellung kann Personen dabei helfen, ihre Risikofaktoren f\u00fcr zuk\u00fcnftigen Haarausfall zu bewerten und einen ma\u00dfgeschneiderten Behandlungsplan zu entwickeln, der vorbeugende Ma\u00dfnahmen umfasst.<\/li>\n<li><strong>Erw\u00e4gen Sie vorbeugende Behandlungen:<\/strong> Medikamente wie <a href=\"\/?page_id=13604\">Minoxidil<\/a> oder <a href=\"\/?page_id=13602\">Finasterid<\/a> k\u00f6nnen empfohlen werden, um das Fortschreiten des Haarausfalls in unbehandelten Bereichen zu verlangsamen. Diese Behandlungen k\u00f6nnen dazu beitragen, das vorhandene Haar zu erhalten und die Wahrscheinlichkeit einer zuk\u00fcnftigen Glatze zu verringern.<\/li>\n<li><strong>Befolgen Sie die Anweisungen zur Nachsorge:<\/strong> Die Einhaltung der vom Chirurgen vorgegebenen Nachsorgeanweisungen ist entscheidend f\u00fcr eine optimale Heilung und den Erfolg der Transplantation. Dazu geh\u00f6rt, anstrengende Aktivit\u00e4ten zu vermeiden und die Kopfhaut vor Sonneneinstrahlung zu sch\u00fctzen.<\/li>\n<li><strong>F\u00fchren Sie einen gesunden Lebensstil:<\/strong> Eine ausgewogene Ern\u00e4hrung, regelm\u00e4\u00dfige Bewegung und ein effektives Stressmanagement k\u00f6nnen sich positiv auf die Gesundheit der Haare auswirken. Eine angemessene Ern\u00e4hrung, insbesondere mit Vitaminen und Mineralien, die das Haarwachstum unterst\u00fctzen, kann dazu beitragen, die allgemeine Gesundheit der Haarfollikel zu erhalten.<\/li>\n<\/ol>\n<p>Haartransplantationen bieten zwar eine dauerhafte L\u00f6sung zur Wiederherstellung des Haares in sch\u00fctteren Bereichen, doch kann es in unbehandelten Bereichen aufgrund genetischer Faktoren, des Fortschreitens des <a href=\"\/?page_id=12934\">Haarausfalls<\/a> und anderer Einfl\u00fcsse zu Haarausfall kommen. Durch das Verst\u00e4ndnis dieser Faktoren und die Ergreifung vorbeugender Ma\u00dfnahmen k\u00f6nnen Einzelpersonen das Risiko einer zuk\u00fcnftigen Glatze minimieren und die langfristigen Vorteile ihrer Haartransplantation genie\u00dfen.<\/p>\n<p>\t\t\t\t\t\t\t<a href=\"https:\/\/drterziler.com\/wp-content\/uploads\/2024\/09\/2500-graft-hair-transplant-before-after.jpg\" data-elementor-open-lightbox=\"yes\" data-elementor-lightbox-slideshow=\"5fcda46\" data-elementor-lightbox-title=\"2500-graft-hair-transplant-before-after\" data-e-action-hash=\"#elementor-action%3Aaction%3Dlightbox%26settings%3DeyJpZCI6NzUzMSwidXJsIjoiaHR0cHM6XC9cL2RydGVyemlsZXIuY29tXC93cC1jb250ZW50XC91cGxvYWRzXC8yMDI0XC8wOVwvMjUwMC1ncmFmdC1oYWlyLXRyYW5zcGxhbnQtYmVmb3JlLWFmdGVyLmpwZyIsInNsaWRlc2hvdyI6IjVmY2RhNDYifQ%3D%3D\"><br \/>\n\t\t<\/a><br \/>\n\t\t\t\t\t\t\t<a href=\"https:\/\/drterziler.com\/wp-content\/uploads\/2024\/09\/3000-graft-hair-transplant-before-after.jpg\" data-elementor-open-lightbox=\"yes\" data-elementor-lightbox-slideshow=\"5fcda46\" data-elementor-lightbox-title=\"3000-graft-hair-transplant-before-after\" data-e-action-hash=\"#elementor-action%3Aaction%3Dlightbox%26settings%3DeyJpZCI6NzUzNywidXJsIjoiaHR0cHM6XC9cL2RydGVyemlsZXIuY29tXC93cC1jb250ZW50XC91cGxvYWRzXC8yMDI0XC8wOVwvMzAwMC1ncmFmdC1oYWlyLXRyYW5zcGxhbnQtYmVmb3JlLWFmdGVyLmpwZyIsInNsaWRlc2hvdyI6IjVmY2RhNDYifQ%3D%3D\"><br \/>\n\t\t<\/a><br \/>\n\t\t\t\t\t\t\t<a href=\"https:\/\/drterziler.com\/wp-content\/uploads\/2024\/09\/3500-graft-hair-transplant-before-after.jpg\" data-elementor-open-lightbox=\"yes\" data-elementor-lightbox-slideshow=\"5fcda46\" data-elementor-lightbox-title=\"3500-graft-hair-transplant-before-after\" data-e-action-hash=\"#elementor-action%3Aaction%3Dlightbox%26settings%3DeyJpZCI6NzU0MywidXJsIjoiaHR0cHM6XC9cL2RydGVyemlsZXIuY29tXC93cC1jb250ZW50XC91cGxvYWRzXC8yMDI0XC8wOVwvMzUwMC1ncmFmdC1oYWlyLXRyYW5zcGxhbnQtYmVmb3JlLWFmdGVyLmpwZyIsInNsaWRlc2hvdyI6IjVmY2RhNDYifQ%3D%3D\"><br \/>\n\t\t<\/a><br \/>\n\t\t\t\t\t\t\t<a href=\"https:\/\/drterziler.com\/wp-content\/uploads\/2024\/09\/4000-graft-hair-transplant-before-after.jpg\" data-elementor-open-lightbox=\"yes\" data-elementor-lightbox-slideshow=\"5fcda46\" data-elementor-lightbox-title=\"4000-graft-hair-transplant-before-after\" data-e-action-hash=\"#elementor-action%3Aaction%3Dlightbox%26settings%3DeyJpZCI6NzU0OSwidXJsIjoiaHR0cHM6XC9cL2RydGVyemlsZXIuY29tXC93cC1jb250ZW50XC91cGxvYWRzXC8yMDI0XC8wOVwvNDAwMC1ncmFmdC1oYWlyLXRyYW5zcGxhbnQtYmVmb3JlLWFmdGVyLmpwZyIsInNsaWRlc2hvdyI6IjVmY2RhNDYifQ%3D%3D\"><br \/>\n\t\t<\/a><br \/>\n\t\t\t\t\t\t\t<a href=\"https:\/\/drterziler.com\/wp-content\/uploads\/2024\/09\/4500-graft-hair-transplant-before-after.jpg\" data-elementor-open-lightbox=\"yes\" data-elementor-lightbox-slideshow=\"5fcda46\" data-elementor-lightbox-title=\"4500-graft-hair-transplant-before-after\" data-e-action-hash=\"#elementor-action%3Aaction%3Dlightbox%26settings%3DeyJpZCI6NzU1NSwidXJsIjoiaHR0cHM6XC9cL2RydGVyemlsZXIuY29tXC93cC1jb250ZW50XC91cGxvYWRzXC8yMDI0XC8wOVwvNDUwMC1ncmFmdC1oYWlyLXRyYW5zcGxhbnQtYmVmb3JlLWFmdGVyLmpwZyIsInNsaWRlc2hvdyI6IjVmY2RhNDYifQ%3D%3D\"><br \/>\n\t\t<\/a><br \/>\n\t\t\t\t\t\t\t<a href=\"https:\/\/drterziler.com\/wp-content\/uploads\/2024\/09\/5200-graft-hair-transplant-before-after.jpg\" data-elementor-open-lightbox=\"yes\" data-elementor-lightbox-slideshow=\"5fcda46\" data-elementor-lightbox-title=\"5200-graft-hair-transplant-before-after\" data-e-action-hash=\"#elementor-action%3Aaction%3Dlightbox%26settings%3DeyJpZCI6NzU2MSwidXJsIjoiaHR0cHM6XC9cL2RydGVyemlsZXIuY29tXC93cC1jb250ZW50XC91cGxvYWRzXC8yMDI0XC8wOVwvNTIwMC1ncmFmdC1oYWlyLXRyYW5zcGxhbnQtYmVmb3JlLWFmdGVyLmpwZyIsInNsaWRlc2hvdyI6IjVmY2RhNDYifQ%3D%3D\"><br \/>\n\t\t<\/a><br \/>\n\t\t\t\t\t\t\t<a href=\"https:\/\/drterziler.com\/wp-content\/uploads\/2024\/09\/5300-graft-hair-transplant-before-after.jpg\" data-elementor-open-lightbox=\"yes\" data-elementor-lightbox-slideshow=\"5fcda46\" data-elementor-lightbox-title=\"5300-graft-hair-transplant-before-after\" data-e-action-hash=\"#elementor-action%3Aaction%3Dlightbox%26settings%3DeyJpZCI6NzU2NywidXJsIjoiaHR0cHM6XC9cL2RydGVyemlsZXIuY29tXC93cC1jb250ZW50XC91cGxvYWRzXC8yMDI0XC8wOVwvNTMwMC1ncmFmdC1oYWlyLXRyYW5zcGxhbnQtYmVmb3JlLWFmdGVyLmpwZyIsInNsaWRlc2hvdyI6IjVmY2RhNDYifQ%3D%3D\"><br \/>\n\t\t<\/a><br \/>\n\t\t\t\t\t\t\t<svg aria-hidden=\"true\" viewBox=\"0 0 1000 1000\" xmlns=\"http:\/\/www.w3.org\/2000\/svg\"><path d=\"M646 125C629 125 613 133 604 142L308 442C296 454 292 471 292 487 292 504 296 521 308 533L604 854C617 867 629 875 646 875 663 875 679 871 692 858 704 846 713 829 713 812 713 796 708 779 692 767L438 487 692 225C700 217 708 204 708 187 708 171 704 154 692 142 675 129 663 125 646 125Z\"><\/path><\/svg><br \/>\n\t\t\t\t\t\t\t<svg aria-hidden=\"true\" viewBox=\"0 0 1000 1000\" xmlns=\"http:\/\/www.w3.org\/2000\/svg\"><path d=\"M696 533C708 521 713 504 713 487 713 471 708 454 696 446L400 146C388 133 375 125 354 125 338 125 325 129 313 142 300 154 292 171 292 187 292 204 296 221 308 233L563 492 304 771C292 783 288 800 288 817 288 833 296 850 308 863 321 871 338 875 354 875 371 875 388 867 400 854L696 533Z\"><\/path><\/svg>\t\t\t\t\t\t<\/p>\n<details id=\"e-n-accordion-item-2340\" open>\n<summary data-accordion-index=\"1\" tabindex=\"0\" aria-expanded=\"true\" aria-controls=\"e-n-accordion-item-2340\" >\n\t\t\t\t\t Welche Faktoren tragen zum Haarausfall nach einer Transplantation bei?<br \/>\n\t\t\t<svg aria-hidden=\"true\" viewBox=\"0 0 448 512\" xmlns=\"http:\/\/www.w3.org\/2000\/svg\"><path d=\"M416 208H32c-17.67 0-32 14.33-32 32v32c0 17.67 14.33 32 32 32h384c17.67 0 32-14.33 32-32v-32c0-17.67-14.33-32-32-32z\"><\/path><\/svg><br \/>\n\t\t\t<svg aria-hidden=\"true\" viewBox=\"0 0 448 512\" xmlns=\"http:\/\/www.w3.org\/2000\/svg\"><path d=\"M416 208H272V64c0-17.67-14.33-32-32-32h-32c-17.67 0-32 14.33-32 32v144H32c-17.67 0-32 14.33-32 32v32c0 17.67 14.33 32 32 32h144v144c0 17.67 14.33 32 32 32h32c17.67 0 32-14.33 32-32V304h144c17.67 0 32-14.33 32-32v-32c0-17.67-14.33-32-32-32z\"><\/path><\/svg><br \/>\n\t\t\t\t\t\t<\/summary>\n<p>Zu den Faktoren geh\u00f6ren zugrundeliegende genetische Bedingungen, altersbedingte hormonelle Ver\u00e4nderungen und eine schlechte postoperative Versorgung.<\/p>\n<\/details>\n<details id=\"e-n-accordion-item-2341\" >\n<summary data-accordion-index=\"2\" tabindex=\"-1\" aria-expanded=\"false\" aria-controls=\"e-n-accordion-item-2341\" >\n\t\t\t\t\t Wie kann ich weiteren Haarausfall nach einer Transplantation verhindern?<br \/>\n\t\t\t<svg aria-hidden=\"true\" viewBox=\"0 0 448 512\" xmlns=\"http:\/\/www.w3.org\/2000\/svg\"><path d=\"M416 208H32c-17.67 0-32 14.33-32 32v32c0 17.67 14.33 32 32 32h384c17.67 0 32-14.33 32-32v-32c0-17.67-14.33-32-32-32z\"><\/path><\/svg><br \/>\n\t\t\t<svg aria-hidden=\"true\" viewBox=\"0 0 448 512\" xmlns=\"http:\/\/www.w3.org\/2000\/svg\"><path d=\"M416 208H272V64c0-17.67-14.33-32-32-32h-32c-17.67 0-32 14.33-32 32v144H32c-17.67 0-32 14.33-32 32v32c0 17.67 14.33 32 32 32h144v144c0 17.67 14.33 32 32 32h32c17.67 0 32-14.33 32-32V304h144c17.67 0 32-14.33 32-32v-32c0-17.67-14.33-32-32-32z\"><\/path><\/svg><br \/>\n\t\t\t\t\t\t<\/summary>\n<p>Die Konsultation eines Facharztes, die Erw\u00e4gung pr\u00e4ventiver Behandlungen wie Minoxidil oder Finasterid und die Beibehaltung eines gesunden Lebensstils k\u00f6nnen dazu beitragen, das Risiko eines zuk\u00fcnftigen Haarausfalls zu minimieren.<\/p>\n<\/details>\n<details id=\"e-n-accordion-item-2342\" >\n<summary data-accordion-index=\"3\" tabindex=\"-1\" aria-expanded=\"false\" aria-controls=\"e-n-accordion-item-2342\" >\n\t\t\t\t\t Was sollte ich tun, wenn ich nach einer Haartransplantation eine Ausd\u00fcnnung bemerke?<br \/>\n\t\t\t<svg aria-hidden=\"true\" viewBox=\"0 0 448 512\" xmlns=\"http:\/\/www.w3.org\/2000\/svg\"><path d=\"M416 208H32c-17.67 0-32 14.33-32 32v32c0 17.67 14.33 32 32 32h384c17.67 0 32-14.33 32-32v-32c0-17.67-14.33-32-32-32z\"><\/path><\/svg><br \/>\n\t\t\t<svg aria-hidden=\"true\" viewBox=\"0 0 448 512\" xmlns=\"http:\/\/www.w3.org\/2000\/svg\"><path d=\"M416 208H272V64c0-17.67-14.33-32-32-32h-32c-17.67 0-32 14.33-32 32v144H32c-17.67 0-32 14.33-32 32v32c0 17.67 14.33 32 32 32h144v144c0 17.67 14.33 32 32 32h32c17.67 0 32-14.33 32-32V304h144c17.67 0 32-14.33 32-32v-32c0-17.67-14.33-32-32-32z\"><\/path><\/svg><br \/>\n\t\t\t\t\t\t<\/summary>\n<p>Wenn Sie nach einer Transplantation d\u00fcnner werdendes Haar oder Haarausfall feststellen, wenden Sie sich an Ihren Chirurgen oder einen Spezialisten f\u00fcr Haarwiederherstellung, um Ihre Bedenken und m\u00f6gliche Behandlungen zu besprechen.<\/p>\n<\/details>\n<details id=\"e-n-accordion-item-2343\" >\n<summary data-accordion-index=\"4\" tabindex=\"-1\" aria-expanded=\"false\" aria-controls=\"e-n-accordion-item-2343\" >\n\t\t\t\t\t Ist es normal, dass nach einer Haartransplantation Haare ausfallen?<br \/>\n\t\t\t<svg aria-hidden=\"true\" viewBox=\"0 0 448 512\" xmlns=\"http:\/\/www.w3.org\/2000\/svg\"><path d=\"M416 208H32c-17.67 0-32 14.33-32 32v32c0 17.67 14.33 32 32 32h384c17.67 0 32-14.33 32-32v-32c0-17.67-14.33-32-32-32z\"><\/path><\/svg><br \/>\n\t\t\t<svg aria-hidden=\"true\" viewBox=\"0 0 448 512\" xmlns=\"http:\/\/www.w3.org\/2000\/svg\"><path d=\"M416 208H272V64c0-17.67-14.33-32-32-32h-32c-17.67 0-32 14.33-32 32v144H32c-17.67 0-32 14.33-32 32v32c0 17.67 14.33 32 32 32h144v144c0 17.67 14.33 32 32 32h32c17.67 0 32-14.33 32-32V304h144c17.67 0 32-14.33 32-32v-32c0-17.67-14.33-32-32-32z\"><\/path><\/svg><br \/>\n\t\t\t\t\t\t<\/summary>\n<p>Ja, es ist normal, dass die transplantierten Haare in den ersten Wochen nach dem Eingriff ausfallen. Dies ist Teil des Haarwachstumszyklus, und danach werden neue Haare wachsen.<\/p>\n<\/details>\n<details id=\"e-n-accordion-item-2344\" >\n<summary data-accordion-index=\"5\" tabindex=\"-1\" aria-expanded=\"false\" aria-controls=\"e-n-accordion-item-2344\" >\n\t\t\t\t\t Wie kann ich mein Haar nach einer Transplantation pflegen?<br \/>\n\t\t\t<svg aria-hidden=\"true\" viewBox=\"0 0 448 512\" xmlns=\"http:\/\/www.w3.org\/2000\/svg\"><path d=\"M416 208H32c-17.67 0-32 14.33-32 32v32c0 17.67 14.33 32 32 32h384c17.67 0 32-14.33 32-32v-32c0-17.67-14.33-32-32-32z\"><\/path><\/svg><br \/>\n\t\t\t<svg aria-hidden=\"true\" viewBox=\"0 0 448 512\" xmlns=\"http:\/\/www.w3.org\/2000\/svg\"><path d=\"M416 208H272V64c0-17.67-14.33-32-32-32h-32c-17.67 0-32 14.33-32 32v144H32c-17.67 0-32 14.33-32 32v32c0 17.67 14.33 32 32 32h144v144c0 17.67 14.33 32 32 32h32c17.67 0 32-14.33 32-32V304h144c17.67 0 32-14.33 32-32v-32c0-17.67-14.33-32-32-32z\"><\/path><\/svg><br \/>\n\t\t\t\t\t\t<\/summary>\n<p>Befolgen Sie die postoperativen Pflegeanweisungen, ern\u00e4hren Sie sich gesund, bew\u00e4ltigen Sie Stress und vermeiden Sie harte Stylingmethoden, um die Gesundheit des transplantierten und des vorhandenen Haares zu erhalten.<\/p>\n<\/details>\n<details id=\"e-n-accordion-item-2345\" >\n<summary data-accordion-index=\"6\" tabindex=\"-1\" aria-expanded=\"false\" aria-controls=\"e-n-accordion-item-2345\" >\n\t\t\t\t\t Wann sollte ich mich nach einer Haartransplantation bei meinem Chirurgen melden?<br \/>\n\t\t\t<svg aria-hidden=\"true\" viewBox=\"0 0 448 512\" xmlns=\"http:\/\/www.w3.org\/2000\/svg\"><path d=\"M416 208H32c-17.67 0-32 14.33-32 32v32c0 17.67 14.33 32 32 32h384c17.67 0 32-14.33 32-32v-32c0-17.67-14.33-32-32-32z\"><\/path><\/svg><br \/>\n\t\t\t<svg aria-hidden=\"true\" viewBox=\"0 0 448 512\" xmlns=\"http:\/\/www.w3.org\/2000\/svg\"><path d=\"M416 208H272V64c0-17.67-14.33-32-32-32h-32c-17.67 0-32 14.33-32 32v144H32c-17.67 0-32 14.33-32 32v32c0 17.67 14.33 32 32 32h144v144c0 17.67 14.33 32 32 32h32c17.67 0 32-14.33 32-32V304h144c17.67 0 32-14.33 32-32v-32c0-17.67-14.33-32-32-32z\"><\/path><\/svg><br \/>\n\t\t\t\t\t\t<\/summary>\n<p>Nachfolgetermine werden in der Regel innerhalb der ersten Wochen nach der Operation angesetzt, um den Fortschritt zu \u00fcberwachen und etwaige Bedenken bez\u00fcglich der Heilung oder des Haarwachstums zu kl\u00e4ren.<\/p>\n<\/details>\n<p>Zu den Faktoren geh\u00f6ren zugrundeliegende genetische Bedingungen, altersbedingte hormonelle Ver\u00e4nderungen und eine schlechte postoperative Versorgung.<\/p>\n<p>Die Konsultation eines Facharztes, die Erw\u00e4gung pr\u00e4ventiver Behandlungen wie Minoxidil oder Finasterid und die Beibehaltung eines gesunden Lebensstils k\u00f6nnen dazu beitragen, das Risiko eines zuk\u00fcnftigen Haarausfalls zu minimieren.<\/p>\n<p>Wenn Sie nach einer Transplantation d\u00fcnner werdendes Haar oder Haarausfall feststellen, wenden Sie sich an Ihren Chirurgen oder einen Spezialisten f\u00fcr Haarwiederherstellung, um Ihre Bedenken und m\u00f6gliche Behandlungen zu besprechen.<\/p>\n<p>Ja, es ist normal, dass die transplantierten Haare in den ersten Wochen nach dem Eingriff ausfallen. Dies ist Teil des Haarwachstumszyklus, und danach werden neue Haare wachsen.<\/p>\n<p>Befolgen Sie die postoperativen Pflegeanweisungen, ern\u00e4hren Sie sich gesund, bew\u00e4ltigen Sie Stress und vermeiden Sie harte Stylingmethoden, um die Gesundheit des transplantierten und des vorhandenen Haares zu erhalten.<\/p>\n<p>Nachfolgetermine werden in der Regel innerhalb der ersten Wochen nach der Operation angesetzt, um den Fortschritt zu \u00fcberwachen und etwaige Bedenken bez\u00fcglich der Heilung oder des Haarwachstums zu kl\u00e4ren.<\/p>\n","protected":false},"excerpt":{"rendered":"<p>Inhaltsverzeichnis Haartransplantationen gelten im Allgemeinen als dauerhafte L\u00f6sung bei Haarausfall, insbesondere bei Erkrankungen wie androgenetischer Alopezie. Viele Patienten fragen sich jedoch, ob nach dem Eingriff weiterer Haarausfall oder eine Glatzenbildung m\u00f6glich ist. Eine Haartransplantation kann zwar das Haar in sch\u00fctteren Bereichen wiederherstellen, doch mehrere Faktoren k\u00f6nnen die langfristigen Ergebnisse beeinflussen. Das Verst\u00e4ndnis des Potenzials f\u00fcr [&hellip;]<\/p>\n","protected":false},"author":6,"featured_media":0,"parent":7845,"menu_order":0,"comment_status":"closed","ping_status":"closed","template":"","meta":{"footnotes":""},"class_list":["post-29837","page","type-page","status-publish","hentry"],"_links":{"self":[{"href":"https:\/\/drterziler.com\/de\/wp-json\/wp\/v2\/pages\/29837","targetHints":{"allow":["GET"]}}],"collection":[{"href":"https:\/\/drterziler.com\/de\/wp-json\/wp\/v2\/pages"}],"about":[{"href":"https:\/\/drterziler.com\/de\/wp-json\/wp\/v2\/types\/page"}],"author":[{"embeddable":true,"href":"https:\/\/drterziler.com\/de\/wp-json\/wp\/v2\/users\/6"}],"replies":[{"embeddable":true,"href":"https:\/\/drterziler.com\/de\/wp-json\/wp\/v2\/comments?post=29837"}],"version-history":[{"count":5,"href":"https:\/\/drterziler.com\/de\/wp-json\/wp\/v2\/pages\/29837\/revisions"}],"predecessor-version":[{"id":43636,"href":"https:\/\/drterziler.com\/de\/wp-json\/wp\/v2\/pages\/29837\/revisions\/43636"}],"up":[{"embeddable":true,"href":"https:\/\/drterziler.com\/de\/wp-json\/wp\/v2\/pages\/7845"}],"wp:attachment":[{"href":"https:\/\/drterziler.com\/de\/wp-json\/wp\/v2\/media?parent=29837"}],"curies":[{"name":"wp","href":"https:\/\/api.w.org\/{rel}","templated":true}]}}