{"id":29839,"date":"2024-10-28T18:15:28","date_gmt":"2024-10-28T18:15:28","guid":{"rendered":"https:\/\/drterziler.com\/beeinflusst-eine-operation-die-mannliche-fertilitat\/"},"modified":"2025-06-16T03:12:23","modified_gmt":"2025-06-16T03:12:23","slug":"beeinflusst-eine-operation-die-mannliche-fertilitat","status":"publish","type":"page","link":"https:\/\/drterziler.com\/de\/haartransplantation\/faq\/faqs-nach-der-operation\/beeinflusst-eine-operation-die-mannliche-fertilitat\/","title":{"rendered":"Beeintr\u00e4chtigt eine Haartransplantation die m\u00e4nnliche Fruchtbarkeit?"},"content":{"rendered":"<nav aria-label=\"breadcrumbs\" class=\"rank-math-breadcrumb\"><p><span class=\"last\">Dr. Terziler<\/span><\/p><\/nav>\n<h4>\n\t\t\t\tInhaltsverzeichnis\t\t\t<\/h4>\n<p>\t\t\t\t\t\t\t<svg aria-hidden=\"true\" viewBox=\"0 0 448 512\" xmlns=\"http:\/\/www.w3.org\/2000\/svg\"><path d=\"M207.029 381.476L12.686 187.132c-9.373-9.373-9.373-24.569 0-33.941l22.667-22.667c9.357-9.357 24.522-9.375 33.901-.04L224 284.505l154.745-154.021c9.379-9.335 24.544-9.317 33.901.04l22.667 22.667c9.373 9.373 9.373 24.569 0 33.941L240.971 381.476c-9.373 9.372-24.569 9.372-33.942 0z\"><\/path><\/svg><br \/>\n\t\t\t\t<svg aria-hidden=\"true\" viewBox=\"0 0 448 512\" xmlns=\"http:\/\/www.w3.org\/2000\/svg\"><path d=\"M240.971 130.524l194.343 194.343c9.373 9.373 9.373 24.569 0 33.941l-22.667 22.667c-9.357 9.357-24.522 9.375-33.901.04L224 227.495 69.255 381.516c-9.379 9.335-24.544 9.317-33.901-.04l-22.667-22.667c-9.373-9.373-9.373-24.569 0-33.941L207.03 130.525c9.372-9.373 24.568-9.373 33.941-.001z\"><\/path><\/svg><br \/>\n\t\t\t\t<svg aria-hidden=\"true\" viewBox=\"0 0 1000 1000\" xmlns=\"http:\/\/www.w3.org\/2000\/svg\"><path d=\"M500 975V858C696 858 858 696 858 500S696 142 500 142 142 304 142 500H25C25 237 238 25 500 25S975 237 975 500 763 975 500 975Z\"><\/path><\/svg><br \/>\n\t\t\t\t\t\t\t\t\t\t\t\t\t\t\t\t\t\t\t\t\t\t<img loading=\"lazy\" decoding=\"async\" width=\"883\" height=\"547\" src=\"https:\/\/drterziler.com\/wp-content\/uploads\/2024\/10\/does-hair-transplant-affect-male-fertility.png\" alt=\"\" srcset=\"https:\/\/drterziler.com\/wp-content\/uploads\/2024\/10\/does-hair-transplant-affect-male-fertility.png 883w, https:\/\/drterziler.com\/wp-content\/uploads\/2024\/10\/does-hair-transplant-affect-male-fertility-300x186.png 300w, https:\/\/drterziler.com\/wp-content\/uploads\/2024\/10\/does-hair-transplant-affect-male-fertility-768x476.png 768w\" sizes=\"auto, (max-width: 883px) 100vw, 883px\">\t\t\t\t\t\t\t\t\t\t\t\t\t<\/p>\n<p>Viele M\u00e4nner, die eine Haartransplantation in Betracht ziehen, haben oft Bedenken hinsichtlich m\u00f6glicher Auswirkungen auf ihre allgemeine Gesundheit, einschlie\u00dflich der Fruchtbarkeit. Eine Haartransplantation ist ein chirurgischer Eingriff, bei dem Haarfollikel von einer Spenderstelle in kahle oder sch\u00fcttere Bereiche der Kopfhaut verpflanzt werden. F\u00fcr diejenigen, die diese Art der Haarwiederherstellung in Betracht ziehen, ist es wichtig zu wissen, ob dieses Verfahren Auswirkungen auf die m\u00e4nnliche Fruchtbarkeit hat.<\/p>\n<h2>Das Haartransplantationsverfahren<\/h2>\n<p>Bei einer Haartransplantation kommen in der Regel zwei Haupttechniken zum Einsatz: die Follicular Unit Extraction (FUE) und die Follicular Unit Transplantation (FUT). Bei beiden Methoden werden gesunde Haarfollikel in Bereiche mit Haarausfall verpflanzt. Das Verfahren ist lokal begrenzt, d. h. es zielt nur auf die Kopfhaut ab und beinhaltet keine systemischen Ver\u00e4nderungen, die andere K\u00f6rperfunktionen, einschlie\u00dflich der reproduktiven Gesundheit, beeintr\u00e4chtigen k\u00f6nnten.<\/p>\n<h2>Fruchtbarkeit und Haartransplantationen<\/h2>\n<ol>\n<li>\n<p><strong>Keine direkte Auswirkung auf die Fruchtbarkeit:<\/strong><br \/>Aktuelle Forschungsergebnisse und klinische Belege deuten darauf hin, dass Haartransplantationen keine direkte Auswirkung auf die m\u00e4nnliche Fruchtbarkeit haben. Das Verfahren beeintr\u00e4chtigt weder die Spermienproduktion noch den Testosteronspiegel. Da Haartransplantationen speziell auf die Kopfhaut abzielen, sind keine Fortpflanzungsorgane oder hormonellen Wege betroffen, die mit der Fruchtbarkeit in Zusammenhang stehen.<\/p>\n<\/li>\n<li>\n<p><strong>An\u00e4sthesie und Medikamente:<\/strong><br \/>Einige Patienten \u00e4u\u00dfern Bedenken hinsichtlich der w\u00e4hrend des Haartransplantationsverfahrens verwendeten Medikamente, einschlie\u00dflich An\u00e4sthesie- und Schmerzmittel. Diese Medikamente sind zwar f\u00fcr den Komfort des Patienten w\u00e4hrend des Eingriffs unerl\u00e4sslich, werden jedoch in der Regel in sicheren Dosen verabreicht und haben wahrscheinlich keine dauerhaften Auswirkungen auf die Fruchtbarkeit. Es ist ratsam, dass Patienten etwaige Bedenken bez\u00fcglich der Medikamente vor dem Eingriff mit ihrem Arzt besprechen.<\/p>\n<\/li>\n<li>\n<p><strong>Stress und Erholung:<\/strong><br \/>Die Haartransplantation selbst hat zwar keinen Einfluss auf die Fruchtbarkeit, aber der mit dem Eingriff oder der Genesung verbundene Stress kann sich vor\u00fcbergehend auf den Hormonhaushalt und die reproduktive Gesundheit auswirken. Ein hoher Stresspegel kann die Libido beeintr\u00e4chtigen und die Spermienproduktion beeinflussen. Dies ist jedoch in der Regel ein kurzfristiger Effekt, der sich legt, wenn sich die Person von der Operation erholt und sich der Stresspegel normalisiert.<\/p>\n<\/li>\n<\/ol>\n<p>F\u00fcr M\u00e4nner, die eine Haartransplantation in Betracht ziehen, ist es beruhigend zu wissen, dass der Eingriff die Fruchtbarkeit nicht beeintr\u00e4chtigt. Haartransplantationen sind sichere chirurgische Optionen zur Wiederherstellung des Haares, ohne die reproduktive Gesundheit zu beeintr\u00e4chtigen. Wie bei jedem medizinischen Eingriff ist es wichtig, alle Bedenken mit einem qualifizierten medizinischen Fachpersonal zu besprechen, um eine fundierte Entscheidungsfindung und eine reibungslose Genesung zu gew\u00e4hrleisten.<\/p>\n<p>\t\t\t\t\t\t\t<a href=\"https:\/\/drterziler.com\/wp-content\/uploads\/2024\/09\/2500-graft-hair-transplant-before-after.jpg\" data-elementor-open-lightbox=\"yes\" data-elementor-lightbox-slideshow=\"5fcda46\" data-elementor-lightbox-title=\"2500-graft-hair-transplant-before-after\" data-e-action-hash=\"#elementor-action%3Aaction%3Dlightbox%26settings%3DeyJpZCI6NzUzMSwidXJsIjoiaHR0cHM6XC9cL2RydGVyemlsZXIuY29tXC93cC1jb250ZW50XC91cGxvYWRzXC8yMDI0XC8wOVwvMjUwMC1ncmFmdC1oYWlyLXRyYW5zcGxhbnQtYmVmb3JlLWFmdGVyLmpwZyIsInNsaWRlc2hvdyI6IjVmY2RhNDYifQ%3D%3D\"><br \/>\n\t\t<\/a><br \/>\n\t\t\t\t\t\t\t<a href=\"https:\/\/drterziler.com\/wp-content\/uploads\/2024\/09\/3000-graft-hair-transplant-before-after.jpg\" data-elementor-open-lightbox=\"yes\" data-elementor-lightbox-slideshow=\"5fcda46\" data-elementor-lightbox-title=\"3000-graft-hair-transplant-before-after\" data-e-action-hash=\"#elementor-action%3Aaction%3Dlightbox%26settings%3DeyJpZCI6NzUzNywidXJsIjoiaHR0cHM6XC9cL2RydGVyemlsZXIuY29tXC93cC1jb250ZW50XC91cGxvYWRzXC8yMDI0XC8wOVwvMzAwMC1ncmFmdC1oYWlyLXRyYW5zcGxhbnQtYmVmb3JlLWFmdGVyLmpwZyIsInNsaWRlc2hvdyI6IjVmY2RhNDYifQ%3D%3D\"><br \/>\n\t\t<\/a><br \/>\n\t\t\t\t\t\t\t<a href=\"https:\/\/drterziler.com\/wp-content\/uploads\/2024\/09\/3500-graft-hair-transplant-before-after.jpg\" data-elementor-open-lightbox=\"yes\" data-elementor-lightbox-slideshow=\"5fcda46\" data-elementor-lightbox-title=\"3500-graft-hair-transplant-before-after\" data-e-action-hash=\"#elementor-action%3Aaction%3Dlightbox%26settings%3DeyJpZCI6NzU0MywidXJsIjoiaHR0cHM6XC9cL2RydGVyemlsZXIuY29tXC93cC1jb250ZW50XC91cGxvYWRzXC8yMDI0XC8wOVwvMzUwMC1ncmFmdC1oYWlyLXRyYW5zcGxhbnQtYmVmb3JlLWFmdGVyLmpwZyIsInNsaWRlc2hvdyI6IjVmY2RhNDYifQ%3D%3D\"><br \/>\n\t\t<\/a><br \/>\n\t\t\t\t\t\t\t<a href=\"https:\/\/drterziler.com\/wp-content\/uploads\/2024\/09\/4000-graft-hair-transplant-before-after.jpg\" data-elementor-open-lightbox=\"yes\" data-elementor-lightbox-slideshow=\"5fcda46\" data-elementor-lightbox-title=\"4000-graft-hair-transplant-before-after\" data-e-action-hash=\"#elementor-action%3Aaction%3Dlightbox%26settings%3DeyJpZCI6NzU0OSwidXJsIjoiaHR0cHM6XC9cL2RydGVyemlsZXIuY29tXC93cC1jb250ZW50XC91cGxvYWRzXC8yMDI0XC8wOVwvNDAwMC1ncmFmdC1oYWlyLXRyYW5zcGxhbnQtYmVmb3JlLWFmdGVyLmpwZyIsInNsaWRlc2hvdyI6IjVmY2RhNDYifQ%3D%3D\"><br \/>\n\t\t<\/a><br \/>\n\t\t\t\t\t\t\t<a href=\"https:\/\/drterziler.com\/wp-content\/uploads\/2024\/09\/4500-graft-hair-transplant-before-after.jpg\" data-elementor-open-lightbox=\"yes\" data-elementor-lightbox-slideshow=\"5fcda46\" data-elementor-lightbox-title=\"4500-graft-hair-transplant-before-after\" data-e-action-hash=\"#elementor-action%3Aaction%3Dlightbox%26settings%3DeyJpZCI6NzU1NSwidXJsIjoiaHR0cHM6XC9cL2RydGVyemlsZXIuY29tXC93cC1jb250ZW50XC91cGxvYWRzXC8yMDI0XC8wOVwvNDUwMC1ncmFmdC1oYWlyLXRyYW5zcGxhbnQtYmVmb3JlLWFmdGVyLmpwZyIsInNsaWRlc2hvdyI6IjVmY2RhNDYifQ%3D%3D\"><br \/>\n\t\t<\/a><br \/>\n\t\t\t\t\t\t\t<a href=\"https:\/\/drterziler.com\/wp-content\/uploads\/2024\/09\/5200-graft-hair-transplant-before-after.jpg\" data-elementor-open-lightbox=\"yes\" data-elementor-lightbox-slideshow=\"5fcda46\" data-elementor-lightbox-title=\"5200-graft-hair-transplant-before-after\" data-e-action-hash=\"#elementor-action%3Aaction%3Dlightbox%26settings%3DeyJpZCI6NzU2MSwidXJsIjoiaHR0cHM6XC9cL2RydGVyemlsZXIuY29tXC93cC1jb250ZW50XC91cGxvYWRzXC8yMDI0XC8wOVwvNTIwMC1ncmFmdC1oYWlyLXRyYW5zcGxhbnQtYmVmb3JlLWFmdGVyLmpwZyIsInNsaWRlc2hvdyI6IjVmY2RhNDYifQ%3D%3D\"><br \/>\n\t\t<\/a><br \/>\n\t\t\t\t\t\t\t<a href=\"https:\/\/drterziler.com\/wp-content\/uploads\/2024\/09\/5300-graft-hair-transplant-before-after.jpg\" data-elementor-open-lightbox=\"yes\" data-elementor-lightbox-slideshow=\"5fcda46\" data-elementor-lightbox-title=\"5300-graft-hair-transplant-before-after\" data-e-action-hash=\"#elementor-action%3Aaction%3Dlightbox%26settings%3DeyJpZCI6NzU2NywidXJsIjoiaHR0cHM6XC9cL2RydGVyemlsZXIuY29tXC93cC1jb250ZW50XC91cGxvYWRzXC8yMDI0XC8wOVwvNTMwMC1ncmFmdC1oYWlyLXRyYW5zcGxhbnQtYmVmb3JlLWFmdGVyLmpwZyIsInNsaWRlc2hvdyI6IjVmY2RhNDYifQ%3D%3D\"><br \/>\n\t\t<\/a><br \/>\n\t\t\t\t\t\t\t<svg aria-hidden=\"true\" viewBox=\"0 0 1000 1000\" xmlns=\"http:\/\/www.w3.org\/2000\/svg\"><path d=\"M646 125C629 125 613 133 604 142L308 442C296 454 292 471 292 487 292 504 296 521 308 533L604 854C617 867 629 875 646 875 663 875 679 871 692 858 704 846 713 829 713 812 713 796 708 779 692 767L438 487 692 225C700 217 708 204 708 187 708 171 704 154 692 142 675 129 663 125 646 125Z\"><\/path><\/svg><br \/>\n\t\t\t\t\t\t\t<svg aria-hidden=\"true\" viewBox=\"0 0 1000 1000\" xmlns=\"http:\/\/www.w3.org\/2000\/svg\"><path d=\"M696 533C708 521 713 504 713 487 713 471 708 454 696 446L400 146C388 133 375 125 354 125 338 125 325 129 313 142 300 154 292 171 292 187 292 204 296 221 308 233L563 492 304 771C292 783 288 800 288 817 288 833 296 850 308 863 321 871 338 875 354 875 371 875 388 867 400 854L696 533Z\"><\/path><\/svg>\t\t\t\t\t\t<\/p>\n<details id=\"e-n-accordion-item-2340\" open>\n<summary data-accordion-index=\"1\" tabindex=\"0\" aria-expanded=\"true\" aria-controls=\"e-n-accordion-item-2340\" >\n\t\t\t\t\t Beeintr\u00e4chtigt eine Haartransplantation die m\u00e4nnliche Fruchtbarkeit?<br \/>\n\t\t\t<svg aria-hidden=\"true\" viewBox=\"0 0 448 512\" xmlns=\"http:\/\/www.w3.org\/2000\/svg\"><path d=\"M416 208H32c-17.67 0-32 14.33-32 32v32c0 17.67 14.33 32 32 32h384c17.67 0 32-14.33 32-32v-32c0-17.67-14.33-32-32-32z\"><\/path><\/svg><br \/>\n\t\t\t<svg aria-hidden=\"true\" viewBox=\"0 0 448 512\" xmlns=\"http:\/\/www.w3.org\/2000\/svg\"><path d=\"M416 208H272V64c0-17.67-14.33-32-32-32h-32c-17.67 0-32 14.33-32 32v144H32c-17.67 0-32 14.33-32 32v32c0 17.67 14.33 32 32 32h144v144c0 17.67 14.33 32 32 32h32c17.67 0 32-14.33 32-32V304h144c17.67 0 32-14.33 32-32v-32c0-17.67-14.33-32-32-32z\"><\/path><\/svg><br \/>\n\t\t\t\t\t\t<\/summary>\n<p>Nein, Haartransplantationen haben keinen direkten Einfluss auf die m\u00e4nnliche Fruchtbarkeit. Das Verfahren konzentriert sich auf die Kopfhaut und hat keinen Einfluss auf die reproduktive Gesundheit.<\/p>\n<\/details>\n<details id=\"e-n-accordion-item-2341\" >\n<summary data-accordion-index=\"2\" tabindex=\"-1\" aria-expanded=\"false\" aria-controls=\"e-n-accordion-item-2341\" >\n\t\t\t\t\t Kann die An\u00e4sthesie w\u00e4hrend des Eingriffs die Fruchtbarkeit beeintr\u00e4chtigen?<br \/>\n\t\t\t<svg aria-hidden=\"true\" viewBox=\"0 0 448 512\" xmlns=\"http:\/\/www.w3.org\/2000\/svg\"><path d=\"M416 208H32c-17.67 0-32 14.33-32 32v32c0 17.67 14.33 32 32 32h384c17.67 0 32-14.33 32-32v-32c0-17.67-14.33-32-32-32z\"><\/path><\/svg><br \/>\n\t\t\t<svg aria-hidden=\"true\" viewBox=\"0 0 448 512\" xmlns=\"http:\/\/www.w3.org\/2000\/svg\"><path d=\"M416 208H272V64c0-17.67-14.33-32-32-32h-32c-17.67 0-32 14.33-32 32v144H32c-17.67 0-32 14.33-32 32v32c0 17.67 14.33 32 32 32h144v144c0 17.67 14.33 32 32 32h32c17.67 0 32-14.33 32-32V304h144c17.67 0 32-14.33 32-32v-32c0-17.67-14.33-32-32-32z\"><\/path><\/svg><br \/>\n\t\t\t\t\t\t<\/summary>\n<p>Im Allgemeinen werden die bei einer Haartransplantation verwendeten An\u00e4sthetika und Medikamente in sicheren Dosen verabreicht und haben wahrscheinlich keine dauerhaften Auswirkungen auf die Fruchtbarkeit.<\/p>\n<\/details>\n<details id=\"e-n-accordion-item-2342\" >\n<summary data-accordion-index=\"3\" tabindex=\"-1\" aria-expanded=\"false\" aria-controls=\"e-n-accordion-item-2342\" >\n\t\t\t\t\t Wie wirkt sich der Stress im Zusammenhang mit dem Verfahren auf die Fruchtbarkeit aus?<br \/>\n\t\t\t<svg aria-hidden=\"true\" viewBox=\"0 0 448 512\" xmlns=\"http:\/\/www.w3.org\/2000\/svg\"><path d=\"M416 208H32c-17.67 0-32 14.33-32 32v32c0 17.67 14.33 32 32 32h384c17.67 0 32-14.33 32-32v-32c0-17.67-14.33-32-32-32z\"><\/path><\/svg><br \/>\n\t\t\t<svg aria-hidden=\"true\" viewBox=\"0 0 448 512\" xmlns=\"http:\/\/www.w3.org\/2000\/svg\"><path d=\"M416 208H272V64c0-17.67-14.33-32-32-32h-32c-17.67 0-32 14.33-32 32v144H32c-17.67 0-32 14.33-32 32v32c0 17.67 14.33 32 32 32h144v144c0 17.67 14.33 32 32 32h32c17.67 0 32-14.33 32-32V304h144c17.67 0 32-14.33 32-32v-32c0-17.67-14.33-32-32-32z\"><\/path><\/svg><br \/>\n\t\t\t\t\t\t<\/summary>\n<p>Stress kann sich zwar vor\u00fcbergehend auf das hormonelle Gleichgewicht und die reproduktive Gesundheit auswirken, doch handelt es sich dabei in der Regel um einen kurzfristigen Effekt, der nach der Erholung wieder verschwindet.<\/p>\n<\/details>\n<details id=\"e-n-accordion-item-2343\" >\n<summary data-accordion-index=\"4\" tabindex=\"-1\" aria-expanded=\"false\" aria-controls=\"e-n-accordion-item-2343\" >\n\t\t\t\t\t Gibt es langfristige Auswirkungen von Haartransplantationsmedikamenten auf die Fruchtbarkeit?<br \/>\n\t\t\t<svg aria-hidden=\"true\" viewBox=\"0 0 448 512\" xmlns=\"http:\/\/www.w3.org\/2000\/svg\"><path d=\"M416 208H32c-17.67 0-32 14.33-32 32v32c0 17.67 14.33 32 32 32h384c17.67 0 32-14.33 32-32v-32c0-17.67-14.33-32-32-32z\"><\/path><\/svg><br \/>\n\t\t\t<svg aria-hidden=\"true\" viewBox=\"0 0 448 512\" xmlns=\"http:\/\/www.w3.org\/2000\/svg\"><path d=\"M416 208H272V64c0-17.67-14.33-32-32-32h-32c-17.67 0-32 14.33-32 32v144H32c-17.67 0-32 14.33-32 32v32c0 17.67 14.33 32 32 32h144v144c0 17.67 14.33 32 32 32h32c17.67 0 32-14.33 32-32V304h144c17.67 0 32-14.33 32-32v-32c0-17.67-14.33-32-32-32z\"><\/path><\/svg><br \/>\n\t\t\t\t\t\t<\/summary>\n<p>Es sind keine langfristigen Auswirkungen der bei der Haartransplantation verwendeten Medikamente auf die Fruchtbarkeit bekannt. Die Patienten sollten ihre Bedenken mit ihrem medizinischen Betreuer besprechen.<\/p>\n<\/details>\n<details id=\"e-n-accordion-item-2344\" >\n<summary data-accordion-index=\"5\" tabindex=\"-1\" aria-expanded=\"false\" aria-controls=\"e-n-accordion-item-2344\" >\n\t\t\t\t\t Ist eine Haartransplantation sicher, wenn ich Kinder haben m\u00f6chte?<br \/>\n\t\t\t<svg aria-hidden=\"true\" viewBox=\"0 0 448 512\" xmlns=\"http:\/\/www.w3.org\/2000\/svg\"><path d=\"M416 208H32c-17.67 0-32 14.33-32 32v32c0 17.67 14.33 32 32 32h384c17.67 0 32-14.33 32-32v-32c0-17.67-14.33-32-32-32z\"><\/path><\/svg><br \/>\n\t\t\t<svg aria-hidden=\"true\" viewBox=\"0 0 448 512\" xmlns=\"http:\/\/www.w3.org\/2000\/svg\"><path d=\"M416 208H272V64c0-17.67-14.33-32-32-32h-32c-17.67 0-32 14.33-32 32v144H32c-17.67 0-32 14.33-32 32v32c0 17.67 14.33 32 32 32h144v144c0 17.67 14.33 32 32 32h32c17.67 0 32-14.33 32-32V304h144c17.67 0 32-14.33 32-32v-32c0-17.67-14.33-32-32-32z\"><\/path><\/svg><br \/>\n\t\t\t\t\t\t<\/summary>\n<p>Ja, eine Haartransplantation ist unbedenklich, wenn Sie einen Kinderwunsch haben, da der Eingriff die Fruchtbarkeit nicht beeintr\u00e4chtigt.<\/p>\n<\/details>\n<details id=\"e-n-accordion-item-2345\" >\n<summary data-accordion-index=\"6\" tabindex=\"-1\" aria-expanded=\"false\" aria-controls=\"e-n-accordion-item-2345\" >\n\t\t\t\t\t Kann ich mit meinem Chirurgen \u00fcber Fruchtbarkeitsfragen sprechen?<br \/>\n\t\t\t<svg aria-hidden=\"true\" viewBox=\"0 0 448 512\" xmlns=\"http:\/\/www.w3.org\/2000\/svg\"><path d=\"M416 208H32c-17.67 0-32 14.33-32 32v32c0 17.67 14.33 32 32 32h384c17.67 0 32-14.33 32-32v-32c0-17.67-14.33-32-32-32z\"><\/path><\/svg><br \/>\n\t\t\t<svg aria-hidden=\"true\" viewBox=\"0 0 448 512\" xmlns=\"http:\/\/www.w3.org\/2000\/svg\"><path d=\"M416 208H272V64c0-17.67-14.33-32-32-32h-32c-17.67 0-32 14.33-32 32v144H32c-17.67 0-32 14.33-32 32v32c0 17.67 14.33 32 32 32h144v144c0 17.67 14.33 32 32 32h32c17.67 0 32-14.33 32-32V304h144c17.67 0 32-14.33 32-32v-32c0-17.67-14.33-32-32-32z\"><\/path><\/svg><br \/>\n\t\t\t\t\t\t<\/summary>\n<p>Es ist auf jeden Fall ratsam, alle Bedenken mit Ihrem Chirurgen zu besprechen, um sicherzustellen, dass Sie umfassend informiert sind und sich mit dem Verfahren wohl f\u00fchlen.<\/p>\n<\/details>\n<p>Nein, Haartransplantationen haben keinen direkten Einfluss auf die m\u00e4nnliche Fruchtbarkeit. Das Verfahren konzentriert sich auf die Kopfhaut und hat keinen Einfluss auf die reproduktive Gesundheit.<\/p>\n<p>Im Allgemeinen werden die bei einer Haartransplantation verwendeten An\u00e4sthetika und Medikamente in sicheren Dosen verabreicht und haben wahrscheinlich keine dauerhaften Auswirkungen auf die Fruchtbarkeit.<\/p>\n<p>Stress kann sich zwar vor\u00fcbergehend auf das hormonelle Gleichgewicht und die reproduktive Gesundheit auswirken, doch handelt es sich dabei in der Regel um einen kurzfristigen Effekt, der nach der Erholung wieder verschwindet.<\/p>\n<p>Es sind keine langfristigen Auswirkungen der bei der Haartransplantation verwendeten Medikamente auf die Fruchtbarkeit bekannt. Die Patienten sollten ihre Bedenken mit ihrem medizinischen Betreuer besprechen.<\/p>\n<p>Ja, eine Haartransplantation ist unbedenklich, wenn Sie einen Kinderwunsch haben, da der Eingriff die Fruchtbarkeit nicht beeintr\u00e4chtigt.<\/p>\n<p>Es ist auf jeden Fall ratsam, alle Bedenken mit Ihrem Chirurgen zu besprechen, um sicherzustellen, dass Sie umfassend informiert sind und sich mit dem Verfahren wohl f\u00fchlen.<\/p>\n","protected":false},"excerpt":{"rendered":"<p>Inhaltsverzeichnis Viele M\u00e4nner, die eine Haartransplantation in Betracht ziehen, haben oft Bedenken hinsichtlich m\u00f6glicher Auswirkungen auf ihre allgemeine Gesundheit, einschlie\u00dflich der Fruchtbarkeit. Eine Haartransplantation ist ein chirurgischer Eingriff, bei dem Haarfollikel von einer Spenderstelle in kahle oder sch\u00fcttere Bereiche der Kopfhaut verpflanzt werden. F\u00fcr diejenigen, die diese Art der Haarwiederherstellung in Betracht ziehen, ist es [&hellip;]<\/p>\n","protected":false},"author":6,"featured_media":0,"parent":7845,"menu_order":0,"comment_status":"closed","ping_status":"closed","template":"","meta":{"footnotes":""},"class_list":["post-29839","page","type-page","status-publish","hentry"],"_links":{"self":[{"href":"https:\/\/drterziler.com\/de\/wp-json\/wp\/v2\/pages\/29839","targetHints":{"allow":["GET"]}}],"collection":[{"href":"https:\/\/drterziler.com\/de\/wp-json\/wp\/v2\/pages"}],"about":[{"href":"https:\/\/drterziler.com\/de\/wp-json\/wp\/v2\/types\/page"}],"author":[{"embeddable":true,"href":"https:\/\/drterziler.com\/de\/wp-json\/wp\/v2\/users\/6"}],"replies":[{"embeddable":true,"href":"https:\/\/drterziler.com\/de\/wp-json\/wp\/v2\/comments?post=29839"}],"version-history":[{"count":5,"href":"https:\/\/drterziler.com\/de\/wp-json\/wp\/v2\/pages\/29839\/revisions"}],"predecessor-version":[{"id":43709,"href":"https:\/\/drterziler.com\/de\/wp-json\/wp\/v2\/pages\/29839\/revisions\/43709"}],"up":[{"embeddable":true,"href":"https:\/\/drterziler.com\/de\/wp-json\/wp\/v2\/pages\/7845"}],"wp:attachment":[{"href":"https:\/\/drterziler.com\/de\/wp-json\/wp\/v2\/media?parent=29839"}],"curies":[{"name":"wp","href":"https:\/\/api.w.org\/{rel}","templated":true}]}}