{"id":29841,"date":"2024-10-28T17:37:34","date_gmt":"2024-10-28T17:37:34","guid":{"rendered":"https:\/\/drterziler.com\/alkohol-vor-nach-der-operation\/"},"modified":"2025-06-13T08:58:48","modified_gmt":"2025-06-13T08:58:48","slug":"alkohol-vor-nach-der-operation","status":"publish","type":"page","link":"https:\/\/drterziler.com\/de\/haartransplantation\/faq\/alkohol-vor-nach-der-operation\/","title":{"rendered":"Alkohol vor und nach der Haartransplantation"},"content":{"rendered":"<nav aria-label=\"breadcrumbs\" class=\"rank-math-breadcrumb\"><p><span class=\"last\">Dr. Terziler<\/span><\/p><\/nav>\n<h4>\n\t\t\t\tInhaltsverzeichnis\t\t\t<\/h4>\n<p>\t\t\t\t\t\t\t<svg aria-hidden=\"true\" viewBox=\"0 0 448 512\" xmlns=\"http:\/\/www.w3.org\/2000\/svg\"><path d=\"M207.029 381.476L12.686 187.132c-9.373-9.373-9.373-24.569 0-33.941l22.667-22.667c9.357-9.357 24.522-9.375 33.901-.04L224 284.505l154.745-154.021c9.379-9.335 24.544-9.317 33.901.04l22.667 22.667c9.373 9.373 9.373 24.569 0 33.941L240.971 381.476c-9.373 9.372-24.569 9.372-33.942 0z\"><\/path><\/svg><br \/>\n\t\t\t\t<svg aria-hidden=\"true\" viewBox=\"0 0 448 512\" xmlns=\"http:\/\/www.w3.org\/2000\/svg\"><path d=\"M240.971 130.524l194.343 194.343c9.373 9.373 9.373 24.569 0 33.941l-22.667 22.667c-9.357 9.357-24.522 9.375-33.901.04L224 227.495 69.255 381.516c-9.379 9.335-24.544 9.317-33.901-.04l-22.667-22.667c-9.373-9.373-9.373-24.569 0-33.941L207.03 130.525c9.372-9.373 24.568-9.373 33.941-.001z\"><\/path><\/svg><br \/>\n\t\t\t\t<svg aria-hidden=\"true\" viewBox=\"0 0 1000 1000\" xmlns=\"http:\/\/www.w3.org\/2000\/svg\"><path d=\"M500 975V858C696 858 858 696 858 500S696 142 500 142 142 304 142 500H25C25 237 238 25 500 25S975 237 975 500 763 975 500 975Z\"><\/path><\/svg><br \/>\n\t\t\t\t\t\t\t\t\t\t\t\t\t\t\t\t\t\t\t\t\t\t<img loading=\"lazy\" decoding=\"async\" width=\"929\" height=\"738\" src=\"https:\/\/drterziler.com\/wp-content\/uploads\/2024\/10\/alcohol-before-after-hair-transplant.png\" alt=\"\" srcset=\"https:\/\/drterziler.com\/wp-content\/uploads\/2024\/10\/alcohol-before-after-hair-transplant.png 929w, https:\/\/drterziler.com\/wp-content\/uploads\/2024\/10\/alcohol-before-after-hair-transplant-300x238.png 300w, https:\/\/drterziler.com\/wp-content\/uploads\/2024\/10\/alcohol-before-after-hair-transplant-768x610.png 768w\" sizes=\"auto, (max-width: 929px) 100vw, 929px\">\t\t\t\t\t\t\t\t\t\t\t\t\t<\/p>\n<p>Alkoholkonsum ist f\u00fcr viele Menschen eine g\u00e4ngige Praxis, aber bei Haartransplantationen ist es wichtig, die Auswirkungen auf den K\u00f6rper und den Heilungsprozess zu ber\u00fccksichtigen. Wenn man die Auswirkungen des Alkoholkonsums vor und nach einer Haartransplantation versteht, kann dies zu optimalen Ergebnissen und einer reibungsloseren Genesung beitragen.<\/p>\n<h2>Alkoholkonsum vor einer Haartransplantation<\/h2>\n<p>Vor einer Haartransplantation ist es ratsam, den Alkoholkonsum einzuschr\u00e4nken. Alkohol kann die Durchblutung beeintr\u00e4chtigen und zu Dehydrierung f\u00fchren, was sich nachteilig auf die allgemeine Gesundheit und die Genesung auswirkt. Vor dem Eingriff ist es wichtig, ausreichend Fl\u00fcssigkeit zu sich zu nehmen. Dar\u00fcber hinaus wirkt Alkohol blutverd\u00fcnnend und erh\u00f6ht das Risiko von Blutungen w\u00e4hrend und nach der Operation. Um Komplikationen zu minimieren, wird den Patienten in der Regel empfohlen, mindestens 48 Stunden vor der Transplantation auf Alkohol zu verzichten. Wenn der Eingriff eine Narkose erfordert, kann der Konsum von Alkohol die Reaktion des K\u00f6rpers auf die Medikamente beeintr\u00e4chtigen und m\u00f6glicherweise zu Komplikationen f\u00fchren.<\/p>\n<h2>Alkoholkonsum nach einer Haartransplantation<\/h2>\n<p>Nach der Haartransplantation ist die Aufrechterhaltung der Fl\u00fcssigkeitszufuhr f\u00fcr die Genesung von entscheidender Bedeutung. W\u00e4hrend ein m\u00e4\u00dfiger Alkoholkonsum im Allgemeinen akzeptabel ist, sollten Patienten darauf achten, gen\u00fcgend Wasser zu trinken, um die entw\u00e4ssernde Wirkung des Alkohols auszugleichen. Dar\u00fcber hinaus kann Alkohol bei manchen Menschen die Schmerzempfindlichkeit erh\u00f6hen. Daher kann es sinnvoll sein, den Alkoholkonsum einzuschr\u00e4nken, bis die Beschwerden abgeklungen sind. Ein m\u00e4\u00dfiger Alkoholkonsum beeintr\u00e4chtigt die Heilung wahrscheinlich nicht wesentlich, aber \u00fcberm\u00e4\u00dfiger Konsum kann die Schlafqualit\u00e4t beeintr\u00e4chtigen, die f\u00fcr die Genesung unerl\u00e4sslich ist. Schlafst\u00f6rungen k\u00f6nnen die nat\u00fcrlichen Heilungsprozesse des K\u00f6rpers behindern, daher ist es ratsam, den Alkoholkonsum, insbesondere sp\u00e4ter am Tag, zu \u00fcberwachen. Patienten sollten sich immer an die Anweisungen ihres Chirurgen zur postoperativen Versorgung halten und alle spezifischen Richtlinien zum Alkoholkonsum befolgen, um eine optimale Heilung und optimale Ergebnisse zu gew\u00e4hrleisten.<\/p>\n<p>\t\t\t\t\t\t\t<a href=\"https:\/\/drterziler.com\/wp-content\/uploads\/2024\/09\/2500-graft-hair-transplant-before-after.jpg\" data-elementor-open-lightbox=\"yes\" data-elementor-lightbox-slideshow=\"5fcda46\" data-elementor-lightbox-title=\"2500-graft-hair-transplant-before-after\" data-e-action-hash=\"#elementor-action%3Aaction%3Dlightbox%26settings%3DeyJpZCI6NzUzMSwidXJsIjoiaHR0cHM6XC9cL2RydGVyemlsZXIuY29tXC93cC1jb250ZW50XC91cGxvYWRzXC8yMDI0XC8wOVwvMjUwMC1ncmFmdC1oYWlyLXRyYW5zcGxhbnQtYmVmb3JlLWFmdGVyLmpwZyIsInNsaWRlc2hvdyI6IjVmY2RhNDYifQ%3D%3D\"><br \/>\n\t\t<\/a><br \/>\n\t\t\t\t\t\t\t<a href=\"https:\/\/drterziler.com\/wp-content\/uploads\/2024\/09\/3000-graft-hair-transplant-before-after.jpg\" data-elementor-open-lightbox=\"yes\" data-elementor-lightbox-slideshow=\"5fcda46\" data-elementor-lightbox-title=\"3000-graft-hair-transplant-before-after\" data-e-action-hash=\"#elementor-action%3Aaction%3Dlightbox%26settings%3DeyJpZCI6NzUzNywidXJsIjoiaHR0cHM6XC9cL2RydGVyemlsZXIuY29tXC93cC1jb250ZW50XC91cGxvYWRzXC8yMDI0XC8wOVwvMzAwMC1ncmFmdC1oYWlyLXRyYW5zcGxhbnQtYmVmb3JlLWFmdGVyLmpwZyIsInNsaWRlc2hvdyI6IjVmY2RhNDYifQ%3D%3D\"><br \/>\n\t\t<\/a><br \/>\n\t\t\t\t\t\t\t<a href=\"https:\/\/drterziler.com\/wp-content\/uploads\/2024\/09\/3500-graft-hair-transplant-before-after.jpg\" data-elementor-open-lightbox=\"yes\" data-elementor-lightbox-slideshow=\"5fcda46\" data-elementor-lightbox-title=\"3500-graft-hair-transplant-before-after\" data-e-action-hash=\"#elementor-action%3Aaction%3Dlightbox%26settings%3DeyJpZCI6NzU0MywidXJsIjoiaHR0cHM6XC9cL2RydGVyemlsZXIuY29tXC93cC1jb250ZW50XC91cGxvYWRzXC8yMDI0XC8wOVwvMzUwMC1ncmFmdC1oYWlyLXRyYW5zcGxhbnQtYmVmb3JlLWFmdGVyLmpwZyIsInNsaWRlc2hvdyI6IjVmY2RhNDYifQ%3D%3D\"><br \/>\n\t\t<\/a><br \/>\n\t\t\t\t\t\t\t<a href=\"https:\/\/drterziler.com\/wp-content\/uploads\/2024\/09\/4000-graft-hair-transplant-before-after.jpg\" data-elementor-open-lightbox=\"yes\" data-elementor-lightbox-slideshow=\"5fcda46\" data-elementor-lightbox-title=\"4000-graft-hair-transplant-before-after\" data-e-action-hash=\"#elementor-action%3Aaction%3Dlightbox%26settings%3DeyJpZCI6NzU0OSwidXJsIjoiaHR0cHM6XC9cL2RydGVyemlsZXIuY29tXC93cC1jb250ZW50XC91cGxvYWRzXC8yMDI0XC8wOVwvNDAwMC1ncmFmdC1oYWlyLXRyYW5zcGxhbnQtYmVmb3JlLWFmdGVyLmpwZyIsInNsaWRlc2hvdyI6IjVmY2RhNDYifQ%3D%3D\"><br \/>\n\t\t<\/a><br \/>\n\t\t\t\t\t\t\t<a href=\"https:\/\/drterziler.com\/wp-content\/uploads\/2024\/09\/4500-graft-hair-transplant-before-after.jpg\" data-elementor-open-lightbox=\"yes\" data-elementor-lightbox-slideshow=\"5fcda46\" data-elementor-lightbox-title=\"4500-graft-hair-transplant-before-after\" data-e-action-hash=\"#elementor-action%3Aaction%3Dlightbox%26settings%3DeyJpZCI6NzU1NSwidXJsIjoiaHR0cHM6XC9cL2RydGVyemlsZXIuY29tXC93cC1jb250ZW50XC91cGxvYWRzXC8yMDI0XC8wOVwvNDUwMC1ncmFmdC1oYWlyLXRyYW5zcGxhbnQtYmVmb3JlLWFmdGVyLmpwZyIsInNsaWRlc2hvdyI6IjVmY2RhNDYifQ%3D%3D\"><br \/>\n\t\t<\/a><br \/>\n\t\t\t\t\t\t\t<a href=\"https:\/\/drterziler.com\/wp-content\/uploads\/2024\/09\/5200-graft-hair-transplant-before-after.jpg\" data-elementor-open-lightbox=\"yes\" data-elementor-lightbox-slideshow=\"5fcda46\" data-elementor-lightbox-title=\"5200-graft-hair-transplant-before-after\" data-e-action-hash=\"#elementor-action%3Aaction%3Dlightbox%26settings%3DeyJpZCI6NzU2MSwidXJsIjoiaHR0cHM6XC9cL2RydGVyemlsZXIuY29tXC93cC1jb250ZW50XC91cGxvYWRzXC8yMDI0XC8wOVwvNTIwMC1ncmFmdC1oYWlyLXRyYW5zcGxhbnQtYmVmb3JlLWFmdGVyLmpwZyIsInNsaWRlc2hvdyI6IjVmY2RhNDYifQ%3D%3D\"><br \/>\n\t\t<\/a><br \/>\n\t\t\t\t\t\t\t<a href=\"https:\/\/drterziler.com\/wp-content\/uploads\/2024\/09\/5300-graft-hair-transplant-before-after.jpg\" data-elementor-open-lightbox=\"yes\" data-elementor-lightbox-slideshow=\"5fcda46\" data-elementor-lightbox-title=\"5300-graft-hair-transplant-before-after\" data-e-action-hash=\"#elementor-action%3Aaction%3Dlightbox%26settings%3DeyJpZCI6NzU2NywidXJsIjoiaHR0cHM6XC9cL2RydGVyemlsZXIuY29tXC93cC1jb250ZW50XC91cGxvYWRzXC8yMDI0XC8wOVwvNTMwMC1ncmFmdC1oYWlyLXRyYW5zcGxhbnQtYmVmb3JlLWFmdGVyLmpwZyIsInNsaWRlc2hvdyI6IjVmY2RhNDYifQ%3D%3D\"><br \/>\n\t\t<\/a><br \/>\n\t\t\t\t\t\t\t<svg aria-hidden=\"true\" viewBox=\"0 0 1000 1000\" xmlns=\"http:\/\/www.w3.org\/2000\/svg\"><path d=\"M646 125C629 125 613 133 604 142L308 442C296 454 292 471 292 487 292 504 296 521 308 533L604 854C617 867 629 875 646 875 663 875 679 871 692 858 704 846 713 829 713 812 713 796 708 779 692 767L438 487 692 225C700 217 708 204 708 187 708 171 704 154 692 142 675 129 663 125 646 125Z\"><\/path><\/svg><br \/>\n\t\t\t\t\t\t\t<svg aria-hidden=\"true\" viewBox=\"0 0 1000 1000\" xmlns=\"http:\/\/www.w3.org\/2000\/svg\"><path d=\"M696 533C708 521 713 504 713 487 713 471 708 454 696 446L400 146C388 133 375 125 354 125 338 125 325 129 313 142 300 154 292 171 292 187 292 204 296 221 308 233L563 492 304 771C292 783 288 800 288 817 288 833 296 850 308 863 321 871 338 875 354 875 371 875 388 867 400 854L696 533Z\"><\/path><\/svg>\t\t\t\t\t\t<\/p>\n<details id=\"e-n-accordion-item-2340\" open>\n<summary data-accordion-index=\"1\" tabindex=\"0\" aria-expanded=\"true\" aria-controls=\"e-n-accordion-item-2340\" >\n\t\t\t\t\t Ist es unbedenklich, vor einer Haartransplantation Alkohol zu trinken?<br \/>\n\t\t\t<svg aria-hidden=\"true\" viewBox=\"0 0 448 512\" xmlns=\"http:\/\/www.w3.org\/2000\/svg\"><path d=\"M416 208H32c-17.67 0-32 14.33-32 32v32c0 17.67 14.33 32 32 32h384c17.67 0 32-14.33 32-32v-32c0-17.67-14.33-32-32-32z\"><\/path><\/svg><br \/>\n\t\t\t<svg aria-hidden=\"true\" viewBox=\"0 0 448 512\" xmlns=\"http:\/\/www.w3.org\/2000\/svg\"><path d=\"M416 208H272V64c0-17.67-14.33-32-32-32h-32c-17.67 0-32 14.33-32 32v144H32c-17.67 0-32 14.33-32 32v32c0 17.67 14.33 32 32 32h144v144c0 17.67 14.33 32 32 32h32c17.67 0 32-14.33 32-32V304h144c17.67 0 32-14.33 32-32v-32c0-17.67-14.33-32-32-32z\"><\/path><\/svg><br \/>\n\t\t\t\t\t\t<\/summary>\n<p>Obwohl m\u00e4\u00dfiger Alkoholkonsum im Allgemeinen unbedenklich ist, ist es ratsam, mindestens 48 Stunden vor dem Eingriff auf Alkohol zu verzichten, um das Risiko von Blutungen und Komplikationen zu verringern.<\/p>\n<\/details>\n<details id=\"e-n-accordion-item-2341\" >\n<summary data-accordion-index=\"2\" tabindex=\"-1\" aria-expanded=\"false\" aria-controls=\"e-n-accordion-item-2341\" >\n\t\t\t\t\t Wie wirkt sich Alkohol auf die Heilung nach einer Haartransplantation aus?<br \/>\n\t\t\t<svg aria-hidden=\"true\" viewBox=\"0 0 448 512\" xmlns=\"http:\/\/www.w3.org\/2000\/svg\"><path d=\"M416 208H32c-17.67 0-32 14.33-32 32v32c0 17.67 14.33 32 32 32h384c17.67 0 32-14.33 32-32v-32c0-17.67-14.33-32-32-32z\"><\/path><\/svg><br \/>\n\t\t\t<svg aria-hidden=\"true\" viewBox=\"0 0 448 512\" xmlns=\"http:\/\/www.w3.org\/2000\/svg\"><path d=\"M416 208H272V64c0-17.67-14.33-32-32-32h-32c-17.67 0-32 14.33-32 32v144H32c-17.67 0-32 14.33-32 32v32c0 17.67 14.33 32 32 32h144v144c0 17.67 14.33 32 32 32h32c17.67 0 32-14.33 32-32V304h144c17.67 0 32-14.33 32-32v-32c0-17.67-14.33-32-32-32z\"><\/path><\/svg><br \/>\n\t\t\t\t\t\t<\/summary>\n<p>Alkohol kann den K\u00f6rper dehydrieren und Entz\u00fcndungen f\u00f6rdern, was den Heilungsprozess behindern und das Haarwachstum negativ beeinflussen kann.<\/p>\n<\/details>\n<details id=\"e-n-accordion-item-2342\" >\n<summary data-accordion-index=\"3\" tabindex=\"-1\" aria-expanded=\"false\" aria-controls=\"e-n-accordion-item-2342\" >\n\t\t\t\t\t Wann kann ich den Alkoholkonsum nach einer Haartransplantation wieder aufnehmen?<br \/>\n\t\t\t<svg aria-hidden=\"true\" viewBox=\"0 0 448 512\" xmlns=\"http:\/\/www.w3.org\/2000\/svg\"><path d=\"M416 208H32c-17.67 0-32 14.33-32 32v32c0 17.67 14.33 32 32 32h384c17.67 0 32-14.33 32-32v-32c0-17.67-14.33-32-32-32z\"><\/path><\/svg><br \/>\n\t\t\t<svg aria-hidden=\"true\" viewBox=\"0 0 448 512\" xmlns=\"http:\/\/www.w3.org\/2000\/svg\"><path d=\"M416 208H272V64c0-17.67-14.33-32-32-32h-32c-17.67 0-32 14.33-32 32v144H32c-17.67 0-32 14.33-32 32v32c0 17.67 14.33 32 32 32h144v144c0 17.67 14.33 32 32 32h32c17.67 0 32-14.33 32-32V304h144c17.67 0 32-14.33 32-32v-32c0-17.67-14.33-32-32-32z\"><\/path><\/svg><br \/>\n\t\t\t\t\t\t<\/summary>\n<p>Im Allgemeinen wird den Patienten empfohlen, nach dem Eingriff mindestens eine Woche lang keinen Alkohol zu trinken, aber am besten halten Sie sich an die spezifischen Richtlinien Ihres Chirurgen.<\/p>\n<\/details>\n<details id=\"e-n-accordion-item-2343\" >\n<summary data-accordion-index=\"4\" tabindex=\"-1\" aria-expanded=\"false\" aria-controls=\"e-n-accordion-item-2343\" >\n\t\t\t\t\t Kann Alkohol die An\u00e4sthesie w\u00e4hrend des Eingriffs beeintr\u00e4chtigen?<br \/>\n\t\t\t<svg aria-hidden=\"true\" viewBox=\"0 0 448 512\" xmlns=\"http:\/\/www.w3.org\/2000\/svg\"><path d=\"M416 208H32c-17.67 0-32 14.33-32 32v32c0 17.67 14.33 32 32 32h384c17.67 0 32-14.33 32-32v-32c0-17.67-14.33-32-32-32z\"><\/path><\/svg><br \/>\n\t\t\t<svg aria-hidden=\"true\" viewBox=\"0 0 448 512\" xmlns=\"http:\/\/www.w3.org\/2000\/svg\"><path d=\"M416 208H272V64c0-17.67-14.33-32-32-32h-32c-17.67 0-32 14.33-32 32v144H32c-17.67 0-32 14.33-32 32v32c0 17.67 14.33 32 32 32h144v144c0 17.67 14.33 32 32 32h32c17.67 0 32-14.33 32-32V304h144c17.67 0 32-14.33 32-32v-32c0-17.67-14.33-32-32-32z\"><\/path><\/svg><br \/>\n\t\t\t\t\t\t<\/summary>\n<p>Ja, Alkohol kann die Reaktion des K\u00f6rpers auf die Narkose beeintr\u00e4chtigen und m\u00f6glicherweise zu Komplikationen f\u00fchren, daher ist es wichtig, vor der Operation nicht zu trinken.<\/p>\n<\/details>\n<details id=\"e-n-accordion-item-2344\" >\n<summary data-accordion-index=\"5\" tabindex=\"-1\" aria-expanded=\"false\" aria-controls=\"e-n-accordion-item-2344\" >\n\t\t\t\t\t Wird Alkohol das Aussehen meiner Haare nach der Transplantation beeintr\u00e4chtigen?<br \/>\n\t\t\t<svg aria-hidden=\"true\" viewBox=\"0 0 448 512\" xmlns=\"http:\/\/www.w3.org\/2000\/svg\"><path d=\"M416 208H32c-17.67 0-32 14.33-32 32v32c0 17.67 14.33 32 32 32h384c17.67 0 32-14.33 32-32v-32c0-17.67-14.33-32-32-32z\"><\/path><\/svg><br \/>\n\t\t\t<svg aria-hidden=\"true\" viewBox=\"0 0 448 512\" xmlns=\"http:\/\/www.w3.org\/2000\/svg\"><path d=\"M416 208H272V64c0-17.67-14.33-32-32-32h-32c-17.67 0-32 14.33-32 32v144H32c-17.67 0-32 14.33-32 32v32c0 17.67 14.33 32 32 32h144v144c0 17.67 14.33 32 32 32h32c17.67 0 32-14.33 32-32V304h144c17.67 0 32-14.33 32-32v-32c0-17.67-14.33-32-32-32z\"><\/path><\/svg><br \/>\n\t\t\t\t\t\t<\/summary>\n<p>\u00dcberm\u00e4\u00dfiger Alkoholkonsum kann sich negativ auf die allgemeine Gesundheit auswirken, was sich indirekt auch auf die Qualit\u00e4t und das Wachstum der Haare nach der Transplantation auswirken kann.<\/p>\n<\/details>\n<details id=\"e-n-accordion-item-2345\" >\n<summary data-accordion-index=\"6\" tabindex=\"-1\" aria-expanded=\"false\" aria-controls=\"e-n-accordion-item-2345\" >\n\t\t\t\t\t Wie kann ich meine Genesung nach einer Haartransplantation unterst\u00fctzen?<br \/>\n\t\t\t<svg aria-hidden=\"true\" viewBox=\"0 0 448 512\" xmlns=\"http:\/\/www.w3.org\/2000\/svg\"><path d=\"M416 208H32c-17.67 0-32 14.33-32 32v32c0 17.67 14.33 32 32 32h384c17.67 0 32-14.33 32-32v-32c0-17.67-14.33-32-32-32z\"><\/path><\/svg><br \/>\n\t\t\t<svg aria-hidden=\"true\" viewBox=\"0 0 448 512\" xmlns=\"http:\/\/www.w3.org\/2000\/svg\"><path d=\"M416 208H272V64c0-17.67-14.33-32-32-32h-32c-17.67 0-32 14.33-32 32v144H32c-17.67 0-32 14.33-32 32v32c0 17.67 14.33 32 32 32h144v144c0 17.67 14.33 32 32 32h32c17.67 0 32-14.33 32-32V304h144c17.67 0 32-14.33 32-32v-32c0-17.67-14.33-32-32-32z\"><\/path><\/svg><br \/>\n\t\t\t\t\t\t<\/summary>\n<p>Achten Sie auf ausreichende Fl\u00fcssigkeitszufuhr, eine ausgewogene Ern\u00e4hrung und die Einhaltung der postoperativen Pflegeanweisungen, um die Heilung zu unterst\u00fctzen und ein gesundes Haarwachstum zu f\u00f6rdern.<\/p>\n<\/details>\n<p>Obwohl m\u00e4\u00dfiger Alkoholkonsum im Allgemeinen unbedenklich ist, ist es ratsam, mindestens 48 Stunden vor dem Eingriff auf Alkohol zu verzichten, um das Risiko von Blutungen und Komplikationen zu verringern.<\/p>\n<p>Alkohol kann den K\u00f6rper dehydrieren und Entz\u00fcndungen f\u00f6rdern, was den Heilungsprozess behindern und das Haarwachstum negativ beeinflussen kann.<\/p>\n<p>Im Allgemeinen wird den Patienten empfohlen, nach dem Eingriff mindestens eine Woche lang keinen Alkohol zu trinken, aber am besten halten Sie sich an die spezifischen Richtlinien Ihres Chirurgen.<\/p>\n<p>Ja, Alkohol kann die Reaktion des K\u00f6rpers auf die Narkose beeintr\u00e4chtigen und m\u00f6glicherweise zu Komplikationen f\u00fchren, daher ist es wichtig, vor der Operation nicht zu trinken.<\/p>\n<p>\u00dcberm\u00e4\u00dfiger Alkoholkonsum kann sich negativ auf die allgemeine Gesundheit auswirken, was sich indirekt auch auf die Qualit\u00e4t und das Wachstum der Haare nach der Transplantation auswirken kann.<\/p>\n<p>Achten Sie auf ausreichende Fl\u00fcssigkeitszufuhr, eine ausgewogene Ern\u00e4hrung und die Einhaltung der postoperativen Pflegeanweisungen, um die Heilung zu unterst\u00fctzen und ein gesundes Haarwachstum zu f\u00f6rdern.<\/p>\n","protected":false},"excerpt":{"rendered":"<p>Inhaltsverzeichnis Alkoholkonsum ist f\u00fcr viele Menschen eine g\u00e4ngige Praxis, aber bei Haartransplantationen ist es wichtig, die Auswirkungen auf den K\u00f6rper und den Heilungsprozess zu ber\u00fccksichtigen. Wenn man die Auswirkungen des Alkoholkonsums vor und nach einer Haartransplantation versteht, kann dies zu optimalen Ergebnissen und einer reibungsloseren Genesung beitragen. Alkoholkonsum vor einer Haartransplantation Vor einer Haartransplantation ist [&hellip;]<\/p>\n","protected":false},"author":6,"featured_media":0,"parent":6105,"menu_order":0,"comment_status":"closed","ping_status":"closed","template":"","meta":{"footnotes":""},"class_list":["post-29841","page","type-page","status-publish","hentry"],"_links":{"self":[{"href":"https:\/\/drterziler.com\/de\/wp-json\/wp\/v2\/pages\/29841","targetHints":{"allow":["GET"]}}],"collection":[{"href":"https:\/\/drterziler.com\/de\/wp-json\/wp\/v2\/pages"}],"about":[{"href":"https:\/\/drterziler.com\/de\/wp-json\/wp\/v2\/types\/page"}],"author":[{"embeddable":true,"href":"https:\/\/drterziler.com\/de\/wp-json\/wp\/v2\/users\/6"}],"replies":[{"embeddable":true,"href":"https:\/\/drterziler.com\/de\/wp-json\/wp\/v2\/comments?post=29841"}],"version-history":[{"count":5,"href":"https:\/\/drterziler.com\/de\/wp-json\/wp\/v2\/pages\/29841\/revisions"}],"predecessor-version":[{"id":43664,"href":"https:\/\/drterziler.com\/de\/wp-json\/wp\/v2\/pages\/29841\/revisions\/43664"}],"up":[{"embeddable":true,"href":"https:\/\/drterziler.com\/de\/wp-json\/wp\/v2\/pages\/6105"}],"wp:attachment":[{"href":"https:\/\/drterziler.com\/de\/wp-json\/wp\/v2\/media?parent=29841"}],"curies":[{"name":"wp","href":"https:\/\/api.w.org\/{rel}","templated":true}]}}