{"id":29847,"date":"2024-09-03T10:00:51","date_gmt":"2024-09-03T10:00:51","guid":{"rendered":"https:\/\/drterziler.com\/wie-viel-grafts-brauchen\/"},"modified":"2025-06-11T11:17:11","modified_gmt":"2025-06-11T11:17:11","slug":"wie-viel-grafts-brauchen","status":"publish","type":"page","link":"https:\/\/drterziler.com\/de\/haartransplantation\/was-ist-eine-haartransplantation\/wie-viel-grafts-brauchen\/","title":{"rendered":"Wie viele Haartransplantate ben\u00f6tige ich?"},"content":{"rendered":"<h1 class=\"content-title h1-header\">Wie viele Haartransplantate ben\u00f6tige ich?<\/h1>\n<nav aria-label=\"breadcrumbs\" class=\"rank-math-breadcrumb\"><p><span class=\"last\">Dr. Terziler<\/span><\/p><\/nav>\n<h4>\n\t\t\t\tInhaltsverzeichnis\t\t\t<\/h4>\n<p>\t\t\t\t\t\t\t<svg aria-hidden=\"true\" viewBox=\"0 0 448 512\" xmlns=\"http:\/\/www.w3.org\/2000\/svg\"><path d=\"M207.029 381.476L12.686 187.132c-9.373-9.373-9.373-24.569 0-33.941l22.667-22.667c9.357-9.357 24.522-9.375 33.901-.04L224 284.505l154.745-154.021c9.379-9.335 24.544-9.317 33.901.04l22.667 22.667c9.373 9.373 9.373 24.569 0 33.941L240.971 381.476c-9.373 9.372-24.569 9.372-33.942 0z\"><\/path><\/svg><br \/>\n\t\t\t\t<svg aria-hidden=\"true\" viewBox=\"0 0 448 512\" xmlns=\"http:\/\/www.w3.org\/2000\/svg\"><path d=\"M240.971 130.524l194.343 194.343c9.373 9.373 9.373 24.569 0 33.941l-22.667 22.667c-9.357 9.357-24.522 9.375-33.901.04L224 227.495 69.255 381.516c-9.379 9.335-24.544 9.317-33.901-.04l-22.667-22.667c-9.373-9.373-9.373-24.569 0-33.941L207.03 130.525c9.372-9.373 24.568-9.373 33.941-.001z\"><\/path><\/svg><br \/>\n\t\t\t\t<svg aria-hidden=\"true\" viewBox=\"0 0 1000 1000\" xmlns=\"http:\/\/www.w3.org\/2000\/svg\"><path d=\"M500 975V858C696 858 858 696 858 500S696 142 500 142 142 304 142 500H25C25 237 238 25 500 25S975 237 975 500 763 975 500 975Z\"><\/path><\/svg><br \/>\n\t\t\t\t\t\t\t\t\t\t\t\t\t\t\t\t\t\t\t\t\t\t<img loading=\"lazy\" decoding=\"async\" width=\"1700\" height=\"1080\" src=\"https:\/\/drterziler.com\/wp-content\/uploads\/2024\/08\/6.webp\" alt=\"\" srcset=\"https:\/\/drterziler.com\/wp-content\/uploads\/2024\/08\/6.webp 1700w, https:\/\/drterziler.com\/wp-content\/uploads\/2024\/08\/6-300x191.webp 300w, https:\/\/drterziler.com\/wp-content\/uploads\/2024\/08\/6-1024x651.webp 1024w, https:\/\/drterziler.com\/wp-content\/uploads\/2024\/08\/6-768x488.webp 768w, https:\/\/drterziler.com\/wp-content\/uploads\/2024\/08\/6-1536x976.webp 1536w\" sizes=\"auto, (max-width: 1700px) 100vw, 1700px\">\t\t\t\t\t\t\t\t\t\t\t\t\t<\/p>\n<h2>Haartransplantate verstehen<\/h2>\n<p>Bevor wir uns mit der Anzahl der ben\u00f6tigten Transplantate befassen, ist es wichtig zu verstehen, was ein Haartransplantat ist. Ein Haartransplantat ist ein kleines St\u00fcck Kopfhautgewebe, das ein bis vier Haarfollikel enth\u00e4lt. Diese Transplantate werden aus dem Spenderbereich (in der Regel am Hinterkopf) entnommen und in Bereiche mit Haarausfall verpflanzt.<\/p>\n<h2>Faktoren, die die Anzahl der ben\u00f6tigten Transplantate beeinflussen<\/h2>\n<p>Dr. Terziler, ein renommierter Experte f\u00fcr Haartransplantationen, betont, dass die Anzahl der ben\u00f6tigten Transplantate von Person zu Person unterschiedlich ist. Diese Anzahl wird von mehreren Faktoren beeinflusst:<\/p>\n<ul>\n<li>\n<p>Ausma\u00df des Haarausfalls<\/p>\n<\/li>\n<li>\n<p>Gew\u00fcnschte Dichte<\/p>\n<\/li>\n<li>\n<p>Qualit\u00e4t und Verf\u00fcgbarkeit von Spenderhaar<\/p>\n<\/li>\n<li>\n<p>Gr\u00f6\u00dfe des Empf\u00e4ngerbereichs<\/p>\n<\/li>\n<li>\n<p>Individuelle Haarmerkmale<\/p>\n<\/li>\n<\/ul>\n<h2>Sch\u00e4tzung des Transplantatbedarfs<\/h2>\n<p>Eine genaue Anzahl kann nur w\u00e4hrend einer pers\u00f6nlichen Beratung ermittelt werden. Hier finden Sie jedoch eine allgemeine Richtlinie:<\/p>\n<h3>Norwood-Skala und Transplantatsch\u00e4tzungen<\/h3>\n<ul>\n<li>\n<p>Norwood 2-3: 500-1500 Grafts<\/p>\n<\/li>\n<li>\n<p>Norwood 3V-4: 1500-3000 Grafts<\/p>\n<\/li>\n<li>\n<p>Norwood 4A-5: 3000-4000 Grafts<\/p>\n<\/li>\n<li>\n<p>Norwood 5A-6: 4000-6000 Grafts<\/p>\n<\/li>\n<\/ul>\n<p>Dr. Terziler weist darauf hin, dass es sich hierbei um grobe Sch\u00e4tzungen handelt, die je nach Einzelfall erheblich variieren k\u00f6nnen.<\/p>\n<h2>Die Bedeutung einer professionellen Beurteilung<\/h2>\n<p>Dr. Terziler betont die Bedeutung einer professionellen Beurteilung, um die genaue Anzahl der ben\u00f6tigten Transplantate zu bestimmen. Bei einer Beratung in der Dr. Terziler Exclusive Clinic werden fortschrittliche Techniken eingesetzt, um Folgendes zu analysieren:<\/p>\n<ul>\n<li>\n<p>Haarausfallmuster<\/p>\n<\/li>\n<li>\n<p>Zustand der Kopfhaut<\/p>\n<\/li>\n<li>\n<p>Kapazit\u00e4t des Spenderbereichs<\/p>\n<\/li>\n<li>\n<p>Haarqualit\u00e4t und -dichte<\/p>\n<\/li>\n<\/ul>\n<p>Diese umfassende Untersuchung gew\u00e4hrleistet einen individuellen Behandlungsplan, der auf die besonderen Bed\u00fcrfnisse jedes einzelnen Patienten zugeschnitten ist.<\/p>\n<h2>Maximierung der Transplantat\u00fcberlebensrate<\/h2>\n<p>Dr. Terziler betont, dass der Erfolg einer Haartransplantation nicht nur von der Anzahl der Transplantate abh\u00e4ngt, sondern auch von ihrer \u00dcberlebensrate. In seiner Klinik werden modernste Techniken wie die robotergest\u00fctzte DHI (Direct Hair Implantation) eingesetzt, um eine maximale Transplantat\u00fcberlebensrate und nat\u00fcrlich aussehende Ergebnisse zu gew\u00e4hrleisten.<\/p>\n<h2>Planung f\u00fcr die Zukunft<\/h2>\n<p>Bei der Bestimmung der Anzahl der Transplantate ber\u00fccksichtigt Dr. Terziler auch zuk\u00fcnftige Haarausfallmuster. Dieser vorausschauende Ansatz stellt sicher, dass das transplantierte Haar auch im Alter nat\u00fcrlich aussieht.<\/p>\n<h2>Schlussfolgerung<\/h2>\n<p>Die Bestimmung der Anzahl der ben\u00f6tigten Haartransplantate ist ein komplexer Prozess, der professionelles Fachwissen erfordert. Dr. Terziler und sein Team von der Dr. Terziler Exclusive Clinic bieten individuelle Beurteilungen an, um sicherzustellen, dass Sie die optimale Anzahl von Transplantaten f\u00fcr Ihre individuelle Situation erhalten. Denken Sie daran, dass es bei einer erfolgreichen Haartransplantation nicht nur um die Menge geht, sondern auch um die strategische Platzierung und langfristige Planung f\u00fcr nat\u00fcrlich aussehende Ergebnisse.<\/p>\n<p>Um eine genaue Einsch\u00e4tzung zu erhalten, wie viele Transplantate Sie ben\u00f6tigen, vereinbaren Sie einen Beratungstermin mit Dr. Terziler. Mit seinem Fachwissen und seinen fortschrittlichen Techniken sind Sie auf dem besten Weg, Ihr Haar und Ihr Selbstvertrauen wiederherzustellen.<\/p>\n","protected":false},"excerpt":{"rendered":"<p>Wie viele Haartransplantate ben\u00f6tige ich? Inhaltsverzeichnis Haartransplantate verstehen Bevor wir uns mit der Anzahl der ben\u00f6tigten Transplantate befassen, ist es wichtig zu verstehen, was ein Haartransplantat ist. Ein Haartransplantat ist ein kleines St\u00fcck Kopfhautgewebe, das ein bis vier Haarfollikel enth\u00e4lt. Diese Transplantate werden aus dem Spenderbereich (in der Regel am Hinterkopf) entnommen und in Bereiche [&hellip;]<\/p>\n","protected":false},"author":6,"featured_media":0,"parent":13574,"menu_order":0,"comment_status":"closed","ping_status":"closed","template":"","meta":{"footnotes":""},"class_list":["post-29847","page","type-page","status-publish","hentry"],"_links":{"self":[{"href":"https:\/\/drterziler.com\/de\/wp-json\/wp\/v2\/pages\/29847","targetHints":{"allow":["GET"]}}],"collection":[{"href":"https:\/\/drterziler.com\/de\/wp-json\/wp\/v2\/pages"}],"about":[{"href":"https:\/\/drterziler.com\/de\/wp-json\/wp\/v2\/types\/page"}],"author":[{"embeddable":true,"href":"https:\/\/drterziler.com\/de\/wp-json\/wp\/v2\/users\/6"}],"replies":[{"embeddable":true,"href":"https:\/\/drterziler.com\/de\/wp-json\/wp\/v2\/comments?post=29847"}],"version-history":[{"count":5,"href":"https:\/\/drterziler.com\/de\/wp-json\/wp\/v2\/pages\/29847\/revisions"}],"predecessor-version":[{"id":43109,"href":"https:\/\/drterziler.com\/de\/wp-json\/wp\/v2\/pages\/29847\/revisions\/43109"}],"up":[{"embeddable":true,"href":"https:\/\/drterziler.com\/de\/wp-json\/wp\/v2\/pages\/13574"}],"wp:attachment":[{"href":"https:\/\/drterziler.com\/de\/wp-json\/wp\/v2\/media?parent=29847"}],"curies":[{"name":"wp","href":"https:\/\/api.w.org\/{rel}","templated":true}]}}