{"id":29851,"date":"2024-09-02T12:15:57","date_gmt":"2024-09-02T12:15:57","guid":{"rendered":"https:\/\/drterziler.com\/minoxidil\/"},"modified":"2025-05-26T23:16:30","modified_gmt":"2025-05-26T23:16:30","slug":"minoxidil","status":"publish","type":"page","link":"https:\/\/drterziler.com\/de\/haartransplantation\/haarlinien-design\/minoxidil\/","title":{"rendered":"Minoxidil: Wie behandelt Minoxidil den Haarausfall?"},"content":{"rendered":"<p>Komplement\u00e4rmedizin (GETAT) ist ein Behandlungsgebiet, dessen Ziel es ist, neben der Schulmedizin den K\u00f6rper mit nat\u00fcrlichen und ganzheitlichen Heilmethoden zu unterst\u00fctzen. Diese Praktiken unterst\u00fctzen nicht nur die Heilungsprozesse des K\u00f6rpers, sondern zielen auch darauf ab, das geistige und k\u00f6rperliche Wohlbefinden des Einzelnen auf h\u00f6chstem Niveau zu steigern.<\/p>\n<nav aria-label=\"breadcrumbs\" class=\"rank-math-breadcrumb\"><p><span class=\"last\">Dr. Terziler<\/span><\/p><\/nav>\n<h4>\n\t\t\t\tInhaltsverzeichnis\t\t\t<\/h4>\n<p>\t\t\t\t\t\t\t<svg aria-hidden=\"true\" viewBox=\"0 0 448 512\" xmlns=\"http:\/\/www.w3.org\/2000\/svg\"><path d=\"M207.029 381.476L12.686 187.132c-9.373-9.373-9.373-24.569 0-33.941l22.667-22.667c9.357-9.357 24.522-9.375 33.901-.04L224 284.505l154.745-154.021c9.379-9.335 24.544-9.317 33.901.04l22.667 22.667c9.373 9.373 9.373 24.569 0 33.941L240.971 381.476c-9.373 9.372-24.569 9.372-33.942 0z\"><\/path><\/svg><br \/>\n\t\t\t\t<svg aria-hidden=\"true\" viewBox=\"0 0 448 512\" xmlns=\"http:\/\/www.w3.org\/2000\/svg\"><path d=\"M240.971 130.524l194.343 194.343c9.373 9.373 9.373 24.569 0 33.941l-22.667 22.667c-9.357 9.357-24.522 9.375-33.901.04L224 227.495 69.255 381.516c-9.379 9.335-24.544 9.317-33.901-.04l-22.667-22.667c-9.373-9.373-9.373-24.569 0-33.941L207.03 130.525c9.372-9.373 24.568-9.373 33.941-.001z\"><\/path><\/svg><br \/>\n\t\t\t\t<svg aria-hidden=\"true\" viewBox=\"0 0 1000 1000\" xmlns=\"http:\/\/www.w3.org\/2000\/svg\"><path d=\"M500 975V858C696 858 858 696 858 500S696 142 500 142 142 304 142 500H25C25 237 238 25 500 25S975 237 975 500 763 975 500 975Z\"><\/path><\/svg><br \/>\n\t\t\t\t\t\t\t\t\t\t\t\t\t\t\t\t\t\t\t\t\t\t<img loading=\"lazy\" decoding=\"async\" width=\"1700\" height=\"1080\" src=\"https:\/\/drterziler.com\/wp-content\/uploads\/2024\/08\/6.webp\" alt=\"\" srcset=\"https:\/\/drterziler.com\/wp-content\/uploads\/2024\/08\/6.webp 1700w, https:\/\/drterziler.com\/wp-content\/uploads\/2024\/08\/6-300x191.webp 300w, https:\/\/drterziler.com\/wp-content\/uploads\/2024\/08\/6-1024x651.webp 1024w, https:\/\/drterziler.com\/wp-content\/uploads\/2024\/08\/6-768x488.webp 768w, https:\/\/drterziler.com\/wp-content\/uploads\/2024\/08\/6-1536x976.webp 1536w\" sizes=\"auto, (max-width: 1700px) 100vw, 1700px\">\t\t\t\t\t\t\t\t\t\t\t\t\t<\/p>\n<h1>Minoxidil: Wie es Haarausfall behandelt<\/h1>\n<p>Minoxidil ist ein beliebtes und weit verbreitetes Medikament zur Behandlung von Haarausfall, insbesondere bei m\u00e4nnlicher und weiblicher Kahlk\u00f6pfigkeit. In diesem Artikel wird untersucht, wie Minoxidil wirkt, welche Vorteile es bietet, wie es richtig angewendet wird und welche m\u00f6glichen Nebenwirkungen es hat.<\/p>\n<h2>Was ist Minoxidil?<\/h2>\n<p>Minoxidil wurde urspr\u00fcnglich als orales Medikament zur Behandlung von Bluthochdruck entwickelt. Forscher stellten eine interessante Nebenwirkung fest: Bei den Patienten wuchs zus\u00e4tzliches Haar. Diese Entdeckung f\u00fchrte zur Entwicklung von topischem Minoxidil als Mittel gegen Haarausfall.<\/p>\n<h2>Wie wirkt Minoxidil?<\/h2>\n<p>Obwohl der genaue Mechanismus noch nicht vollst\u00e4ndig erforscht ist, wird angenommen, dass Minoxidil auf verschiedene Arten wirkt:<\/p>\n<ol>\n<li>\n<p><strong>Vasodilatation<\/strong>: Minoxidil ist ein starker Vasodilatator, d. h. es erweitert die Blutgef\u00e4\u00dfe. Diese erh\u00f6hte Durchblutung der Haarfollikel kann das Haarwachstum f\u00f6rdern.<\/p>\n<\/li>\n<li>\n<p><strong>Verl\u00e4ngerung der Wachstumsphase<\/strong>: Minoxidil scheint die Anagenphase (Wachstumsphase) des Haarzyklus zu verl\u00e4ngern, sodass das Haar l\u00e4nger wachsen kann.<\/p>\n<\/li>\n<li>\n<p><strong>Vergr\u00f6\u00dferung der Follikel<\/strong>: Das Medikament kann geschrumpfte Haarfollikel vergr\u00f6\u00dfern, was m\u00f6glicherweise zu einem dickeren Haarwachstum f\u00fchrt.<\/p>\n<\/li>\n<li>\n<p><strong>Stimulierung der Haarfollikel<\/strong>: Minoxidil kann ruhende Haarfollikel \u201eaufwecken\u201c und so neues Wachstum f\u00f6rdern.<\/p>\n<\/li>\n<\/ol>\n<h2>Vorteile von Minoxidil<\/h2>\n<ul>\n<li>\n<p><strong>Nachgewiesene Wirksamkeit<\/strong>: Zahlreiche Studien haben gezeigt, dass Minoxidil bei der Behandlung von Haarausfall wirksam ist.<\/p>\n<\/li>\n<li>\n<p><strong>Nicht verschreibungspflichtig<\/strong>: In vielen L\u00e4ndern ist Minoxidil rezeptfrei erh\u00e4ltlich.<\/p>\n<\/li>\n<li>\n<p><strong>Einfache Anwendung<\/strong>: Topisches Minoxidil l\u00e4sst sich zu Hause einfach auftragen.<\/p>\n<\/li>\n<li>\n<p><strong>F\u00fcr beide Geschlechter geeignet<\/strong>: Es ist f\u00fcr die Anwendung bei M\u00e4nnern und Frauen zugelassen.<\/p>\n<\/li>\n<\/ul>\n<h2>Anwendung von Minoxidil<\/h2>\n<p>Minoxidil ist in der Regel als topische L\u00f6sung oder Schaum in Konzentrationen von 2 % und 5 % erh\u00e4ltlich. So wird es angewendet:<\/p>\n<ol>\n<li>\n<p>Zweimal t\u00e4glich (morgens und abends) auf die trockene Kopfhaut auftragen.<\/p>\n<\/li>\n<li>\n<p>Verwenden Sie die empfohlene Menge (in der Regel 1 ml) pro Anwendung.<\/p>\n<\/li>\n<li>\n<p>Sanft in die Kopfhaut einmassieren.<\/p>\n<\/li>\n<li>\n<p>Vor dem Frisieren trocknen lassen.<\/p>\n<\/li>\n<li>\n<p>Nach der Anwendung gr\u00fcndlich die H\u00e4nde waschen.<\/p>\n<\/li>\n<\/ol>\n<h2>M\u00f6gliche Nebenwirkungen<\/h2>\n<p>Minoxidil wird im Allgemeinen gut vertragen, kann jedoch bei einigen Anwendern Nebenwirkungen verursachen:<\/p>\n<ul>\n<li>\n<p>Reizung der Kopfhaut<\/p>\n<\/li>\n<li>\n<p>Trockene, schuppige Haut auf der Kopfhaut<\/p>\n<\/li>\n<li>\n<p>Zun\u00e4chst vermehrter Haarausfall (in der Regel vor\u00fcbergehend)<\/p>\n<\/li>\n<li>\n<p>Unerw\u00fcnschter Haarwuchs im Gesicht (h\u00e4ufiger bei Frauen)<\/p>\n<\/li>\n<li>\n<p>Schneller Herzschlag (selten)<\/p>\n<\/li>\n<\/ul>\n<h2>Wichtige \u00dcberlegungen<\/h2>\n<ul>\n<li>\n<p><strong>Regelm\u00e4\u00dfigkeit ist entscheidend<\/strong>: Um die Ergebnisse zu erhalten, ist eine regelm\u00e4\u00dfige, langfristige Anwendung erforderlich.<\/p>\n<\/li>\n<li>\n<p><strong>Geduld erforderlich<\/strong>: Es kann 3 bis 6 Monate dauern, bis sich eine sp\u00fcrbare Verbesserung einstellt.<\/p>\n<\/li>\n<li>\n<p><strong>Nicht f\u00fcr jeden geeignet<\/strong>: Minoxidil ist am wirksamsten bei kreisrundem Haarausfall und wirkt m\u00f6glicherweise nicht bei allen Arten von Haarausfall.<\/p>\n<\/li>\n<li>\n<p><strong>Lassen Sie sich von einem Fachmann beraten<\/strong>: Lassen Sie sich immer von einem Arzt beraten, bevor Sie eine neue Behandlung gegen Haarausfall beginnen.<\/p>\n<\/li>\n<\/ul>\n<h2>Schlussfolgerung<\/h2>\n<p>Minoxidil hat sich bei vielen Menschen, die unter einer kreisrunden Glatze leiden, als wirksame Behandlung erwiesen. Es ist zwar kein Heilmittel gegen Haarausfall, kann den Prozess jedoch erheblich verlangsamen und in einigen F\u00e4llen sogar das Wachstum neuer Haare f\u00f6rdern. Wie bei jedem Medikament ist es wichtig, Minoxidil gem\u00e4\u00df den Anweisungen zu verwenden und sich der m\u00f6glichen Nebenwirkungen bewusst zu sein.<\/p>\n","protected":false},"excerpt":{"rendered":"<p>Komplement\u00e4rmedizin (GETAT) ist ein Behandlungsgebiet, dessen Ziel es ist, neben der Schulmedizin den K\u00f6rper mit nat\u00fcrlichen und ganzheitlichen Heilmethoden zu unterst\u00fctzen. Diese Praktiken unterst\u00fctzen nicht nur die Heilungsprozesse des K\u00f6rpers, sondern zielen auch darauf ab, das geistige und k\u00f6rperliche Wohlbefinden des Einzelnen auf h\u00f6chstem Niveau zu steigern. Inhaltsverzeichnis Minoxidil: Wie es Haarausfall behandelt Minoxidil ist [&hellip;]<\/p>\n","protected":false},"author":6,"featured_media":0,"parent":13566,"menu_order":0,"comment_status":"closed","ping_status":"closed","template":"","meta":{"footnotes":""},"class_list":["post-29851","page","type-page","status-publish","hentry"],"_links":{"self":[{"href":"https:\/\/drterziler.com\/de\/wp-json\/wp\/v2\/pages\/29851","targetHints":{"allow":["GET"]}}],"collection":[{"href":"https:\/\/drterziler.com\/de\/wp-json\/wp\/v2\/pages"}],"about":[{"href":"https:\/\/drterziler.com\/de\/wp-json\/wp\/v2\/types\/page"}],"author":[{"embeddable":true,"href":"https:\/\/drterziler.com\/de\/wp-json\/wp\/v2\/users\/6"}],"replies":[{"embeddable":true,"href":"https:\/\/drterziler.com\/de\/wp-json\/wp\/v2\/comments?post=29851"}],"version-history":[{"count":5,"href":"https:\/\/drterziler.com\/de\/wp-json\/wp\/v2\/pages\/29851\/revisions"}],"predecessor-version":[{"id":38486,"href":"https:\/\/drterziler.com\/de\/wp-json\/wp\/v2\/pages\/29851\/revisions\/38486"}],"up":[{"embeddable":true,"href":"https:\/\/drterziler.com\/de\/wp-json\/wp\/v2\/pages\/13566"}],"wp:attachment":[{"href":"https:\/\/drterziler.com\/de\/wp-json\/wp\/v2\/media?parent=29851"}],"curies":[{"name":"wp","href":"https:\/\/api.w.org\/{rel}","templated":true}]}}