{"id":29853,"date":"2024-10-28T18:41:16","date_gmt":"2024-10-28T18:41:16","guid":{"rendered":"https:\/\/drterziler.com\/haar-dichte-erhohen\/"},"modified":"2025-06-16T03:36:20","modified_gmt":"2025-06-16T03:36:20","slug":"haar-dichte-erhohen","status":"publish","type":"page","link":"https:\/\/drterziler.com\/de\/haar-dichte-erhohen\/","title":{"rendered":"Haartransplantation zur Erh\u00f6hung der Haardichte"},"content":{"rendered":"<nav aria-label=\"breadcrumbs\" class=\"rank-math-breadcrumb\"><p><span class=\"last\">Dr. Terziler<\/span><\/p><\/nav>\n<h4>\n\t\t\t\tInhaltsverzeichnis\t\t\t<\/h4>\n<p>\t\t\t\t\t\t\t<svg aria-hidden=\"true\" viewBox=\"0 0 448 512\" xmlns=\"http:\/\/www.w3.org\/2000\/svg\"><path d=\"M207.029 381.476L12.686 187.132c-9.373-9.373-9.373-24.569 0-33.941l22.667-22.667c9.357-9.357 24.522-9.375 33.901-.04L224 284.505l154.745-154.021c9.379-9.335 24.544-9.317 33.901.04l22.667 22.667c9.373 9.373 9.373 24.569 0 33.941L240.971 381.476c-9.373 9.372-24.569 9.372-33.942 0z\"><\/path><\/svg><br \/>\n\t\t\t\t<svg aria-hidden=\"true\" viewBox=\"0 0 448 512\" xmlns=\"http:\/\/www.w3.org\/2000\/svg\"><path d=\"M240.971 130.524l194.343 194.343c9.373 9.373 9.373 24.569 0 33.941l-22.667 22.667c-9.357 9.357-24.522 9.375-33.901.04L224 227.495 69.255 381.516c-9.379 9.335-24.544 9.317-33.901-.04l-22.667-22.667c-9.373-9.373-9.373-24.569 0-33.941L207.03 130.525c9.372-9.373 24.568-9.373 33.941-.001z\"><\/path><\/svg><br \/>\n\t\t\t\t<svg aria-hidden=\"true\" viewBox=\"0 0 1000 1000\" xmlns=\"http:\/\/www.w3.org\/2000\/svg\"><path d=\"M500 975V858C696 858 858 696 858 500S696 142 500 142 142 304 142 500H25C25 237 238 25 500 25S975 237 975 500 763 975 500 975Z\"><\/path><\/svg><br \/>\n\t\t\t\t\t\t\t\t\t\t\t\t\t\t\t\t\t\t\t\t\t\t<img loading=\"lazy\" decoding=\"async\" width=\"882\" height=\"558\" src=\"https:\/\/drterziler.com\/wp-content\/uploads\/2024\/10\/hair-transplat-to-incrase-hair-density.png\" alt=\"\" srcset=\"https:\/\/drterziler.com\/wp-content\/uploads\/2024\/10\/hair-transplat-to-incrase-hair-density.png 882w, https:\/\/drterziler.com\/wp-content\/uploads\/2024\/10\/hair-transplat-to-incrase-hair-density-300x190.png 300w, https:\/\/drterziler.com\/wp-content\/uploads\/2024\/10\/hair-transplat-to-incrase-hair-density-768x486.png 768w\" sizes=\"auto, (max-width: 882px) 100vw, 882px\">\t\t\t\t\t\t\t\t\t\t\t\t\t<\/p>\n<p>F\u00fcr Personen, die unter sch\u00fctterem Haar oder Kahlheit leiden, kann eine Haartransplantation eine wirksame L\u00f6sung sein, um die Haardichte zu erh\u00f6hen und ein volleres Aussehen wiederherzustellen. Bei diesem chirurgischen Eingriff werden Haarfollikel von einer Spenderstelle, in der Regel dem Hinterkopf, in Bereiche verpflanzt, in denen das Haar d\u00fcnner wird oder ausf\u00e4llt. F\u00fcr Personen, die diese Option in Betracht ziehen, ist es wichtig zu verstehen, wie Haartransplantationen zur Erh\u00f6hung der Dichte funktionieren, welche Techniken dabei zum Einsatz kommen und wie die postoperative Pflege aussieht.<\/p>\n<h2>Techniken zur Erh\u00f6hung der Dichte<\/h2>\n<p>Bei Haartransplantationen werden gesunde Haarfollikel aus dem Spenderbereich in kahle Kopfhautregionen verpflanzt, um die Dichte zu erh\u00f6hen. Durch diesen Prozess k\u00f6nnen Patienten in Bereichen, in denen m\u00f6glicherweise ein erheblicher Haarausfall aufgetreten ist, ein dichteres Erscheinungsbild erzielen. Nach der Verpflanzung wachsen die Haarfollikel gem\u00e4\u00df ihrem nat\u00fcrlichen Wachstumszyklus und produzieren Haare, die sich nahtlos in das vorhandene Haar einf\u00fcgen und zu einer allgemeinen Erh\u00f6hung der Dichte beitragen. Chirurgen k\u00f6nnen die Transplantation an die individuellen Bed\u00fcrfnisse anpassen, indem sie die Anzahl der transplantierten Follikel entsprechend der vom Patienten gew\u00fcnschten Dichte anpassen. Die beiden wichtigsten Techniken bei Haartransplantationen sind die Follicular Unit Extraction (FUE) und die Follicular Unit Transplantation (FUT). FUE ist eine minimalinvasive Technik, bei der einzelne Haarfollikel entnommen und an der Empf\u00e4ngerstelle implantiert werden. Diese Methode minimiert Narbenbildung und erm\u00f6glicht eine pr\u00e4zise Platzierung der Follikel. Bei der FUT wird ein Streifen Kopfhaut aus dem Spenderbereich entnommen, aus dem die Haarfollikel entnommen werden. Mit dieser Technik kann in einer einzigen Sitzung eine gr\u00f6\u00dfere Anzahl von Follikeln entnommen werden, was sie zu einer effektiven Option f\u00fcr Patienten macht, die eine deutliche Verbesserung der Haardichte anstreben.<\/p>\n<h3>Postoperative Pflege<\/h3>\n<p>Nach einer Haartransplantation ist es f\u00fcr Patienten unerl\u00e4sslich, regelm\u00e4\u00dfig zu Nachsorgeterminen beim Chirurgen zu gehen, um die Heilung und das Haarwachstum zu \u00fcberwachen. So k\u00f6nnen die Pflegepl\u00e4ne bei Bedarf angepasst werden. Au\u00dferdem sollten Patienten w\u00e4hrend der ersten Heilungsphase vermeiden, an den transplantierten Haaren zu ziehen oder sie zu belasten. Eine ausgewogene Ern\u00e4hrung, eine ausreichende Fl\u00fcssigkeitszufuhr und der richtige Umgang mit Stress k\u00f6nnen die Gesundheit der Haare unterst\u00fctzen und zum Gesamterfolg der Transplantation beitragen. Es ist wichtig zu wissen, dass neues Haarwachstum in der Regel innerhalb von 3 bis 6 Monaten nach dem Eingriff einsetzt und die vollst\u00e4ndigen Ergebnisse innerhalb eines Jahres sichtbar werden. Geduld ist unerl\u00e4sslich, da der Prozess zur Erzielung einer h\u00f6heren Haardichte Zeit braucht.<\/p>\n<p>Eine Haartransplantation kann die Haardichte bei Personen, die mit sch\u00fctterem Haar oder Kahlheit zu k\u00e4mpfen haben, effektiv erh\u00f6hen. Wenn Patienten die angewandten Techniken verstehen, sich angemessen auf den Eingriff vorbereiten und die Richtlinien f\u00fcr die postoperative Pflege befolgen, k\u00f6nnen sie die gew\u00fcnschten Ergebnisse erzielen und sich \u00fcber volleres, nat\u00fcrlich aussehendes Haar freuen.<\/p>\n<p>\t\t\t\t\t\t\t<a href=\"https:\/\/drterziler.com\/wp-content\/uploads\/2024\/09\/2500-graft-hair-transplant-before-after.jpg\" data-elementor-open-lightbox=\"yes\" data-elementor-lightbox-slideshow=\"5fcda46\" data-elementor-lightbox-title=\"2500-graft-hair-transplant-before-after\" data-e-action-hash=\"#elementor-action%3Aaction%3Dlightbox%26settings%3DeyJpZCI6NzUzMSwidXJsIjoiaHR0cHM6XC9cL2RydGVyemlsZXIuY29tXC93cC1jb250ZW50XC91cGxvYWRzXC8yMDI0XC8wOVwvMjUwMC1ncmFmdC1oYWlyLXRyYW5zcGxhbnQtYmVmb3JlLWFmdGVyLmpwZyIsInNsaWRlc2hvdyI6IjVmY2RhNDYifQ%3D%3D\"><br \/>\n\t\t<\/a><br \/>\n\t\t\t\t\t\t\t<a href=\"https:\/\/drterziler.com\/wp-content\/uploads\/2024\/09\/3000-graft-hair-transplant-before-after.jpg\" data-elementor-open-lightbox=\"yes\" data-elementor-lightbox-slideshow=\"5fcda46\" data-elementor-lightbox-title=\"3000-graft-hair-transplant-before-after\" data-e-action-hash=\"#elementor-action%3Aaction%3Dlightbox%26settings%3DeyJpZCI6NzUzNywidXJsIjoiaHR0cHM6XC9cL2RydGVyemlsZXIuY29tXC93cC1jb250ZW50XC91cGxvYWRzXC8yMDI0XC8wOVwvMzAwMC1ncmFmdC1oYWlyLXRyYW5zcGxhbnQtYmVmb3JlLWFmdGVyLmpwZyIsInNsaWRlc2hvdyI6IjVmY2RhNDYifQ%3D%3D\"><br \/>\n\t\t<\/a><br \/>\n\t\t\t\t\t\t\t<a href=\"https:\/\/drterziler.com\/wp-content\/uploads\/2024\/09\/3500-graft-hair-transplant-before-after.jpg\" data-elementor-open-lightbox=\"yes\" data-elementor-lightbox-slideshow=\"5fcda46\" data-elementor-lightbox-title=\"3500-graft-hair-transplant-before-after\" data-e-action-hash=\"#elementor-action%3Aaction%3Dlightbox%26settings%3DeyJpZCI6NzU0MywidXJsIjoiaHR0cHM6XC9cL2RydGVyemlsZXIuY29tXC93cC1jb250ZW50XC91cGxvYWRzXC8yMDI0XC8wOVwvMzUwMC1ncmFmdC1oYWlyLXRyYW5zcGxhbnQtYmVmb3JlLWFmdGVyLmpwZyIsInNsaWRlc2hvdyI6IjVmY2RhNDYifQ%3D%3D\"><br \/>\n\t\t<\/a><br \/>\n\t\t\t\t\t\t\t<a href=\"https:\/\/drterziler.com\/wp-content\/uploads\/2024\/09\/4000-graft-hair-transplant-before-after.jpg\" data-elementor-open-lightbox=\"yes\" data-elementor-lightbox-slideshow=\"5fcda46\" data-elementor-lightbox-title=\"4000-graft-hair-transplant-before-after\" data-e-action-hash=\"#elementor-action%3Aaction%3Dlightbox%26settings%3DeyJpZCI6NzU0OSwidXJsIjoiaHR0cHM6XC9cL2RydGVyemlsZXIuY29tXC93cC1jb250ZW50XC91cGxvYWRzXC8yMDI0XC8wOVwvNDAwMC1ncmFmdC1oYWlyLXRyYW5zcGxhbnQtYmVmb3JlLWFmdGVyLmpwZyIsInNsaWRlc2hvdyI6IjVmY2RhNDYifQ%3D%3D\"><br \/>\n\t\t<\/a><br \/>\n\t\t\t\t\t\t\t<a href=\"https:\/\/drterziler.com\/wp-content\/uploads\/2024\/09\/4500-graft-hair-transplant-before-after.jpg\" data-elementor-open-lightbox=\"yes\" data-elementor-lightbox-slideshow=\"5fcda46\" data-elementor-lightbox-title=\"4500-graft-hair-transplant-before-after\" data-e-action-hash=\"#elementor-action%3Aaction%3Dlightbox%26settings%3DeyJpZCI6NzU1NSwidXJsIjoiaHR0cHM6XC9cL2RydGVyemlsZXIuY29tXC93cC1jb250ZW50XC91cGxvYWRzXC8yMDI0XC8wOVwvNDUwMC1ncmFmdC1oYWlyLXRyYW5zcGxhbnQtYmVmb3JlLWFmdGVyLmpwZyIsInNsaWRlc2hvdyI6IjVmY2RhNDYifQ%3D%3D\"><br \/>\n\t\t<\/a><br \/>\n\t\t\t\t\t\t\t<a href=\"https:\/\/drterziler.com\/wp-content\/uploads\/2024\/09\/5200-graft-hair-transplant-before-after.jpg\" data-elementor-open-lightbox=\"yes\" data-elementor-lightbox-slideshow=\"5fcda46\" data-elementor-lightbox-title=\"5200-graft-hair-transplant-before-after\" data-e-action-hash=\"#elementor-action%3Aaction%3Dlightbox%26settings%3DeyJpZCI6NzU2MSwidXJsIjoiaHR0cHM6XC9cL2RydGVyemlsZXIuY29tXC93cC1jb250ZW50XC91cGxvYWRzXC8yMDI0XC8wOVwvNTIwMC1ncmFmdC1oYWlyLXRyYW5zcGxhbnQtYmVmb3JlLWFmdGVyLmpwZyIsInNsaWRlc2hvdyI6IjVmY2RhNDYifQ%3D%3D\"><br \/>\n\t\t<\/a><br \/>\n\t\t\t\t\t\t\t<a href=\"https:\/\/drterziler.com\/wp-content\/uploads\/2024\/09\/5300-graft-hair-transplant-before-after.jpg\" data-elementor-open-lightbox=\"yes\" data-elementor-lightbox-slideshow=\"5fcda46\" data-elementor-lightbox-title=\"5300-graft-hair-transplant-before-after\" data-e-action-hash=\"#elementor-action%3Aaction%3Dlightbox%26settings%3DeyJpZCI6NzU2NywidXJsIjoiaHR0cHM6XC9cL2RydGVyemlsZXIuY29tXC93cC1jb250ZW50XC91cGxvYWRzXC8yMDI0XC8wOVwvNTMwMC1ncmFmdC1oYWlyLXRyYW5zcGxhbnQtYmVmb3JlLWFmdGVyLmpwZyIsInNsaWRlc2hvdyI6IjVmY2RhNDYifQ%3D%3D\"><br \/>\n\t\t<\/a><br \/>\n\t\t\t\t\t\t\t<svg aria-hidden=\"true\" viewBox=\"0 0 1000 1000\" xmlns=\"http:\/\/www.w3.org\/2000\/svg\"><path d=\"M646 125C629 125 613 133 604 142L308 442C296 454 292 471 292 487 292 504 296 521 308 533L604 854C617 867 629 875 646 875 663 875 679 871 692 858 704 846 713 829 713 812 713 796 708 779 692 767L438 487 692 225C700 217 708 204 708 187 708 171 704 154 692 142 675 129 663 125 646 125Z\"><\/path><\/svg><br \/>\n\t\t\t\t\t\t\t<svg aria-hidden=\"true\" viewBox=\"0 0 1000 1000\" xmlns=\"http:\/\/www.w3.org\/2000\/svg\"><path d=\"M696 533C708 521 713 504 713 487 713 471 708 454 696 446L400 146C388 133 375 125 354 125 338 125 325 129 313 142 300 154 292 171 292 187 292 204 296 221 308 233L563 492 304 771C292 783 288 800 288 817 288 833 296 850 308 863 321 871 338 875 354 875 371 875 388 867 400 854L696 533Z\"><\/path><\/svg>\t\t\t\t\t\t<\/p>\n<details id=\"e-n-accordion-item-2340\" open>\n<summary data-accordion-index=\"1\" tabindex=\"0\" aria-expanded=\"true\" aria-controls=\"e-n-accordion-item-2340\" >\n\t\t\t\t\t Kann eine Haartransplantation die Haardichte wirklich erh\u00f6hen?<br \/>\n\t\t\t<svg aria-hidden=\"true\" viewBox=\"0 0 448 512\" xmlns=\"http:\/\/www.w3.org\/2000\/svg\"><path d=\"M416 208H32c-17.67 0-32 14.33-32 32v32c0 17.67 14.33 32 32 32h384c17.67 0 32-14.33 32-32v-32c0-17.67-14.33-32-32-32z\"><\/path><\/svg><br \/>\n\t\t\t<svg aria-hidden=\"true\" viewBox=\"0 0 448 512\" xmlns=\"http:\/\/www.w3.org\/2000\/svg\"><path d=\"M416 208H272V64c0-17.67-14.33-32-32-32h-32c-17.67 0-32 14.33-32 32v144H32c-17.67 0-32 14.33-32 32v32c0 17.67 14.33 32 32 32h144v144c0 17.67 14.33 32 32 32h32c17.67 0 32-14.33 32-32V304h144c17.67 0 32-14.33 32-32v-32c0-17.67-14.33-32-32-32z\"><\/path><\/svg><br \/>\n\t\t\t\t\t\t<\/summary>\n<p>Ja, Haartransplantationen k\u00f6nnen die Haardichte deutlich erh\u00f6hen, indem gesunde Follikel in sch\u00fcttere oder kahle Bereiche verpflanzt werden.<\/p>\n<\/details>\n<details id=\"e-n-accordion-item-2341\" >\n<summary data-accordion-index=\"2\" tabindex=\"-1\" aria-expanded=\"false\" aria-controls=\"e-n-accordion-item-2341\" >\n\t\t\t\t\t Wie lange dauert es, bis man nach einer Haartransplantation Ergebnisse sieht?<br \/>\n\t\t\t<svg aria-hidden=\"true\" viewBox=\"0 0 448 512\" xmlns=\"http:\/\/www.w3.org\/2000\/svg\"><path d=\"M416 208H32c-17.67 0-32 14.33-32 32v32c0 17.67 14.33 32 32 32h384c17.67 0 32-14.33 32-32v-32c0-17.67-14.33-32-32-32z\"><\/path><\/svg><br \/>\n\t\t\t<svg aria-hidden=\"true\" viewBox=\"0 0 448 512\" xmlns=\"http:\/\/www.w3.org\/2000\/svg\"><path d=\"M416 208H272V64c0-17.67-14.33-32-32-32h-32c-17.67 0-32 14.33-32 32v144H32c-17.67 0-32 14.33-32 32v32c0 17.67 14.33 32 32 32h144v144c0 17.67 14.33 32 32 32h32c17.67 0 32-14.33 32-32V304h144c17.67 0 32-14.33 32-32v-32c0-17.67-14.33-32-32-32z\"><\/path><\/svg><br \/>\n\t\t\t\t\t\t<\/summary>\n<p>Das neue Haarwachstum setzt in der Regel innerhalb von 3 bis 6 Monaten ein, wobei das vollst\u00e4ndige Ergebnis innerhalb eines Jahres sichtbar ist.<\/p>\n<\/details>\n<details id=\"e-n-accordion-item-2342\" >\n<summary data-accordion-index=\"3\" tabindex=\"-1\" aria-expanded=\"false\" aria-controls=\"e-n-accordion-item-2342\" >\n\t\t\t\t\t Kann ich w\u00e4hlen, wie viel Dichte ich in meinem Transplantat haben m\u00f6chte?<br \/>\n\t\t\t<svg aria-hidden=\"true\" viewBox=\"0 0 448 512\" xmlns=\"http:\/\/www.w3.org\/2000\/svg\"><path d=\"M416 208H32c-17.67 0-32 14.33-32 32v32c0 17.67 14.33 32 32 32h384c17.67 0 32-14.33 32-32v-32c0-17.67-14.33-32-32-32z\"><\/path><\/svg><br \/>\n\t\t\t<svg aria-hidden=\"true\" viewBox=\"0 0 448 512\" xmlns=\"http:\/\/www.w3.org\/2000\/svg\"><path d=\"M416 208H272V64c0-17.67-14.33-32-32-32h-32c-17.67 0-32 14.33-32 32v144H32c-17.67 0-32 14.33-32 32v32c0 17.67 14.33 32 32 32h144v144c0 17.67 14.33 32 32 32h32c17.67 0 32-14.33 32-32V304h144c17.67 0 32-14.33 32-32v-32c0-17.67-14.33-32-32-32z\"><\/path><\/svg><br \/>\n\t\t\t\t\t\t<\/summary>\n<p>Ja, die Chirurgen k\u00f6nnen die Behandlungspl\u00e4ne individuell anpassen, um das gew\u00fcnschte Ma\u00df an Dichte zu erreichen, je nach den individuellen Pr\u00e4ferenzen.<\/p>\n<\/details>\n<details id=\"e-n-accordion-item-2343\" >\n<summary data-accordion-index=\"4\" tabindex=\"-1\" aria-expanded=\"false\" aria-controls=\"e-n-accordion-item-2343\" >\n\t\t\t\t\t Welche Techniken werden zur Erh\u00f6hung der Haardichte eingesetzt?<br \/>\n\t\t\t<svg aria-hidden=\"true\" viewBox=\"0 0 448 512\" xmlns=\"http:\/\/www.w3.org\/2000\/svg\"><path d=\"M416 208H32c-17.67 0-32 14.33-32 32v32c0 17.67 14.33 32 32 32h384c17.67 0 32-14.33 32-32v-32c0-17.67-14.33-32-32-32z\"><\/path><\/svg><br \/>\n\t\t\t<svg aria-hidden=\"true\" viewBox=\"0 0 448 512\" xmlns=\"http:\/\/www.w3.org\/2000\/svg\"><path d=\"M416 208H272V64c0-17.67-14.33-32-32-32h-32c-17.67 0-32 14.33-32 32v144H32c-17.67 0-32 14.33-32 32v32c0 17.67 14.33 32 32 32h144v144c0 17.67 14.33 32 32 32h32c17.67 0 32-14.33 32-32V304h144c17.67 0 32-14.33 32-32v-32c0-17.67-14.33-32-32-32z\"><\/path><\/svg><br \/>\n\t\t\t\t\t\t<\/summary>\n<p>Sapphire Follicular Unit Extraction (FUE) und Robotic DHI sind g\u00e4ngige Techniken zur Transplantation von Haarfollikeln und zur Erh\u00f6hung der Dichte<\/p>\n<\/details>\n<details id=\"e-n-accordion-item-2344\" >\n<summary data-accordion-index=\"5\" tabindex=\"-1\" aria-expanded=\"false\" aria-controls=\"e-n-accordion-item-2344\" >\n\t\t\t\t\t Kann ich eine Haartransplantation mit anderen Behandlungen zur Haarwiederherstellung kombinieren?<br \/>\n\t\t\t<svg aria-hidden=\"true\" viewBox=\"0 0 448 512\" xmlns=\"http:\/\/www.w3.org\/2000\/svg\"><path d=\"M416 208H32c-17.67 0-32 14.33-32 32v32c0 17.67 14.33 32 32 32h384c17.67 0 32-14.33 32-32v-32c0-17.67-14.33-32-32-32z\"><\/path><\/svg><br \/>\n\t\t\t<svg aria-hidden=\"true\" viewBox=\"0 0 448 512\" xmlns=\"http:\/\/www.w3.org\/2000\/svg\"><path d=\"M416 208H272V64c0-17.67-14.33-32-32-32h-32c-17.67 0-32 14.33-32 32v144H32c-17.67 0-32 14.33-32 32v32c0 17.67 14.33 32 32 32h144v144c0 17.67 14.33 32 32 32h32c17.67 0 32-14.33 32-32V304h144c17.67 0 32-14.33 32-32v-32c0-17.67-14.33-32-32-32z\"><\/path><\/svg><br \/>\n\t\t\t\t\t\t<\/summary>\n<p>Ja, viele Patienten entscheiden sich daf\u00fcr, eine Haartransplantation mit anderen Behandlungen zu kombinieren, z. B. mit einer PRP-Therapie (pl\u00e4ttchenreiches Plasma), um bessere Ergebnisse zu erzielen.<\/p>\n<\/details>\n<p>Ja, Haartransplantationen k\u00f6nnen die Haardichte deutlich erh\u00f6hen, indem gesunde Follikel in sch\u00fcttere oder kahle Bereiche verpflanzt werden.<\/p>\n<p>Das neue Haarwachstum setzt in der Regel innerhalb von 3 bis 6 Monaten ein, wobei das vollst\u00e4ndige Ergebnis innerhalb eines Jahres sichtbar ist.<\/p>\n<p>Ja, die Chirurgen k\u00f6nnen die Behandlungspl\u00e4ne individuell anpassen, um das gew\u00fcnschte Ma\u00df an Dichte zu erreichen, je nach den individuellen Pr\u00e4ferenzen.<\/p>\n<p>Sapphire Follicular Unit Extraction (FUE) und Robotic DHI sind g\u00e4ngige Techniken zur Transplantation von Haarfollikeln und zur Erh\u00f6hung der Dichte<\/p>\n<p>Ja, viele Patienten entscheiden sich daf\u00fcr, eine Haartransplantation mit anderen Behandlungen zu kombinieren, z. B. mit einer PRP-Therapie (pl\u00e4ttchenreiches Plasma), um bessere Ergebnisse zu erzielen.<\/p>\n","protected":false},"excerpt":{"rendered":"<p>Inhaltsverzeichnis F\u00fcr Personen, die unter sch\u00fctterem Haar oder Kahlheit leiden, kann eine Haartransplantation eine wirksame L\u00f6sung sein, um die Haardichte zu erh\u00f6hen und ein volleres Aussehen wiederherzustellen. Bei diesem chirurgischen Eingriff werden Haarfollikel von einer Spenderstelle, in der Regel dem Hinterkopf, in Bereiche verpflanzt, in denen das Haar d\u00fcnner wird oder ausf\u00e4llt. F\u00fcr Personen, die [&hellip;]<\/p>\n","protected":false},"author":6,"featured_media":0,"parent":0,"menu_order":0,"comment_status":"closed","ping_status":"closed","template":"","meta":{"footnotes":""},"class_list":["post-29853","page","type-page","status-publish","hentry"],"_links":{"self":[{"href":"https:\/\/drterziler.com\/de\/wp-json\/wp\/v2\/pages\/29853","targetHints":{"allow":["GET"]}}],"collection":[{"href":"https:\/\/drterziler.com\/de\/wp-json\/wp\/v2\/pages"}],"about":[{"href":"https:\/\/drterziler.com\/de\/wp-json\/wp\/v2\/types\/page"}],"author":[{"embeddable":true,"href":"https:\/\/drterziler.com\/de\/wp-json\/wp\/v2\/users\/6"}],"replies":[{"embeddable":true,"href":"https:\/\/drterziler.com\/de\/wp-json\/wp\/v2\/comments?post=29853"}],"version-history":[{"count":4,"href":"https:\/\/drterziler.com\/de\/wp-json\/wp\/v2\/pages\/29853\/revisions"}],"predecessor-version":[{"id":43740,"href":"https:\/\/drterziler.com\/de\/wp-json\/wp\/v2\/pages\/29853\/revisions\/43740"}],"wp:attachment":[{"href":"https:\/\/drterziler.com\/de\/wp-json\/wp\/v2\/media?parent=29853"}],"curies":[{"name":"wp","href":"https:\/\/api.w.org\/{rel}","templated":true}]}}