{"id":29855,"date":"2024-09-25T07:20:35","date_gmt":"2024-09-25T07:20:35","guid":{"rendered":"https:\/\/drterziler.com\/manuell-vs-roboter\/"},"modified":"2025-06-12T06:40:29","modified_gmt":"2025-06-12T06:40:29","slug":"manuell-vs-roboter","status":"publish","type":"page","link":"https:\/\/drterziler.com\/de\/manuell-vs-roboter\/","title":{"rendered":"Manuelle vs. robotische Haartransplantation"},"content":{"rendered":"<h1 class=\"content-title h1-header\">Manuelle vs. robotische Haartransplantation<\/h1>\n<nav aria-label=\"breadcrumbs\" class=\"rank-math-breadcrumb\"><p><span class=\"last\">Dr. Terziler<\/span><\/p><\/nav>\n<h4>\n\t\t\t\tInhaltsverzeichnis\t\t\t<\/h4>\n<p>\t\t\t\t\t\t\t<svg aria-hidden=\"true\" viewBox=\"0 0 448 512\" xmlns=\"http:\/\/www.w3.org\/2000\/svg\"><path d=\"M207.029 381.476L12.686 187.132c-9.373-9.373-9.373-24.569 0-33.941l22.667-22.667c9.357-9.357 24.522-9.375 33.901-.04L224 284.505l154.745-154.021c9.379-9.335 24.544-9.317 33.901.04l22.667 22.667c9.373 9.373 9.373 24.569 0 33.941L240.971 381.476c-9.373 9.372-24.569 9.372-33.942 0z\"><\/path><\/svg><br \/>\n\t\t\t\t<svg aria-hidden=\"true\" viewBox=\"0 0 448 512\" xmlns=\"http:\/\/www.w3.org\/2000\/svg\"><path d=\"M240.971 130.524l194.343 194.343c9.373 9.373 9.373 24.569 0 33.941l-22.667 22.667c-9.357 9.357-24.522 9.375-33.901.04L224 227.495 69.255 381.516c-9.379 9.335-24.544 9.317-33.901-.04l-22.667-22.667c-9.373-9.373-9.373-24.569 0-33.941L207.03 130.525c9.372-9.373 24.568-9.373 33.941-.001z\"><\/path><\/svg><br \/>\n\t\t\t\t<svg aria-hidden=\"true\" viewBox=\"0 0 1000 1000\" xmlns=\"http:\/\/www.w3.org\/2000\/svg\"><path d=\"M500 975V858C696 858 858 696 858 500S696 142 500 142 142 304 142 500H25C25 237 238 25 500 25S975 237 975 500 763 975 500 975Z\"><\/path><\/svg><br \/>\n\t\t\t\t\t\t\t\t\t\t\t\t\t\t\t\t\t\t\t\t\t\t<img loading=\"lazy\" decoding=\"async\" width=\"1920\" height=\"1080\" src=\"https:\/\/drterziler.com\/wp-content\/uploads\/2024\/09\/PICASSO-3.webp\" alt=\"\" srcset=\"https:\/\/drterziler.com\/wp-content\/uploads\/2024\/09\/PICASSO-3.webp 1920w, https:\/\/drterziler.com\/wp-content\/uploads\/2024\/09\/PICASSO-3-300x169.webp 300w, https:\/\/drterziler.com\/wp-content\/uploads\/2024\/09\/PICASSO-3-1024x576.webp 1024w, https:\/\/drterziler.com\/wp-content\/uploads\/2024\/09\/PICASSO-3-768x432.webp 768w, https:\/\/drterziler.com\/wp-content\/uploads\/2024\/09\/PICASSO-3-1536x864.webp 1536w\" sizes=\"auto, (max-width: 1920px) 100vw, 1920px\">\t\t\t\t\t\t\t\t\t\t\t\t\t<\/p>\n<h3>Was ist der Unterschied zwischen manuellen und robotergest\u00fctzten Haartransplantationsmethoden?<\/h3>\n<p>Haartransplantationstechniken haben sich im Laufe der Jahre erheblich weiterentwickelt und bieten Patienten zwei Hauptmethoden: manuelle und robotergest\u00fctzte Haartransplantationen. Beide Methoden zielen darauf ab, das Haar in Bereichen wiederherzustellen, die von Haarausfall oder Kahlheit betroffen sind, unterscheiden sich jedoch in der Art und Weise, wie die Haarfollikel entnommen und implantiert werden. Bei manuellen Haartransplantationen ist die Geschicklichkeit eines Chirurgen gefragt, der die Transplantate von Hand entnimmt und implantiert, w\u00e4hrend bei robotergest\u00fctzten Haartransplantationen fortschrittliche Technologie zur Unterst\u00fctzung des Entnahmeprozesses eingesetzt wird. Es ist wichtig, die Unterschiede zwischen diesen beiden Methoden zu verstehen, um die beste Option f\u00fcr Ihre individuellen Bed\u00fcrfnisse zu w\u00e4hlen.<\/p>\n<h3>Manuelle Haartransplantation: Pr\u00e4zision und Anpassung<\/h3>\n<p>Bei manuellen Haartransplantationen verwendet der Chirurg handgef\u00fchrte Werkzeuge, um Haarfollikel aus dem Spenderbereich zu entnehmen und sie in den Empf\u00e4ngerbereich zu implantieren. Die h\u00e4ufigste manuelle Technik ist die Follicular Unit Extraction (FUE), bei der einzelne Transplantate mit einem Mikrostanzwerkzeug entnommen werden. Diese Methode erm\u00f6glicht eine hohe Pr\u00e4zision und Individualisierung, da der Chirurg die besten Follikel f\u00fcr die Transplantation manuell ausw\u00e4hlen kann, basierend auf seiner Erfahrung und seinem Fachwissen. Manuelle Haartransplantationen k\u00f6nnen jedoch zeitaufwendig sein und die Ergebnisse h\u00e4ngen stark vom K\u00f6nnen des Chirurgen ab.<\/p>\n<h3>Haartransplantation mit Roboter: Schnelligkeit und Konsistenz<\/h3>\n<p>Bei robotergest\u00fctzten Haartransplantationsmethoden wie ARTAS kommen k\u00fcnstliche Intelligenz und Roboterpr\u00e4zision zum Einsatz, um die Entnahme von Haarfollikeln zu unterst\u00fctzen. Das Robotersystem scannt die Kopfhaut, um die besten Follikel f\u00fcr die Entnahme zu identifizieren, und entfernt sie mit unglaublicher Genauigkeit. Der Chirurg \u00fcberwacht den Prozess zwar weiterhin, doch das Robotersystem sorgt f\u00fcr Konsistenz und reduziert das Risiko menschlicher Fehler. Einer der Hauptvorteile von robotergest\u00fctzten Haartransplantationen ist die Geschwindigkeit, mit der der Eingriff durchgef\u00fchrt werden kann, was sie ideal f\u00fcr Patienten macht, die eine schnellere Genesungszeit w\u00fcnschen.<\/p>\n<h3>Vor- und Nachteile von manuellen und robotergest\u00fctzten Haartransplantationen<\/h3>\n<ul>\n<li><strong>Manuelle Haartransplantationen<\/strong> bieten mehr Kontrolle und Pr\u00e4zision, sodass der Chirurg w\u00e4hrend des gesamten Eingriffs Anpassungen vornehmen kann. Sie erfordern jedoch mehr Zeit und k\u00f6nnen f\u00fcr den Chirurgen k\u00f6rperlich anstrengend sein.<\/li>\n<li><strong>Roboter-Haartransplantationen<\/strong> sind schneller und gleichm\u00e4\u00dfiger, aber es fehlt ihnen m\u00f6glicherweise die Feinabstimmung, die die Hand eines Chirurgen bieten kann. Dar\u00fcber hinaus k\u00f6nnen Robotersysteme teurer sein, was die Wahl eines Patienten beeinflussen kann.<\/li>\n<\/ul>\n<h3>Welche Methode ist die beste f\u00fcr Sie?<\/h3>\n<p>Die Entscheidung zwischen einer manuellen und einer robotergest\u00fctzten Haartransplantation h\u00e4ngt von verschiedenen Faktoren ab, darunter der Haartyp des Patienten, die Gr\u00f6\u00dfe des Transplantationsbereichs und das Budget. Patienten mit komplexeren F\u00e4llen k\u00f6nnen von der Pr\u00e4zision und Flexibilit\u00e4t einer manuellen Transplantation profitieren, w\u00e4hrend Patienten, die eine schnellere Genesung anstreben, die robotergest\u00fctzte Option bevorzugen. Die Beratung durch einen Haartransplantationsspezialisten ist unerl\u00e4sslich, um festzustellen, welche Methode am besten geeignet ist, um die gew\u00fcnschten Ergebnisse zu erzielen.<\/p>\n<h2>Fragen zur manuellen und robotergest\u00fctzten Haartransplantation<\/h2>\n<details id=\"e-n-accordion-item-9030\" open>\n<summary data-accordion-index=\"1\" tabindex=\"0\" aria-expanded=\"true\" aria-controls=\"e-n-accordion-item-9030\" >\n\t\t\t\t\t Gibt es Unterschiede in der Erholungszeit zwischen manueller und robotergest\u00fctzter Haartransplantation?<br \/>\n\t\t\t<svg aria-hidden=\"true\" viewBox=\"0 0 448 512\" xmlns=\"http:\/\/www.w3.org\/2000\/svg\"><path d=\"M416 208H32c-17.67 0-32 14.33-32 32v32c0 17.67 14.33 32 32 32h384c17.67 0 32-14.33 32-32v-32c0-17.67-14.33-32-32-32z\"><\/path><\/svg><br \/>\n\t\t\t<svg aria-hidden=\"true\" viewBox=\"0 0 448 512\" xmlns=\"http:\/\/www.w3.org\/2000\/svg\"><path d=\"M416 208H272V64c0-17.67-14.33-32-32-32h-32c-17.67 0-32 14.33-32 32v144H32c-17.67 0-32 14.33-32 32v32c0 17.67 14.33 32 32 32h144v144c0 17.67 14.33 32 32 32h32c17.67 0 32-14.33 32-32V304h144c17.67 0 32-14.33 32-32v-32c0-17.67-14.33-32-32-32z\"><\/path><\/svg><br \/>\n\t\t\t\t\t\t<\/summary>\n<p>Die Genesungszeit ist im Allgemeinen bei beiden Methoden \u00e4hnlich, aber bei robotergest\u00fctzten Verfahren kann die Genesung aufgrund der Pr\u00e4zision und des weniger invasiven Charakters der Follikelextraktion etwas schneller erfolgen.<\/p>\n<\/details>\n<details id=\"e-n-accordion-item-9031\" >\n<summary data-accordion-index=\"2\" tabindex=\"-1\" aria-expanded=\"false\" aria-controls=\"e-n-accordion-item-9031\" >\n\t\t\t\t\t Kann die robotergest\u00fctzte Haartransplantation mit manuellen Techniken kombiniert werden?<br \/>\n\t\t\t<svg aria-hidden=\"true\" viewBox=\"0 0 448 512\" xmlns=\"http:\/\/www.w3.org\/2000\/svg\"><path d=\"M416 208H32c-17.67 0-32 14.33-32 32v32c0 17.67 14.33 32 32 32h384c17.67 0 32-14.33 32-32v-32c0-17.67-14.33-32-32-32z\"><\/path><\/svg><br \/>\n\t\t\t<svg aria-hidden=\"true\" viewBox=\"0 0 448 512\" xmlns=\"http:\/\/www.w3.org\/2000\/svg\"><path d=\"M416 208H272V64c0-17.67-14.33-32-32-32h-32c-17.67 0-32 14.33-32 32v144H32c-17.67 0-32 14.33-32 32v32c0 17.67 14.33 32 32 32h144v144c0 17.67 14.33 32 32 32h32c17.67 0 32-14.33 32-32V304h144c17.67 0 32-14.33 32-32v-32c0-17.67-14.33-32-32-32z\"><\/path><\/svg><br \/>\n\t\t\t\t\t\t<\/summary>\n<p>Ja, einige Chirurgen kombinieren die robotergest\u00fctzte Extraktion mit der manuellen Implantation, um das Beste aus beiden Methoden herauszuholen und die Pr\u00e4zision bei der Follikelentnahme und die individuelle Anpassung bei der Implantation zu gew\u00e4hrleisten.<\/p>\n<\/details>\n<details id=\"e-n-accordion-item-9032\" >\n<summary data-accordion-index=\"3\" tabindex=\"-1\" aria-expanded=\"false\" aria-controls=\"e-n-accordion-item-9032\" >\n\t\t\t\t\t Sind robotergest\u00fctzte Haartransplantationen weniger schmerzhaft als manuelle Transplantationen?<br \/>\n\t\t\t<svg aria-hidden=\"true\" viewBox=\"0 0 448 512\" xmlns=\"http:\/\/www.w3.org\/2000\/svg\"><path d=\"M416 208H32c-17.67 0-32 14.33-32 32v32c0 17.67 14.33 32 32 32h384c17.67 0 32-14.33 32-32v-32c0-17.67-14.33-32-32-32z\"><\/path><\/svg><br \/>\n\t\t\t<svg aria-hidden=\"true\" viewBox=\"0 0 448 512\" xmlns=\"http:\/\/www.w3.org\/2000\/svg\"><path d=\"M416 208H272V64c0-17.67-14.33-32-32-32h-32c-17.67 0-32 14.33-32 32v144H32c-17.67 0-32 14.33-32 32v32c0 17.67 14.33 32 32 32h144v144c0 17.67 14.33 32 32 32h32c17.67 0 32-14.33 32-32V304h144c17.67 0 32-14.33 32-32v-32c0-17.67-14.33-32-32-32z\"><\/path><\/svg><br \/>\n\t\t\t\t\t\t<\/summary>\n<p>Beide Verfahren werden in der Regel unter \u00f6rtlicher Bet\u00e4ubung durchgef\u00fchrt und sind daher relativ schmerzfrei. Die robotergest\u00fctzte Methode kann jedoch aufgrund der minimalen Invasivit\u00e4t des Extraktionsprozesses zu weniger postoperativen Beschwerden f\u00fchren.<\/p>\n<\/details>\n<details id=\"e-n-accordion-item-9033\" >\n<summary data-accordion-index=\"4\" tabindex=\"-1\" aria-expanded=\"false\" aria-controls=\"e-n-accordion-item-9033\" >\n\t\t\t\t\t Welche Methode eignet sich am besten f\u00fcr eine gro\u00dffl\u00e4chige Haarwiederherstellung?<br \/>\n\t\t\t<svg aria-hidden=\"true\" viewBox=\"0 0 448 512\" xmlns=\"http:\/\/www.w3.org\/2000\/svg\"><path d=\"M416 208H32c-17.67 0-32 14.33-32 32v32c0 17.67 14.33 32 32 32h384c17.67 0 32-14.33 32-32v-32c0-17.67-14.33-32-32-32z\"><\/path><\/svg><br \/>\n\t\t\t<svg aria-hidden=\"true\" viewBox=\"0 0 448 512\" xmlns=\"http:\/\/www.w3.org\/2000\/svg\"><path d=\"M416 208H272V64c0-17.67-14.33-32-32-32h-32c-17.67 0-32 14.33-32 32v144H32c-17.67 0-32 14.33-32 32v32c0 17.67 14.33 32 32 32h144v144c0 17.67 14.33 32 32 32h32c17.67 0 32-14.33 32-32V304h144c17.67 0 32-14.33 32-32v-32c0-17.67-14.33-32-32-32z\"><\/path><\/svg><br \/>\n\t\t\t\t\t\t<\/summary>\n<p>Aufgrund der Schnelligkeit und Effizienz der Follikelentnahme eignen sich Robotertransplantate m\u00f6glicherweise besser f\u00fcr eine gro\u00df angelegte Haarwiederherstellung.<\/p>\n<\/details>\n<details id=\"e-n-accordion-item-9034\" >\n<summary data-accordion-index=\"5\" tabindex=\"-1\" aria-expanded=\"false\" aria-controls=\"e-n-accordion-item-9034\" >\n\t\t\t\t\t Sind robotergest\u00fctzte Haartransplantationen teurer?<br \/>\n\t\t\t<svg aria-hidden=\"true\" viewBox=\"0 0 448 512\" xmlns=\"http:\/\/www.w3.org\/2000\/svg\"><path d=\"M416 208H32c-17.67 0-32 14.33-32 32v32c0 17.67 14.33 32 32 32h384c17.67 0 32-14.33 32-32v-32c0-17.67-14.33-32-32-32z\"><\/path><\/svg><br \/>\n\t\t\t<svg aria-hidden=\"true\" viewBox=\"0 0 448 512\" xmlns=\"http:\/\/www.w3.org\/2000\/svg\"><path d=\"M416 208H272V64c0-17.67-14.33-32-32-32h-32c-17.67 0-32 14.33-32 32v144H32c-17.67 0-32 14.33-32 32v32c0 17.67 14.33 32 32 32h144v144c0 17.67 14.33 32 32 32h32c17.67 0 32-14.33 32-32V304h144c17.67 0 32-14.33 32-32v-32c0-17.67-14.33-32-32-32z\"><\/path><\/svg><br \/>\n\t\t\t\t\t\t<\/summary>\n<p>Ja, die Roboter-Haartransplantation ist aufgrund der fortschrittlichen Technologie teurer. Der Kostenunterschied kann jedoch durch die Geschwindigkeit und Pr\u00e4zision des Verfahrens gerechtfertigt sein<\/p>\n<\/details>\n<p>Die Genesungszeit ist im Allgemeinen bei beiden Methoden \u00e4hnlich, aber bei robotergest\u00fctzten Verfahren kann die Genesung aufgrund der Pr\u00e4zision und des weniger invasiven Charakters der Follikelextraktion etwas schneller erfolgen.<\/p>\n<p>Ja, einige Chirurgen kombinieren die robotergest\u00fctzte Extraktion mit der manuellen Implantation, um das Beste aus beiden Methoden herauszuholen und die Pr\u00e4zision bei der Follikelentnahme und die individuelle Anpassung bei der Implantation zu gew\u00e4hrleisten.<\/p>\n<p>Beide Verfahren werden in der Regel unter \u00f6rtlicher Bet\u00e4ubung durchgef\u00fchrt und sind daher relativ schmerzfrei. Die robotergest\u00fctzte Methode kann jedoch aufgrund der minimalen Invasivit\u00e4t des Extraktionsprozesses zu weniger postoperativen Beschwerden f\u00fchren.<\/p>\n<p>Aufgrund der Schnelligkeit und Effizienz der Follikelentnahme eignen sich Robotertransplantate m\u00f6glicherweise besser f\u00fcr eine gro\u00df angelegte Haarwiederherstellung.<\/p>\n<p>Ja, die Roboter-Haartransplantation ist aufgrund der fortschrittlichen Technologie teurer. Der Kostenunterschied kann jedoch durch die Geschwindigkeit und Pr\u00e4zision des Verfahrens gerechtfertigt sein<\/p>\n","protected":false},"excerpt":{"rendered":"<p>Manuelle vs. robotische Haartransplantation Inhaltsverzeichnis Was ist der Unterschied zwischen manuellen und robotergest\u00fctzten Haartransplantationsmethoden? Haartransplantationstechniken haben sich im Laufe der Jahre erheblich weiterentwickelt und bieten Patienten zwei Hauptmethoden: manuelle und robotergest\u00fctzte Haartransplantationen. Beide Methoden zielen darauf ab, das Haar in Bereichen wiederherzustellen, die von Haarausfall oder Kahlheit betroffen sind, unterscheiden sich jedoch in der Art [&hellip;]<\/p>\n","protected":false},"author":6,"featured_media":0,"parent":0,"menu_order":0,"comment_status":"closed","ping_status":"closed","template":"","meta":{"footnotes":""},"class_list":["post-29855","page","type-page","status-publish","hentry"],"_links":{"self":[{"href":"https:\/\/drterziler.com\/de\/wp-json\/wp\/v2\/pages\/29855","targetHints":{"allow":["GET"]}}],"collection":[{"href":"https:\/\/drterziler.com\/de\/wp-json\/wp\/v2\/pages"}],"about":[{"href":"https:\/\/drterziler.com\/de\/wp-json\/wp\/v2\/types\/page"}],"author":[{"embeddable":true,"href":"https:\/\/drterziler.com\/de\/wp-json\/wp\/v2\/users\/6"}],"replies":[{"embeddable":true,"href":"https:\/\/drterziler.com\/de\/wp-json\/wp\/v2\/comments?post=29855"}],"version-history":[{"count":4,"href":"https:\/\/drterziler.com\/de\/wp-json\/wp\/v2\/pages\/29855\/revisions"}],"predecessor-version":[{"id":43182,"href":"https:\/\/drterziler.com\/de\/wp-json\/wp\/v2\/pages\/29855\/revisions\/43182"}],"wp:attachment":[{"href":"https:\/\/drterziler.com\/de\/wp-json\/wp\/v2\/media?parent=29855"}],"curies":[{"name":"wp","href":"https:\/\/api.w.org\/{rel}","templated":true}]}}