{"id":29857,"date":"2024-09-03T09:12:45","date_gmt":"2024-09-03T09:12:45","guid":{"rendered":"https:\/\/drterziler.com\/sommer\/"},"modified":"2025-06-11T10:11:55","modified_gmt":"2025-06-11T10:11:55","slug":"sommer","status":"publish","type":"page","link":"https:\/\/drterziler.com\/de\/haartransplantation\/sommer\/","title":{"rendered":"Haartransplantation im Sommer"},"content":{"rendered":"<nav aria-label=\"breadcrumbs\" class=\"rank-math-breadcrumb\"><p><span class=\"last\">Dr. Terziler<\/span><\/p><\/nav>\n<h4>\n\t\t\t\tInhaltsverzeichnis\t\t\t<\/h4>\n<p>\t\t\t\t\t\t\t<svg aria-hidden=\"true\" viewBox=\"0 0 448 512\" xmlns=\"http:\/\/www.w3.org\/2000\/svg\"><path d=\"M207.029 381.476L12.686 187.132c-9.373-9.373-9.373-24.569 0-33.941l22.667-22.667c9.357-9.357 24.522-9.375 33.901-.04L224 284.505l154.745-154.021c9.379-9.335 24.544-9.317 33.901.04l22.667 22.667c9.373 9.373 9.373 24.569 0 33.941L240.971 381.476c-9.373 9.372-24.569 9.372-33.942 0z\"><\/path><\/svg><br \/>\n\t\t\t\t<svg aria-hidden=\"true\" viewBox=\"0 0 448 512\" xmlns=\"http:\/\/www.w3.org\/2000\/svg\"><path d=\"M240.971 130.524l194.343 194.343c9.373 9.373 9.373 24.569 0 33.941l-22.667 22.667c-9.357 9.357-24.522 9.375-33.901.04L224 227.495 69.255 381.516c-9.379 9.335-24.544 9.317-33.901-.04l-22.667-22.667c-9.373-9.373-9.373-24.569 0-33.941L207.03 130.525c9.372-9.373 24.568-9.373 33.941-.001z\"><\/path><\/svg><br \/>\n\t\t\t\t<svg aria-hidden=\"true\" viewBox=\"0 0 1000 1000\" xmlns=\"http:\/\/www.w3.org\/2000\/svg\"><path d=\"M500 975V858C696 858 858 696 858 500S696 142 500 142 142 304 142 500H25C25 237 238 25 500 25S975 237 975 500 763 975 500 975Z\"><\/path><\/svg><br \/>\n\t\t\t\t\t\t\t\t\t\t\t\t\t\t\t\t\t\t\t\t\t\t<img loading=\"lazy\" decoding=\"async\" width=\"1700\" height=\"1080\" src=\"https:\/\/drterziler.com\/wp-content\/uploads\/2024\/08\/6.webp\" alt=\"\" srcset=\"https:\/\/drterziler.com\/wp-content\/uploads\/2024\/08\/6.webp 1700w, https:\/\/drterziler.com\/wp-content\/uploads\/2024\/08\/6-300x191.webp 300w, https:\/\/drterziler.com\/wp-content\/uploads\/2024\/08\/6-1024x651.webp 1024w, https:\/\/drterziler.com\/wp-content\/uploads\/2024\/08\/6-768x488.webp 768w, https:\/\/drterziler.com\/wp-content\/uploads\/2024\/08\/6-1536x976.webp 1536w\" sizes=\"auto, (max-width: 1700px) 100vw, 1700px\">\t\t\t\t\t\t\t\t\t\t\t\t\t<\/p>\n<h1>Haartransplantation im Sommer: Was Sie wissen m\u00fcssen<\/h1>\n<h2>Ist der Sommer eine gute Zeit f\u00fcr eine Haartransplantation?<\/h2>\n<p>Viele Menschen fragen sich, ob der Sommer eine geeignete Zeit f\u00fcr eine Haartransplantation ist. Die Wahrheit ist, dass Haartransplantationen zu jeder Jahreszeit, auch im Sommer, erfolgreich durchgef\u00fchrt werden k\u00f6nnen. Es gibt jedoch einige Besonderheiten und Vorsichtsma\u00dfnahmen zu beachten, wenn man sich in den w\u00e4rmeren Monaten eine Haartransplantation machen l\u00e4sst.<\/p>\n<h2>Vorteile von Haartransplantationen im Sommer<\/h2>\n<ul>\n<li>Schnellere Heilung: W\u00e4rmere Temperaturen k\u00f6nnen die Durchblutung f\u00f6rdern und so zu einer schnelleren Heilung f\u00fchren.<\/li>\n<li>Einfachere Freistellung: Vielen Menschen f\u00e4llt es leichter, sich in den Sommermonaten f\u00fcr die Genesung freizustellen.<\/li>\n<li>Zeitpunkt des Haarwachstums: Wenn Sie sich im Sommer einer Transplantation unterziehen, kann es sein, dass Ihr neues Haar im Winter sichtbar wird, wenn Sie vielleicht lieber mehr Haarabdeckung h\u00e4tten.<\/li>\n<\/ul>\n<h2>Vorsichtsma\u00dfnahmen und Pflegetipps f\u00fcr Haartransplantationen im Sommer<\/h2>\n<h3>1. Sonnenschutz<\/h3>\n<p>Der wichtigste Aspekt der Nachsorge im Sommer ist der Schutz Ihrer Kopfhaut vor der Sonne. UV-Strahlen k\u00f6nnen neu verpflanzte Transplantate sch\u00e4digen und Reizungen verursachen.<\/p>\n<p>Tipps:<\/p>\n<ul>\n<li>Tragen Sie im Freien eine locker sitzende Kopfbedeckung<\/li>\n<li>Verwenden Sie eine Sonnencreme mit hohem Lichtschutzfaktor f\u00fcr Ihre Kopfhaut (nach der ersten Heilungsphase)<\/li>\n<li>Vermeiden Sie mindestens zwei Wochen nach der Operation direkte Sonneneinstrahlung auf Ihre Kopfhaut<\/li>\n<\/ul>\n<h3>2. Umgang mit Schwei\u00df<\/h3>\n<p>Verst\u00e4rktes Schwitzen im Sommer kann den Heilungsprozess beeintr\u00e4chtigen und m\u00f6glicherweise zu Infektionen f\u00fchren.<\/p>\n<p>Tipps:<\/p>\n<ul>\n<li>Halten Sie sich m\u00f6glichst in klimatisierten R\u00e4umen auf<\/li>\n<li>Tupfen Sie Ihre Kopfhaut sanft trocken, wenn Sie schwitzen<\/li>\n<li>Vermeiden Sie mindestens zwei Wochen lang anstrengende Aktivit\u00e4ten, die zu \u00fcberm\u00e4\u00dfigem Schwitzen f\u00fchren<\/li>\n<\/ul>\n<h3>3. Fl\u00fcssigkeitszufuhr<\/h3>\n<p>Eine ausreichende Fl\u00fcssigkeitszufuhr ist f\u00fcr die Heilung und die allgemeine Gesundheit von entscheidender Bedeutung, insbesondere im Sommer.<\/p>\n<p>Tipps:<\/p>\n<ul>\n<li>Trinken Sie den ganzen Tag \u00fcber viel Wasser<\/li>\n<li>Vermeiden Sie \u00fcberm\u00e4\u00dfigen Alkoholkonsum, der zu Dehydrierung f\u00fchren kann<\/li>\n<\/ul>\n<h3>4. Vorsichtsma\u00dfnahmen beim Schwimmen<\/h3>\n<p>Schwimmb\u00e4der und Str\u00e4nde sind im Sommer verlockend, aber Sie sollten sie vorerst meiden.<\/p>\n<p>Tipps:<\/p>\n<ul>\n<li>Schwimmen Sie mindestens zwei Wochen nach der Transplantation nicht<\/li>\n<li>Wenn Sie wieder schwimmen gehen, tragen Sie eine Badekappe, um Ihre Kopfhaut zu sch\u00fctzen<\/li>\n<\/ul>\n<h2>Pflege nach der Transplantation im Sommer<\/h2>\n<ul>\n<li>Befolgen Sie die Anweisungen Ihres Chirurgen sorgf\u00e4ltig<\/li>\n<li>Verwenden Sie die verschriebenen Shampoos und Medikamente wie angegeben<\/li>\n<li>Vermeiden Sie es, den transplantierten Bereich zu kratzen oder zu ber\u00fchren<\/li>\n<li>Halten Sie Ihre Nachsorgetermine ein, um den Heilungsfortschritt zu \u00fcberwachen<\/li>\n<\/ul>\n<h2>Wann eine Verschiebung in Betracht gezogen werden sollte<\/h2>\n<p>Obwohl Haartransplantationen im Sommer im Allgemeinen unbedenklich sind, kann es F\u00e4lle geben, in denen eine Verschiebung von Vorteil sein k\u00f6nnte:<\/p>\n<ul>\n<li>Wenn Sie umfangreiche Arbeiten oder Aktivit\u00e4ten im Freien geplant haben<\/li>\n<li>Wenn Sie einen Strandurlaub kurz nach dem Eingriff planen<\/li>\n<li>Wenn Sie in einem extrem hei\u00dfen Klima ohne einfachen Zugang zu einer Klimaanlage leben<\/li>\n<\/ul>\n<h2>Schlussfolgerung<\/h2>\n<p>Eine Haartransplantation im Sommer ist bei richtiger Pflege und mit den entsprechenden Vorsichtsma\u00dfnahmen durchaus machbar. Der Schl\u00fcssel liegt darin, Ihre Kopfhaut vor Sonne und Hitze zu sch\u00fctzen, den Schwei\u00df zu kontrollieren und die postoperativen Anweisungen Ihres Chirurgen sorgf\u00e4ltig zu befolgen. Wenn Sie eine Haartransplantation im Sommer in Betracht ziehen, wenden Sie sich an Dr. Terziler, um Ihre spezifische Situation zu besprechen und einen individuellen Pflegeplan f\u00fcr optimale Ergebnisse zu erstellen.<\/p>\n<p>Denken Sie daran, dass die wichtigsten Faktoren f\u00fcr eine erfolgreiche Haartransplantation unabh\u00e4ngig von der Jahreszeit die F\u00e4higkeiten Ihres Chirurgen, die Qualit\u00e4t der Klinik und Ihre Bereitschaft sind, die Anweisungen zur postoperativen Pflege zu befolgen. Mit dem richtigen Ansatz k\u00f6nnen Sie das ganze Jahr \u00fcber von den Vorteilen Ihrer Haartransplantation profitieren.<\/p>\n","protected":false},"excerpt":{"rendered":"<p>Inhaltsverzeichnis Haartransplantation im Sommer: Was Sie wissen m\u00fcssen Ist der Sommer eine gute Zeit f\u00fcr eine Haartransplantation? Viele Menschen fragen sich, ob der Sommer eine geeignete Zeit f\u00fcr eine Haartransplantation ist. Die Wahrheit ist, dass Haartransplantationen zu jeder Jahreszeit, auch im Sommer, erfolgreich durchgef\u00fchrt werden k\u00f6nnen. Es gibt jedoch einige Besonderheiten und Vorsichtsma\u00dfnahmen zu beachten, [&hellip;]<\/p>\n","protected":false},"author":6,"featured_media":0,"parent":2826,"menu_order":0,"comment_status":"closed","ping_status":"closed","template":"","meta":{"footnotes":""},"class_list":["post-29857","page","type-page","status-publish","hentry"],"_links":{"self":[{"href":"https:\/\/drterziler.com\/de\/wp-json\/wp\/v2\/pages\/29857","targetHints":{"allow":["GET"]}}],"collection":[{"href":"https:\/\/drterziler.com\/de\/wp-json\/wp\/v2\/pages"}],"about":[{"href":"https:\/\/drterziler.com\/de\/wp-json\/wp\/v2\/types\/page"}],"author":[{"embeddable":true,"href":"https:\/\/drterziler.com\/de\/wp-json\/wp\/v2\/users\/6"}],"replies":[{"embeddable":true,"href":"https:\/\/drterziler.com\/de\/wp-json\/wp\/v2\/comments?post=29857"}],"version-history":[{"count":5,"href":"https:\/\/drterziler.com\/de\/wp-json\/wp\/v2\/pages\/29857\/revisions"}],"predecessor-version":[{"id":43075,"href":"https:\/\/drterziler.com\/de\/wp-json\/wp\/v2\/pages\/29857\/revisions\/43075"}],"up":[{"embeddable":true,"href":"https:\/\/drterziler.com\/de\/wp-json\/wp\/v2\/pages\/2826"}],"wp:attachment":[{"href":"https:\/\/drterziler.com\/de\/wp-json\/wp\/v2\/media?parent=29857"}],"curies":[{"name":"wp","href":"https:\/\/api.w.org\/{rel}","templated":true}]}}