{"id":3192,"date":"2024-08-26T09:38:52","date_gmt":"2024-08-26T09:38:52","guid":{"rendered":"https:\/\/drterziler.com\/haar-behandlungen\/haar-elixier\/"},"modified":"2026-04-21T11:19:20","modified_gmt":"2026-04-21T11:19:20","slug":"haar-elixier","status":"publish","type":"page","link":"https:\/\/drterziler.com\/de\/haar-behandlungen\/haar-elixier\/","title":{"rendered":"Haar-Elixier"},"content":{"rendered":"<div class=\"page-content\">\n<div id=\"header-area\">\n<div class=\"container\" id=\"firstContent\">\n<div class=\"header-content d-flex flex-column\">\n<h1 class=\"content-title h1-header\">Haar-Elixier<\/h1>\n<div class=\"content-paragraph\">\n<p class=\"p-text\">Haarausfall ist zwar ein h\u00e4ufiges Problem, mit dem viele Menschen konfrontiert sind, aber dank der innovativen L\u00f6sungen der modernen Medizin ist es nicht mehr unl\u00f6sbar. Haar-Elixier ist ein revolution\u00e4rer, wissenschaftlich fundierter Ansatz, der darauf abzielt, die Gesundheit der Haare wiederherzustellen. Diese Methode unterst\u00fctzt das nat\u00fcrliche Haarwachstum durch die Revitalisierung der Haarfollikel und bietet dauerhafte L\u00f6sungen.<\/p>\n<\/p><\/div>\n<nav aria-label=\"breadcrumb\" class=\"breadcrumbs\">\n<ul class=\"d-flex align-items-center mb-0\">\n<li><a class=\"link\" href=\"https:\/\/drterziler.com\/de\/\"><span>Dr. Terziler Exclusive Clinic<\/span><\/a><\/li>\n<li class=\"separator\">\u00bb<\/li>\n<li><a class=\"link\" href=\"https:\/\/drterziler.com\/de\/haar-behandlungen\/\"><span>Haar-Behandlungen<\/span><\/a><\/li>\n<li class=\"separator\">\u00bb<\/li>\n<li class=\"current-page\"><span>Haar-Elixier<\/span><\/li>\n<\/ul>\n<\/nav><\/div>\n<\/p><\/div>\n<\/p><\/div>\n<\/div>\n<section id=\"content-area\">\n<div class=\"container my-5\">\n<div class=\"row align-items-start\">\n<div class=\"col-md-6 order-2 order-md-1\">\n<div class=\"custom-toc-box\">\n<div id=\"toc-header\">\n<h4>Inhaltsverzeichnis<\/h4>\n<div class=\"toc-toggle-icon\"><\/div>\n<\/p><\/div>\n<div class=\"toc-full-divider\"><\/div>\n<div id=\"toc-body\">\n<div id=\"toc-container\"><\/div>\n<\/p><\/div>\n<\/p><\/div>\n<\/p><\/div>\n<div class=\"col-md-6 order-1 order-md-2\" id=\"jForm\">\n                <script type=\"text\/javascript\" src=\"https:\/\/form.jotform.com\/jsform\/242882128947973\"><\/script>\n            <\/div>\n<\/p><\/div>\n<\/p><\/div>\n<div class=\"container\">\n<div class=\"img-thumb\">\n            <img loading=\"lazy\" decoding=\"async\" width=\"1140\" height=\"641\" src=\"https:\/\/drterziler.com\/wp-content\/uploads\/2025\/04\/HAIR-ELIXIR.webp\" alt=\"\" srcset=\"https:\/\/drterziler.com\/wp-content\/uploads\/2025\/04\/HAIR-ELIXIR.webp 1140w, https:\/\/drterziler.com\/wp-content\/uploads\/2025\/04\/HAIR-ELIXIR-300x169.webp 300w, https:\/\/drterziler.com\/wp-content\/uploads\/2025\/04\/HAIR-ELIXIR-1024x576.webp 1024w, https:\/\/drterziler.com\/wp-content\/uploads\/2025\/04\/HAIR-ELIXIR-768x432.webp 768w\" sizes=\"auto, (max-width: 1140px) 100vw, 1140px\">\n        <\/div>\n<div>\n<div>\n<h2 class=\"h2-header\">Wer kann von Hair Elixir profitieren?<\/h2>\n<\/p><\/div>\n<div>\n<p class=\"p-text\">Personen, die unter genetisch bedingtem Haarausfall leiden Menschen mit sch\u00fctterem Haar Menschen mit d\u00fcnner werdendem und sch\u00fctterem Haar Diejenigen, die nach einer Haartransplantation schnelles und dichtes Haarwachstum w\u00fcnschen Personen, die nicht gen\u00fcgend Grafts f\u00fcr eine Haartransplantation haben Frauen mit postpartalem Haarausfall Personen mit verst\u00e4rktem Haarausfall nach der Menopause<\/p>\n<\/p><\/div>\n<\/p><\/div>\n<div>\n<div>\n<h2 class=\"h2-header\">Haarstammzellen-Behandlung: Wissenschaftlicher Ansatz zur Haarerneuerung<\/h2>\n<\/p><\/div>\n<div>\n<p class=\"p-text\">Die Haarstammzellenbehandlung ist eine revolution\u00e4re biotechnologische Innovation im Bereich Haarausfall und Haarerneuerung. Bei dieser Behandlung werden Stammzellen verwendet, die aus dem eigenen K\u00f6rper des Patienten gewonnen werden. Stammzellen sind spezielle Zellen, die in der Lage sind, gesch\u00e4digtes Gewebe im K\u00f6rper zu reparieren und zu erneuern. Wenn diese Zellen in die Haarfollikel injiziert werden, werden die Haarwurzeln wiederbelebt und der nat\u00fcrliche Haarwuchszyklus gef\u00f6rdert. Die biologische Rolle der Stammzellen Stammzellen sind f\u00fcr ihre F\u00e4higkeit bekannt, sich in verschiedene Zelltypen zu verwandeln und besch\u00e4digtes Gewebe zu reparieren. Bei der Haarstammzellenbehandlung werden diese Zellen in die Kopfhaut injiziert. Nach der Injektion siedeln sich die Stammzellen in den Haarfollikeln an und leiten die zellul\u00e4re Reparatur ein, wodurch neues Haarwachstum gef\u00f6rdert wird. Dieser Prozess beschleunigt den \u00dcbergang der Haarwurzeln in die anagene (Wachstums-)Phase und sorgt daf\u00fcr, dass das Haar dicker, kr\u00e4ftiger und ges\u00fcnder w\u00e4chst. Behandlungsverfahren und Anwendung Die Behandlung mit Haarstammzellen beginnt mit der Gewinnung von Stammzellen aus dem eigenen K\u00f6rper des Patienten. Diese Zellen werden in der Regel aus Fettgewebe oder Knochenmark gewonnen. Die entnommenen Zellen werden speziell aufbereitet, angereichert und aktiviert. Anschlie\u00dfend werden diese Zellen mit Hilfe der Mikroinjektionsmethode in bestimmte Bereiche der Kopfhaut eingebracht. Die Applikation erfolgt mit minimalinvasiven Techniken und ist im Allgemeinen schmerzfrei. Wissenschaftliche Beweise und Behandlungserfolg Wissenschaftliche Untersuchungen \u00fcber die Behandlung mit Haarstammzellen zeigen, dass diese Methode sehr wirksam ist, um Haarausfall zu stoppen und die Neubildung von Haaren zu f\u00f6rdern. Klinische Studien haben bewiesen, dass Stammzellen die Reparatur auf Zellebene in den Haarfollikeln einleiten und die Haarqualit\u00e4t und -dichte erh\u00f6hen. Diese Behandlung bietet insbesondere bei genetisch bedingtem Haarausfall und Alopezie erfolgreiche Ergebnisse. Die Behandlung der Zukunft: Personalisierte und dauerhafte L\u00f6sungen Die Haarstammzellenbehandlung ist eine Methode, die auf die Haarstruktur und den Grad des Haarausfalls jedes Einzelnen abgestimmt werden kann. Dieser individuelle Ansatz erh\u00f6ht die Wirksamkeit der Behandlung und erm\u00f6glicht dauerhaftere Ergebnisse. Die Haarstammzellenbehandlung gilt als die vielversprechendste und dauerhafteste L\u00f6sung der Zukunft f\u00fcr alle, die ihre Haargesundheit optimieren und den Haarausfall stoppen wollen.<\/p>\n<\/p><\/div>\n<\/p><\/div>\n<\/p><\/div>\n<\/section>\n","protected":false},"excerpt":{"rendered":"<p>Haar-Elixier Haarausfall ist zwar ein h\u00e4ufiges Problem, mit dem viele Menschen konfrontiert sind, aber dank der innovativen L\u00f6sungen der modernen Medizin ist es nicht mehr unl\u00f6sbar. Haar-Elixier ist ein revolution\u00e4rer, wissenschaftlich fundierter Ansatz, der darauf abzielt, die Gesundheit der Haare wiederherzustellen. Diese Methode unterst\u00fctzt das nat\u00fcrliche Haarwachstum durch die Revitalisierung der Haarfollikel und bietet dauerhafte [&hellip;]<\/p>\n","protected":false},"author":6,"featured_media":0,"parent":2840,"menu_order":0,"comment_status":"closed","ping_status":"closed","template":"","meta":{"footnotes":""},"class_list":["post-3192","page","type-page","status-publish","hentry"],"_links":{"self":[{"href":"https:\/\/drterziler.com\/de\/wp-json\/wp\/v2\/pages\/3192","targetHints":{"allow":["GET"]}}],"collection":[{"href":"https:\/\/drterziler.com\/de\/wp-json\/wp\/v2\/pages"}],"about":[{"href":"https:\/\/drterziler.com\/de\/wp-json\/wp\/v2\/types\/page"}],"author":[{"embeddable":true,"href":"https:\/\/drterziler.com\/de\/wp-json\/wp\/v2\/users\/6"}],"replies":[{"embeddable":true,"href":"https:\/\/drterziler.com\/de\/wp-json\/wp\/v2\/comments?post=3192"}],"version-history":[{"count":12,"href":"https:\/\/drterziler.com\/de\/wp-json\/wp\/v2\/pages\/3192\/revisions"}],"predecessor-version":[{"id":62359,"href":"https:\/\/drterziler.com\/de\/wp-json\/wp\/v2\/pages\/3192\/revisions\/62359"}],"up":[{"embeddable":true,"href":"https:\/\/drterziler.com\/de\/wp-json\/wp\/v2\/pages\/2840"}],"wp:attachment":[{"href":"https:\/\/drterziler.com\/de\/wp-json\/wp\/v2\/media?parent=3192"}],"curies":[{"name":"wp","href":"https:\/\/api.w.org\/{rel}","templated":true}]}}