{"id":3246,"date":"2024-08-26T12:10:04","date_gmt":"2024-08-26T12:10:04","guid":{"rendered":"https:\/\/drterziler.com\/medizinische-aesthetik\/punktuelle-behandlung\/"},"modified":"2026-02-28T12:24:32","modified_gmt":"2026-02-28T12:24:32","slug":"spot-behandlung","status":"publish","type":"page","link":"https:\/\/drterziler.com\/de\/medizinische-aesthetik\/gesichtsbehandlungen\/mesotherapie-de\/spot-behandlung\/","title":{"rendered":"Spot-Behandlung"},"content":{"rendered":"<div class=\"page-content\">\n<div id=\"header-area\">\n<div class=\"container\" id=\"firstContent\">\n<div class=\"header-content d-flex flex-column\">\n<h1 class=\"content-title h1-header\">Spot-Behandlung<\/h1>\n<div class=\"content-paragraph\">\n<p class=\"p-text\">Es bek\u00e4mpft Sonnenflecken, Aknenarben und Alterserscheinungen und gleicht den Hautton aus. Zur Entfernung von Hautunreinheiten und zur Aufhellung der Haut werden Methoden wie Laserbehandlung, chemische Peelings und PRP eingesetzt. Die Behandlung ist individuell und sorgt f\u00fcr nat\u00fcrliche und langanhaltende Ergebnisse.<\/p>\n<\/p><\/div>\n<nav aria-label=\"breadcrumb\" class=\"breadcrumbs\">\n<ul class=\"d-flex align-items-center mb-0\">\n<li><a class=\"link\" href=\"https:\/\/drterziler.com\/de\/\"><span>Dr. Terziler Exclusive Clinic<\/span><\/a><\/li>\n<li class=\"separator\">\u00bb<\/li>\n<li><a class=\"link\" href=\"https:\/\/drterziler.com\/de\/medizinische-aesthetik\/\"><span>Medizinische \u00c4sthetik<\/span><\/a><\/li>\n<li class=\"separator\">\u00bb<\/li>\n<li><a class=\"link\" href=\"https:\/\/drterziler.com\/de\/medizinische-aesthetik\/gesichtsbehandlungen\/\"><span>Gesichtsbehandlungen<\/span><\/a><\/li>\n<li class=\"separator\">\u00bb<\/li>\n<li><a class=\"link\" href=\"https:\/\/drterziler.com\/de\/medizinische-aesthetik\/gesichtsbehandlungen\/mesotherapie-de\/\"><span>Mesotherapie<\/span><\/a><\/li>\n<li class=\"separator\">\u00bb<\/li>\n<li class=\"current-page\"><span>Spot-Behandlung<\/span><\/li>\n<\/ul>\n<\/nav><\/div>\n<\/p><\/div>\n<\/p><\/div>\n<\/div>\n<section id=\"content-area\">\n<div class=\"container my-5\">\n<div class=\"row align-items-start\">\n<div class=\"col-md-6 order-2 order-md-1\">\n<div class=\"custom-toc-box\">\n<div id=\"toc-header\">\n<h4>Inhaltsverzeichnis<\/h4>\n<div class=\"toc-toggle-icon\"><\/div>\n<\/p><\/div>\n<div class=\"toc-full-divider\"><\/div>\n<div id=\"toc-body\">\n<div id=\"toc-container\"><\/div>\n<\/p><\/div>\n<\/p><\/div>\n<\/p><\/div>\n<div class=\"col-md-6 order-1 order-md-2\" id=\"jForm\">\n                <script type=\"text\/javascript\" src=\"https:\/\/form.jotform.com\/jsform\/242882128947973\"><\/script>\n            <\/div>\n<\/p><\/div>\n<\/p><\/div>\n<div class=\"container\">\n<div class=\"img-thumb\">\n            <img loading=\"lazy\" decoding=\"async\" src=\"https:\/\/drterziler.com\/wp-content\/uploads\/2025\/01\/leke-tedavisi-1.webp\" sizes=\"auto, (max-width: 1920px) 100vw, 1920px\" srcset=\"https:\/\/drterziler.com\/wp-content\/uploads\/2025\/01\/leke-tedavisi-1.webp 1920w, https:\/\/drterziler.com\/wp-content\/uploads\/2025\/01\/leke-tedavisi-1-300x169.webp 300w, https:\/\/drterziler.com\/wp-content\/uploads\/2025\/01\/leke-tedavisi-1-1024x576.webp 1024w, https:\/\/drterziler.com\/wp-content\/uploads\/2025\/01\/leke-tedavisi-1-768x432.webp 768w, https:\/\/drterziler.com\/wp-content\/uploads\/2025\/01\/leke-tedavisi-1-1536x864.webp 1536w\" alt=\"\" width=\"1920\" height=\"1080\">\n        <\/div>\n<div>\n<div>\n<h2 class=\"h2-header\">Was ist Spotbehandlung?<\/h2>\n<\/p><\/div>\n<div>\n<p class=\"p-text\">Die Spotbehandlung ist ein dermatologisches Verfahren, das zur Behandlung verschiedener Hautverf\u00e4rbungen, dunkler Flecken und Pigmentierungsprobleme angewendet wird. Sie behandelt Probleme wie Sonnenflecken, Altersflecken, Aknenarben, Sommersprossen, Melasma und Hyperpigmentierung. Diese Behandlung hilft, den Hautton auszugleichen und sorgt f\u00fcr ein jugendlicheres Aussehen.<\/p>\n<\/p><\/div>\n<\/p><\/div>\n<div>\n<div>\n<h2 class=\"h2-header\">Welche Vorteile hat die Spotbehandlung?<\/h2>\n<\/p><\/div>\n<div>\n<p class=\"p-text\">Gl\u00e4ttet die Haut. Gleicht den Hautton aus. Dunkle Flecken reduzieren sich schnell. Schmerzfreie und nicht-invasive Behandlung. Verleiht einen verj\u00fcngenden Effekt. Bringt schnelle Ergebnisse.<\/p>\n<\/p><\/div>\n<\/p><\/div>\n<div>\n<div>\n<h2 class=\"h2-header\">Welches Aussehen bietet die Spotbehandlung?<\/h2>\n<\/p><\/div>\n<div>\n<p class=\"p-text\">Nach der Spotbehandlung wird die Haut heller, glatter und gleichm\u00e4\u00dfiger im Ton. Dunkle Flecken, Sonnenflecken oder Aknenarben reduzieren sich erheblich und die Hautoberfl\u00e4che wird jugendlicher und ges\u00fcnder. Diese Behandlung beseitigt Hautverf\u00e4rbungen und sorgt f\u00fcr ein strahlendes und frisches Aussehen.<\/p>\n<\/p><\/div>\n<\/p><\/div>\n<div>\n<div>\n<h2 class=\"h2-header\">F\u00fcr wen ist die Spotbehandlung geeignet?<\/h2>\n<\/p><\/div>\n<div>\n<p class=\"p-text\">F\u00fcr Personen mit Sonnenflecken. F\u00fcr Menschen, die Anzeichen der Hautalterung zeigen. F\u00fcr Personen mit verschiedenen Hautunregelm\u00e4\u00dfigkeiten. F\u00fcr Menschen mit hormonellen Flecken. F\u00fcr Personen mit ungleichm\u00e4\u00dfigem Hautton. F\u00fcr Menschen, die eine glatte Haut w\u00fcnschen.<\/p>\n<\/p><\/div>\n<\/p><\/div>\n<div>\n<div>\n<h2 class=\"h2-header\">Warum ist die Spotbehandlung so beliebt?<\/h2>\n<\/p><\/div>\n<div>\n<p class=\"p-text\">Die Beliebtheit der Spotbehandlung nimmt aufgrund ihrer schnellen und langanhaltenden Ergebnisse zu. Mit dem wachsenden Bewusstsein f\u00fcr \u00c4sthetik und Sch\u00f6nheit zeigen immer mehr Menschen Interesse an dieser Behandlung, um Hautprobleme zu beheben. Dar\u00fcber hinaus steigert die Spotbehandlung das Selbstbewusstsein, indem sie das \u00e4sthetisch unangenehme Aussehen von Hautflecken beseitigt, was sie noch attraktiver macht.<\/p>\n<\/p><\/div>\n<\/p><\/div>\n<div>\n<div>\n<h2 class=\"h2-header\">Wie wird die Spotbehandlung angewendet?<\/h2>\n<\/p><\/div>\n<div>\n<p class=\"p-text\">Die g\u00e4ngigsten Methoden sind Laserbehandlungen, chemische Peelings und PRP. Laserstrahlen zielen auf die Pigmente unter der Haut ab, um Flecken zu reduzieren. Ein chemisches Peeling exfoliert die oberste Hautschicht und schafft eine gesunde Hautoberfl\u00e4che. PRP revitalisiert die Haut mit Blut, das verj\u00fcngende Eigenschaften hat. Der Behandlungsprozess wird individuell angepasst und von einem Facharzt durchgef\u00fchrt.<\/p>\n<\/p><\/div>\n<\/p><\/div>\n<div>\n<div>\n<h2 class=\"h2-header\">Wie lange halten die Ergebnisse der Spotbehandlung an?<\/h2>\n<\/p><\/div>\n<div>\n<p class=\"p-text\">Die Ergebnisse der Spotbehandlung sind in der Regel dauerhaft, aber Faktoren wie der nat\u00fcrliche Alterungsprozess der Haut und Sonneneinstrahlung k\u00f6nnen dazu f\u00fchren, dass einige Flecken mit der Zeit wieder auftreten. Regelm\u00e4\u00dfige Pflege und die Verwendung von Sonnenschutzmitteln helfen, die Ergebnisse l\u00e4nger zu erhalten.<\/p>\n<\/p><\/div>\n<\/p><\/div>\n<div>\n<div>\n<h2 class=\"h2-header\">Verursacht die Spotbehandlung Schmerzen oder Unannehmlichkeiten?<\/h2>\n<\/p><\/div>\n<div>\n<p class=\"p-text\">Bei den meisten Methoden der Spotbehandlung gibt es keine Schmerzen. Einige Verfahren wie Laser oder chemisches Peeling k\u00f6nnen jedoch ein leichtes W\u00e4rme- oder Unbehagengef\u00fchl verursachen, aber diese Empfindungen werden in der Regel mit \u00f6rtlicher Bet\u00e4ubung oder K\u00fchlung minimiert.<\/p>\n<\/p><\/div>\n<\/p><\/div>\n<div>\n<div>\n<h2 class=\"h2-header\">Preise f\u00fcr Spotbehandlungen<\/h2>\n<\/p><\/div>\n<div>\n<p class=\"p-text\">Die Preise f\u00fcr Spotbehandlungen variieren je nach verwendeter Methode und Hauttyp. In der Regel werden einfachere Behandlungen zu g\u00fcnstigeren Preisen angeboten, w\u00e4hrend fortgeschrittene Methoden wie Laser oder Mesotherapie etwas teurer sein k\u00f6nnen. F\u00fcr detaillierte Preisangaben empfehlen wir, unsere Klinik zu kontaktieren.<\/p>\n<\/p><\/div>\n<\/p><\/div>\n<div>\n<div>\n<h2 class=\"h2-header\">Warum die Dr. Terziler Exclusive Clinic w\u00e4hlen?<\/h2>\n<\/p><\/div>\n<div>\n<p class=\"p-text\">Dr. Terziler, mit international anerkanntem Fachwissen und einem \u00e4sthetischen Ansatz, der Kunst und Wissenschaft kombiniert, bietet ma\u00dfgeschneiderte L\u00f6sungen, die nicht nur eine k\u00f6rperliche Transformation, sondern auch eine emotionale Erneuerung erm\u00f6glichen. Unsere Klinik, ausgestattet mit fortschrittlicher Technologie und betrieben nach den Prinzipien von Komfort und Sicherheit, verfolgt Perfektion als Unternehmensphilosophie. Jeder Handgriff hier ist darauf ausgerichtet, Ihre Gesundheit und Ihr Gl\u00fcck zu steigern.<\/p>\n<\/p><\/div>\n<\/p><\/div>\n<\/p><\/div>\n<\/section>\n","protected":false},"excerpt":{"rendered":"<p>Spot-Behandlung Es bek\u00e4mpft Sonnenflecken, Aknenarben und Alterserscheinungen und gleicht den Hautton aus. Zur Entfernung von Hautunreinheiten und zur Aufhellung der Haut werden Methoden wie Laserbehandlung, chemische Peelings und PRP eingesetzt. Die Behandlung ist individuell und sorgt f\u00fcr nat\u00fcrliche und langanhaltende Ergebnisse. Dr. Terziler Exclusive Clinic \u00bb Medizinische \u00c4sthetik \u00bb Gesichtsbehandlungen \u00bb Mesotherapie \u00bb Spot-Behandlung Inhaltsverzeichnis [&hellip;]<\/p>\n","protected":false},"author":6,"featured_media":0,"parent":2874,"menu_order":0,"comment_status":"closed","ping_status":"closed","template":"","meta":{"footnotes":""},"class_list":["post-3246","page","type-page","status-publish","hentry"],"_links":{"self":[{"href":"https:\/\/drterziler.com\/de\/wp-json\/wp\/v2\/pages\/3246","targetHints":{"allow":["GET"]}}],"collection":[{"href":"https:\/\/drterziler.com\/de\/wp-json\/wp\/v2\/pages"}],"about":[{"href":"https:\/\/drterziler.com\/de\/wp-json\/wp\/v2\/types\/page"}],"author":[{"embeddable":true,"href":"https:\/\/drterziler.com\/de\/wp-json\/wp\/v2\/users\/6"}],"replies":[{"embeddable":true,"href":"https:\/\/drterziler.com\/de\/wp-json\/wp\/v2\/comments?post=3246"}],"version-history":[{"count":15,"href":"https:\/\/drterziler.com\/de\/wp-json\/wp\/v2\/pages\/3246\/revisions"}],"predecessor-version":[{"id":57882,"href":"https:\/\/drterziler.com\/de\/wp-json\/wp\/v2\/pages\/3246\/revisions\/57882"}],"up":[{"embeddable":true,"href":"https:\/\/drterziler.com\/de\/wp-json\/wp\/v2\/pages\/2874"}],"wp:attachment":[{"href":"https:\/\/drterziler.com\/de\/wp-json\/wp\/v2\/media?parent=3246"}],"curies":[{"name":"wp","href":"https:\/\/api.w.org\/{rel}","templated":true}]}}