{"id":3251,"date":"2024-08-26T12:10:50","date_gmt":"2024-08-26T12:10:50","guid":{"rendered":"https:\/\/drterziler.com\/medizinische-aesthetik\/filler\/"},"modified":"2026-03-06T18:17:14","modified_gmt":"2026-03-06T18:17:14","slug":"fuellstoff","status":"publish","type":"page","link":"https:\/\/drterziler.com\/de\/medizinische-aesthetik\/gesichtsbehandlungen\/fuellstoff\/","title":{"rendered":"F\u00fcllstoff"},"content":{"rendered":"<div class=\"page-content category-page\">\n<div id=\"header-area\">\n<div class=\"container\" id=\"firstContent\">\n<div class=\"header-content d-flex flex-column\">\n<h1 class=\"content-title\">Filler<\/h1>\n<div class=\"content-paragraph\">\nDie Hektik des Alltags, Stress und die Auswirkungen des Alterns spiegeln sich allm\u00e4hlich auf Ihrer Haut wider, aber es ist m\u00f6glich, diese Ver\u00e4nderung umzukehren. Die verschiedenen Filler-Behandlungen, die wir in unserer Klinik anbieten, stellen verlorenes Volumen wieder her, definieren die Konturen und gl\u00e4tten Ihre Haut. Mit sofortigen Ergebnissen und minimaler Erholungszeit sorgt es f\u00fcr eine nat\u00fcrliche Verj\u00fcngung, wodurch Sie sich frischer und j\u00fcnger f\u00fchlen.\n<\/div>\n<nav aria-label=\"breadcrumb\" class=\"breadcrumbs\">\n<ul class=\"d-flex align-items-center mb-0\">\n<li>\n<a class=\"link\" href=\"https:\/\/drterziler.com\/de\/\"><span>Dr. Terziler<\/span><\/a>\n<\/li>\n<li class=\"separator\">\u00bb<\/li>\n<li>\n<a class=\"link\" href=\"https:\/\/drterziler.com\/de\/medizinische-aesthetik\/\"><span>Medizinische \u00c4sthetik<\/span><\/a>\n<\/li>\n<li class=\"separator\">\u00bb<\/li>\n<li>\n<a class=\"link\" href=\"https:\/\/drterziler.com\/de\/medizinische-aesthetik\/gesichtsbehandlungen\/\"><span>Gesichtsbehandlungen<\/span><\/a>\n<\/li>\n<li class=\"separator\">\u00bb<\/li>\n<li class=\"current-page\"><span>Fuellstoff<\/span><\/li>\n<\/ul>\n<\/nav>\n<\/div>\n<\/div>\n<\/div>\n<\/div>\n<section class=\"svc-section\">\n<div class=\"container\">\n<div class=\"svc-item right-card\">\n<div class=\"svc-media\">\n<img decoding=\"async\" src=\"https:\/\/drterziler.com\/wp-content\/uploads\/2025\/02\/Cene-Dolgusu.webp\" alt=\"Kinn-Filler\" loading=\"lazy\" class=\"cat-img\">\n<\/div>\n<div class=\"svc-card\">\n<h3 class=\"svc-title gilda\">Kinnf\u00fcller<\/h3>\n<p class=\"svc-text barlow\">\nKinnf\u00fcller ist ein \u00e4sthetischer Eingriff, der durchgef\u00fchrt wird, um die Form und die Konturen des Kinns zu definieren. Diese Behandlung gleicht die Gesichtsz\u00fcge aus und sorgt f\u00fcr ein attraktiveres und symmetrischeres Erscheinungsbild. Es wird mit Fillern wie Hyalurons\u00e4ure durchgef\u00fchrt und bietet einen komfortablen Behandlungsprozess.\n<\/p>\n<p><a class=\"btn-details barlow-condensed\" href=\"https:\/\/drterziler.com\/de\/medizinische-aesthetik\/gesichtsbehandlungen\/fuellstoff\/kinnfueller\/\">DETAILS<\/a>\n<\/div>\n<\/div>\n<div class=\"svc-item left-card\">\n<div class=\"svc-media\">\n<img decoding=\"async\" src=\"https:\/\/drterziler.com\/wp-content\/uploads\/2025\/02\/Burun-Dolgusu.webp\" alt=\"Nasen-Filler\" loading=\"lazy\" class=\"cat-img\">\n<\/div>\n<div class=\"svc-card\">\n<h3 class=\"svc-title gilda\">Nasenf\u00fcller<\/h3>\n<p class=\"svc-text barlow\">\nNasenf\u00fcller ist ein Verfahren, das mit Hyalurons\u00e4ure oder \u00e4hnlichen Substanzen durchgef\u00fchrt wird, um die Nasenstruktur zu formen und die Symmetrie zu korrigieren. Es erm\u00f6glicht kleine Anpassungen an der Nase, ohne dass ein chirurgischer Eingriff erforderlich ist. Es liefert in kurzer Zeit \u00e4sthetische Ergebnisse und hat einen sehr schnellen Erholungsprozess.\n<\/p>\n<p><a class=\"btn-details barlow-condensed\" href=\"https:\/\/drterziler.com\/de\/medizinische-aesthetik\/gesichtsbehandlungen\/fuellstoff\/nasenfueller\/\">DETAILS<\/a>\n<\/div>\n<\/div>\n<div class=\"svc-item right-card\">\n<div class=\"svc-media\">\n<img decoding=\"async\" src=\"https:\/\/drterziler.com\/wp-content\/uploads\/2025\/02\/Dudak-Dolgusu.webp\" alt=\"Lippen-Filler\" loading=\"lazy\" class=\"cat-img\">\n<\/div>\n<div class=\"svc-card\">\n<h3 class=\"svc-title gilda\">Lippenf\u00fcller<\/h3>\n<p class=\"svc-text barlow\">\nLippenf\u00fcller  erh\u00f6ht das Volumen der Lippen und sorgt f\u00fcr ein volleres und definierteres Aussehen. Dieses Verfahren beugt der altersbedingten Ausd\u00fcnnung vor und schafft eine nat\u00fcrliche \u00c4sthetik. Die Behandlung wird unter lokaler An\u00e4sthesie durchgef\u00fchrt, was die Schmerzen minimiert. Die Ergebnisse sind sofort sichtbar, und die R\u00fcckkehr in das soziale Leben erfolgt schnell.\n<\/p>\n<p><a class=\"btn-details barlow-condensed\" href=\"https:\/\/drterziler.com\/de\/medizinische-aesthetik\/gesichtsbehandlungen\/fuellstoff\/lippenfueller\/\">DETAILS<\/a>\n<\/div>\n<\/div>\n<div class=\"svc-item left-card\">\n<div class=\"svc-media\">\n<img decoding=\"async\" src=\"https:\/\/drterziler.com\/wp-content\/uploads\/2025\/01\/Elmacik-Dolgusu.webp\" alt=\"Wangen-Filler\" loading=\"lazy\" class=\"cat-img\">\n<\/div>\n<div class=\"svc-card\">\n<h3 class=\"svc-title gilda\">Wangenf\u00fcller<\/h3>\n<p class=\"svc-text barlow\">\nWangenf\u00fcller definiert die Gesichtskonturen und hebt die Wangenknochen hervor. Dieses mit Fillern wie Hyalurons\u00e4ure durchgef\u00fchrte Verfahren sorgt f\u00fcr ein jugendlicheres Aussehen in Harmonie mit dem unteren Teil des Gesichts. Die Behandlung ist schnell und effektiv und bietet ein nat\u00fcrliches Ergebnis.\n<\/p>\n<p><a class=\"btn-details barlow-condensed\" href=\"https:\/\/drterziler.com\/de\/medizinische-aesthetik\/gesichtsbehandlungen\/fuellstoff\/wangenfueller\/\">DETAILS<\/a>\n<\/div>\n<\/div>\n<div class=\"svc-item right-card\">\n<div class=\"svc-media\">\n<img decoding=\"async\" src=\"https:\/\/drterziler.com\/wp-content\/uploads\/2025\/02\/Jawline-Dolgusu.webp\" alt=\"Jawline-Filler\" loading=\"lazy\" class=\"cat-img\">\n<\/div>\n<div class=\"svc-card\">\n<h3 class=\"svc-title gilda\">Kieferf\u00fcller<\/h3>\n<p class=\"svc-text barlow\">\nKieferf\u00fcller definiert die Kieferlinie und sorgt f\u00fcr ein sch\u00e4rferes Gesichtsprofil. Es verbessert die Gesichtskonturen und hat einen verj\u00fcngenden Effekt. Dieses mit Hyalurons\u00e4ure durchgef\u00fchrte Verfahren ist minimalinvasiv und bietet langanhaltende Ergebnisse.\n<\/p>\n<p><a class=\"btn-details barlow-condensed\" href=\"https:\/\/drterziler.com\/de\/medizinische-aesthetik\/gesichtsbehandlungen\/fuellstoff\/kieferfueller\/\">DETAILS<\/a>\n<\/div>\n<\/div>\n<div class=\"svc-item left-card\">\n<div class=\"svc-media\">\n<img decoding=\"async\" src=\"https:\/\/drterziler.com\/wp-content\/uploads\/2025\/02\/Kulak-Memesi-Dolgusu.webp\" alt=\"Ohrl\u00e4ppchen-Filler\" loading=\"lazy\" class=\"cat-img\">\n<\/div>\n<div class=\"svc-card\">\n<h3 class=\"svc-title gilda\">Ohrl\u00e4ppchenf\u00fcller<\/h3>\n<p class=\"svc-text barlow\">\nOhrl\u00e4ppchenf\u00fcller formt die Ohrl\u00e4ppchen neu und verleiht ihnen Volumen, wenn sie altersbedingt erschlafft sind. Dieses Verfahren verbessert das \u00e4sthetische Erscheinungsbild der Ohrl\u00e4ppchen und sorgt f\u00fcr einen verj\u00fcngenden Effekt. Es werden schnelle Ergebnisse erzielt, und der Erholungsprozess ist kurz.\n<\/p>\n<p><a class=\"btn-details barlow-condensed\" href=\"https:\/\/drterziler.com\/de\/medizinische-aesthetik\/gesichtsbehandlungen\/fuellstoff\/ohrlaeppchenfueller\/\">DETAILS<\/a>\n<\/div>\n<\/div>\n<div class=\"svc-item right-card\">\n<div class=\"svc-media\">\n<img decoding=\"async\" src=\"https:\/\/drterziler.com\/wp-content\/uploads\/2025\/02\/Nazolabial-Marionett.webp\" alt=\"Nasolabial Marionette\" loading=\"lazy\" class=\"cat-img\">\n<\/div>\n<div class=\"svc-card\">\n<h3 class=\"svc-title gilda\">Nasolabial Marionette<\/h3>\n<p class=\"svc-text barlow\">\nNasolabial- und Marionetten-Filler-Behandlungen eliminieren tiefe Linien und Erschlaffungen im unteren Teil des Gesichts und sorgen f\u00fcr ein jugendlicheres und glatteres Erscheinungsbild. Diese Behandlungen korrigieren die Linien um Nase und Mund unter Verwendung von F\u00fcllmaterialien. Anwendungen mit Hyalurons\u00e4ure bieten langanhaltende Ergebnisse mit einer nat\u00fcrlichen Wirkung.\n<\/p>\n<p><a class=\"btn-details barlow-condensed\" href=\"https:\/\/drterziler.com\/de\/medizinische-aesthetik\/gesichtsbehandlungen\/fuellstoff\/nasolabialmarionette\/\">DETAILS<\/a>\n<\/div>\n<\/div>\n<\/div>\n<\/section>\n","protected":false},"excerpt":{"rendered":"<p>Filler Die Hektik des Alltags, Stress und die Auswirkungen des Alterns spiegeln sich allm\u00e4hlich auf Ihrer Haut wider, aber es ist m\u00f6glich, diese Ver\u00e4nderung umzukehren. Die verschiedenen Filler-Behandlungen, die wir in unserer Klinik anbieten, stellen verlorenes Volumen wieder her, definieren die Konturen und gl\u00e4tten Ihre Haut. Mit sofortigen Ergebnissen und minimaler Erholungszeit sorgt es f\u00fcr [&hellip;]<\/p>\n","protected":false},"author":6,"featured_media":0,"parent":15917,"menu_order":0,"comment_status":"closed","ping_status":"closed","template":"","meta":{"footnotes":""},"class_list":["post-3251","page","type-page","status-publish","hentry"],"_links":{"self":[{"href":"https:\/\/drterziler.com\/de\/wp-json\/wp\/v2\/pages\/3251","targetHints":{"allow":["GET"]}}],"collection":[{"href":"https:\/\/drterziler.com\/de\/wp-json\/wp\/v2\/pages"}],"about":[{"href":"https:\/\/drterziler.com\/de\/wp-json\/wp\/v2\/types\/page"}],"author":[{"embeddable":true,"href":"https:\/\/drterziler.com\/de\/wp-json\/wp\/v2\/users\/6"}],"replies":[{"embeddable":true,"href":"https:\/\/drterziler.com\/de\/wp-json\/wp\/v2\/comments?post=3251"}],"version-history":[{"count":31,"href":"https:\/\/drterziler.com\/de\/wp-json\/wp\/v2\/pages\/3251\/revisions"}],"predecessor-version":[{"id":59689,"href":"https:\/\/drterziler.com\/de\/wp-json\/wp\/v2\/pages\/3251\/revisions\/59689"}],"up":[{"embeddable":true,"href":"https:\/\/drterziler.com\/de\/wp-json\/wp\/v2\/pages\/15917"}],"wp:attachment":[{"href":"https:\/\/drterziler.com\/de\/wp-json\/wp\/v2\/media?parent=3251"}],"curies":[{"name":"wp","href":"https:\/\/api.w.org\/{rel}","templated":true}]}}