{"id":3282,"date":"2024-08-26T12:16:14","date_gmt":"2024-08-26T12:16:14","guid":{"rendered":"https:\/\/drterziler.com\/langlebigkeit\/nad\/"},"modified":"2026-02-28T15:47:44","modified_gmt":"2026-02-28T15:47:44","slug":"nad","status":"publish","type":"page","link":"https:\/\/drterziler.com\/de\/langlebigkeit\/nad\/","title":{"rendered":"NAD"},"content":{"rendered":"<div class=\"page-content\">\n<div id=\"header-area\">\n<div class=\"container\" id=\"firstContent\">\n<div class=\"header-content d-flex flex-column\">\n<h1 class=\"content-title h1-header\">NAD<\/h1>\n<div class=\"content-paragraph\">\n<p class=\"p-text\">Die NAD-Therapie (Nicotinamid-Adenin-Dinukleotid-Therapie) ist eine erg\u00e4nzende Methode, die die Qualit\u00e4t der Energieproduktion der Zellen steigert, f\u00fcr Vitalit\u00e4t und Beweglichkeit sorgt und die Effizienz der K\u00f6rperfunktionen erh\u00f6ht. Der K\u00f6rper sorgt mit einem erh\u00f6hten Energieniveau f\u00fcr Reparatur und Verj\u00fcngung auf zellul\u00e4rer Ebene und verbessert so die Lebensqualit\u00e4t.<\/p>\n<\/p><\/div>\n<nav aria-label=\"breadcrumb\" class=\"breadcrumbs\">\n<ul class=\"d-flex align-items-center mb-0\">\n<li><a class=\"link\" href=\"https:\/\/drterziler.com\/de\/\"><span>Dr. Terziler Exclusive Clinic<\/span><\/a><\/li>\n<li class=\"separator\">\u00bb<\/li>\n<li><a class=\"link\" href=\"https:\/\/drterziler.com\/de\/langlebigkeit\/\"><span>Langlebigkeit<\/span><\/a><\/li>\n<li class=\"separator\">\u00bb<\/li>\n<li class=\"current-page\"><span>NAD<\/span><\/li>\n<\/ul>\n<\/nav><\/div>\n<\/p><\/div>\n<\/p><\/div>\n<\/div>\n<section id=\"content-area\">\n<div class=\"container my-5\">\n<div class=\"row align-items-start\">\n<div class=\"col-md-6 order-2 order-md-1\">\n<div class=\"custom-toc-box\">\n<div id=\"toc-header\">\n<h4>Inhaltsverzeichnis<\/h4>\n<div class=\"toc-toggle-icon\"><\/div>\n<\/p><\/div>\n<div class=\"toc-full-divider\"><\/div>\n<div id=\"toc-body\">\n<div id=\"toc-container\"><\/div>\n<\/p><\/div>\n<\/p><\/div>\n<\/p><\/div>\n<div class=\"col-md-6 order-1 order-md-2\" id=\"jForm\">\n                <script type=\"text\/javascript\" src=\"https:\/\/form.jotform.com\/jsform\/242882128947973\"><\/script>\n            <\/div>\n<\/p><\/div>\n<\/p><\/div>\n<div class=\"container\">\n<div class=\"img-thumb\">\n            <img loading=\"lazy\" decoding=\"async\" width=\"1140\" height=\"641\" src=\"https:\/\/drterziler.com\/wp-content\/uploads\/2025\/04\/NAD.webp\" alt=\"\" srcset=\"https:\/\/drterziler.com\/wp-content\/uploads\/2025\/04\/NAD.webp 1140w, https:\/\/drterziler.com\/wp-content\/uploads\/2025\/04\/NAD-300x169.webp 300w, https:\/\/drterziler.com\/wp-content\/uploads\/2025\/04\/NAD-1024x576.webp 1024w, https:\/\/drterziler.com\/wp-content\/uploads\/2025\/04\/NAD-768x432.webp 768w\" sizes=\"auto, (max-width: 1140px) 100vw, 1140px\">\n        <\/div>\n<div>\n<div>\n<h2 class=\"h2-header\">Sich kr\u00e4ftiger und energiegeladener f\u00fchlen<\/h2>\n<\/p><\/div>\n<div>\n<p class=\"p-text\">Die NAD-Therapie kann als eine Methode definiert werden, die die allgemeine Vitalit\u00e4t und Beweglichkeit des K\u00f6rpers erh\u00f6ht, indem sie die zellul\u00e4re Energieproduktion steigert und die biologischen Funktionen der Zellen unterst\u00fctzt. Die Erh\u00f6hung des NAD-Spiegels steigert nicht nur das Energieniveau, sondern kann auch die Zeichen des Alterns verringern und das optimale Funktionieren der K\u00f6rperfunktionen unterst\u00fctzen.<\/p>\n<\/p><\/div>\n<\/p><\/div>\n<div>\n<div>\n<h2 class=\"h2-header\">Biochemische Auswirkungen und Rolle f\u00fcr die Lebensqualit\u00e4t<\/h2>\n<\/p><\/div>\n<div>\n<p class=\"p-text\">NAD ist ein Coenzym, das eine zentrale Rolle bei der zellul\u00e4ren Energieproduktion spielt und f\u00fcr die Regulierung biochemischer Prozesse entscheidend ist. Die NAD-Therapie ist ein Ansatz, der darauf abzielt, die Energieproduktion des K\u00f6rpers zu optimieren, indem der NAD-Spiegel in den Zellen erh\u00f6ht wird. Diese Behandlung zielt darauf ab, die Lebensqualit\u00e4t zu maximieren, indem die biologischen Funktionen der Zellen unterst\u00fctzt werden.<\/p>\n<\/p><\/div>\n<\/p><\/div>\n<div>\n<div>\n<h2 class=\"h2-header\">Physiologische Auswirkungen der NAD-Therapie<\/h2>\n<\/p><\/div>\n<div>\n<p class=\"p-text\">Die NAD-Therapie steigert nicht nur das Energieniveau, indem sie die zellul\u00e4re Energie erh\u00f6ht, sondern kann auch Auswirkungen haben, die die Zellalterung verlangsamen. NAD ist an zellul\u00e4ren Prozessen wie der DNA-Reparatur, dem antioxidativen Schutz und der Aktivierung von Sirtuinen beteiligt. Diese Wirkungen erh\u00f6hen die Widerstandsf\u00e4higkeit der Zellen gegen\u00fcber Alterungsprozessen und verbessern die allgemeine Lebensqualit\u00e4t.<\/p>\n<\/p><\/div>\n<\/p><\/div>\n<div>\n<div>\n<h2 class=\"h2-header\">Zellul\u00e4re Energieproduktion und NAD<\/h2>\n<\/p><\/div>\n<div>\n<p class=\"p-text\">NAD spielt eine entscheidende Rolle bei der zellul\u00e4ren Energieproduktion und fungiert als kritische Komponente bei der ATP-Produktion, insbesondere bei der Mitochondrienatmung. NAD Therapy maximiert die Energieproduktionskapazit\u00e4t der Zellen, indem es den NAD-Spiegel in diesem Prozess erh\u00f6ht. Die erh\u00f6hte Energieproduktion unterst\u00fctzt die zellul\u00e4ren Reparatur- und Regenerationsprozesse, wodurch die K\u00f6rperfunktionen effizienter arbeiten k\u00f6nnen.<\/p>\n<\/p><\/div>\n<\/p><\/div>\n<div>\n<div>\n<h2 class=\"h2-header\">Wer kann eine NAD-Therapie erhalten?<\/h2>\n<\/p><\/div>\n<div>\n<p class=\"p-text\">Die NAD-Therapie kann bei Menschen mit Alterserscheinungen, chronischer M\u00fcdigkeit, neurodegenerativen Erkrankungen und Stoffwechselst\u00f6rungen eingesetzt werden, um den Energiestoffwechsel zu steigern und die Zellerneuerung zu unterst\u00fctzen. Au\u00dferdem kann sie als unterst\u00fctzende Behandlung zur Verz\u00f6gerung des Alterungsprozesses bei gesunden Menschen eingesetzt werden, die ihre Zellfunktionen optimieren wollen.<\/p>\n<\/p><\/div>\n<\/p><\/div>\n<\/p><\/div>\n<\/section>\n","protected":false},"excerpt":{"rendered":"<p>NAD Die NAD-Therapie (Nicotinamid-Adenin-Dinukleotid-Therapie) ist eine erg\u00e4nzende Methode, die die Qualit\u00e4t der Energieproduktion der Zellen steigert, f\u00fcr Vitalit\u00e4t und Beweglichkeit sorgt und die Effizienz der K\u00f6rperfunktionen erh\u00f6ht. Der K\u00f6rper sorgt mit einem erh\u00f6hten Energieniveau f\u00fcr Reparatur und Verj\u00fcngung auf zellul\u00e4rer Ebene und verbessert so die Lebensqualit\u00e4t. Dr. Terziler Exclusive Clinic \u00bb Langlebigkeit \u00bb NAD Inhaltsverzeichnis [&hellip;]<\/p>\n","protected":false},"author":6,"featured_media":0,"parent":2860,"menu_order":0,"comment_status":"closed","ping_status":"closed","template":"","meta":{"footnotes":""},"class_list":["post-3282","page","type-page","status-publish","hentry"],"_links":{"self":[{"href":"https:\/\/drterziler.com\/de\/wp-json\/wp\/v2\/pages\/3282","targetHints":{"allow":["GET"]}}],"collection":[{"href":"https:\/\/drterziler.com\/de\/wp-json\/wp\/v2\/pages"}],"about":[{"href":"https:\/\/drterziler.com\/de\/wp-json\/wp\/v2\/types\/page"}],"author":[{"embeddable":true,"href":"https:\/\/drterziler.com\/de\/wp-json\/wp\/v2\/users\/6"}],"replies":[{"embeddable":true,"href":"https:\/\/drterziler.com\/de\/wp-json\/wp\/v2\/comments?post=3282"}],"version-history":[{"count":7,"href":"https:\/\/drterziler.com\/de\/wp-json\/wp\/v2\/pages\/3282\/revisions"}],"predecessor-version":[{"id":57893,"href":"https:\/\/drterziler.com\/de\/wp-json\/wp\/v2\/pages\/3282\/revisions\/57893"}],"up":[{"embeddable":true,"href":"https:\/\/drterziler.com\/de\/wp-json\/wp\/v2\/pages\/2860"}],"wp:attachment":[{"href":"https:\/\/drterziler.com\/de\/wp-json\/wp\/v2\/media?parent=3282"}],"curies":[{"name":"wp","href":"https:\/\/api.w.org\/{rel}","templated":true}]}}