{"id":38847,"date":"2025-05-27T09:10:35","date_gmt":"2025-05-27T09:10:35","guid":{"rendered":"https:\/\/drterziler.com\/haar-behandlungen\/hair-care-products\/"},"modified":"2026-04-26T21:04:35","modified_gmt":"2026-04-26T21:04:35","slug":"haarpflegeprodukte","status":"publish","type":"page","link":"https:\/\/drterziler.com\/de\/haar-behandlungen\/haarpflegeprodukte\/","title":{"rendered":"Haarpflegeprodukte"},"content":{"rendered":"<div class=\"page-content\">\n<div id=\"header-area\">\n<div class=\"container\" id=\"firstContent\">\n<div class=\"header-content d-flex flex-column\">\n<h1 class=\"content-title\">Haarpflegeprodukte<\/h1>\n<div class=\"content-paragraph\">\n<p>Die Haargesundheit ist einer der Eckpfeiler eines \u00e4sthetischen Erscheinungsbildes und steht in direktem Zusammenhang mit der allgemeinen Lebensqualit\u00e4t. Unsere klinisch entwickelten Haarpflegeprodukte zielen darauf ab, die Haarwurzeln zu n\u00e4hren und zu st\u00e4rken, w\u00e4hrend die nat\u00fcrliche Struktur des Haares erhalten bleibt. Leistungsstarke pflanzliche Inhaltsstoffe wie Schwarzpfeffersamen, Silberweidenrinde oder Granatapfelextrakt unterst\u00fctzen den nat\u00fcrlichen Haarwachstumsprozess und optimieren gleichzeitig die Gesundheit der Kopfhaut. Haarpflegeprodukte wurden klinisch entwickelt, um langfristige und dauerhafte L\u00f6sungen zu bieten, den Haarausfall zu minimieren und Ihrem Haar seinen Glanz zur\u00fcckzugeben.<\/p>\n<\/p><\/div>\n<nav aria-label=\"breadcrumb\" class=\"breadcrumbs\">\n<ul class=\"d-flex align-items-center mb-0\">\n<li><a class=\"link\" href=\"https:\/\/drterziler.com\/de\/\"><span>Dr. Terziler<\/span><\/a><\/li>\n<li class=\"separator\">\u00bb<\/li>\n<li><a class=\"link\" href=\"https:\/\/drterziler.com\/de\/haar-behandlungen\/\"><span>Haarbehandlungen<\/span><\/a><\/li>\n<li class=\"separator\">\u00bb<\/li>\n<li class=\"current-page\"><span>Haarpflegeprodukte<\/span><\/li>\n<\/ul>\n<\/nav><\/div>\n<\/p><\/div>\n<\/p><\/div>\n<\/div>\n<section class=\"svc-section\">\n<div class=\"container\">\n<div class=\"svc-item right-card\">\n<div class=\"svc-media\">\n                <img decoding=\"async\" src=\"https:\/\/drterziler.com\/wp-content\/uploads\/2026\/02\/SAMPUANrev_6_11zon.webp\" alt=\" Anti Hair Loss &#038; Dandruff Shampoo\" loading=\"lazy\" class=\"cat-img\">\n            <\/div>\n<div class=\"svc-card\">\n<h3 class=\"svc-title gilda\"> Anti Haarausfall &#038; Anti-Schuppen Shampoo<\/h3>\n<p class=\"svc-text barlow\">\n                    Mit seinem Zimtextrakt st\u00e4rkt es die Haarwurzeln und verleiht dem Haar Widerstandskraft. Dank Vitaminen und Mineralien wie Niacinamid bringt es die Kopfhaut ins Gleichgewicht. Mit Schwarzk\u00fcmmelsamen-Extrakt beugt es Haarausfall vor.\n                <\/p>\n<p>                <a class=\"btn-details barlow-condensed\" href=\"https:\/\/drterziler.com\/de\/haar-behandlungen\/haarpflegeprodukte\/anti-haarausfall-schuppen-shampoo\/\">DETAILS<\/a>\n            <\/div>\n<\/p><\/div>\n<div class=\"svc-item left-card\">\n<div class=\"svc-media\">\n                <img decoding=\"async\" src=\"https:\/\/drterziler.com\/wp-content\/uploads\/2025\/04\/serumrev.webp\" alt=\" Hair Activating Serum\" loading=\"lazy\" class=\"cat-img\">\n            <\/div>\n<div class=\"svc-card\">\n<h3 class=\"svc-title gilda\"> Haaraktivierendes Serum<\/h3>\n<p class=\"svc-text barlow\">\n                    Der Granatapfelextrakt hilft, Haarausfall vorzubeugen, w\u00e4hrend Schwarzpfeffersamen die Haarwurzeln und Follikel stimulieren, um neues Haarwachstum zu unterst\u00fctzen. Silberweidenrinde bietet Schutz gegen Hautempfindlichkeit.\n                <\/p>\n<p>                <a class=\"btn-details barlow-condensed\" href=\"https:\/\/drterziler.com\/de\/haar-behandlungen\/haarpflegeprodukte\/haar-aktivierendes-serum\/\">DETAILS<\/a>\n            <\/div>\n<\/p><\/div>\n<div class=\"svc-item right-card\">\n<div class=\"svc-media\">\n                <img decoding=\"async\" src=\"https:\/\/drterziler.com\/wp-content\/uploads\/2025\/04\/tabletrev.webp\" alt=\" Trichomix Plus Food Supplement\" loading=\"lazy\" class=\"cat-img\">\n            <\/div>\n<div class=\"svc-card\">\n<h3 class=\"svc-title gilda\"> Trichomix Plus Nahrungserg\u00e4nzungsmittel<\/h3>\n<p class=\"svc-text barlow\">\n                    S\u00e4gepalmenextrakt hilft, Haarausfall von innen heraus vorzubeugen und unterst\u00fctzt das Wachstum neuer Haare. Es bietet die notwendige Unterst\u00fctzung mit Vitaminen wie Selen, Zink, Fols\u00e4ure und Biotin.\n                <\/p>\n<p>                <a class=\"btn-details barlow-condensed\" href=\"https:\/\/drterziler.com\/de\/haar-behandlungen\/haarpflegeprodukte\/trichomix-plus-nahrungsergaenzungsmittel\/\">DETAILS<\/a>\n            <\/div>\n<\/p><\/div>\n<div class=\"svc-item left-card\">\n<div class=\"svc-media\">\n                <img decoding=\"async\" src=\"https:\/\/drterziler.com\/wp-content\/uploads\/2025\/04\/growth-faktor-serumrev.webp\" alt=\" Hair Regrowth Treatment Serum\" loading=\"lazy\" class=\"cat-img\">\n            <\/div>\n<div class=\"svc-card\">\n<h3 class=\"svc-title gilda\"> Haarwuchs-Behandlungsserum<\/h3>\n<p class=\"svc-text barlow\">\n                    Dank der enthaltenen hochwertigen Extrakte beschleunigt es effektiv die Durchblutung und n\u00e4hrt die Haarwurzeln. Es weckt Haarfollikel in der Ruhephase auf, aktiviert schlafende Zellen und f\u00f6rdert die Entwicklung von Babyhaaren. Zus\u00e4tzlich st\u00e4rkt es die Haarstr\u00e4hnen und beugt Haarausfall vor.\n                <\/p>\n<p>                <a class=\"btn-details barlow-condensed\" href=\"https:\/\/drterziler.com\/de\/haar-behandlungen\/haarpflegeprodukte\/haarserum-mit-wachstumsfaktoren\/\">DETAILS<\/a>\n            <\/div>\n<\/p><\/div>\n<div class=\"svc-item right-card\">\n<div class=\"svc-media\">\n                <img decoding=\"async\" src=\"https:\/\/drterziler.com\/wp-content\/uploads\/2025\/04\/stemcell-serumrev.webp\" alt=\" Stem Cell Factor Growth Serum\" loading=\"lazy\" class=\"cat-img\">\n            <\/div>\n<div class=\"svc-card\">\n<h3 class=\"svc-title gilda\"> Stammzellen-Faktor Wachstumsserum<\/h3>\n<p class=\"svc-text barlow\">\n                    Dank seiner kraftvollen Inhaltsstoffe stimuliert es die Haarfollikel und hilft, die Haarstr\u00e4hnen zu verdicken. Gleichzeitig spielt es durch die Beschleunigung der Durchblutung eine aktive Rolle bei der Vorbeugung von Haarausfall. Es f\u00f6rdert die Aktivit\u00e4t in der Haarfollikelentwicklung und schafft eine Basis f\u00fcr die Revitalisierung des Haares.\n                <\/p>\n<p>                <a class=\"btn-details barlow-condensed\" href=\"https:\/\/drterziler.com\/de\/haar-behandlungen\/haarpflegeprodukte\/stammzellfaktor-wachstumsserum\/\">DETAILS<\/a>\n            <\/div>\n<\/p><\/div>\n<div class=\"svc-item left-card\">\n<div class=\"svc-media\">\n                <img decoding=\"async\" src=\"https:\/\/drterziler.com\/wp-content\/uploads\/2025\/04\/lazer-kep-2rev.webp\" alt=\" Hair Laser Cap \/ 272 LED Bulbs\" loading=\"lazy\" class=\"cat-img\">\n            <\/div>\n<div class=\"svc-card\">\n<h3 class=\"svc-title gilda\"> Haar-Laserkappe \/ 272 LED-Lampen<\/h3>\n<p class=\"svc-text barlow\">\n                    Laserlichtenergie stimuliert die Kapillaren unter den Haarfollikeln und erh\u00f6ht die Durchblutung. Dies revitalisiert schlafende Haarfollikel, n\u00e4hrt sie besser und f\u00fchrt zu einer sichtbaren Verbesserung der Haarqualit\u00e4t. Durch die Beschleunigung der Durchblutung n\u00e4hrt es die Haarwurzeln, reduziert Haarausfall und unterst\u00fctzt das Wachstum neuer Haare.\n                <\/p>\n<p>                <a class=\"btn-details barlow-condensed\" href=\"https:\/\/drterziler.com\/de\/haar-behandlungen\/haarpflegeprodukte\/haar-laser-kappe-272-led-lampen\/\">DETAILS<\/a>\n            <\/div>\n<\/p><\/div>\n<div class=\"svc-item right-card\">\n<div class=\"svc-media\">\n                <img decoding=\"async\" src=\"https:\/\/drterziler.com\/wp-content\/uploads\/2025\/04\/lazer-kep-1rev.webp\" alt=\" Hair Laser Cap \/ 81 LED Bulbs\" loading=\"lazy\" class=\"cat-img\">\n            <\/div>\n<div class=\"svc-card\">\n<h3 class=\"svc-title gilda\"> Haar-Laserkappe \/ 81 LED-Lampen<\/h3>\n<p class=\"svc-text barlow\">\n                    Laserlichtenergie stimuliert die Kapillaren unter den Haarfollikeln und erh\u00f6ht die Durchblutung. Dies revitalisiert schlafende Haarfollikel, n\u00e4hrt sie besser und f\u00fchrt zu einer sichtbaren Verbesserung der Haarqualit\u00e4t. Durch die Beschleunigung der Durchblutung n\u00e4hrt es die Haarwurzeln, reduziert Haarausfall und unterst\u00fctzt das Wachstum neuer Haare.\n                <\/p>\n<p>                <a class=\"btn-details barlow-condensed\" href=\"https:\/\/drterziler.com\/de\/haar-behandlungen\/haarpflegeprodukte\/haar-laser-kappe-81-led-birnen\/\">DETAILS<\/a>\n            <\/div>\n<\/p><\/div>\n<div class=\"svc-item left-card\">\n<div class=\"svc-media\">\n                <img decoding=\"async\" src=\"https:\/\/drterziler.com\/wp-content\/uploads\/2025\/04\/lazer-tarakrev.webp\" alt=\" Hair Laser Comb\" loading=\"lazy\" class=\"cat-img\">\n            <\/div>\n<div class=\"svc-card\">\n<h3 class=\"svc-title gilda\"> Haar-Laserkamm<\/h3>\n<p class=\"svc-text barlow\">\n                    Es handelt sich um eine Laserbehandlung mit speziellen Wellenl\u00e4ngen, die einfach zu Hause angewendet werden kann. Dieses von Dermatologen empfohlene, klinisch getestete und FDA-zugelassene Produkt bietet eine effektive L\u00f6sung gegen Haarausfall.\n                <\/p>\n<p>                <a class=\"btn-details barlow-condensed\" href=\"https:\/\/drterziler.com\/de\/haar-behandlungen\/haarpflegeprodukte\/haar-laser-kamm\/\">DETAILS<\/a>\n            <\/div>\n<\/p><\/div>\n<\/p><\/div>\n<\/section>\n","protected":false},"excerpt":{"rendered":"<p>Haarpflegeprodukte Die Haargesundheit ist einer der Eckpfeiler eines \u00e4sthetischen Erscheinungsbildes und steht in direktem Zusammenhang mit der allgemeinen Lebensqualit\u00e4t. Unsere klinisch entwickelten Haarpflegeprodukte zielen darauf ab, die Haarwurzeln zu n\u00e4hren und zu st\u00e4rken, w\u00e4hrend die nat\u00fcrliche Struktur des Haares erhalten bleibt. Leistungsstarke pflanzliche Inhaltsstoffe wie Schwarzpfeffersamen, Silberweidenrinde oder Granatapfelextrakt unterst\u00fctzen den nat\u00fcrlichen Haarwachstumsprozess und optimieren [&hellip;]<\/p>\n","protected":false},"author":6,"featured_media":0,"parent":2840,"menu_order":0,"comment_status":"closed","ping_status":"closed","template":"","meta":{"footnotes":""},"class_list":["post-38847","page","type-page","status-publish","hentry"],"_links":{"self":[{"href":"https:\/\/drterziler.com\/de\/wp-json\/wp\/v2\/pages\/38847","targetHints":{"allow":["GET"]}}],"collection":[{"href":"https:\/\/drterziler.com\/de\/wp-json\/wp\/v2\/pages"}],"about":[{"href":"https:\/\/drterziler.com\/de\/wp-json\/wp\/v2\/types\/page"}],"author":[{"embeddable":true,"href":"https:\/\/drterziler.com\/de\/wp-json\/wp\/v2\/users\/6"}],"replies":[{"embeddable":true,"href":"https:\/\/drterziler.com\/de\/wp-json\/wp\/v2\/comments?post=38847"}],"version-history":[{"count":17,"href":"https:\/\/drterziler.com\/de\/wp-json\/wp\/v2\/pages\/38847\/revisions"}],"predecessor-version":[{"id":62468,"href":"https:\/\/drterziler.com\/de\/wp-json\/wp\/v2\/pages\/38847\/revisions\/62468"}],"up":[{"embeddable":true,"href":"https:\/\/drterziler.com\/de\/wp-json\/wp\/v2\/pages\/2840"}],"wp:attachment":[{"href":"https:\/\/drterziler.com\/de\/wp-json\/wp\/v2\/media?parent=38847"}],"curies":[{"name":"wp","href":"https:\/\/api.w.org\/{rel}","templated":true}]}}