{"id":40999,"date":"2025-06-03T06:29:19","date_gmt":"2025-06-03T06:29:19","guid":{"rendered":"https:\/\/drterziler.com\/sexual-life\/"},"modified":"2026-03-31T10:42:34","modified_gmt":"2026-03-31T10:42:34","slug":"sexuelles-gesundheit","status":"publish","type":"page","link":"https:\/\/drterziler.com\/de\/sexuelles-gesundheit\/","title":{"rendered":"Sexuelles Gesundheit"},"content":{"rendered":"<div class=\"page-content category-page\">\n<div id=\"header-area\">\n<div class=\"container\" id=\"firstContent\">\n<div class=\"header-content d-flex flex-column\">\n<h1 class=\"content-title\">Sexuelle Gesundheit<\/h1>\n<div class=\"content-paragraph\">\n<p>Die sexuelle Gesundheit des Mannes wird von vielen Faktoren wie dem Hormonhaushalt, der Gef\u00e4\u00dfstruktur, dem psychischen Zustand und dem Lebensstil beeinflusst. In unserer Klinik bieten wir ganzheitliche L\u00f6sungen in verschiedenen Bereichen der Sexualit\u00e4t an, darunter erektile Dysfunktion, vorzeitiger Samenerguss, Penisvergr\u00f6\u00dferung und niedrige Testosteronwerte. Unser Ziel ist es, die sexuelle Funktion zu verbessern und die Lebensqualit\u00e4t durch personalisierte Ans\u00e4tze zu steigern.<\/p>\n<\/p><\/div>\n<nav aria-label=\"breadcrumb\" class=\"breadcrumbs\">\n<ul class=\"d-flex align-items-center mb-0\">\n<li><a class=\"link\" href=\"https:\/\/drterziler.com\/de\/\"><span>Dr. Terziler<\/span><\/a><\/li>\n<li class=\"separator\">\u00bb<\/li>\n<li class=\"current-page\"><span>Sexuelle Gesundheit<\/span><\/li>\n<\/ul>\n<\/nav><\/div>\n<\/p><\/div>\n<\/p><\/div>\n<\/div>\n<section class=\"svc-section\">\n<div class=\"container\">\n<div class=\"svc-item right-card\">\n<div class=\"svc-media\">\n                <img decoding=\"async\" src=\"https:\/\/drterziler.com\/wp-content\/uploads\/2025\/06\/Erken-Bosalma-ve-Kok-Hucre-Tedavisi.webp\" alt=\"Vorzeitiger Samenerguss und Stammzellentherapie\" loading=\"lazy\" class=\"cat-img\">\n            <\/div>\n<div class=\"svc-card\">\n<h3 class=\"svc-title gilda\">Vorzeitiger Samenerguss und Stammzellentherapie<\/h3>\n<p class=\"svc-text barlow\">\n                    Der vorzeitige Samenerguss ist eine der h\u00e4ufigsten m\u00e4nnlichen Sexualst\u00f6rungen. Er ist definiert als die unfreiwillige Ejakulation, die beim Geschlechtsverkehr deutlich fr\u00fcher als normal eintritt. In den meisten F\u00e4llen kann diese Zeit weniger als eine Minute nach der vaginalen Penetration betragen. Dieser Zustand kann zu sexueller Unzufriedenheit, Angstzust\u00e4nden und einem Verlust des Selbstvertrauens sowohl bei der betroffenen Person als auch beim Partner f\u00fchren.\n                <\/p>\n<p>                <a class=\"btn-details barlow-condensed\" href=\"https:\/\/drterziler.com\/de\/sexuelles-gesundheit\/vorzeitiger-samenerguss-und-stammzelltherapie\/\">DETAILS<\/a>\n            <\/div>\n<\/p><\/div>\n<div class=\"svc-item left-card\">\n<div class=\"svc-media\">\n                <img decoding=\"async\" src=\"https:\/\/drterziler.com\/wp-content\/uploads\/2025\/06\/Hipogonadizm-Dusuk-Testosteron.webp\" alt=\"Hypogonadismus (Niedriger Testosteronspiegel)\" loading=\"lazy\" class=\"cat-img\">\n            <\/div>\n<div class=\"svc-card\">\n<h3 class=\"svc-title gilda\">Hypogonadismus (Niedriger Testosteronspiegel)<\/h3>\n<p class=\"svc-text barlow\">\n                    Hypogonadismus ist ein klinischer Zustand, bei dem Testosteronspiegel bei M\u00e4nnern unter dem Normalwert produziert werden. Testosteron ist ein lebenswichtiges Hormon f\u00fcr die m\u00e4nnliche sexuelle Entwicklung, die Fortpflanzungsfunktionen, die Muskelmasse, die Knochendichte und die allgemeine Gesundheit. Ein niedriger Testosteronspiegel kann zu zahlreichen negativen k\u00f6rperlichen, psychischen und sozialen Symptomen sowie gesundheitlichen Problemen f\u00fchren.\n                <\/p>\n<p>                <a class=\"btn-details barlow-condensed\" href=\"https:\/\/drterziler.com\/de\/sexuelles-gesundheit\/hypogonadismus-niedriger-testosteronspiegel\/\">DETAILS<\/a>\n            <\/div>\n<\/p><\/div>\n<div class=\"svc-item right-card\">\n<div class=\"svc-media\">\n                <img decoding=\"async\" src=\"https:\/\/drterziler.com\/wp-content\/uploads\/2025\/06\/Kozmetik-Androloji.webp\" alt=\"Kosmetische Andrologie\" loading=\"lazy\" class=\"cat-img\">\n            <\/div>\n<div class=\"svc-card\">\n<h3 class=\"svc-title gilda\">Kosmetische Andrologie<\/h3>\n<p class=\"svc-text barlow\">\n                    Die kosmetische Andrologie ist ein sich schnell entwickelndes medizinisches Fachgebiet, das sich mit dem m\u00e4nnlichen Fortpflanzungssystem und Fragen der sexuellen Gesundheit sowohl unter funktionellen als auch unter \u00e4sthetischen Gesichtspunkten befasst. Dieses Feld konzentriert sich nicht nur auf die L\u00f6sung medizinischer Probleme, sondern bietet auch \u00e4sthetische Verbesserungen, die M\u00e4nnern helfen, sich besser zu f\u00fchlen. Kombiniert mit den M\u00f6glichkeiten der modernen Medizin bietet dieser Ansatz umfassende L\u00f6sungen f\u00fcr m\u00e4nnliche Patienten.\n                <\/p>\n<p>                <a class=\"btn-details barlow-condensed\" href=\"https:\/\/drterziler.com\/de\/sexuelles-gesundheit\/kosmetische-andrologie\/\">DETAILS<\/a>\n            <\/div>\n<\/p><\/div>\n<div class=\"svc-item left-card\">\n<div class=\"svc-media\">\n                <img decoding=\"async\" src=\"https:\/\/drterziler.com\/wp-content\/uploads\/2025\/06\/Penil-Protez-Implantasyonu.webp\" alt=\"Implantation einer Penisprothese\" loading=\"lazy\" class=\"cat-img\">\n            <\/div>\n<div class=\"svc-card\">\n<h3 class=\"svc-title gilda\">Implantation einer Penisprothese<\/h3>\n<p class=\"svc-text barlow\">\n                    Eine Penisprothese ist ein medizinisches Ger\u00e4t, das chirurgisch in den Penis implantiert wird, um die Funktion einer Erektion nachzuahmen. Eines der Hauptkriterien f\u00fcr den Einsatz einer Penisprothese ist, dass der Patient alle anderen bekannten Behandlungsoptionen ohne Erfolg ausprobiert haben muss. Da dies als chirurgischer Eingriff gilt, wird es in der Regel als letzte Behandlungsm\u00f6glichkeit betrachtet. Bei der Auswertung der Ergebnisse l\u00e4sst sich jedoch sagen, dass dieses Verfahren sowohl f\u00fcr den Patienten als auch f\u00fcr den Partner hochzufriedenstellende Resultate liefert.\n                <\/p>\n<p>                <a class=\"btn-details barlow-condensed\" href=\"https:\/\/drterziler.com\/de\/sexuelles-gesundheit\/implantation-einer-penilenprothese\/\">DETAILS<\/a>\n            <\/div>\n<\/p><\/div>\n<div class=\"svc-item right-card\">\n<div class=\"svc-media\">\n                <img decoding=\"async\" src=\"https:\/\/drterziler.com\/wp-content\/uploads\/2025\/06\/Penis-Kalinlastirma-Uzatma-Dolgusu.webp\" alt=\"Filler zur Penisverdickung und -verl\u00e4ngerung\" loading=\"lazy\" class=\"cat-img\">\n            <\/div>\n<div class=\"svc-card\">\n<h3 class=\"svc-title gilda\">Filler zur Penisverdickung und -verl\u00e4ngerung<\/h3>\n<p class=\"svc-text barlow\">\n                    Die Penis\u00e4sthetik ist in den letzten Jahren aus funktionellen wie auch psychologischen Gr\u00fcnden zu einem bevorzugten Verfahren geworden. M\u00e4nner sind sich zunehmend bewusst, dass \u00fcber die sexuelle Leistungsf\u00e4higkeit hinaus die Gr\u00f6\u00dfe des Penis einen erheblichen Einfluss auf das Selbstvertrauen hat. In diesem Zusammenhang bietet die Penisverdickung und -verl\u00e4ngerung mit Fillern sichere und effektive L\u00f6sungen, ohne dass ein chirurgischer Eingriff erforderlich ist.\n                <\/p>\n<p>                <a class=\"btn-details barlow-condensed\" href=\"https:\/\/drterziler.com\/de\/sexuelles-gesundheit\/penisumfangs-und-laengenvergroesserung-mit-filler\/\">DETAILS<\/a>\n            <\/div>\n<\/p><\/div>\n<div class=\"svc-item left-card\">\n<div class=\"svc-media\">\n                <img decoding=\"async\" src=\"https:\/\/drterziler.com\/wp-content\/uploads\/2025\/06\/Sertlesme-Sorunu-ve-kok-hucre-Tedavisi.webp\" alt=\"Erektile Dysfunktion und Stammzellentherapie\" loading=\"lazy\" class=\"cat-img\">\n            <\/div>\n<div class=\"svc-card\">\n<h3 class=\"svc-title gilda\">Erektile Dysfunktion und Stammzellentherapie<\/h3>\n<p class=\"svc-text barlow\">\n                    Die erektile Dysfunktion (ED) ist ein h\u00e4ufiges Gesundheitsproblem, das die Lebensqualit\u00e4t und das psychosoziale Wohlbefinden von M\u00e4nnern erheblich beeintr\u00e4chtigt. F\u00fcr M\u00e4nner, die durch Medikamente, Injektionen oder andere Behandlungsmethoden keine ausreichende Besserung erfahren, bietet die Implantation einer Penisprothese eine zuverl\u00e4ssige und dauerhafte L\u00f6sung. Dank technologisch fortschrittlicher Ger\u00e4te erm\u00f6glicht dieser Eingriff einen nat\u00fcrlich wirkenden, befriedigenden und spontanen Geschlechtsverkehr.\n                <\/p>\n<p>                <a class=\"btn-details barlow-condensed\" href=\"https:\/\/drterziler.com\/de\/sexuelles-gesundheit\/erektile-dysfunktion-und-stammzelltherapie\/\">DETAILS<\/a>\n            <\/div>\n<\/p><\/div>\n<div class=\"svc-item right-card\">\n<div class=\"svc-media\">\n                <img decoding=\"async\" src=\"https:\/\/drterziler.com\/wp-content\/uploads\/2025\/06\/Yasam-Tarzi-ve-Erkek-Sagligi.webp\" alt=\"Lebensstil und M\u00e4nnergesundheit\" loading=\"lazy\" class=\"cat-img\">\n            <\/div>\n<div class=\"svc-card\">\n<h3 class=\"svc-title gilda\">Lebensstil und M\u00e4nnergesundheit<\/h3>\n<p class=\"svc-text barlow\">\n                    M\u00e4nnergesundheit ist nicht nur die Abwesenheit von Krankheit, sondern steht f\u00fcr einen Zustand vollst\u00e4ndigen k\u00f6rperlichen, geistigen und sexuellen Wohlbefindens. Dieser ganzheitliche Ansatz ist entscheidend f\u00fcr die Steigerung der Lebensqualit\u00e4t und das Erreichen langfristiger Gesundheitsziele.\n                <\/p>\n<p>                <a class=\"btn-details barlow-condensed\" href=\"https:\/\/drterziler.com\/de\/sexuelles-gesundheit\/lebensstil-und-maennergesundheit\/\">DETAILS<\/a>\n            <\/div>\n<\/p><\/div>\n<\/p><\/div>\n<\/section>\n","protected":false},"excerpt":{"rendered":"<p>Sexuelle Gesundheit Die sexuelle Gesundheit des Mannes wird von vielen Faktoren wie dem Hormonhaushalt, der Gef\u00e4\u00dfstruktur, dem psychischen Zustand und dem Lebensstil beeinflusst. In unserer Klinik bieten wir ganzheitliche L\u00f6sungen in verschiedenen Bereichen der Sexualit\u00e4t an, darunter erektile Dysfunktion, vorzeitiger Samenerguss, Penisvergr\u00f6\u00dferung und niedrige Testosteronwerte. Unser Ziel ist es, die sexuelle Funktion zu verbessern und [&hellip;]<\/p>\n","protected":false},"author":6,"featured_media":0,"parent":0,"menu_order":0,"comment_status":"closed","ping_status":"closed","template":"","meta":{"footnotes":""},"class_list":["post-40999","page","type-page","status-publish","hentry"],"_links":{"self":[{"href":"https:\/\/drterziler.com\/de\/wp-json\/wp\/v2\/pages\/40999","targetHints":{"allow":["GET"]}}],"collection":[{"href":"https:\/\/drterziler.com\/de\/wp-json\/wp\/v2\/pages"}],"about":[{"href":"https:\/\/drterziler.com\/de\/wp-json\/wp\/v2\/types\/page"}],"author":[{"embeddable":true,"href":"https:\/\/drterziler.com\/de\/wp-json\/wp\/v2\/users\/6"}],"replies":[{"embeddable":true,"href":"https:\/\/drterziler.com\/de\/wp-json\/wp\/v2\/comments?post=40999"}],"version-history":[{"count":23,"href":"https:\/\/drterziler.com\/de\/wp-json\/wp\/v2\/pages\/40999\/revisions"}],"predecessor-version":[{"id":61095,"href":"https:\/\/drterziler.com\/de\/wp-json\/wp\/v2\/pages\/40999\/revisions\/61095"}],"wp:attachment":[{"href":"https:\/\/drterziler.com\/de\/wp-json\/wp\/v2\/media?parent=40999"}],"curies":[{"name":"wp","href":"https:\/\/api.w.org\/{rel}","templated":true}]}}