{"id":44428,"date":"2025-03-09T21:24:25","date_gmt":"2025-03-09T21:24:25","guid":{"rendered":"https:\/\/drterziler.com\/?page_id=44428"},"modified":"2025-06-17T06:36:00","modified_gmt":"2025-06-17T06:36:00","slug":"fernabsatzvertrag","status":"publish","type":"page","link":"https:\/\/drterziler.com\/de\/fernabsatzvertrag\/","title":{"rendered":"Fernabsatzvertrag"},"content":{"rendered":"<h1 class=\"content-title h1-header\">Fernabsatzvertrag<\/h1>\n<h3>Fernabsatzvertrag<\/h3>\n<h4>1. Parteien<\/h4>\n<p>Dieser Vertrag wurde zwischen den nachstehend genannten Parteien unter den angegebenen Bedingungen abgeschlossen.<\/p>\n<p><strong>K\u00c4UFER:<\/strong><br \/>Vollst\u00e4ndiger Name:<br \/>Adresse:<\/p>\n<p><strong>VERK\u00c4UFER:<\/strong><br \/>Vollst\u00e4ndiger Name: SERVET TERZ\u0130LER SA\u011eLIK H\u0130ZMETLER\u0130 ANON\u0130M \u015e\u0130RKET\u0130<br \/>Adresse: AKAT MAH. EBULULA MARD\u0130N CAD. PARK MAYA S\u0130TES\u0130 F2B BLOK NO: 20 BE\u015e\u0130KTA\u015e \/ ISTANBUL<\/p>\n<p>Mit der Annahme dieses Vertrags erkennt der K\u00e4ufer im Voraus an, dass er mit der Best\u00e4tigung der Bestellung verpflichtet ist, den Gesamtbetrag der Bestellung einschlie\u00dflich etwaiger Versandkosten, Steuern oder sonstiger zus\u00e4tzlicher Geb\u00fchren zu zahlen.<\/p>\n<hr>\n<h4>2. Definitionen<\/h4>\n<p>F\u00fcr die Anwendung und Auslegung dieses Vertrags gelten die folgenden Begriffsbestimmungen:<\/p>\n<ul>\n<li><strong>MINISTER:<\/strong> Minister f\u00fcr Zoll und Handel.<\/li>\n<li><strong>MINISTERIUM:<\/strong> Ministerium f\u00fcr Zoll und Handel.<\/li>\n<li><strong>GESETZ:<\/strong> Gesetz Nr. 6502 zum Verbraucherschutz.<\/li>\n<li><strong>VERORDNUNG:<\/strong> Verordnung \u00fcber Fernabsatzvertr\u00e4ge.<\/li>\n<li><strong>DIENSTLEISTUNG:<\/strong> Jede Verbrauchstransaktion, die nicht die Lieferung von Waren betrifft, gegen Entgelt oder Gegenleistung.<\/li>\n<li><strong>VERK\u00c4UFER:<\/strong> Ein Unternehmen, das im Rahmen seiner gewerblichen oder beruflichen T\u00e4tigkeit Waren an Verbraucher verkauft oder im Namen eines Anbieters handelt.<\/li>\n<li><strong>K\u00c4UFER:<\/strong> Eine nat\u00fcrliche oder juristische Person, die ein Produkt oder eine Dienstleistung f\u00fcr nicht-gewerbliche oder nicht-berufliche Zwecke erwirbt, nutzt oder davon profitiert.<\/li>\n<li><strong>SEITE:<\/strong> Die vom Verk\u00e4ufer betriebene Website.<\/li>\n<li><strong>BESTELLER:<\/strong> Eine nat\u00fcrliche oder juristische Person, die \u00fcber die Website des Verk\u00e4ufers ein Produkt oder eine Dienstleistung bestellt.<\/li>\n<li><strong>PARTEIEN:<\/strong> Bezieht sich auf den Verk\u00e4ufer und den K\u00e4ufer.<\/li>\n<li><strong>VERTRAG:<\/strong> Dieser Vertrag zwischen dem Verk\u00e4ufer und dem K\u00e4ufer.<\/li>\n<li><strong>WARE:<\/strong> Bewegliche k\u00f6rperliche Sachen sowie immaterielle G\u00fcter wie Software, Ton, Bild und \u00e4hnliche Inhalte zur Nutzung in elektronischen Medien.<\/li>\n<\/ul>\n<hr>\n<h4>3. Vertragsgegenstand<\/h4>\n<p>Dieser Vertrag legt die Rechte und Pflichten der Parteien im Zusammenhang mit dem Verkauf und der Lieferung der vom K\u00e4ufer \u00fcber die Website des Verk\u00e4ufers elektronisch bestellten Produkte fest, gem\u00e4\u00df dem Gesetz Nr. 6502 zum Verbraucherschutz und der Verordnung \u00fcber Fernabsatzvertr\u00e4ge.<\/p>\n<p>Die auf der Website ver\u00f6ffentlichten Preise stellen die Verkaufspreise dar. Diese Preise und Zusagen gelten bis zur Aktualisierung oder \u00c4nderung. Zeitlich begrenzte Angebote gelten bis zum angegebenen Enddatum.<\/p>\n<hr>\n<h4>4. Angaben zum Verk\u00e4ufer<\/h4>\n<p>Firmenname: SERVET TERZ\u0130LER SA\u011eLIK H\u0130ZMETLER\u0130 ANON\u0130M \u015e\u0130RKET\u0130<br \/>Adresse: AKAT MAH. EBULULA MARD\u0130N CAD. PARK MAYA S\u0130TES\u0130 F2B BLOK NO: 20 BE\u015e\u0130KTA\u015e \/ ISTANBUL<br \/>Telefon: (0212) 963 77 58<br \/>E-Mail: muhasebe@drterziler.com<\/p>\n<hr>\n<h4>5. Angaben zum K\u00e4ufer<\/h4>\n<p>Name des Empf\u00e4ngers:<br \/>Lieferadresse:<br \/>Telefon:<br \/>E-Mail \/ Benutzername:<\/p>\n<hr>\n<h4>6. Angaben zum Besteller<\/h4>\n<p>Vollst\u00e4ndiger Name \/ Titel:<br \/>Adresse:<br \/>Telefon:<br \/>E-Mail \/ Benutzername:<\/p>\n<hr>\n<h4>7. Vom Vertrag erfasste Produkte<\/h4>\n<p>7.1. Die grundlegenden Eigenschaften der Produkte \/ Dienstleistungen (Typ, Menge, Marke \/ Modell, Farbe, St\u00fcckzahl) sind auf der Website des Verk\u00e4ufers ver\u00f6ffentlicht. Im Falle einer Werbeaktion sind die wesentlichen Merkmale des Produkts w\u00e4hrend der Laufzeit einsehbar. Die Aktion ist bis zum angegebenen Enddatum g\u00fcltig.<\/p>\n<p>7.2. <strong>Preise<\/strong><br \/>Die auf der Website angegebenen Preise sind die Verkaufspreise. Diese Preise gelten bis zu ihrer \u00c4nderung oder Aktualisierung. F\u00fcr begrenzte Aktionen gelten die Preise bis zum Ablauf der Frist.<\/p>\n<p>7.3. <strong>Steuern und Zahlungen<\/strong><br \/>Der Gesamtpreis des Produkts oder der Dienstleistung einschlie\u00dflich aller Steuern ist unten aufgef\u00fchrt:<\/p>\n<table>\n<thead>\n<tr>\n<th>Produktbeschreibung<\/th>\n<th>Menge<\/th>\n<th>Einzelpreis<\/th>\n<th>Zwischensumme (inkl. MwSt)<\/th>\n<\/tr>\n<\/thead>\n<tbody>\n<tr>\n<td>Produkt 1<\/td>\n<td>1<\/td>\n<td>100,00 TL<\/td>\n<td>100,00 TL<\/td>\n<\/tr>\n<\/tbody>\n<\/table>\n<p>Versandkosten: 20,00 TL<\/p>\n<p><strong>Gesamtbetrag: 120,00 TL<\/strong><\/p>\n<hr>\n<h4>8. Rechnungsinformationen<\/h4>\n<p>Vollst\u00e4ndiger Name \/ Titel:<br \/>Adresse:<br \/>Telefon:<br \/>E-Mail \/ Benutzername:<br \/>Rechnungszustellung: Die Rechnung wird zusammen mit der Bestellung an die Rechnungsadresse geliefert.<\/p>\n<hr>\n<h4>9. Allgemeine Bestimmungen<\/h4>\n<p>9.1. <strong>Anerkennung und Annahme<\/strong><br \/>Der K\u00e4ufer erkennt an, erkl\u00e4rt und verpflichtet sich, dass er die wesentlichen Merkmale, den Verkaufspreis, die Zahlungsmethode und die Lieferbedingungen der bestellten Produkte wie auf der Website des Verk\u00e4ufers angegeben gelesen, verstanden und elektronisch best\u00e4tigt hat.<\/p>\n<p>9.2. <strong>Lieferzeit<\/strong><br \/>Jedes vom Vertrag erfasste Produkt wird dem K\u00e4ufer innerhalb der gesetzlichen H\u00f6chstfrist von 30 Tagen je nach Lieferort des K\u00e4ufers geliefert, wie im Vorinformationsbereich der Website angegeben.<\/p>\n<hr>\n<h4>10. Widerrufsrecht<\/h4>\n<p>Bei Fernabsatzvertr\u00e4gen \u00fcber den Warenverkauf kann der K\u00e4ufer innerhalb von 14 Tagen nach Erhalt der Ware durch ihn selbst oder einen benannten Dritten ohne Angabe von Gr\u00fcnden und ohne Strafzahlung vom Vertrag zur\u00fccktreten, indem er den Verk\u00e4ufer informiert.<\/p>\n<hr>\n<h4>11. Produkte ohne Widerrufsrecht<\/h4>\n<p>Das Widerrufsrecht gilt nicht f\u00fcr Waren, die nach den W\u00fcnschen oder pers\u00f6nlichen Bed\u00fcrfnissen des K\u00e4ufers angefertigt wurden, wie z.\u202fB. Unterw\u00e4sche, Kosmetikprodukte oder Einwegartikel.<\/p>\n<hr>\n<h4>12. Zahlungsverzug und rechtliche Folgen<\/h4>\n<p>Im Falle des Zahlungsverzugs per Kreditkarte erkennt der K\u00e4ufer an, erkl\u00e4rt und verpflichtet sich, dass er Zinsen gem\u00e4\u00df seinem Kreditkartenvertrag mit dem ausstellenden Institut zahlen muss und f\u00fcr alle rechtlichen Konsequenzen verantwortlich ist.<\/p>\n<hr>\n<h4>13. Zust\u00e4ndiges Gericht<\/h4>\n<p>Bei Streitigkeiten aus diesem Vertrag k\u00f6nnen Beschwerden und Einw\u00e4nde bei der Verbraucher-Schlichtungsstelle oder dem zust\u00e4ndigen Verbrauchergericht am Wohnsitz des K\u00e4ufers oder am Ort der Transaktion eingereicht werden.<\/p>\n<hr>\n<h4>14. Inkrafttreten<\/h4>\n<p>Mit Abschluss der Zahlung auf der Website gilt der K\u00e4ufer als mit allen Bedingungen dieses Vertrags einverstanden.<\/p>\n","protected":false},"excerpt":{"rendered":"<p>Fernabsatzvertrag Fernabsatzvertrag 1. Parteien Dieser Vertrag wurde zwischen den nachstehend genannten Parteien unter den angegebenen Bedingungen abgeschlossen. K\u00c4UFER:Vollst\u00e4ndiger Name:Adresse: VERK\u00c4UFER:Vollst\u00e4ndiger Name: SERVET TERZ\u0130LER SA\u011eLIK H\u0130ZMETLER\u0130 ANON\u0130M \u015e\u0130RKET\u0130Adresse: AKAT MAH. EBULULA MARD\u0130N CAD. PARK MAYA S\u0130TES\u0130 F2B BLOK NO: 20 BE\u015e\u0130KTA\u015e \/ ISTANBUL Mit der Annahme dieses Vertrags erkennt der K\u00e4ufer im Voraus an, dass er [&hellip;]<\/p>\n","protected":false},"author":6,"featured_media":0,"parent":0,"menu_order":0,"comment_status":"closed","ping_status":"closed","template":"elementor_header_footer","meta":{"footnotes":""},"class_list":["post-44428","page","type-page","status-publish","hentry"],"_links":{"self":[{"href":"https:\/\/drterziler.com\/de\/wp-json\/wp\/v2\/pages\/44428","targetHints":{"allow":["GET"]}}],"collection":[{"href":"https:\/\/drterziler.com\/de\/wp-json\/wp\/v2\/pages"}],"about":[{"href":"https:\/\/drterziler.com\/de\/wp-json\/wp\/v2\/types\/page"}],"author":[{"embeddable":true,"href":"https:\/\/drterziler.com\/de\/wp-json\/wp\/v2\/users\/6"}],"replies":[{"embeddable":true,"href":"https:\/\/drterziler.com\/de\/wp-json\/wp\/v2\/comments?post=44428"}],"version-history":[{"count":4,"href":"https:\/\/drterziler.com\/de\/wp-json\/wp\/v2\/pages\/44428\/revisions"}],"predecessor-version":[{"id":44432,"href":"https:\/\/drterziler.com\/de\/wp-json\/wp\/v2\/pages\/44428\/revisions\/44432"}],"wp:attachment":[{"href":"https:\/\/drterziler.com\/de\/wp-json\/wp\/v2\/media?parent=44428"}],"curies":[{"name":"wp","href":"https:\/\/api.w.org\/{rel}","templated":true}]}}