{"id":48130,"date":"2025-07-17T09:24:07","date_gmt":"2025-07-17T09:24:07","guid":{"rendered":"https:\/\/drterziler.com\/haar-behandlungen\/exosome-treatments\/"},"modified":"2026-04-06T12:19:11","modified_gmt":"2026-04-06T12:19:11","slug":"exosomen","status":"publish","type":"page","link":"https:\/\/drterziler.com\/de\/haar-behandlungen\/exosomen\/","title":{"rendered":"Exosomen-Behandlungen"},"content":{"rendered":"<div class=\"page-content\">\n<div id=\"header-area\">\n<div class=\"container\" id=\"firstContent\">\n<div class=\"header-content d-flex flex-column\">\n<h1 class=\"content-title h1-header\">Exosomen zur Haarbehandlung<\/h1>\n<div class=\"content-paragraph\">\n<p class=\"p-text\">Exosomen sind mikroskopisch kleine, von einer Membran umschlossene Strukturen, die auf nat\u00fcrliche Weise von Zellen ausgeschieden werden und die interzellul\u00e4re Kommunikation erleichtern. Sie sind typischerweise zwischen 30 und 150 Nanometern gro\u00df und entstehen durch spezialisierte Vesikel innerhalb der Zelle. Durch den Transport biologischer Informationen beeinflussen sie andere Zellen.Sie enthalten zellul\u00e4re Botenstoffe wie Proteine, RNA, Lipide und verschiedene Wachstumsfaktoren. In den letzten Jahren haben Exosomen gro\u00dfe Aufmerksamkeit in Bereichen wie der regenerativen Medizin, der Immunologie und der Onkologie erlangt. Mit \u00fcber 35.000 wissenschaftlichen Studien bis heute ebnen diese Strukturen den Weg f\u00fcr sicherere und gezieltere Anwendungen jenseits traditioneller Zelltherapien.Bei der Behandlung von Haarausfall zeichnen sich Exosomen durch ihre F\u00e4higkeit aus, direkt mit den Haarfollikeln zu interagieren und deren Lebenszyklus zu regulieren.<\/p>\n<\/p><\/div>\n<nav aria-label=\"breadcrumb\" class=\"breadcrumbs\">\n<ul class=\"d-flex align-items-center mb-0\">\n<li><a class=\"link\" href=\"https:\/\/drterziler.com\/de\/\"><span>Dr. Terziler Exclusive Clinic<\/span><\/a><\/li>\n<li class=\"separator\">\u00bb<\/li>\n<li><a class=\"link\" href=\"https:\/\/drterziler.com\/de\/haar-behandlungen\/\"><span>Haar-Behandlungen<\/span><\/a><\/li>\n<li class=\"separator\">\u00bb<\/li>\n<li class=\"current-page\"><span>Exosomen zur Haarbehandlung<\/span><\/li>\n<\/ul>\n<\/nav><\/div>\n<\/p><\/div>\n<\/p><\/div>\n<\/div>\n<section id=\"content-area\">\n<div class=\"container my-5\">\n<div class=\"row align-items-start\">\n<div class=\"col-md-6 order-2 order-md-1\">\n<div class=\"custom-toc-box\">\n<div id=\"toc-header\">\n<h4>Inhaltsverzeichnis<\/h4>\n<div class=\"toc-toggle-icon\"><\/div>\n<\/p><\/div>\n<div class=\"toc-full-divider\"><\/div>\n<div id=\"toc-body\">\n<div id=\"toc-container\"><\/div>\n<\/p><\/div>\n<\/p><\/div>\n<\/p><\/div>\n<div class=\"col-md-6 order-1 order-md-2\" id=\"jForm\">\n                <script type=\"text\/javascript\" src=\"https:\/\/form.jotform.com\/jsform\/242882128947973\"><\/script>\n            <\/div>\n<\/p><\/div>\n<\/p><\/div>\n<div class=\"container\">\n<div class=\"img-thumb\">\n            <img decoding=\"async\" src=\"https:\/\/drterziler.com\/wp-content\/uploads\/2025\/07\/Sac-Eksozom.webp\" alt=\"Exosomen zur Haarbehandlung\" loading=\"lazy\">\n        <\/div>\n<div>\n<div>\n<h2 class=\"h2-header\">Wie funktioniert die Exosomenbehandlung bei Haarausfall?<\/h2>\n<\/p><\/div>\n<div>\n<p class=\"p-text\">Haarausfall kann durch genetische Faktoren, hormonelle Ungleichgewichte, Umwelteinfl\u00fcsse oder Entz\u00fcndungen verursacht werden. Exosomen wirken als biologische Botenstoffe mit dem Potenzial, in diesen Prozess einzugreifen. Bei Anwendung auf die Kopfhaut helfen die enthaltenen Mikro-RNAs, Wachstumsfaktoren und Proteine dabei, die Haarfollikel zu stimulieren. Ruhende oder gesch\u00e4digte Haarfollikel werden reaktiviert, und die Qualit\u00e4t der bestehenden Haare verbessert sich. Gleichzeitig reduzieren Exosomen Entz\u00fcndungen auf der Kopfhaut und schaffen so ein ges\u00fcnderes Wachstumsumfeld. Durch die Interaktion mit den Haarfollikeln auf zellul\u00e4rer Ebene f\u00f6rdern Exosomen die Bildung neuer Haare und verlangsamen den Ausfall bestehender Haare. Dies bietet sowohl eine pr\u00e4ventive Wirkung gegen Haarausfall als auch einen volumengebenden Effekt.<\/p>\n<\/p><\/div>\n<\/p><\/div>\n<div>\n<div>\n<h2 class=\"h2-header\">Wie wird die Exosomenanwendung f\u00fcr das Haar durchgef\u00fchrt?<\/h2>\n<\/p><\/div>\n<div>\n<p class=\"p-text\">Die Exosomentherapie ist ein komfortabler, nicht-chirurgischer Eingriff, der in einer klinischen Umgebung zur Bek\u00e4mpfung von Haarausfall durchgef\u00fchrt wird. Vor der Behandlung wird eine dermatologische Untersuchung vorgenommen, um Art und Schwere des Haarausfalls sowie die Erwartungen des Patienten zu analysieren. W\u00e4hrend der Behandlung wird die Exosomenl\u00f6sung mit sehr feinen Nadeln in bestimmte Bereiche der Kopfhaut injiziert. Dieser Vorgang ist in der Regel schnell und schmerzfrei und erfordert keine lokale Bet\u00e4ubung. Die Patienten k\u00f6nnen unmittelbar nach der Behandlung in ihren Alltag zur\u00fcckkehren. Die Anzahl der Sitzungen variiert je nach individuellem Bedarf, \u00fcblicherweise sind 1 bis 3 Anwendungen vorgesehen. Diese Behandlung kann auch die Heilung nach einer Haartransplantation unterst\u00fctzen, indem sie den Anpassungsprozess der Haarfollikel st\u00e4rkt und ein dichteres, kr\u00e4ftigeres Haarbild f\u00f6rdert.<\/p>\n<\/p><\/div>\n<\/p><\/div>\n<div>\n<div>\n<h2 class=\"h2-header\">F\u00fcr wen ist die Exosomenbehandlung geeignet?<\/h2>\n<\/p><\/div>\n<div>\n<p class=\"p-text\">Die Exosomenbehandlung bietet eine sichere und effektive Option f\u00fcr viele Menschen mit Haarausfall. Sie kann erfolgreich bei genetisch bedingtem Haarausfall wie der androgenetischen Alopezie, die h\u00e4ufig bei M\u00e4nnern vorkommt, sowie bei hormonellem oder stressbedingtem Haarausfall bei Frauen eingesetzt werden. Sie ist eine ideale unterst\u00fctzende Therapie f\u00fcr Personen, die eine abnehmende Haardichte oder d\u00fcnner werdende Haare feststellen. Auch bei pl\u00f6tzlichem Haarausfall durch postpartale Ver\u00e4nderungen, saisonale \u00dcberg\u00e4nge oder Krankheiten kann sie wirksame Ergebnisse erzielen. F\u00fcr Personen, die sich einer Haartransplantation unterzogen haben, kann die Exosomentherapie empfohlen werden, um den Heilungsprozess zu beschleunigen und die Fixierung der Transplantate zu unterst\u00fctzen.<\/p>\n<\/p><\/div>\n<\/p><\/div>\n<div>\n<div>\n<h2 class=\"h2-header\">Welche Vorteile bietet die Exosomenbehandlung?<\/h2>\n<\/p><\/div>\n<div>\n<p class=\"p-text\">Die Exosomentherapie ist ein vollst\u00e4ndig biologischer und nat\u00fcrlicher Ansatz, der keinen chirurgischen Eingriff erfordert und minimalinvasiv ist. Die M\u00f6glichkeit, ohne soziale Einschr\u00e4nkungen sofort in den Alltag zur\u00fcckzukehren, bietet hohen Komfort. Als nat\u00fcrliche extrazellul\u00e4re Botenstoffe aktivieren die in der Behandlung verwendeten Exosomen die k\u00f6rpereigenen Reparaturmechanismen. Da sie keine Zusatzstoffe oder Chemikalien enthalten, k\u00f6nnen sie auch bei empfindlicher Haut sicher angewendet werden. Dar\u00fcber hinaus machen die kurze Erholungszeit und die langanhaltende Wirkung diese Behandlung besonders vorteilhaft f\u00fcr Personen, die eine dauerhafte Verbesserung der Haarqualit\u00e4t anstreben. Am wichtigsten ist, dass Exosomen im Vergleich zur traditionellen Haarmesotherapie einen h\u00f6heren biologischen Gehalt aufweisen und auf zellul\u00e4rer Ebene effektivere und nachhaltigere Ergebnisse liefern.<\/p>\n<\/p><\/div>\n<\/p><\/div>\n<div>\n<div>\n<h2 class=\"h2-header\">Wann sind Ergebnisse der Exosomen-Haarbehandlung sichtbar?<\/h2>\n<\/p><\/div>\n<div>\n<p class=\"p-text\">Die Ergebnisse der Exosomenbehandlung werden in der Regel bereits wenige Wochen nach der Anwendung sichtbar. In der Anfangsphase kann ein deutlicher R\u00fcckgang des Haarausfalls beobachtet werden, und innerhalb von 1 bis 2 Monaten wirken die Haare lebendiger und kr\u00e4ftiger. Ab dem dritten Monat wird das Nachwachsen neuer Haare meist deutlicher sichtbar. Dieser Zeitrahmen kann je nach genetischer Veranlagung, Lebensstil und individueller Reaktion auf die Behandlung variieren. F\u00fcr dauerhafte und zufriedenstellende Ergebnisse ist ein individuell abgestimmter Behandlungsplan wichtig. Regelm\u00e4\u00dfige Auffrischungssitzungen helfen dabei, die erzielten Ergebnisse langfristig zu erhalten.<\/p>\n<\/p><\/div>\n<\/p><\/div>\n<\/p><\/div>\n<\/section>\n","protected":false},"excerpt":{"rendered":"<p>Exosomen zur Haarbehandlung Exosomen sind mikroskopisch kleine, von einer Membran umschlossene Strukturen, die auf nat\u00fcrliche Weise von Zellen ausgeschieden werden und die interzellul\u00e4re Kommunikation erleichtern. Sie sind typischerweise zwischen 30 und 150 Nanometern gro\u00df und entstehen durch spezialisierte Vesikel innerhalb der Zelle. Durch den Transport biologischer Informationen beeinflussen sie andere Zellen.Sie enthalten zellul\u00e4re Botenstoffe wie [&hellip;]<\/p>\n","protected":false},"author":6,"featured_media":0,"parent":2840,"menu_order":0,"comment_status":"closed","ping_status":"closed","template":"","meta":{"footnotes":""},"class_list":["post-48130","page","type-page","status-publish","hentry"],"_links":{"self":[{"href":"https:\/\/drterziler.com\/de\/wp-json\/wp\/v2\/pages\/48130","targetHints":{"allow":["GET"]}}],"collection":[{"href":"https:\/\/drterziler.com\/de\/wp-json\/wp\/v2\/pages"}],"about":[{"href":"https:\/\/drterziler.com\/de\/wp-json\/wp\/v2\/types\/page"}],"author":[{"embeddable":true,"href":"https:\/\/drterziler.com\/de\/wp-json\/wp\/v2\/users\/6"}],"replies":[{"embeddable":true,"href":"https:\/\/drterziler.com\/de\/wp-json\/wp\/v2\/comments?post=48130"}],"version-history":[{"count":17,"href":"https:\/\/drterziler.com\/de\/wp-json\/wp\/v2\/pages\/48130\/revisions"}],"predecessor-version":[{"id":61406,"href":"https:\/\/drterziler.com\/de\/wp-json\/wp\/v2\/pages\/48130\/revisions\/61406"}],"up":[{"embeddable":true,"href":"https:\/\/drterziler.com\/de\/wp-json\/wp\/v2\/pages\/2840"}],"wp:attachment":[{"href":"https:\/\/drterziler.com\/de\/wp-json\/wp\/v2\/media?parent=48130"}],"curies":[{"name":"wp","href":"https:\/\/api.w.org\/{rel}","templated":true}]}}