{"id":6105,"date":"2024-09-19T06:08:42","date_gmt":"2024-09-19T06:08:42","guid":{"rendered":"https:\/\/drterziler.com\/faq\/"},"modified":"2026-03-08T14:02:19","modified_gmt":"2026-03-08T14:02:19","slug":"faq","status":"publish","type":"page","link":"https:\/\/drterziler.com\/de\/haartransplantation\/faq\/","title":{"rendered":"FAQs"},"content":{"rendered":"<div class=\"page-content\">\n<div id=\"header-area\">\n<div class=\"container\" id=\"firstContent\">\n<div class=\"header-content d-flex flex-column\">\n<h1 class=\"content-title h1-header\">FAQs<\/h1>\n<div class=\"content-paragraph\">\n<p class=\"p-text\">\n<\/p><\/div>\n<nav aria-label=\"breadcrumb\" class=\"breadcrumbs\">\n<ul class=\"d-flex align-items-center mb-0\">\n<li><a class=\"link\" href=\"https:\/\/drterziler.com\/de\/\"><span>Dr. Terziler<\/span><\/a><\/li>\n<li class=\"separator\">\u00bb<\/li>\n<li><a class=\"link\" href=\"https:\/\/drterziler.com\/de\/haartransplantation\/\"><span>Haartransplantation<\/span><\/a><\/li>\n<li class=\"separator\">\u00bb<\/li>\n<li class=\"current-page\"><span>FAQs<\/span><\/li>\n<\/ul>\n<\/nav><\/div>\n<\/p><\/div>\n<\/p><\/div>\n<\/div>\n<section id=\"content-area\">\n<div class=\"faq-container\">\n<div class=\"faq-item active\">\n        <button class=\"faq-question\"><span class=\"icon\">&#8211;<\/span> Warum die T\u00fcrkei f\u00fcr eine Haartransplantation?<\/button><\/p>\n<div class=\"faq-answer\" style=\"display: block;\">\n<p>Die T\u00fcrkei ist ein weltweit anerkanntes Zentrum auf dem Gebiet der Haartransplantation. Die Dr. Terziler Exclusive Clinic ist eine der f\u00fchrenden Kliniken, die in diesem Bereich den besten Service bietet. Dr. Terziler ist ein Experte mit jahrelanger Erfahrung in der Haartransplantation und Haarbehandlungen. Er und sein Team bieten jedem Patienten spezielle L\u00f6sungen unter Anwendung der neuesten und effektivsten Techniken an. Die Dr. Terziler Exclusive Clinic legt gro\u00dfen Wert auf die Patientenzufriedenheit. Sie bietet umfassende Unterst\u00fctzung, damit sich die Patienten in allen Prozessen vor, w\u00e4hrend und nach der Behandlung sicher und wohl f\u00fchlen.<\/p>\n<\/p><\/div>\n<\/p><\/div>\n<div class=\"faq-item\">\n        <button class=\"faq-question\"><span class=\"icon\">+<\/span> Ist eine Haartransplantation ein teures Verfahren?<\/button><\/p>\n<div class=\"faq-answer\">\n<p>Die Dr. Terziler Exclusive Clinic f\u00fchrt Haartransplantationen trotz ihrer hochwertigen Dienstleistungen und technologischen Struktur zu erschwinglichen Preisen durch. In Anbetracht der langfristigen Ergebnisse ist eine Haartransplantation eine wertvolle Investition. Es ist ein Verfahren, das einmalig und an einem Ort durchgef\u00fchrt werden sollte, der es wert ist.<\/p>\n<\/p><\/div>\n<\/p><\/div>\n<div class=\"faq-item\">\n        <button class=\"faq-question\"><span class=\"icon\">+<\/span> Wie lange muss ich f\u00fcr eine Haartransplantation in Istanbul bleiben?<\/button><\/p>\n<div class=\"faq-answer\">\n<p>Normalerweise reicht ein Aufenthalt von 2 bis 3 Tagen in Istanbul f\u00fcr eine Haartransplantation aus. Die Dr. Terziler Exclusive Clinic bietet w\u00e4hrend dieses Prozesses ein komfortables Erlebnis und steht Ihnen bei jedem Schritt zur Seite. Sie \u00fcbernachten in den besten Hotels in Istanbul und reisen mit unseren VIP-Fahrzeugen.<\/p>\n<\/p><\/div>\n<\/p><\/div>\n<div class=\"faq-item\">\n        <button class=\"faq-question\"><span class=\"icon\">+<\/span> Sind die bei der Haartransplantation verwendeten medizinischen Materialien Einwegartikel?<\/button><\/p>\n<div class=\"faq-answer\">\n<p>Ja, die bei der Haartransplantation in der Dr. Terziler Exclusive Clinic verwendeten medizinischen Materialien sind Einwegartikel. Dies gew\u00e4hrleistet h\u00f6chste Hygienestandards f\u00fcr die Patienten ohne Infektionsrisiko.<\/p>\n<\/p><\/div>\n<\/p><\/div>\n<div class=\"faq-item\">\n        <button class=\"faq-question\"><span class=\"icon\">+<\/span> Wo werde ich \u00fcbernachten, wenn ich zur Haartransplantation komme?<\/button><\/p>\n<div class=\"faq-answer\">\n<p>Als Dr. Terziler Exclusive Hair Clinic bieten wir Unterbringung in 5-Sterne-Hotels an, um unseren Patienten ein H\u00f6chstma\u00df an Komfort und Zufriedenheit zu bieten. Auf diese Weise k\u00f6nnen Sie w\u00e4hrend Ihres Behandlungsprozesses ein komfortables und luxuri\u00f6ses \u00dcbernachtungserlebnis genie\u00dfen.<\/p>\n<\/p><\/div>\n<\/p><\/div>\n<div class=\"faq-item\">\n        <button class=\"faq-question\"><span class=\"icon\">+<\/span> Wer holt mich vom Flughafen ab?<\/button><\/p>\n<div class=\"faq-answer\">\n<p>Die Dr. Terziler Exclusive Clinic bietet einen VIP-Transferservice an, der Sie vom Flughafen abholt und sicherstellt, dass Sie die Klinik bequem erreichen.<\/p>\n<\/p><\/div>\n<\/p><\/div>\n<div class=\"faq-item\">\n        <button class=\"faq-question\"><span class=\"icon\">+<\/span> K\u00f6nnen wir uns wohl f\u00fchlen, wenn wir mit meiner Familie in die Klinik kommen?<\/button><\/p>\n<div class=\"faq-answer\">\n<p>Ja, in der Dr. Terziler Exclusive Clinic wird eine komfortable und entspannende Umgebung f\u00fcr Familien geboten. Sie k\u00f6nnen sicher sein, dass Sie sich wohl f\u00fchlen werden, wenn Sie mit Ihrer Familie kommen, denn in unseren VIP-Zimmern k\u00f6nnen Patientenangeh\u00f6rige den Komfort eines Hotelzimmers erleben. Das Zimmer verf\u00fcgt \u00fcber ein eigenes Bett, Bad, Fernseher und Internet. Dar\u00fcber hinaus haben wir in unserer Klinik ein Restaurant\/Caf\u00e9, das einen hochwertigen Service bietet. Unsere G\u00e4ste k\u00f6nnen jedes gew\u00fcnschte Gericht von der k\u00f6stlichen Speisekarte bestellen und essen.<\/p>\n<\/p><\/div>\n<\/p><\/div>\n<div class=\"faq-item\">\n        <button class=\"faq-question\"><span class=\"icon\">+<\/span> Ist eine Haartransplantation ohne Rasur m\u00f6glich?<\/button><\/p>\n<div class=\"faq-answer\">\n<p>Ja, eine Haartransplantation ohne Rasur ist in der Dr. Terziler Exclusive Clinic m\u00f6glich. Bei dieser Methode kann die Transplantation durchgef\u00fchrt werden, ohne dass Ihr Haar geschnitten werden muss.<\/p>\n<\/p><\/div>\n<\/p><\/div>\n<div class=\"faq-item\">\n        <button class=\"faq-question\"><span class=\"icon\">+<\/span> Ist es m\u00f6glich, die Haare zu vermehren, ohne eine Haartransplantation durchzuf\u00fchren?<\/button><\/p>\n<div class=\"faq-answer\">\n<p>Ja, in der Dr. Terziler Exclusive Clinic werden Behandlungen zur Haarkr\u00e4ftigung und -vermehrung angeboten. Diese Behandlungen k\u00f6nnen den Haarausfall reduzieren und das vorhandene Haar st\u00e4rken und vermehren.<\/p>\n<\/p><\/div>\n<\/p><\/div>\n<div class=\"faq-item\">\n        <button class=\"faq-question\"><span class=\"icon\">+<\/span> Was ist der Unterschied zwischen FUE- und DHI-Haartransplantation?<\/button><\/p>\n<div class=\"faq-answer\">\n<p>In der Dr. Terziler Exclusive Clinic wenden wir sowohl die FUE- als auch die DHI-Methode mit modernsten Technologien an. W\u00e4hrend bei der FUE-Methode Kan\u00e4le vor dem Einsetzen der Grafts ge\u00f6ffnet werden, erm\u00f6glicht die DHI-Methode das direkte Einsetzen mit einem speziellen Stift ohne vorherige Kanal\u00f6ffnung, was in bestimmten F\u00e4llen eine h\u00f6here Dichte und schnellere Genesung erm\u00f6glicht.<\/p>\n<\/p><\/div>\n<\/p><\/div>\n<div class=\"faq-item\">\n        <button class=\"faq-question\"><span class=\"icon\">+<\/span> K\u00f6nnen auch Frauen eine Haartransplantation durchf\u00fchren lassen?<\/button><\/p>\n<div class=\"faq-answer\">\n<p>Ja, auch Frauen k\u00f6nnen in der Dr. Terziler Exclusive Clinic eine Haartransplantation durchf\u00fchren lassen. Wir stellen sicher, dass sie die besten Ergebnisse erzielen, indem wir spezielle L\u00f6sungen f\u00fcr Frauen anbieten, da wir uns bewusst sind, was Haare f\u00fcr Frauen bedeuten. Wir sind uns auch bewusst, dass Techniken wie das Hair Bonding, das eine vor\u00fcbergehende L\u00f6sung ist und st\u00e4ndig erneuert werden muss, das Haar sch\u00e4digen und dass eine Haartransplantation eine einmalige, geeignetere und dauerhafte L\u00f6sung ist.<\/p>\n<\/p><\/div>\n<\/p><\/div>\n<div class=\"faq-item\">\n        <button class=\"faq-question\"><span class=\"icon\">+<\/span> Wird eine Barttransplantation durchgef\u00fchrt?<\/button><\/p>\n<div class=\"faq-answer\">\n<p>Ja, in der Dr. Terziler Exclusive Clinic wird eine Barttransplantation durchgef\u00fchrt. F\u00fcr nat\u00fcrlich und \u00e4sthetisch aussehende B\u00e4rte werden die neuesten Techniken angewendet. Der Bart ist das Make-up eines Mannes und eine dauerhafte L\u00f6sung. In diesem Bewusstsein wird die Barttransplantation mit millimetergenauen Berechnungen nach dem Wunsch der Person durchgef\u00fchrt.<\/p>\n<\/p><\/div>\n<\/p><\/div>\n<div class=\"faq-item\">\n        <button class=\"faq-question\"><span class=\"icon\">+<\/span> Ist die Augenbrauentransplantation eine nat\u00fcrliche Methode?<\/button><\/p>\n<div class=\"faq-answer\">\n<p>Ja, die Augenbrauentransplantation ist eine nat\u00fcrliche und effektive Methode. In der Dr. Terziler Exclusive Clinic werden die neuesten Techniken eingesetzt, um nat\u00fcrlich aussehende und \u00e4sthetische Ergebnisse zu erzielen. Dar\u00fcber hinaus ist sich unser Team, das \u00fcber mehr als 20 Jahre Erfahrung verf\u00fcgt, der Bedeutung der Augenbrauen f\u00fcr Frauen bewusst und arbeitet daran, das nat\u00fcrlichste Ergebnis in Bezug auf Augenbrauenwinkel und -dichte zu erzielen.<\/p>\n<\/p><\/div>\n<\/p><\/div>\n<div class=\"faq-item\">\n        <button class=\"faq-question\"><span class=\"icon\">+<\/span> Welche Sehensw\u00fcrdigkeiten gibt es in Istanbul zu besuchen?<\/button><\/p>\n<div class=\"faq-answer\">\n<p>In Istanbul gibt es viele historische und touristische Orte wie die Hagia Sophia, die Blaue Moschee, den Topkapi-Palast und den Gro\u00dfen Basar. Au\u00dferdem befindet sich unsere Klinik im luxuri\u00f6sesten Viertel von Istanbul. Sie liegt ganz in der N\u00e4he von beliebten Einkaufszentren und Restaurants. Die Dr. Terziler Exclusive Clinic bietet Ihnen w\u00e4hrend Ihres Besuchs Orientierungshilfen und Empfehlungen.<\/p>\n<\/p><\/div>\n<\/p><\/div>\n<\/p><\/div>\n<\/section>\n","protected":false},"excerpt":{"rendered":"<p>FAQs Dr. Terziler \u00bb Haartransplantation \u00bb FAQs &#8211; Warum die T\u00fcrkei f\u00fcr eine Haartransplantation? Die T\u00fcrkei ist ein weltweit anerkanntes Zentrum auf dem Gebiet der Haartransplantation. Die Dr. Terziler Exclusive Clinic ist eine der f\u00fchrenden Kliniken, die in diesem Bereich den besten Service bietet. Dr. Terziler ist ein Experte mit jahrelanger Erfahrung in der Haartransplantation [&hellip;]<\/p>\n","protected":false},"author":6,"featured_media":0,"parent":2826,"menu_order":0,"comment_status":"closed","ping_status":"closed","template":"","meta":{"footnotes":""},"class_list":["post-6105","page","type-page","status-publish","hentry"],"_links":{"self":[{"href":"https:\/\/drterziler.com\/de\/wp-json\/wp\/v2\/pages\/6105","targetHints":{"allow":["GET"]}}],"collection":[{"href":"https:\/\/drterziler.com\/de\/wp-json\/wp\/v2\/pages"}],"about":[{"href":"https:\/\/drterziler.com\/de\/wp-json\/wp\/v2\/types\/page"}],"author":[{"embeddable":true,"href":"https:\/\/drterziler.com\/de\/wp-json\/wp\/v2\/users\/6"}],"replies":[{"embeddable":true,"href":"https:\/\/drterziler.com\/de\/wp-json\/wp\/v2\/comments?post=6105"}],"version-history":[{"count":63,"href":"https:\/\/drterziler.com\/de\/wp-json\/wp\/v2\/pages\/6105\/revisions"}],"predecessor-version":[{"id":59919,"href":"https:\/\/drterziler.com\/de\/wp-json\/wp\/v2\/pages\/6105\/revisions\/59919"}],"up":[{"embeddable":true,"href":"https:\/\/drterziler.com\/de\/wp-json\/wp\/v2\/pages\/2826"}],"wp:attachment":[{"href":"https:\/\/drterziler.com\/de\/wp-json\/wp\/v2\/media?parent=6105"}],"curies":[{"name":"wp","href":"https:\/\/api.w.org\/{rel}","templated":true}]}}