{"id":12952,"date":"2024-11-18T14:41:24","date_gmt":"2024-11-18T14:41:24","guid":{"rendered":"https:\/\/drterziler.com\/productos-para-el-cuidado-del-cabello-y-la-piel\/feeluxo-hair-activating-serum\/"},"modified":"2026-04-17T09:24:12","modified_gmt":"2026-04-17T09:24:12","slug":"serum-activador-capilar","status":"publish","type":"page","link":"https:\/\/drterziler.com\/es\/tratamientos-capilares\/productos-para-el-cuidado-del-cabello\/serum-activador-capilar\/","title":{"rendered":"S\u00e9rum Activador Capilar Feeluxo"},"content":{"rendered":"<div class=\"page-content\">\n<div id=\"header-area\">\n<div class=\"container\" id=\"firstContent\">\n<div class=\"header-content d-flex flex-column\">\n<h1 class=\"content-title h1-header\">S\u00e9rum Activador Capilar Feeluxo<\/h1>\n<div class=\"content-paragraph\">\n<p class=\"p-text\">El extracto de granada ayuda a prevenir la ca\u00edda del cabello, mientras que la semilla de pimienta negra estimula las ra\u00edces y los fol\u00edculos capilares para favorecer el crecimiento de cabello nuevo. La corteza de sauce blanco protege contra la sensibilidad cut\u00e1nea.<\/p>\n<\/p><\/div>\n<nav aria-label=\"breadcrumb\" class=\"breadcrumbs\">\n<ul class=\"d-flex align-items-center mb-0\">\n<li><a class=\"link\" href=\"https:\/\/drterziler.com\/es\/\"><span>Dr. Terziler Exclusive Clinic<\/span><\/a><\/li>\n<li class=\"separator\">\u00bb<\/li>\n<li><a class=\"link\" href=\"https:\/\/drterziler.com\/es\/tratamientos-capilares\/\"><span>Tratamientos capilares<\/span><\/a><\/li>\n<li class=\"separator\">\u00bb<\/li>\n<li><a class=\"link\" href=\"https:\/\/drterziler.com\/es\/tratamientos-capilares\/productos-para-el-cuidado-del-cabello\/\"><span>Productos para el cuidado del cabello<\/span><\/a><\/li>\n<li class=\"separator\">\u00bb<\/li>\n<li class=\"current-page\"><span>S\u00e9rum Activador Capilar Feeluxo<\/span><\/li>\n<\/ul>\n<\/nav><\/div>\n<\/p><\/div>\n<\/p><\/div>\n<\/div>\n<section id=\"content-area\">\n<div class=\"container my-5\">\n<div class=\"row align-items-start\">\n<div class=\"col-md-6 order-2 order-md-1\">\n<div class=\"custom-toc-box\">\n<div id=\"toc-header\">\n<h4>\u00cdndice<\/h4>\n<div class=\"toc-toggle-icon\"><\/div>\n<\/p><\/div>\n<div class=\"toc-full-divider\"><\/div>\n<div id=\"toc-body\">\n<div id=\"toc-container\"><\/div>\n<\/p><\/div>\n<\/p><\/div>\n<\/p><\/div>\n<div class=\"col-md-6 order-1 order-md-2\" id=\"jForm\">\n                <script type=\"text\/javascript\" src=\"https:\/\/form.jotform.com\/jsform\/242881767918979\"><\/script>\n            <\/div>\n<\/p><\/div>\n<\/p><\/div>\n<div class=\"container\">\n<div class=\"img-thumb\">\n            <img loading=\"lazy\" decoding=\"async\" width=\"1140\" height=\"641\" src=\"https:\/\/drterziler.com\/wp-content\/uploads\/2025\/04\/serumrev.webp\" alt=\"\" srcset=\"https:\/\/drterziler.com\/wp-content\/uploads\/2025\/04\/serumrev.webp 1140w, https:\/\/drterziler.com\/wp-content\/uploads\/2025\/04\/serumrev-300x169.webp 300w, https:\/\/drterziler.com\/wp-content\/uploads\/2025\/04\/serumrev-1024x576.webp 1024w, https:\/\/drterziler.com\/wp-content\/uploads\/2025\/04\/serumrev-768x432.webp 768w\" sizes=\"auto, (max-width: 1140px) 100vw, 1140px\">\n        <\/div>\n<div>\n<div>\n<h2 class=\"h2-header\">S\u00e9rum Activador Capilar Feeluxo<\/h2>\n<\/p><\/div>\n<div>\n<p class=\"p-text\">El extracto de granada ayuda a prevenir la ca\u00edda del cabello.Favorece el crecimiento de cabello nuevo gracias a las semillas de pimienta negra.La corteza de sauce blanco protege contra la sensibilidad cut\u00e1nea.<\/p>\n<\/p><\/div>\n<\/p><\/div>\n<\/p><\/div>\n<\/section>\n","protected":false},"excerpt":{"rendered":"<p>S\u00e9rum Activador Capilar Feeluxo El extracto de granada ayuda a prevenir la ca\u00edda del cabello, mientras que la semilla de pimienta negra estimula las ra\u00edces y los fol\u00edculos capilares para favorecer el crecimiento de cabello nuevo. La corteza de sauce blanco protege contra la sensibilidad cut\u00e1nea. Dr. Terziler Exclusive Clinic \u00bb Tratamientos capilares \u00bb Productos [&hellip;]<\/p>\n","protected":false},"author":6,"featured_media":0,"parent":38849,"menu_order":0,"comment_status":"closed","ping_status":"closed","template":"","meta":{"footnotes":""},"class_list":["post-12952","page","type-page","status-publish","hentry"],"_links":{"self":[{"href":"https:\/\/drterziler.com\/es\/wp-json\/wp\/v2\/pages\/12952","targetHints":{"allow":["GET"]}}],"collection":[{"href":"https:\/\/drterziler.com\/es\/wp-json\/wp\/v2\/pages"}],"about":[{"href":"https:\/\/drterziler.com\/es\/wp-json\/wp\/v2\/types\/page"}],"author":[{"embeddable":true,"href":"https:\/\/drterziler.com\/es\/wp-json\/wp\/v2\/users\/6"}],"replies":[{"embeddable":true,"href":"https:\/\/drterziler.com\/es\/wp-json\/wp\/v2\/comments?post=12952"}],"version-history":[{"count":35,"href":"https:\/\/drterziler.com\/es\/wp-json\/wp\/v2\/pages\/12952\/revisions"}],"predecessor-version":[{"id":62220,"href":"https:\/\/drterziler.com\/es\/wp-json\/wp\/v2\/pages\/12952\/revisions\/62220"}],"up":[{"embeddable":true,"href":"https:\/\/drterziler.com\/es\/wp-json\/wp\/v2\/pages\/38849"}],"wp:attachment":[{"href":"https:\/\/drterziler.com\/es\/wp-json\/wp\/v2\/media?parent=12952"}],"curies":[{"name":"wp","href":"https:\/\/api.w.org\/{rel}","templated":true}]}}