{"id":12965,"date":"2024-11-24T10:36:23","date_gmt":"2024-11-24T10:36:23","guid":{"rendered":"https:\/\/drterziler.com\/productos-para-el-cuidado-del-cabello-y-la-piel\/feeluxo-anti-hair-loss-dandruff-shampoo\/"},"modified":"2026-04-16T07:35:25","modified_gmt":"2026-04-16T07:35:25","slug":"champu-anticaida-y-anticaspa","status":"publish","type":"page","link":"https:\/\/drterziler.com\/es\/tratamientos-capilares\/productos-para-el-cuidado-del-cabello\/champu-anticaida-y-anticaspa\/","title":{"rendered":"Champ\u00fa Antica\u00edda y Anticaspa"},"content":{"rendered":"<div class=\"page-content\">\n<div id=\"header-area\">\n<div class=\"container\" id=\"firstContent\">\n<div class=\"header-content d-flex flex-column\">\n<h1 class=\"content-title h1-header\">Champ\u00fa Antica\u00edda y Anticaspa<\/h1>\n<div class=\"content-paragraph\">\n<p class=\"p-text\">Con extracto de canela, fortalece las ra\u00edces capilares y le aporta elasticidad. Gracias a vitaminas y minerales como la niacinamida, equilibra el cuero cabelludo. Con extracto de semilla de comino negro, previene la ca\u00edda del cabello.<\/p>\n<\/p><\/div>\n<nav aria-label=\"breadcrumb\" class=\"breadcrumbs\">\n<ul class=\"d-flex align-items-center mb-0\">\n<li><a class=\"link\" href=\"https:\/\/drterziler.com\/es\/\"><span>Dr. Terziler Exclusive Clinic<\/span><\/a><\/li>\n<li class=\"separator\">\u00bb<\/li>\n<li><a class=\"link\" href=\"https:\/\/drterziler.com\/es\/tratamientos-capilares\/\"><span>Tratamientos capilares<\/span><\/a><\/li>\n<li class=\"separator\">\u00bb<\/li>\n<li><a class=\"link\" href=\"https:\/\/drterziler.com\/es\/tratamientos-capilares\/productos-para-el-cuidado-del-cabello\/\"><span>Productos para el cuidado del cabello<\/span><\/a><\/li>\n<li class=\"separator\">\u00bb<\/li>\n<li class=\"current-page\"><span>Champ\u00fa Antica\u00edda y Anticaspa<\/span><\/li>\n<\/ul>\n<\/nav><\/div>\n<\/p><\/div>\n<\/p><\/div>\n<\/div>\n<section id=\"content-area\">\n<div class=\"container my-5\">\n<div class=\"row align-items-start\">\n<div class=\"col-md-6 order-2 order-md-1\">\n<div class=\"custom-toc-box\">\n<div id=\"toc-header\">\n<h4>\u00cdndice<\/h4>\n<div class=\"toc-toggle-icon\"><\/div>\n<\/p><\/div>\n<div class=\"toc-full-divider\"><\/div>\n<div id=\"toc-body\">\n<div id=\"toc-container\"><\/div>\n<\/p><\/div>\n<\/p><\/div>\n<\/p><\/div>\n<div class=\"col-md-6 order-1 order-md-2\" id=\"jForm\">\n                <script type=\"text\/javascript\" src=\"https:\/\/form.jotform.com\/jsform\/242881767918979\"><\/script>\n            <\/div>\n<\/p><\/div>\n<\/p><\/div>\n<div class=\"container\">\n<div class=\"img-thumb\">\n            <img loading=\"lazy\" decoding=\"async\" width=\"1140\" height=\"641\" src=\"https:\/\/drterziler.com\/wp-content\/uploads\/2025\/04\/SAMPUANrev.webp\" alt=\"\" srcset=\"https:\/\/drterziler.com\/wp-content\/uploads\/2025\/04\/SAMPUANrev.webp 1140w, https:\/\/drterziler.com\/wp-content\/uploads\/2025\/04\/SAMPUANrev-300x169.webp 300w, https:\/\/drterziler.com\/wp-content\/uploads\/2025\/04\/SAMPUANrev-1024x576.webp 1024w, https:\/\/drterziler.com\/wp-content\/uploads\/2025\/04\/SAMPUANrev-768x432.webp 768w\" sizes=\"auto, (max-width: 1140px) 100vw, 1140px\">\n        <\/div>\n<div>\n<div>\n<h2 class=\"h2-header\">Champ\u00fa Antica\u00edda y Anticaspa<\/h2>\n<\/p><\/div>\n<div>\n<p class=\"p-text\">Fortalece los fol\u00edculos pilosos con extracto de canela y mejora la elasticidad del cabello.Mantiene el equilibrio del cuero cabelludo con vitaminas y minerales.Previene la ca\u00edda del cabello con extracto de comino negro.<\/p>\n<\/p><\/div>\n<\/p><\/div>\n<\/p><\/div>\n<\/section>\n","protected":false},"excerpt":{"rendered":"<p>Champ\u00fa Antica\u00edda y Anticaspa Con extracto de canela, fortalece las ra\u00edces capilares y le aporta elasticidad. Gracias a vitaminas y minerales como la niacinamida, equilibra el cuero cabelludo. Con extracto de semilla de comino negro, previene la ca\u00edda del cabello. Dr. Terziler Exclusive Clinic \u00bb Tratamientos capilares \u00bb Productos para el cuidado del cabello \u00bb [&hellip;]<\/p>\n","protected":false},"author":6,"featured_media":0,"parent":38849,"menu_order":0,"comment_status":"closed","ping_status":"closed","template":"","meta":{"footnotes":""},"class_list":["post-12965","page","type-page","status-publish","hentry"],"_links":{"self":[{"href":"https:\/\/drterziler.com\/es\/wp-json\/wp\/v2\/pages\/12965","targetHints":{"allow":["GET"]}}],"collection":[{"href":"https:\/\/drterziler.com\/es\/wp-json\/wp\/v2\/pages"}],"about":[{"href":"https:\/\/drterziler.com\/es\/wp-json\/wp\/v2\/types\/page"}],"author":[{"embeddable":true,"href":"https:\/\/drterziler.com\/es\/wp-json\/wp\/v2\/users\/6"}],"replies":[{"embeddable":true,"href":"https:\/\/drterziler.com\/es\/wp-json\/wp\/v2\/comments?post=12965"}],"version-history":[{"count":48,"href":"https:\/\/drterziler.com\/es\/wp-json\/wp\/v2\/pages\/12965\/revisions"}],"predecessor-version":[{"id":62089,"href":"https:\/\/drterziler.com\/es\/wp-json\/wp\/v2\/pages\/12965\/revisions\/62089"}],"up":[{"embeddable":true,"href":"https:\/\/drterziler.com\/es\/wp-json\/wp\/v2\/pages\/38849"}],"wp:attachment":[{"href":"https:\/\/drterziler.com\/es\/wp-json\/wp\/v2\/media?parent=12965"}],"curies":[{"name":"wp","href":"https:\/\/api.w.org\/{rel}","templated":true}]}}