{"id":12977,"date":"2024-11-24T10:38:09","date_gmt":"2024-11-24T10:38:09","guid":{"rendered":"https:\/\/drterziler.com\/productos-para-el-cuidado-del-cabello-y-la-piel\/feeluxo-stem-cell-factor-cream\/"},"modified":"2026-04-21T11:11:33","modified_gmt":"2026-04-21T11:11:33","slug":"crema-factor-celulas-madre","status":"publish","type":"page","link":"https:\/\/drterziler.com\/es\/estetica-medica\/otros-tratamientos-con-botox\/productos-para-el-cuidado-de-la-piel\/crema-factor-celulas-madre\/","title":{"rendered":"Crema Factor C\u00e9lulas Madre"},"content":{"rendered":"<div class=\"page-content\">\n<div id=\"header-area\">\n<div class=\"container\" id=\"firstContent\">\n<div class=\"header-content d-flex flex-column\">\n<h1 class=\"content-title h1-header\">Crema Factor C\u00e9lulas Madre<\/h1>\n<div class=\"content-paragraph\">\n<p class=\"p-text\">La crema, aplicada una vez al d\u00eda por la noche en una cantidad del tama\u00f1o de un guisante sobre la piel limpia y absorbida mediante masaje, refresca la piel en las zonas donde se aplica. Tambi\u00e9n se puede aplicar en cintura, codos y rodillas.<\/p>\n<\/p><\/div>\n<nav aria-label=\"breadcrumb\" class=\"breadcrumbs\">\n<ul class=\"d-flex align-items-center mb-0\">\n<li><a class=\"link\" href=\"https:\/\/drterziler.com\/es\/\"><span>Dr. Terziler Exclusive Clinic<\/span><\/a><\/li>\n<li class=\"separator\">\u00bb<\/li>\n<li><a class=\"link\" href=\"https:\/\/drterziler.com\/es\/estetica-medica\/\"><span>Est\u00e9tica m\u00e9dica<\/span><\/a><\/li>\n<li class=\"separator\">\u00bb<\/li>\n<li><a class=\"link\" href=\"https:\/\/drterziler.com\/es\/estetica-medica\/otros-tratamientos-con-botox\/\"><span>Otros tratamientos con b\u00f3tox<\/span><\/a><\/li>\n<li class=\"separator\">\u00bb<\/li>\n<li><a class=\"link\" href=\"https:\/\/drterziler.com\/es\/estetica-medica\/otros-tratamientos-con-botox\/productos-para-el-cuidado-de-la-piel\/\"><span>Productos para el cuidado de la piel<\/span><\/a><\/li>\n<li class=\"separator\">\u00bb<\/li>\n<li class=\"current-page\"><span>Crema Factor C\u00e9lulas Madre<\/span><\/li>\n<\/ul>\n<\/nav><\/div>\n<\/p><\/div>\n<\/p><\/div>\n<\/div>\n<section id=\"content-area\">\n<div class=\"container my-5\">\n<div class=\"row align-items-start\">\n<div class=\"col-md-6 order-2 order-md-1\">\n<div class=\"custom-toc-box\">\n<div id=\"toc-header\">\n<h4>\u00cdndice<\/h4>\n<div class=\"toc-toggle-icon\"><\/div>\n<\/p><\/div>\n<div class=\"toc-full-divider\"><\/div>\n<div id=\"toc-body\">\n<div id=\"toc-container\"><\/div>\n<\/p><\/div>\n<\/p><\/div>\n<\/p><\/div>\n<div class=\"col-md-6 order-1 order-md-2\" id=\"jForm\">\n                <script type=\"text\/javascript\" src=\"https:\/\/form.jotform.com\/jsform\/242881767918979\"><\/script>\n            <\/div>\n<\/p><\/div>\n<\/p><\/div>\n<div class=\"container\">\n<div class=\"img-thumb\">\n            <img loading=\"lazy\" decoding=\"async\" width=\"1140\" height=\"641\" src=\"https:\/\/drterziler.com\/wp-content\/uploads\/2025\/04\/CIL-KOK-HUCRELI-KREM-ERKEKrev.webp\" alt=\"\" srcset=\"https:\/\/drterziler.com\/wp-content\/uploads\/2025\/04\/CIL-KOK-HUCRELI-KREM-ERKEKrev.webp 1140w, https:\/\/drterziler.com\/wp-content\/uploads\/2025\/04\/CIL-KOK-HUCRELI-KREM-ERKEKrev-300x169.webp 300w, https:\/\/drterziler.com\/wp-content\/uploads\/2025\/04\/CIL-KOK-HUCRELI-KREM-ERKEKrev-1024x576.webp 1024w, https:\/\/drterziler.com\/wp-content\/uploads\/2025\/04\/CIL-KOK-HUCRELI-KREM-ERKEKrev-768x432.webp 768w\" sizes=\"auto, (max-width: 1140px) 100vw, 1140px\">\n        <\/div>\n<div>\n<div>\n<h2 class=\"h2-header\">Crema Factor C\u00e9lulas Madre<\/h2>\n<\/p><\/div>\n<div>\n<p class=\"p-text\">Es una crema para el cuidado de la piel formulada con tecnolog\u00eda avanzada para favorecer el proceso natural de renovaci\u00f3n de la piel. Gracias a sus ingredientes especiales, revitaliza, suaviza y aporta a la piel un brillo saludable. Acelera la renovaci\u00f3n cut\u00e1nea y reduce los signos de la edad. Uniformiza el tono de la piel y minimiza la aparici\u00f3n de l\u00edneas de expresi\u00f3n.<\/p>\n<\/p><\/div>\n<\/p><\/div>\n<\/p><\/div>\n<\/section>\n","protected":false},"excerpt":{"rendered":"<p>Crema Factor C\u00e9lulas Madre La crema, aplicada una vez al d\u00eda por la noche en una cantidad del tama\u00f1o de un guisante sobre la piel limpia y absorbida mediante masaje, refresca la piel en las zonas donde se aplica. Tambi\u00e9n se puede aplicar en cintura, codos y rodillas. Dr. Terziler Exclusive Clinic \u00bb Est\u00e9tica m\u00e9dica [&hellip;]<\/p>\n","protected":false},"author":6,"featured_media":0,"parent":38869,"menu_order":0,"comment_status":"closed","ping_status":"closed","template":"","meta":{"footnotes":""},"class_list":["post-12977","page","type-page","status-publish","hentry"],"_links":{"self":[{"href":"https:\/\/drterziler.com\/es\/wp-json\/wp\/v2\/pages\/12977","targetHints":{"allow":["GET"]}}],"collection":[{"href":"https:\/\/drterziler.com\/es\/wp-json\/wp\/v2\/pages"}],"about":[{"href":"https:\/\/drterziler.com\/es\/wp-json\/wp\/v2\/types\/page"}],"author":[{"embeddable":true,"href":"https:\/\/drterziler.com\/es\/wp-json\/wp\/v2\/users\/6"}],"replies":[{"embeddable":true,"href":"https:\/\/drterziler.com\/es\/wp-json\/wp\/v2\/comments?post=12977"}],"version-history":[{"count":37,"href":"https:\/\/drterziler.com\/es\/wp-json\/wp\/v2\/pages\/12977\/revisions"}],"predecessor-version":[{"id":62356,"href":"https:\/\/drterziler.com\/es\/wp-json\/wp\/v2\/pages\/12977\/revisions\/62356"}],"up":[{"embeddable":true,"href":"https:\/\/drterziler.com\/es\/wp-json\/wp\/v2\/pages\/38869"}],"wp:attachment":[{"href":"https:\/\/drterziler.com\/es\/wp-json\/wp\/v2\/media?parent=12977"}],"curies":[{"name":"wp","href":"https:\/\/api.w.org\/{rel}","templated":true}]}}