{"id":12989,"date":"2024-11-24T10:40:19","date_gmt":"2024-11-24T10:40:19","guid":{"rendered":"https:\/\/drterziler.com\/feeluxo-hair-laser-comb\/"},"modified":"2026-04-16T13:41:46","modified_gmt":"2026-04-16T13:41:46","slug":"peine-laser-capilar","status":"publish","type":"page","link":"https:\/\/drterziler.com\/es\/tratamientos-capilares\/productos-para-el-cuidado-del-cabello\/peine-laser-capilar\/","title":{"rendered":"Peine l\u00e1ser capilar"},"content":{"rendered":"<div class=\"page-content\">\n<div id=\"header-area\">\n<div class=\"container\" id=\"firstContent\">\n<div class=\"header-content d-flex flex-column\">\n<h1 class=\"content-title h1-header\">Peine l\u00e1ser capilar<\/h1>\n<div class=\"content-paragraph\">\n<p class=\"p-text\">It is a laser treatment designed with special wavelengths that can be easily applied at home. This product, recommended by dermatologists, clinically tested, and FDA approved, offers an effective solution against hair loss.<\/p>\n<\/p><\/div>\n<nav aria-label=\"breadcrumb\" class=\"breadcrumbs\">\n<ul class=\"d-flex align-items-center mb-0\">\n<li><a class=\"link\" href=\"https:\/\/drterziler.com\/es\/\"><span>Dr. Terziler Exclusive Clinic<\/span><\/a><\/li>\n<li class=\"separator\">\u00bb<\/li>\n<li><a class=\"link\" href=\"https:\/\/drterziler.com\/es\/tratamientos-capilares\/\"><span>Tratamientos capilares<\/span><\/a><\/li>\n<li class=\"separator\">\u00bb<\/li>\n<li><a class=\"link\" href=\"https:\/\/drterziler.com\/es\/tratamientos-capilares\/productos-para-el-cuidado-del-cabello\/\"><span>Productos para el cuidado del cabello<\/span><\/a><\/li>\n<li class=\"separator\">\u00bb<\/li>\n<li class=\"current-page\"><span>Peine l\u00e1ser capilar<\/span><\/li>\n<\/ul>\n<\/nav><\/div>\n<\/p><\/div>\n<\/p><\/div>\n<\/div>\n<section id=\"content-area\">\n<div class=\"container my-5\">\n<div class=\"row align-items-start\">\n<div class=\"col-md-6 order-2 order-md-1\">\n<div class=\"custom-toc-box\">\n<div id=\"toc-header\">\n<h4>\u00cdndice<\/h4>\n<div class=\"toc-toggle-icon\"><\/div>\n<\/p><\/div>\n<div class=\"toc-full-divider\"><\/div>\n<div id=\"toc-body\">\n<div id=\"toc-container\"><\/div>\n<\/p><\/div>\n<\/p><\/div>\n<\/p><\/div>\n<div class=\"col-md-6 order-1 order-md-2\" id=\"jForm\">\n                <script type=\"text\/javascript\" src=\"https:\/\/form.jotform.com\/jsform\/242881767918979\"><\/script>\n            <\/div>\n<\/p><\/div>\n<\/p><\/div>\n<div class=\"container\">\n<div class=\"img-thumb\">\n            <img loading=\"lazy\" decoding=\"async\" width=\"1140\" height=\"641\" src=\"https:\/\/drterziler.com\/wp-content\/uploads\/2025\/04\/lazer-tarakrev.webp\" alt=\"\" srcset=\"https:\/\/drterziler.com\/wp-content\/uploads\/2025\/04\/lazer-tarakrev.webp 1140w, https:\/\/drterziler.com\/wp-content\/uploads\/2025\/04\/lazer-tarakrev-300x169.webp 300w, https:\/\/drterziler.com\/wp-content\/uploads\/2025\/04\/lazer-tarakrev-1024x576.webp 1024w, https:\/\/drterziler.com\/wp-content\/uploads\/2025\/04\/lazer-tarakrev-768x432.webp 768w\" sizes=\"auto, (max-width: 1140px) 100vw, 1140px\">\n        <\/div>\n<div>\n<div>\n<h2 class=\"h2-header\">Hair Laser Comb<\/h2>\n<\/p><\/div>\n<div>\n<p class=\"p-text\">Terapia l\u00e1ser dise\u00f1ada con longitudes de onda especiales, apta para uso dom\u00e9stico.Recomendaci\u00f3n de uso: Peinarse regularmente durante 15 minutos al d\u00eda.Recomendado por dermat\u00f3logos.Cl\u00ednicamente probado.Aprobado por la FDA.F\u00f3rmula antica\u00edda.<\/p>\n<\/p><\/div>\n<\/p><\/div>\n<\/p><\/div>\n<\/section>\n","protected":false},"excerpt":{"rendered":"<p>Peine l\u00e1ser capilar It is a laser treatment designed with special wavelengths that can be easily applied at home. This product, recommended by dermatologists, clinically tested, and FDA approved, offers an effective solution against hair loss. Dr. Terziler Exclusive Clinic \u00bb Tratamientos capilares \u00bb Productos para el cuidado del cabello \u00bb Peine l\u00e1ser capilar \u00cdndice [&hellip;]<\/p>\n","protected":false},"author":6,"featured_media":0,"parent":38849,"menu_order":0,"comment_status":"closed","ping_status":"closed","template":"","meta":{"footnotes":""},"class_list":["post-12989","page","type-page","status-publish","hentry"],"_links":{"self":[{"href":"https:\/\/drterziler.com\/es\/wp-json\/wp\/v2\/pages\/12989","targetHints":{"allow":["GET"]}}],"collection":[{"href":"https:\/\/drterziler.com\/es\/wp-json\/wp\/v2\/pages"}],"about":[{"href":"https:\/\/drterziler.com\/es\/wp-json\/wp\/v2\/types\/page"}],"author":[{"embeddable":true,"href":"https:\/\/drterziler.com\/es\/wp-json\/wp\/v2\/users\/6"}],"replies":[{"embeddable":true,"href":"https:\/\/drterziler.com\/es\/wp-json\/wp\/v2\/comments?post=12989"}],"version-history":[{"count":36,"href":"https:\/\/drterziler.com\/es\/wp-json\/wp\/v2\/pages\/12989\/revisions"}],"predecessor-version":[{"id":62188,"href":"https:\/\/drterziler.com\/es\/wp-json\/wp\/v2\/pages\/12989\/revisions\/62188"}],"up":[{"embeddable":true,"href":"https:\/\/drterziler.com\/es\/wp-json\/wp\/v2\/pages\/38849"}],"wp:attachment":[{"href":"https:\/\/drterziler.com\/es\/wp-json\/wp\/v2\/media?parent=12989"}],"curies":[{"name":"wp","href":"https:\/\/api.w.org\/{rel}","templated":true}]}}