{"id":13009,"date":"2024-11-19T06:47:10","date_gmt":"2024-11-19T06:47:10","guid":{"rendered":"https:\/\/drterziler.com\/productos-para-el-cuidado-del-cabello-y-la-piel\/feeluxo-hair-regrowth-treatment-serum\/"},"modified":"2026-04-17T09:43:31","modified_gmt":"2026-04-17T09:43:31","slug":"serum-capilar-con-factores-de-crecimiento","status":"publish","type":"page","link":"https:\/\/drterziler.com\/es\/tratamientos-capilares\/productos-para-el-cuidado-del-cabello\/serum-capilar-con-factores-de-crecimiento\/","title":{"rendered":"Feeluxo S\u00e9rum Tratante Crecimiento Capilar"},"content":{"rendered":"<div class=\"page-content\">\n<div id=\"header-area\">\n<div class=\"container\" id=\"firstContent\">\n<div class=\"header-content d-flex flex-column\">\n<h1 class=\"content-title h1-header\">Feeluxo S\u00e9rum Tratante Crecimiento Capilar<\/h1>\n<div class=\"content-paragraph\">\n<p class=\"p-text\">Gracias a sus extractos de alta calidad, acelera eficazmente la circulaci\u00f3n sangu\u00ednea, nutriendo las ra\u00edces capilares. Despierta los fol\u00edculos pilosos en fase de reposo y activa las c\u00e9lulas latentes, promoviendo el desarrollo del cabello joven. Adem\u00e1s, fortalece las fibras capilares y previene la ca\u00edda del cabello.<\/p>\n<\/p><\/div>\n<nav aria-label=\"breadcrumb\" class=\"breadcrumbs\">\n<ul class=\"d-flex align-items-center mb-0\">\n<li><a class=\"link\" href=\"https:\/\/drterziler.com\/es\/\"><span>Dr. Terziler Exclusive Clinic<\/span><\/a><\/li>\n<li class=\"separator\">\u00bb<\/li>\n<li><a class=\"link\" href=\"https:\/\/drterziler.com\/es\/tratamientos-capilares\/\"><span>Tratamientos capilares<\/span><\/a><\/li>\n<li class=\"separator\">\u00bb<\/li>\n<li><a class=\"link\" href=\"https:\/\/drterziler.com\/es\/tratamientos-capilares\/productos-para-el-cuidado-del-cabello\/\"><span>Productos para el cuidado del cabello<\/span><\/a><\/li>\n<li class=\"separator\">\u00bb<\/li>\n<li class=\"current-page\"><span>Feeluxo S\u00e9rum Tratante Crecimiento Capilar<\/span><\/li>\n<\/ul>\n<\/nav><\/div>\n<\/p><\/div>\n<\/p><\/div>\n<\/div>\n<section id=\"content-area\">\n<div class=\"container my-5\">\n<div class=\"row align-items-start\">\n<div class=\"col-md-6 order-2 order-md-1\">\n<div class=\"custom-toc-box\">\n<div id=\"toc-header\">\n<h4>\u00cdndice<\/h4>\n<div class=\"toc-toggle-icon\"><\/div>\n<\/p><\/div>\n<div class=\"toc-full-divider\"><\/div>\n<div id=\"toc-body\">\n<div id=\"toc-container\"><\/div>\n<\/p><\/div>\n<\/p><\/div>\n<\/p><\/div>\n<div class=\"col-md-6 order-1 order-md-2\" id=\"jForm\">\n                <script type=\"text\/javascript\" src=\"https:\/\/form.jotform.com\/jsform\/242881767918979\"><\/script>\n            <\/div>\n<\/p><\/div>\n<\/p><\/div>\n<div class=\"container\">\n<div class=\"img-thumb\">\n            <img loading=\"lazy\" decoding=\"async\" width=\"1140\" height=\"641\" src=\"https:\/\/drterziler.com\/wp-content\/uploads\/2025\/04\/growth-faktor-serumrev.webp\" alt=\"\" srcset=\"https:\/\/drterziler.com\/wp-content\/uploads\/2025\/04\/growth-faktor-serumrev.webp 1140w, https:\/\/drterziler.com\/wp-content\/uploads\/2025\/04\/growth-faktor-serumrev-300x169.webp 300w, https:\/\/drterziler.com\/wp-content\/uploads\/2025\/04\/growth-faktor-serumrev-1024x576.webp 1024w, https:\/\/drterziler.com\/wp-content\/uploads\/2025\/04\/growth-faktor-serumrev-768x432.webp 768w\" sizes=\"auto, (max-width: 1140px) 100vw, 1140px\">\n        <\/div>\n<div>\n<div>\n<h2 class=\"h2-header\">Suero para el crecimiento del cabello Feeluxo para hombre<\/h2>\n<\/p><\/div>\n<div>\n<p class=\"p-text\">Acelera eficazmente la circulaci\u00f3n sangu\u00ednea, nutriendo los fol\u00edculos pilosos.Despierta los fol\u00edculos pilosos en fase latente y activa las c\u00e9lulas pasivas.Engrosa el cabello y previene la ca\u00edda.<\/p>\n<\/p><\/div>\n<\/p><\/div>\n<div>\n<div>\n<h2 class=\"h2-header\">Suero para el crecimiento del cabello Feeluxo para mujer<\/h2>\n<\/p><\/div>\n<div>\n<p class=\"p-text\">Acelera eficazmente la circulaci\u00f3n sangu\u00ednea, nutriendo los fol\u00edculos pilosos.Despierta los fol\u00edculos pilosos en fase latente y promueve el crecimiento del cabello joven.Engrosa las fibras capilares existentes y previene la ca\u00edda del cabello.<\/p>\n<\/p><\/div>\n<\/p><\/div>\n<\/p><\/div>\n<\/section>\n","protected":false},"excerpt":{"rendered":"<p>Feeluxo S\u00e9rum Tratante Crecimiento Capilar Gracias a sus extractos de alta calidad, acelera eficazmente la circulaci\u00f3n sangu\u00ednea, nutriendo las ra\u00edces capilares. Despierta los fol\u00edculos pilosos en fase de reposo y activa las c\u00e9lulas latentes, promoviendo el desarrollo del cabello joven. Adem\u00e1s, fortalece las fibras capilares y previene la ca\u00edda del cabello. Dr. Terziler Exclusive Clinic [&hellip;]<\/p>\n","protected":false},"author":6,"featured_media":0,"parent":38849,"menu_order":0,"comment_status":"closed","ping_status":"closed","template":"","meta":{"footnotes":""},"class_list":["post-13009","page","type-page","status-publish","hentry"],"_links":{"self":[{"href":"https:\/\/drterziler.com\/es\/wp-json\/wp\/v2\/pages\/13009","targetHints":{"allow":["GET"]}}],"collection":[{"href":"https:\/\/drterziler.com\/es\/wp-json\/wp\/v2\/pages"}],"about":[{"href":"https:\/\/drterziler.com\/es\/wp-json\/wp\/v2\/types\/page"}],"author":[{"embeddable":true,"href":"https:\/\/drterziler.com\/es\/wp-json\/wp\/v2\/users\/6"}],"replies":[{"embeddable":true,"href":"https:\/\/drterziler.com\/es\/wp-json\/wp\/v2\/comments?post=13009"}],"version-history":[{"count":32,"href":"https:\/\/drterziler.com\/es\/wp-json\/wp\/v2\/pages\/13009\/revisions"}],"predecessor-version":[{"id":62225,"href":"https:\/\/drterziler.com\/es\/wp-json\/wp\/v2\/pages\/13009\/revisions\/62225"}],"up":[{"embeddable":true,"href":"https:\/\/drterziler.com\/es\/wp-json\/wp\/v2\/pages\/38849"}],"wp:attachment":[{"href":"https:\/\/drterziler.com\/es\/wp-json\/wp\/v2\/media?parent=13009"}],"curies":[{"name":"wp","href":"https:\/\/api.w.org\/{rel}","templated":true}]}}