{"id":13019,"date":"2024-11-19T07:09:27","date_gmt":"2024-11-19T07:09:27","guid":{"rendered":"https:\/\/drterziler.com\/productos-para-el-cuidado-del-cabello-y-la-piel\/feeluxo-stem-cell-factor-growth-serum\/"},"modified":"2026-04-16T13:02:16","modified_gmt":"2026-04-16T13:02:16","slug":"suero-crecimiento-celulas-madre","status":"publish","type":"page","link":"https:\/\/drterziler.com\/es\/tratamientos-capilares\/productos-para-el-cuidado-del-cabello\/suero-crecimiento-celulas-madre\/","title":{"rendered":"Suero de crecimiento de c\u00e9lulas madre"},"content":{"rendered":"<div class=\"page-content\">\n<div id=\"header-area\">\n<div class=\"container\" id=\"firstContent\">\n<div class=\"header-content d-flex flex-column\">\n<h1 class=\"content-title h1-header\">Suero de crecimiento de c\u00e9lulas madre<\/h1>\n<div class=\"content-paragraph\">\n<p class=\"p-text\">Gracias a sus potentes ingredientes, estimula los fol\u00edculos pilosos y ayuda a engrosar las fibras capilares. Al mismo tiempo, al acelerar la circulaci\u00f3n sangu\u00ednea, contribuye activamente a la prevenci\u00f3n de la ca\u00edda del cabello. Promueve el desarrollo de los fol\u00edculos pilosos, creando las bases para la revitalizaci\u00f3n del cabello.<\/p>\n<\/p><\/div>\n<nav aria-label=\"breadcrumb\" class=\"breadcrumbs\">\n<ul class=\"d-flex align-items-center mb-0\">\n<li><a class=\"link\" href=\"https:\/\/drterziler.com\/es\/\"><span>Dr. Terziler Exclusive Clinic<\/span><\/a><\/li>\n<li class=\"separator\">\u00bb<\/li>\n<li><a class=\"link\" href=\"https:\/\/drterziler.com\/es\/tratamientos-capilares\/\"><span>Tratamientos capilares<\/span><\/a><\/li>\n<li class=\"separator\">\u00bb<\/li>\n<li><a class=\"link\" href=\"https:\/\/drterziler.com\/es\/tratamientos-capilares\/productos-para-el-cuidado-del-cabello\/\"><span>Productos para el cuidado del cabello<\/span><\/a><\/li>\n<li class=\"separator\">\u00bb<\/li>\n<li class=\"current-page\"><span>Suero de crecimiento de c\u00e9lulas madre<\/span><\/li>\n<\/ul>\n<\/nav><\/div>\n<\/p><\/div>\n<\/p><\/div>\n<\/div>\n<section id=\"content-area\">\n<div class=\"container my-5\">\n<div class=\"row align-items-start\">\n<div class=\"col-md-6 order-2 order-md-1\">\n<div class=\"custom-toc-box\">\n<div id=\"toc-header\">\n<h4>\u00cdndice<\/h4>\n<div class=\"toc-toggle-icon\"><\/div>\n<\/p><\/div>\n<div class=\"toc-full-divider\"><\/div>\n<div id=\"toc-body\">\n<div id=\"toc-container\"><\/div>\n<\/p><\/div>\n<\/p><\/div>\n<\/p><\/div>\n<div class=\"col-md-6 order-1 order-md-2\" id=\"jForm\">\n                <script type=\"text\/javascript\" src=\"https:\/\/form.jotform.com\/jsform\/242881767918979\"><\/script>\n            <\/div>\n<\/p><\/div>\n<\/p><\/div>\n<div class=\"container\">\n<div class=\"img-thumb\">\n            <img loading=\"lazy\" decoding=\"async\" width=\"1140\" height=\"641\" src=\"https:\/\/drterziler.com\/wp-content\/uploads\/2025\/04\/stemcell-serumrev.webp\" alt=\"\" srcset=\"https:\/\/drterziler.com\/wp-content\/uploads\/2025\/04\/stemcell-serumrev.webp 1140w, https:\/\/drterziler.com\/wp-content\/uploads\/2025\/04\/stemcell-serumrev-300x169.webp 300w, https:\/\/drterziler.com\/wp-content\/uploads\/2025\/04\/stemcell-serumrev-1024x576.webp 1024w, https:\/\/drterziler.com\/wp-content\/uploads\/2025\/04\/stemcell-serumrev-768x432.webp 768w\" sizes=\"auto, (max-width: 1140px) 100vw, 1140px\">\n        <\/div>\n<div>\n<div>\n<h2 class=\"h2-header\">Suero de crecimiento de c\u00e9lulas madre para hombre<\/h2>\n<\/p><\/div>\n<div>\n<p class=\"p-text\">Estimula los fol\u00edculos pilosos, promoviendo el engrosamiento de las fibras capilares.Mejora la circulaci\u00f3n sangu\u00ednea, contribuyendo activamente a la prevenci\u00f3n de la ca\u00edda del cabello.Fomenta la actividad de las ra\u00edces capilares, revitalizando su crecimiento.<\/p>\n<\/p><\/div>\n<\/p><\/div>\n<div>\n<div>\n<h2 class=\"h2-header\">Suero de crecimiento de c\u00e9lulas madre para mujer<\/h2>\n<\/p><\/div>\n<div>\n<p class=\"p-text\">Estimula los fol\u00edculos pilosos, lo que favorece el engrosamiento de las fibras capilares.Acelera la circulaci\u00f3n sangu\u00ednea, contribuyendo activamente a la prevenci\u00f3n de la ca\u00edda del cabello.Promueve la actividad de las ra\u00edces capilares, revitalizando su crecimiento.<\/p>\n<\/p><\/div>\n<\/p><\/div>\n<\/p><\/div>\n<\/section>\n","protected":false},"excerpt":{"rendered":"<p>Suero de crecimiento de c\u00e9lulas madre Gracias a sus potentes ingredientes, estimula los fol\u00edculos pilosos y ayuda a engrosar las fibras capilares. Al mismo tiempo, al acelerar la circulaci\u00f3n sangu\u00ednea, contribuye activamente a la prevenci\u00f3n de la ca\u00edda del cabello. Promueve el desarrollo de los fol\u00edculos pilosos, creando las bases para la revitalizaci\u00f3n del cabello. [&hellip;]<\/p>\n","protected":false},"author":6,"featured_media":0,"parent":38849,"menu_order":0,"comment_status":"closed","ping_status":"closed","template":"","meta":{"footnotes":""},"class_list":["post-13019","page","type-page","status-publish","hentry"],"_links":{"self":[{"href":"https:\/\/drterziler.com\/es\/wp-json\/wp\/v2\/pages\/13019","targetHints":{"allow":["GET"]}}],"collection":[{"href":"https:\/\/drterziler.com\/es\/wp-json\/wp\/v2\/pages"}],"about":[{"href":"https:\/\/drterziler.com\/es\/wp-json\/wp\/v2\/types\/page"}],"author":[{"embeddable":true,"href":"https:\/\/drterziler.com\/es\/wp-json\/wp\/v2\/users\/6"}],"replies":[{"embeddable":true,"href":"https:\/\/drterziler.com\/es\/wp-json\/wp\/v2\/comments?post=13019"}],"version-history":[{"count":39,"href":"https:\/\/drterziler.com\/es\/wp-json\/wp\/v2\/pages\/13019\/revisions"}],"predecessor-version":[{"id":62159,"href":"https:\/\/drterziler.com\/es\/wp-json\/wp\/v2\/pages\/13019\/revisions\/62159"}],"up":[{"embeddable":true,"href":"https:\/\/drterziler.com\/es\/wp-json\/wp\/v2\/pages\/38849"}],"wp:attachment":[{"href":"https:\/\/drterziler.com\/es\/wp-json\/wp\/v2\/media?parent=13019"}],"curies":[{"name":"wp","href":"https:\/\/api.w.org\/{rel}","templated":true}]}}