{"id":13029,"date":"2024-11-19T07:17:23","date_gmt":"2024-11-19T07:17:23","guid":{"rendered":"https:\/\/drterziler.com\/productos-para-el-cuidado-del-cabello-y-la-piel\/feeluxo-hair-laser-cap-272-led-bulbs\/"},"modified":"2026-04-16T13:19:20","modified_gmt":"2026-04-16T13:19:20","slug":"gorra-laser-capilar-272-bombillas-led","status":"publish","type":"page","link":"https:\/\/drterziler.com\/es\/tratamientos-capilares\/productos-para-el-cuidado-del-cabello\/gorra-laser-capilar-272-bombillas-led\/","title":{"rendered":"Gorra L\u00e1ser Capilar \/ 272 Bombillas LED"},"content":{"rendered":"<div class=\"page-content\">\n<div id=\"header-area\">\n<div class=\"container\" id=\"firstContent\">\n<div class=\"header-content d-flex flex-column\">\n<h1 class=\"content-title h1-header\">Gorra L\u00e1ser Capilar \/ 272 Bombillas LED<\/h1>\n<div class=\"content-paragraph\">\n<p class=\"p-text\">La energ\u00eda de la luz l\u00e1ser estimula los capilares bajo los fol\u00edculos pilosos, aumentando la circulaci\u00f3n sangu\u00ednea. Esto revitaliza los fol\u00edculos pilosos inactivos, los nutre mejor y produce una mejora visible en la calidad del cabello. Al acelerar la circulaci\u00f3n sangu\u00ednea, nutre las ra\u00edces del cabello, reduce la ca\u00edda del mismo y favorece el crecimiento de cabello nuevo.<\/p>\n<\/p><\/div>\n<nav aria-label=\"breadcrumb\" class=\"breadcrumbs\">\n<ul class=\"d-flex align-items-center mb-0\">\n<li><a class=\"link\" href=\"https:\/\/drterziler.com\/es\/\"><span>Dr. Terziler Exclusive Clinic<\/span><\/a><\/li>\n<li class=\"separator\">\u00bb<\/li>\n<li><a class=\"link\" href=\"https:\/\/drterziler.com\/es\/tratamientos-capilares\/\"><span>Tratamientos capilares<\/span><\/a><\/li>\n<li class=\"separator\">\u00bb<\/li>\n<li><a class=\"link\" href=\"https:\/\/drterziler.com\/es\/tratamientos-capilares\/productos-para-el-cuidado-del-cabello\/\"><span>Productos para el cuidado del cabello<\/span><\/a><\/li>\n<li class=\"separator\">\u00bb<\/li>\n<li class=\"current-page\"><span>Gorra L\u00e1ser Capilar \/ 272 Bombillas LED<\/span><\/li>\n<\/ul>\n<\/nav><\/div>\n<\/p><\/div>\n<\/p><\/div>\n<\/div>\n<section id=\"content-area\">\n<div class=\"container my-5\">\n<div class=\"row align-items-start\">\n<div class=\"col-md-6 order-2 order-md-1\">\n<div class=\"custom-toc-box\">\n<div id=\"toc-header\">\n<h4>\u00cdndice<\/h4>\n<div class=\"toc-toggle-icon\"><\/div>\n<\/p><\/div>\n<div class=\"toc-full-divider\"><\/div>\n<div id=\"toc-body\">\n<div id=\"toc-container\"><\/div>\n<\/p><\/div>\n<\/p><\/div>\n<\/p><\/div>\n<div class=\"col-md-6 order-1 order-md-2\" id=\"jForm\">\n                <script type=\"text\/javascript\" src=\"https:\/\/form.jotform.com\/jsform\/242881767918979\"><\/script>\n            <\/div>\n<\/p><\/div>\n<\/p><\/div>\n<div class=\"container\">\n<div class=\"img-thumb\">\n            <img loading=\"lazy\" decoding=\"async\" width=\"1140\" height=\"641\" src=\"https:\/\/drterziler.com\/wp-content\/uploads\/2025\/04\/lazer-kep-2rev.webp\" alt=\"\" srcset=\"https:\/\/drterziler.com\/wp-content\/uploads\/2025\/04\/lazer-kep-2rev.webp 1140w, https:\/\/drterziler.com\/wp-content\/uploads\/2025\/04\/lazer-kep-2rev-300x169.webp 300w, https:\/\/drterziler.com\/wp-content\/uploads\/2025\/04\/lazer-kep-2rev-1024x576.webp 1024w, https:\/\/drterziler.com\/wp-content\/uploads\/2025\/04\/lazer-kep-2rev-768x432.webp 768w\" sizes=\"auto, (max-width: 1140px) 100vw, 1140px\">\n        <\/div>\n<div>\n<div>\n<h2 class=\"h2-header\">Gorra L\u00e1ser Capilar \/ 272 Bombillas LED<\/h2>\n<\/p><\/div>\n<div>\n<p class=\"p-text\">Recomendaci\u00f3n de uso: Para la l\u00e1mpara LED 272, se recomienda utilizarla dos veces por semana durante sesiones de 30 minutos.<\/p>\n<\/p><\/div>\n<\/p><\/div>\n<\/p><\/div>\n<\/section>\n","protected":false},"excerpt":{"rendered":"<p>Gorra L\u00e1ser Capilar \/ 272 Bombillas LED La energ\u00eda de la luz l\u00e1ser estimula los capilares bajo los fol\u00edculos pilosos, aumentando la circulaci\u00f3n sangu\u00ednea. Esto revitaliza los fol\u00edculos pilosos inactivos, los nutre mejor y produce una mejora visible en la calidad del cabello. Al acelerar la circulaci\u00f3n sangu\u00ednea, nutre las ra\u00edces del cabello, reduce la [&hellip;]<\/p>\n","protected":false},"author":6,"featured_media":0,"parent":38849,"menu_order":0,"comment_status":"closed","ping_status":"closed","template":"","meta":{"footnotes":""},"class_list":["post-13029","page","type-page","status-publish","hentry"],"_links":{"self":[{"href":"https:\/\/drterziler.com\/es\/wp-json\/wp\/v2\/pages\/13029","targetHints":{"allow":["GET"]}}],"collection":[{"href":"https:\/\/drterziler.com\/es\/wp-json\/wp\/v2\/pages"}],"about":[{"href":"https:\/\/drterziler.com\/es\/wp-json\/wp\/v2\/types\/page"}],"author":[{"embeddable":true,"href":"https:\/\/drterziler.com\/es\/wp-json\/wp\/v2\/users\/6"}],"replies":[{"embeddable":true,"href":"https:\/\/drterziler.com\/es\/wp-json\/wp\/v2\/comments?post=13029"}],"version-history":[{"count":33,"href":"https:\/\/drterziler.com\/es\/wp-json\/wp\/v2\/pages\/13029\/revisions"}],"predecessor-version":[{"id":62171,"href":"https:\/\/drterziler.com\/es\/wp-json\/wp\/v2\/pages\/13029\/revisions\/62171"}],"up":[{"embeddable":true,"href":"https:\/\/drterziler.com\/es\/wp-json\/wp\/v2\/pages\/38849"}],"wp:attachment":[{"href":"https:\/\/drterziler.com\/es\/wp-json\/wp\/v2\/media?parent=13029"}],"curies":[{"name":"wp","href":"https:\/\/api.w.org\/{rel}","templated":true}]}}