{"id":14786,"date":"2024-09-02T10:59:48","date_gmt":"2024-09-02T10:59:48","guid":{"rendered":"https:\/\/drterziler.com\/?page_id=14786"},"modified":"2025-05-22T10:29:52","modified_gmt":"2025-05-22T10:29:52","slug":"los-mejores-paises-para-el-trasplante-capilar","status":"publish","type":"page","link":"https:\/\/drterziler.com\/es\/trasplante-de-cabello\/los-mejores-paises-para-el-trasplante-capilar\/","title":{"rendered":"Los mejores pa\u00edses para el trasplante capilar"},"content":{"rendered":"<nav aria-label=\"breadcrumbs\">\n<p>Dr. Terziler<\/p>\n<\/nav>\n<h4>\n\t\t\t\t\u00cdndice\t\t\t<\/h4>\n<p>\t\t\t\t\t\t\t<svg aria-hidden=\"true\" viewBox=\"0 0 448 512\" xmlns=\"http:\/\/www.w3.org\/2000\/svg\"><path d=\"M207.029 381.476L12.686 187.132c-9.373-9.373-9.373-24.569 0-33.941l22.667-22.667c9.357-9.357 24.522-9.375 33.901-.04L224 284.505l154.745-154.021c9.379-9.335 24.544-9.317 33.901.04l22.667 22.667c9.373 9.373 9.373 24.569 0 33.941L240.971 381.476c-9.373 9.372-24.569 9.372-33.942 0z\"><\/path><\/svg><br \/>\n\t\t\t\t<svg aria-hidden=\"true\" viewBox=\"0 0 448 512\" xmlns=\"http:\/\/www.w3.org\/2000\/svg\"><path d=\"M240.971 130.524l194.343 194.343c9.373 9.373 9.373 24.569 0 33.941l-22.667 22.667c-9.357 9.357-24.522 9.375-33.901.04L224 227.495 69.255 381.516c-9.379 9.335-24.544 9.317-33.901-.04l-22.667-22.667c-9.373-9.373-9.373-24.569 0-33.941L207.03 130.525c9.372-9.373 24.568-9.373 33.941-.001z\"><\/path><\/svg><br \/>\n\t\t\t\t<svg aria-hidden=\"true\" viewBox=\"0 0 1000 1000\" xmlns=\"http:\/\/www.w3.org\/2000\/svg\"><path d=\"M500 975V858C696 858 858 696 858 500S696 142 500 142 142 304 142 500H25C25 237 238 25 500 25S975 237 975 500 763 975 500 975Z\"><\/path><\/svg><br \/>\n\t\t\t\t\t\t\t\t\t\t\t\t\t\t\t\t\t\t\t\t\t\t<img loading=\"lazy\" decoding=\"async\" width=\"1920\" height=\"1080\" src=\"https:\/\/drterziler.com\/wp-content\/uploads\/2024\/08\/robotic.webp\" alt=\"\" srcset=\"https:\/\/drterziler.com\/wp-content\/uploads\/2024\/08\/robotic.webp 1920w, https:\/\/drterziler.com\/wp-content\/uploads\/2024\/08\/robotic-300x169.webp 300w, https:\/\/drterziler.com\/wp-content\/uploads\/2024\/08\/robotic-1024x576.webp 1024w, https:\/\/drterziler.com\/wp-content\/uploads\/2024\/08\/robotic-768x432.webp 768w, https:\/\/drterziler.com\/wp-content\/uploads\/2024\/08\/robotic-1536x864.webp 1536w\" sizes=\"auto, (max-width: 1920px) 100vw, 1920px\">\t\t\t\t\t\t\t\t\t\t\t\t\t<\/p>\n<h1>Los mejores pa\u00edses para el trasplante capilar<\/h1>\n<p>En los \u00faltimos a\u00f1os, el turismo m\u00e9dico para procedimientos de trasplante capilar ha ganado gran popularidad. Aunque muchos pa\u00edses ofrecen servicios de restauraci\u00f3n capilar, algunos destacan como destinos principales. Este art\u00edculo explora los mejores pa\u00edses para procedimientos de trasplante capilar, centr\u00e1ndose en los factores que los hacen atractivos para los pacientes internacionales.<\/p>\n<h2>1. Turqu\u00eda<\/h2>\n<p>Turqu\u00eda, y en particular Estambul, se ha convertido en l\u00edder mundial en procedimientos de trasplante capilar. He aqu\u00ed por qu\u00e9:<\/p>\n<h3>Ventajas:<\/h3>\n<ul>\n<li><strong>Rentabilidad<\/strong>: Los trasplantes capilares en Turqu\u00eda son significativamente m\u00e1s asequibles en comparaci\u00f3n con los pa\u00edses occidentales, sin comprometer la calidad.<\/li>\n<li><strong>T\u00e9cnicas avanzadas<\/strong>: Las cl\u00ednicas turcas suelen utilizar m\u00e9todos de vanguardia como el DHI rob\u00f3tico (implante capilar directo).<\/li>\n<li><strong>Cirujanos experimentados<\/strong>: Muchos m\u00e9dicos turcos se especializan exclusivamente en restauraci\u00f3n capilar y realizan miles de intervenciones al a\u00f1o.<\/li>\n<li><strong>Infraestructura de turismo m\u00e9dico<\/strong>: Turqu\u00eda cuenta con instalaciones bien desarrolladas que atienden a pacientes internacionales, incluido el alojamiento y el apoyo al viaje.<\/li>\n<\/ul>\n<h3>Caracter\u00edsticas principales:<\/h3>\n<ul>\n<li><strong>Procedimientos innovadores<\/strong>: El trasplante capilar rob\u00f3tico DHI ofrece un tratamiento preciso y m\u00ednimamente invasivo con tiempos de recuperaci\u00f3n r\u00e1pidos.<\/li>\n<li><strong>Gran n\u00famero de injertos<\/strong>: Las cl\u00ednicas turcas pueden trasplantar entre 4.000 y 5.000 injertos en una sola sesi\u00f3n.<\/li>\n<li><strong>No es necesario afeitarse<\/strong>: Algunas t\u00e9cnicas, como la DHI, permiten el trasplante sin afeitar la zona receptora, ideal para quienes buscan discreci\u00f3n.<\/li>\n<\/ul>\n<h2>2. M\u00e9xico<\/h2>\n<p>Aunque no tan destacado como Turqu\u00eda, M\u00e9xico est\u00e1 ganando reconocimiento en el campo del trasplante capilar:<\/p>\n<h3>Ventajas:<\/h3>\n<ul>\n<li><strong>Proximidad a EE.UU.<\/strong>: Conveniente para los pacientes norteamericanos.<\/li>\n<li><strong>Costes m\u00e1s bajos<\/strong>: M\u00e1s asequibles que en las cl\u00ednicas estadounidenses, aunque normalmente m\u00e1s caros que en Turqu\u00eda.<\/li>\n<li><strong>Experiencia creciente<\/strong>: Muchas cl\u00ednicas mexicanas est\u00e1n adoptando t\u00e9cnicas avanzadas para competir a nivel mundial.<\/li>\n<\/ul>\n<h2>3. Reino Unido<\/h2>\n<p>El Reino Unido ofrece servicios de trasplante capilar de alta calidad, aunque a un precio elevado:<\/p>\n<h3>Ventajas:<\/h3>\n<ul>\n<li><strong>Normativa estricta<\/strong>: Las cl\u00ednicas brit\u00e1nicas cumplen normas m\u00e9dicas estrictas.<\/li>\n<li><strong>Personal angl\u00f3fono<\/strong>: Facilidad de comunicaci\u00f3n para los pacientes internacionales.<\/li>\n<li><strong>Infraestructura m\u00e9dica avanzada<\/strong>: Acceso a tecnolog\u00eda e investigaci\u00f3n de vanguardia.<\/li>\n<\/ul>\n<h3>Consideraciones:<\/h3>\n<ul>\n<li><strong>Costes m\u00e1s elevados<\/strong>: Los procedimientos en el Reino Unido suelen ser m\u00e1s caros que en Turqu\u00eda o M\u00e9xico.<\/li>\n<\/ul>\n<h2>Comparaci\u00f3n de pa\u00edses<\/h2>\n<p>A la hora de elegir entre distintos pa\u00edses para someterse a un trasplante capilar, tenga en cuenta los siguientes factores:<\/p>\n<ol>\n<li><strong>Coste<\/strong>: Turqu\u00eda suele ofrecer los precios m\u00e1s competitivos.<\/li>\n<li><strong>Experiencia<\/strong>: Busque cl\u00ednicas con cirujanos experimentados y cr\u00edticas positivas.<\/li>\n<li><strong>Tecnolog\u00eda<\/strong>: Aseg\u00farese de que la cl\u00ednica utiliza t\u00e9cnicas modernas como FUE o DHI.<\/li>\n<li><strong>Comodidad del viaje<\/strong>: Tenga en cuenta el coste de los vuelos y los requisitos de visado.<\/li>\n<li><strong>Barreras ling\u00fc\u00edsticas<\/strong>: Considere pa\u00edses en los que pueda comunicarse f\u00e1cilmente con el personal m\u00e9dico.<\/li>\n<li><strong>Tiempo de recuperaci\u00f3n<\/strong>: Algunos pa\u00edses, como Turqu\u00eda, ofrecen paquetes que incluyen alojamiento para los cuidados postoperatorios.<\/li>\n<\/ol>\n<p>Aunque Turqu\u00eda destaca como destino l\u00edder para los trasplantes capilares por su combinaci\u00f3n de asequibilidad, experiencia y t\u00e9cnicas avanzadas, otros pa\u00edses como M\u00e9xico y el Reino Unido tambi\u00e9n ofrecen opciones atractivas. En \u00faltima instancia, el mejor pa\u00eds para su trasplante capilar depender\u00e1 de sus necesidades, presupuesto y preferencias. Investigue siempre a fondo, lea opiniones y consulte con varias cl\u00ednicas antes de tomar una decisi\u00f3n.<\/p>\n<p>Recuerde que, independientemente del pa\u00eds que elija, la habilidad y la experiencia del cirujano y de la cl\u00ednica son fundamentales para lograr resultados satisfactorios.<\/p>\n<details id=\"e-n-accordion-item-1160\" open>\n<summary data-accordion-index=\"1\" tabindex=\"0\" aria-expanded=\"true\" aria-controls=\"e-n-accordion-item-1160\" >\n\t\t\t\t\t \u00bfPor qu\u00e9 Turqu\u00eda es popular para los trasplantes capilares?<br \/>\n\t\t\t<svg aria-hidden=\"true\" viewBox=\"0 0 448 512\" xmlns=\"http:\/\/www.w3.org\/2000\/svg\"><path d=\"M416 208H32c-17.67 0-32 14.33-32 32v32c0 17.67 14.33 32 32 32h384c17.67 0 32-14.33 32-32v-32c0-17.67-14.33-32-32-32z\"><\/path><\/svg><br \/>\n\t\t\t<svg aria-hidden=\"true\" viewBox=\"0 0 448 512\" xmlns=\"http:\/\/www.w3.org\/2000\/svg\"><path d=\"M416 208H272V64c0-17.67-14.33-32-32-32h-32c-17.67 0-32 14.33-32 32v144H32c-17.67 0-32 14.33-32 32v32c0 17.67 14.33 32 32 32h144v144c0 17.67 14.33 32 32 32h32c17.67 0 32-14.33 32-32V304h144c17.67 0 32-14.33 32-32v-32c0-17.67-14.33-32-32-32z\"><\/path><\/svg><br \/>\n\t\t\t\t\t\t<\/summary>\n<p>Turqu\u00eda es l\u00edder mundial en trasplantes capilares gracias a sus cirujanos altamente cualificados, sus cl\u00ednicas de vanguardia y sus precios asequibles. El pa\u00eds ofrece paquetes completos que incluyen alojamiento y transporte, lo que lo convierte en una opci\u00f3n muy conveniente.<\/p>\n<\/details>\n<details id=\"e-n-accordion-item-1161\" >\n<summary data-accordion-index=\"2\" tabindex=\"-1\" aria-expanded=\"false\" aria-controls=\"e-n-accordion-item-1161\" >\n\t\t\t\t\t \u00bfQu\u00e9 factores debo tener en cuenta a la hora de elegir un pa\u00eds para un trasplante capilar?<br \/>\n\t\t\t<svg aria-hidden=\"true\" viewBox=\"0 0 448 512\" xmlns=\"http:\/\/www.w3.org\/2000\/svg\"><path d=\"M416 208H32c-17.67 0-32 14.33-32 32v32c0 17.67 14.33 32 32 32h384c17.67 0 32-14.33 32-32v-32c0-17.67-14.33-32-32-32z\"><\/path><\/svg><br \/>\n\t\t\t<svg aria-hidden=\"true\" viewBox=\"0 0 448 512\" xmlns=\"http:\/\/www.w3.org\/2000\/svg\"><path d=\"M416 208H272V64c0-17.67-14.33-32-32-32h-32c-17.67 0-32 14.33-32 32v144H32c-17.67 0-32 14.33-32 32v32c0 17.67 14.33 32 32 32h144v144c0 17.67 14.33 32 32 32h32c17.67 0 32-14.33 32-32V304h144c17.67 0 32-14.33 32-32v-32c0-17.67-14.33-32-32-32z\"><\/path><\/svg><br \/>\n\t\t\t\t\t\t<\/summary>\n<p>Tenga en cuenta la reputaci\u00f3n de la cl\u00ednica, la experiencia del cirujano, el coste, los \u00edndices de \u00e9xito, las normas de seguridad y la disponibilidad de cuidados postoperatorios a la hora de elegir un pa\u00eds para su trasplante capilar.<\/p>\n<\/details>\n<details id=\"e-n-accordion-item-1162\" >\n<summary data-accordion-index=\"3\" tabindex=\"-1\" aria-expanded=\"false\" aria-controls=\"e-n-accordion-item-1162\" >\n\t\t\t\t\t \u00bfEs el idioma una barrera a la hora de someterse a un trasplante capilar en el extranjero?<br \/>\n\t\t\t<svg aria-hidden=\"true\" viewBox=\"0 0 448 512\" xmlns=\"http:\/\/www.w3.org\/2000\/svg\"><path d=\"M416 208H32c-17.67 0-32 14.33-32 32v32c0 17.67 14.33 32 32 32h384c17.67 0 32-14.33 32-32v-32c0-17.67-14.33-32-32-32z\"><\/path><\/svg><br \/>\n\t\t\t<svg aria-hidden=\"true\" viewBox=\"0 0 448 512\" xmlns=\"http:\/\/www.w3.org\/2000\/svg\"><path d=\"M416 208H272V64c0-17.67-14.33-32-32-32h-32c-17.67 0-32 14.33-32 32v144H32c-17.67 0-32 14.33-32 32v32c0 17.67 14.33 32 32 32h144v144c0 17.67 14.33 32 32 32h32c17.67 0 32-14.33 32-32V304h144c17.67 0 32-14.33 32-32v-32c0-17.67-14.33-32-32-32z\"><\/path><\/svg><br \/>\n\t\t\t\t\t\t<\/summary>\n<p>La mayor\u00eda de las mejores cl\u00ednicas de trasplante capilar de los pa\u00edses m\u00e1s populares cuentan con personal que habla ingl\u00e9s o con traductores. Conf\u00edrmelo siempre de antemano para garantizar una comunicaci\u00f3n fluida durante la intervenci\u00f3n.<\/p>\n<\/details>\n<details id=\"e-n-accordion-item-1163\" >\n<summary data-accordion-index=\"4\" tabindex=\"-1\" aria-expanded=\"false\" aria-controls=\"e-n-accordion-item-1163\" >\n\t\t\t\t\t \u00bfQu\u00e9 ventajas tiene viajar al extranjero para someterse a un trasplante capilar?<br \/>\n\t\t\t<svg aria-hidden=\"true\" viewBox=\"0 0 448 512\" xmlns=\"http:\/\/www.w3.org\/2000\/svg\"><path d=\"M416 208H32c-17.67 0-32 14.33-32 32v32c0 17.67 14.33 32 32 32h384c17.67 0 32-14.33 32-32v-32c0-17.67-14.33-32-32-32z\"><\/path><\/svg><br \/>\n\t\t\t<svg aria-hidden=\"true\" viewBox=\"0 0 448 512\" xmlns=\"http:\/\/www.w3.org\/2000\/svg\"><path d=\"M416 208H272V64c0-17.67-14.33-32-32-32h-32c-17.67 0-32 14.33-32 32v144H32c-17.67 0-32 14.33-32 32v32c0 17.67 14.33 32 32 32h144v144c0 17.67 14.33 32 32 32h32c17.67 0 32-14.33 32-32V304h144c17.67 0 32-14.33 32-32v-32c0-17.67-14.33-32-32-32z\"><\/path><\/svg><br \/>\n\t\t\t\t\t\t<\/summary>\n<p>Viajar al extranjero suele ofrecer precios m\u00e1s asequibles, acceso a cirujanos experimentados y la oportunidad de com<\/p>\n<\/details>\n<details id=\"e-n-accordion-item-1164\" >\n<summary data-accordion-index=\"5\" tabindex=\"-1\" aria-expanded=\"false\" aria-controls=\"e-n-accordion-item-1164\" >\n\t\t\t\t\t \u00bfExisten tratamientos de seguimiento tras un trasplante capilar en el extranjero?<br \/>\n\t\t\t<svg aria-hidden=\"true\" viewBox=\"0 0 448 512\" xmlns=\"http:\/\/www.w3.org\/2000\/svg\"><path d=\"M416 208H32c-17.67 0-32 14.33-32 32v32c0 17.67 14.33 32 32 32h384c17.67 0 32-14.33 32-32v-32c0-17.67-14.33-32-32-32z\"><\/path><\/svg><br \/>\n\t\t\t<svg aria-hidden=\"true\" viewBox=\"0 0 448 512\" xmlns=\"http:\/\/www.w3.org\/2000\/svg\"><path d=\"M416 208H272V64c0-17.67-14.33-32-32-32h-32c-17.67 0-32 14.33-32 32v144H32c-17.67 0-32 14.33-32 32v32c0 17.67 14.33 32 32 32h144v144c0 17.67 14.33 32 32 32h32c17.67 0 32-14.33 32-32V304h144c17.67 0 32-14.33 32-32v-32c0-17.67-14.33-32-32-32z\"><\/path><\/svg><br \/>\n\t\t\t\t\t\t<\/summary>\n<p>Muchas cl\u00ednicas ofrecen seguimientos virtuales para garantizar el progreso de la recuperaci\u00f3n tras su regreso a casa. Sin embargo, es esencial aclarar esto con la cl\u00ednica antes de comprometerse con el procedimiento.<\/p>\n<\/details>\n<p>Turqu\u00eda es l\u00edder mundial en trasplantes capilares gracias a sus cirujanos altamente cualificados, sus cl\u00ednicas de vanguardia y sus precios asequibles. El pa\u00eds ofrece paquetes completos que incluyen alojamiento y transporte, lo que lo convierte en una opci\u00f3n muy conveniente.<\/p>\n<p>Tenga en cuenta la reputaci\u00f3n de la cl\u00ednica, la experiencia del cirujano, el coste, los \u00edndices de \u00e9xito, las normas de seguridad y la disponibilidad de cuidados postoperatorios a la hora de elegir un pa\u00eds para su trasplante capilar.<\/p>\n<p>La mayor\u00eda de las mejores cl\u00ednicas de trasplante capilar de los pa\u00edses m\u00e1s populares cuentan con personal que habla ingl\u00e9s o con traductores. Conf\u00edrmelo siempre de antemano para garantizar una comunicaci\u00f3n fluida durante la intervenci\u00f3n.<\/p>\n<p>Viajar al extranjero suele ofrecer precios m\u00e1s asequibles, acceso a cirujanos experimentados y la oportunidad de com<\/p>\n<p>Muchas cl\u00ednicas ofrecen seguimientos virtuales para garantizar el progreso de la recuperaci\u00f3n tras su regreso a casa. Sin embargo, es esencial aclarar esto con la cl\u00ednica antes de comprometerse con el procedimiento.<\/p>\n","protected":false},"excerpt":{"rendered":"<p>Dr. Terziler \u00cdndice Los mejores pa\u00edses para el trasplante capilar En los \u00faltimos a\u00f1os, el turismo m\u00e9dico para procedimientos de trasplante capilar ha ganado gran popularidad. Aunque muchos pa\u00edses ofrecen servicios de restauraci\u00f3n capilar, algunos destacan como destinos principales. Este art\u00edculo explora los mejores pa\u00edses para procedimientos de trasplante capilar, centr\u00e1ndose en los factores que [&hellip;]<\/p>\n","protected":false},"author":6,"featured_media":0,"parent":2435,"menu_order":0,"comment_status":"closed","ping_status":"closed","template":"","meta":{"footnotes":""},"class_list":["post-14786","page","type-page","status-publish","hentry"],"_links":{"self":[{"href":"https:\/\/drterziler.com\/es\/wp-json\/wp\/v2\/pages\/14786","targetHints":{"allow":["GET"]}}],"collection":[{"href":"https:\/\/drterziler.com\/es\/wp-json\/wp\/v2\/pages"}],"about":[{"href":"https:\/\/drterziler.com\/es\/wp-json\/wp\/v2\/types\/page"}],"author":[{"embeddable":true,"href":"https:\/\/drterziler.com\/es\/wp-json\/wp\/v2\/users\/6"}],"replies":[{"embeddable":true,"href":"https:\/\/drterziler.com\/es\/wp-json\/wp\/v2\/comments?post=14786"}],"version-history":[{"count":4,"href":"https:\/\/drterziler.com\/es\/wp-json\/wp\/v2\/pages\/14786\/revisions"}],"predecessor-version":[{"id":38205,"href":"https:\/\/drterziler.com\/es\/wp-json\/wp\/v2\/pages\/14786\/revisions\/38205"}],"up":[{"embeddable":true,"href":"https:\/\/drterziler.com\/es\/wp-json\/wp\/v2\/pages\/2435"}],"wp:attachment":[{"href":"https:\/\/drterziler.com\/es\/wp-json\/wp\/v2\/media?parent=14786"}],"curies":[{"name":"wp","href":"https:\/\/api.w.org\/{rel}","templated":true}]}}