{"id":14790,"date":"2024-09-02T09:34:41","date_gmt":"2024-09-02T09:34:41","guid":{"rendered":"https:\/\/drterziler.com\/?page_id=14790"},"modified":"2026-02-28T18:20:12","modified_gmt":"2026-02-28T18:20:12","slug":"caida-del-cabello","status":"publish","type":"page","link":"https:\/\/drterziler.com\/es\/caida-del-cabello\/","title":{"rendered":"Ca\u00edda del cabello"},"content":{"rendered":"<div class=\"page-content\">\n<div id=\"header-area\">\n<div class=\"container\" id=\"firstContent\">\n<div class=\"header-content d-flex flex-column\">\n<h1 class=\"content-title h1-header\">Ca\u00edda del cabello<\/h1>\n<div class=\"content-paragraph\">\n<p class=\"p-text\">\n<\/p><\/div>\n<nav aria-label=\"breadcrumb\" class=\"breadcrumbs\">\n<ul class=\"d-flex align-items-center mb-0\">\n<li><a class=\"link\" href=\"https:\/\/drterziler.com\/es\/\"><span>Dr. Terziler Exclusive Clinic<\/span><\/a><\/li>\n<li class=\"separator\">\u00bb<\/li>\n<li class=\"current-page\"><span>Ca\u00edda del cabello<\/span><\/li>\n<\/ul>\n<\/nav><\/div>\n<\/p><\/div>\n<\/p><\/div>\n<\/div>\n<section id=\"content-area\">\n<div class=\"container my-5\">\n<div class=\"row align-items-start\">\n<div class=\"col-md-6 order-2 order-md-1\">\n<div class=\"custom-toc-box\">\n<div id=\"toc-header\">\n<h4>\u00cdndice<\/h4>\n<div class=\"toc-toggle-icon\"><\/div>\n<\/p><\/div>\n<div class=\"toc-full-divider\"><\/div>\n<div id=\"toc-body\">\n<div id=\"toc-container\"><\/div>\n<\/p><\/div>\n<\/p><\/div>\n<\/p><\/div>\n<div class=\"col-md-6 order-1 order-md-2\" id=\"jForm\">\n                <script type=\"text\/javascript\" src=\"https:\/\/form.jotform.com\/jsform\/242881767918979\"><\/script>\n            <\/div>\n<\/p><\/div>\n<\/p><\/div>\n<div class=\"container\">\n<div class=\"img-thumb\">\n            <img loading=\"lazy\" decoding=\"async\" width=\"2560\" height=\"1709\" src=\"https:\/\/drterziler.com\/wp-content\/uploads\/2024\/09\/mid-adult-man-with-alopecia-looking-at-mirror-hai-2023-11-27-04-59-36-utc-scaled.jpg\" alt=\"\" srcset=\"https:\/\/drterziler.com\/wp-content\/uploads\/2024\/09\/mid-adult-man-with-alopecia-looking-at-mirror-hai-2023-11-27-04-59-36-utc-scaled.jpg 2560w, https:\/\/drterziler.com\/wp-content\/uploads\/2024\/09\/mid-adult-man-with-alopecia-looking-at-mirror-hai-2023-11-27-04-59-36-utc-300x200.jpg 300w, https:\/\/drterziler.com\/wp-content\/uploads\/2024\/09\/mid-adult-man-with-alopecia-looking-at-mirror-hai-2023-11-27-04-59-36-utc-1024x683.jpg 1024w, https:\/\/drterziler.com\/wp-content\/uploads\/2024\/09\/mid-adult-man-with-alopecia-looking-at-mirror-hai-2023-11-27-04-59-36-utc-768x513.jpg 768w, https:\/\/drterziler.com\/wp-content\/uploads\/2024\/09\/mid-adult-man-with-alopecia-looking-at-mirror-hai-2023-11-27-04-59-36-utc-1536x1025.jpg 1536w, https:\/\/drterziler.com\/wp-content\/uploads\/2024\/09\/mid-adult-man-with-alopecia-looking-at-mirror-hai-2023-11-27-04-59-36-utc-2048x1367.jpg 2048w\" sizes=\"auto, (max-width: 2560px) 100vw, 2560px\">\n        <\/div>\n<div>\n<div>\n<h2 class=\"h2-header\">\u00bfQu\u00e9 causa la ca\u00edda del cabello?<\/h2>\n<\/p><\/div>\n<div>\n<p class=\"p-text\">La ca\u00edda del cabello puede deberse a varios factores, entre ellos Gen\u00e9ticos: La calvicie de patr\u00f3n masculino y femenino (alopecia androgen\u00e9tica) suele ser hereditaria. (Tipos de alopecia) Cambios hormonales: Afecciones como los trastornos tiroideos pueden provocar el debilitamiento del cabello. Afecciones m\u00e9dicas: Ciertas enfermedades autoinmunes e infecciones del cuero cabelludo pueden provocar la ca\u00edda del cabello. Medicamentos: Algunos f\u00e1rmacos utilizados contra el c\u00e1ncer, la artritis, la depresi\u00f3n y los problemas card\u00edacos pueden provocar la ca\u00edda del cabello. Estr\u00e9s: El estr\u00e9s f\u00edsico y emocional puede provocar la ca\u00edda temporal del cabello. Deficiencias nutricionales: La falta de vitaminas y minerales esenciales puede afectar a la salud del cabello. Envejecimiento: A medida que envejecemos, el crecimiento del cabello se ralentiza de forma natural. \u00bfLa ca\u00edda del cabello viene de pap\u00e1 o de mam\u00e1? \u00bfAfecta el color del pelo a la ca\u00edda del cabello? \u00bfC\u00f3mo tratar una calva? \u00bfC\u00f3mo afecta la falta de sue\u00f1o a la ca\u00edda del cabello? \u00bfPueden las duchas calientes provocar la ca\u00edda del cabello? \u00bfLos secadores de pelo provocan la ca\u00edda del cabello? \u00bfDormir de un solo lado provoca la ca\u00edda del cabello? \u00bfEl exceso de ejercicio puede provocar la ca\u00edda del cabello?<\/p>\n<\/p><\/div>\n<\/p><\/div>\n<div>\n<div>\n<h2 class=\"h2-header\">El papel de la DHT en la ca\u00edda del cabello<\/h2>\n<\/p><\/div>\n<div>\n<p class=\"p-text\">La dihidrotestosterona (DHT) es una hormona que desempe\u00f1a un papel importante en la ca\u00edda del cabello, sobre todo en la calvicie gen\u00e9tica. La DHT puede encoger los fol\u00edculos pilosos, lo que con el tiempo provoca un cabello m\u00e1s fino y d\u00e9bil.<\/p>\n<\/p><\/div>\n<\/p><\/div>\n<div>\n<div>\n<h2 class=\"h2-header\">El impacto psicol\u00f3gico de la ca\u00edda del cabello<\/h2>\n<\/p><\/div>\n<div>\n<p class=\"p-text\">La ca\u00edda del cabello puede tener importantes efectos psicol\u00f3gicos, entre ellos Disminuci\u00f3n de la autoestima y la confianza Ansiedad y depresi\u00f3n Retraimiento social Impacto negativo en las relaciones personales y profesionales Es esencial abordar tanto los aspectos f\u00edsicos como emocionales de la ca\u00edda del cabello para un tratamiento integral.<\/p>\n<\/p><\/div>\n<\/p><\/div>\n<div>\n<div>\n<h2 class=\"h2-header\">Diagn\u00f3stico de la ca\u00edda del cabello<\/h2>\n<\/p><\/div>\n<div>\n<p class=\"p-text\">El diagn\u00f3stico profesional es crucial para un tratamiento eficaz. En la Cl\u00ednica Capilar Exclusiva Dr. Terziler, utilizamos t\u00e9cnicas avanzadas para evaluar su p\u00e9rdida de cabello, entre las que se incluyen: Evaluaci\u00f3n detallada del historial m\u00e9dico Examen del cuero cabelludo An\u00e1lisis del patr\u00f3n de ca\u00edda del cabello mediante escalas como la Escala Ludwig para mujeres Posibles an\u00e1lisis de sangre para detectar problemas de salud subyacentes<\/p>\n<\/p><\/div>\n<\/p><\/div>\n<div>\n<div>\n<h2 class=\"h2-header\">Soluciones para la ca\u00edda del cabello<\/h2>\n<\/p><\/div>\n<div>\n<p class=\"p-text\">Trasplante capilarLa cirug\u00eda de trasplante capilar es una soluci\u00f3n permanente para la ca\u00edda del cabello. En nuestra cl\u00ednica ofrecemos las t\u00e9cnicas m\u00e1s avanzadas:DHI Rob\u00f3tico (Implante Capilar Directo): Un m\u00e9todo m\u00ednimamente invasivo que permite la colocaci\u00f3n precisa de los fol\u00edculos pilosos sin necesidad de rasurar la zona receptora.Zafiro FUE (Extracci\u00f3n de Unidades Foliculares): Una t\u00e9cnica que cosecha fol\u00edculos pilosos individuales para el trasplante.MedicamentosFinasterida: Ayuda a bloquear la producci\u00f3n de DHTMinoxidil: Favorece el crecimiento del cabello y retrasa la calvicieApoyo nutricionalUna dieta equilibrada rica en nutrientes esenciales puede contribuir a la salud capilar. Entre las vitaminas y minerales clave se incluyenBiotinaLa vitamina DHierroZinc\u00c1cidos grasos omega-3Saw PalmettoCambios en el estilo de vidaT\u00e9cnicas de control del estr\u00e9sCuidados suaves del cabelloEvitar tratamientos qu\u00edmicos agresivosTratamientos del cuero cabelludoTerapia PRP (plasma rico en plaquetas)Terapia con l\u00e1ser de baja intensidad<\/p>\n<\/p><\/div>\n<\/p><\/div>\n<div>\n<div>\n<h2 class=\"h2-header\">\u00bfPor qu\u00e9 elegir la Cl\u00ednica Capilar Exclusiva Dr. Terziler?<\/h2>\n<\/p><\/div>\n<div>\n<p class=\"p-text\">En la Cl\u00ednica Capilar Exclusiva Dr. Terziler ofrecemos: T\u00e9cnicas de restauraci\u00f3n capilar de vanguardia Planes de tratamiento personalizados Equipo m\u00e9dico experimentado y cualificado Cuidados exhaustivos antes y despu\u00e9s del tratamiento No deje que la p\u00e9rdida de cabello afecte a su confianza y calidad de vida. P\u00f3ngase en contacto con el Dr. Terziler Exclusive Hair Clinic hoy mismo para programar una consulta y dar el primer paso para recuperar su cabello y su confianza.<\/p>\n<\/p><\/div>\n<\/p><\/div>\n<\/p><\/div>\n<\/section>\n","protected":false},"excerpt":{"rendered":"<p>Ca\u00edda del cabello Dr. Terziler Exclusive Clinic \u00bb Ca\u00edda del cabello \u00cdndice \u00bfQu\u00e9 causa la ca\u00edda del cabello? La ca\u00edda del cabello puede deberse a varios factores, entre ellos Gen\u00e9ticos: La calvicie de patr\u00f3n masculino y femenino (alopecia androgen\u00e9tica) suele ser hereditaria. (Tipos de alopecia) Cambios hormonales: Afecciones como los trastornos tiroideos pueden provocar el [&hellip;]<\/p>\n","protected":false},"author":6,"featured_media":0,"parent":0,"menu_order":0,"comment_status":"closed","ping_status":"closed","template":"","meta":{"footnotes":""},"class_list":["post-14790","page","type-page","status-publish","hentry"],"_links":{"self":[{"href":"https:\/\/drterziler.com\/es\/wp-json\/wp\/v2\/pages\/14790","targetHints":{"allow":["GET"]}}],"collection":[{"href":"https:\/\/drterziler.com\/es\/wp-json\/wp\/v2\/pages"}],"about":[{"href":"https:\/\/drterziler.com\/es\/wp-json\/wp\/v2\/types\/page"}],"author":[{"embeddable":true,"href":"https:\/\/drterziler.com\/es\/wp-json\/wp\/v2\/users\/6"}],"replies":[{"embeddable":true,"href":"https:\/\/drterziler.com\/es\/wp-json\/wp\/v2\/comments?post=14790"}],"version-history":[{"count":12,"href":"https:\/\/drterziler.com\/es\/wp-json\/wp\/v2\/pages\/14790\/revisions"}],"predecessor-version":[{"id":62728,"href":"https:\/\/drterziler.com\/es\/wp-json\/wp\/v2\/pages\/14790\/revisions\/62728"}],"wp:attachment":[{"href":"https:\/\/drterziler.com\/es\/wp-json\/wp\/v2\/media?parent=14790"}],"curies":[{"name":"wp","href":"https:\/\/api.w.org\/{rel}","templated":true}]}}