{"id":14794,"date":"2024-09-02T10:03:55","date_gmt":"2024-09-02T10:03:55","guid":{"rendered":"https:\/\/drterziler.com\/?page_id=14794"},"modified":"2025-05-22T09:50:04","modified_gmt":"2025-05-22T09:50:04","slug":"como-tratar-una-calva-causas-y-tratamientos","status":"publish","type":"page","link":"https:\/\/drterziler.com\/es\/caida-del-cabello\/como-tratar-una-calva-causas-y-tratamientos\/","title":{"rendered":"C\u00f3mo tratar una calva: Causas y tratamientos"},"content":{"rendered":"<h1 class=\"content-title h1-header\">C\u00f3mo tratar una calva: Causas y tratamientos<\/h1>\n<nav aria-label=\"breadcrumbs\">\n<p>Dr. Terziler<\/p>\n<\/nav>\n<h4>\n\t\t\t\t\u00cdndice\t\t\t<\/h4>\n<p>\t\t\t\t\t\t\t<svg aria-hidden=\"true\" viewBox=\"0 0 448 512\" xmlns=\"http:\/\/www.w3.org\/2000\/svg\"><path d=\"M207.029 381.476L12.686 187.132c-9.373-9.373-9.373-24.569 0-33.941l22.667-22.667c9.357-9.357 24.522-9.375 33.901-.04L224 284.505l154.745-154.021c9.379-9.335 24.544-9.317 33.901.04l22.667 22.667c9.373 9.373 9.373 24.569 0 33.941L240.971 381.476c-9.373 9.372-24.569 9.372-33.942 0z\"><\/path><\/svg><br \/>\n\t\t\t\t<svg aria-hidden=\"true\" viewBox=\"0 0 448 512\" xmlns=\"http:\/\/www.w3.org\/2000\/svg\"><path d=\"M240.971 130.524l194.343 194.343c9.373 9.373 9.373 24.569 0 33.941l-22.667 22.667c-9.357 9.357-24.522 9.375-33.901.04L224 227.495 69.255 381.516c-9.379 9.335-24.544 9.317-33.901-.04l-22.667-22.667c-9.373-9.373-9.373-24.569 0-33.941L207.03 130.525c9.372-9.373 24.568-9.373 33.941-.001z\"><\/path><\/svg><br \/>\n\t\t\t\t<svg aria-hidden=\"true\" viewBox=\"0 0 1000 1000\" xmlns=\"http:\/\/www.w3.org\/2000\/svg\"><path d=\"M500 975V858C696 858 858 696 858 500S696 142 500 142 142 304 142 500H25C25 237 238 25 500 25S975 237 975 500 763 975 500 975Z\"><\/path><\/svg><br \/>\n\t\t\t\t\t\t\t\t\t\t\t\t\t\t\t\t\t\t\t\t\t\t<img loading=\"lazy\" decoding=\"async\" width=\"2560\" height=\"1707\" src=\"https:\/\/drterziler.com\/wp-content\/uploads\/2024\/09\/hair-loss-concept-with-man-checking-his-hair-2023-11-27-04-56-08-utc-scaled.jpg\" alt=\"\" srcset=\"https:\/\/drterziler.com\/wp-content\/uploads\/2024\/09\/hair-loss-concept-with-man-checking-his-hair-2023-11-27-04-56-08-utc-scaled.jpg 2560w, https:\/\/drterziler.com\/wp-content\/uploads\/2024\/09\/hair-loss-concept-with-man-checking-his-hair-2023-11-27-04-56-08-utc-300x200.jpg 300w, https:\/\/drterziler.com\/wp-content\/uploads\/2024\/09\/hair-loss-concept-with-man-checking-his-hair-2023-11-27-04-56-08-utc-1024x683.jpg 1024w, https:\/\/drterziler.com\/wp-content\/uploads\/2024\/09\/hair-loss-concept-with-man-checking-his-hair-2023-11-27-04-56-08-utc-768x512.jpg 768w, https:\/\/drterziler.com\/wp-content\/uploads\/2024\/09\/hair-loss-concept-with-man-checking-his-hair-2023-11-27-04-56-08-utc-1536x1024.jpg 1536w, https:\/\/drterziler.com\/wp-content\/uploads\/2024\/09\/hair-loss-concept-with-man-checking-his-hair-2023-11-27-04-56-08-utc-2048x1365.jpg 2048w\" sizes=\"auto, (max-width: 2560px) 100vw, 2560px\">\t\t\t\t\t\t\t\t\t\t\t\t\t\t\t\t<\/p>\n<h2>C\u00f3mo tratar una calva: Causas y tratamientos<\/h2>\n<p>Avete notato una chiazza di calvizie sul cuoio capelluto? Scoprire una calvizie pu\u00f2 essere angosciante, ma capire le cause e i trattamenti disponibili pu\u00f2 aiutarvi a prendere il controllo della vostra perdita di capelli. In questo articolo esploreremo le ragioni pi\u00f9 comuni delle macchie calve e le soluzioni pi\u00f9 efficaci.<\/p>\n<h2>Cause della calvizie<\/h2>\n<ol>\n<li>\n<p><strong>Calvizie maschile (alopecia androgenetica)<\/strong> La causa pi\u00f9 comune di calvizie negli uomini \u00e8 la calvizie maschile, nota anche come alopecia androgenetica. Questa condizione ereditaria \u00e8 causata da una sensibilit\u00e0 al DHT (diidrotestosterone), che riduce i follicoli piliferi e porta al diradamento dei capelli e alla calvizie finale. Le calvizie compaiono spesso sulla corona o sul vertice del cuoio capelluto.<\/p>\n<\/li>\n<li>\n<p><strong>Alopecia areata<\/strong> L&#8217;alopecia areata \u00e8 un disturbo autoimmune che porta il sistema immunitario dell&#8217;organismo ad attaccare i follicoli piliferi, con conseguente perdita di capelli a chiazze. Le macchie calve causate dall&#8217;alopecia areata sono solitamente rotonde o ovali e possono comparire all&#8217;improvviso. La condizione pu\u00f2 colpire uomini e donne di tutte le et\u00e0.<\/p>\n<\/li>\n<li>\n<p><strong>Alopecia da trazione<\/strong> L&#8217;alopecia da trazione \u00e8 la perdita di capelli causata da una costante trazione o tensione sui capelli. Ci\u00f2 pu\u00f2 essere dovuto ad acconciature strette come code di cavallo, trecce o treccine. Con il tempo, lo stress costante sui follicoli piliferi pu\u00f2 portare alla calvizie, in genere lungo l&#8217;attaccatura dei capelli o sulle tempie.<\/p>\n<\/li>\n<li>\n<p><strong>Telogen Effluvium<\/strong> Il telogen effluvium \u00e8 una forma temporanea di perdita di capelli provocata da stress, cambiamenti ormonali o carenze nutrizionali. Fa s\u00ec che un numero maggiore di follicoli piliferi entri nella fase di riposo (telogen) e cada, provocando un diradamento diffuso o chiazze calve. In genere i capelli ricrescono una volta affrontata la causa di fondo.<\/p>\n<\/li>\n<\/ol>\n<h2>Trattamento delle macchie calve<\/h2>\n<ol>\n<li>\n<p>Farmaci Per le chiazze calve causate dalla calvizie maschile, farmaci come la finasteride e il minoxidil possono aiutare a rallentare la caduta dei capelli e a favorirne la ricrescita. La finasteride agisce bloccando il DHT, mentre il minoxidil aumenta il flusso sanguigno al cuoio capelluto per nutrire i follicoli piliferi. Consultate uno specialista della perdita di capelli per determinare se questi trattamenti sono adatti a voi.<\/p>\n<\/li>\n<li>\n<p>Terapia con plasma ricco di piastrine (PRP)<\/p>\n<\/li>\n<li>\n<p>La terapia PRP consiste nell&#8217;iniettare una concentrazione di piastrine proprie nel cuoio capelluto per stimolare la crescita dei capelli. I fattori di crescita contenuti nelle piastrine possono aiutare a riattivare i follicoli piliferi dormienti e a infoltire i capelli esistenti. Il PRP \u00e8 un&#8217;opzione non chirurgica che pu\u00f2 essere efficace per vari tipi di perdita di capelli, comprese le calvizie.<\/p>\n<\/li>\n<li>\n<p>Trapianto di capelli Per i casi pi\u00f9 avanzati di calvizie, il trapianto di capelli pu\u00f2 essere la soluzione migliore. Durante il trapianto di capelli, i follicoli sani vengono estratti dalla parte posteriore e laterale del cuoio capelluto (l&#8217;area donatrice) e trapiantati nelle aree calve o diradate. Le tecniche moderne, come l&#8217;estrazione dell&#8217;unit\u00e0 follicolare (FUE) e l&#8217;impianto diretto di capelli (DHI), garantiscono risultati dall&#8217;aspetto naturale con cicatrici minime.<\/p>\n<\/li>\n<li>\n<p>Cambiamenti nello stile di vita L&#8217;adozione di uno stile di vita sano pu\u00f2 favorire la crescita dei capelli e prevenirne l&#8217;ulteriore caduta. Un&#8217;alimentazione equilibrata e ricca di proteine, ferro e altri nutrienti essenziali \u00e8 fondamentale per la salute dei capelli. Anche gestire lo stress attraverso tecniche come la meditazione o l&#8217;esercizio fisico pu\u00f2 essere d&#8217;aiuto, poich\u00e9 alti livelli di stress sono collegati alla perdita di capelli. Siate delicati con i vostri capelli ed evitate acconciature strette che mettono in tensione i follicoli.<\/p>\n<\/li>\n<\/ol>\n<p>Affrontare una calvizie pu\u00f2 essere impegnativo, ma esistono molte opzioni di trattamento efficaci. Comprendendo la causa della calvizie e collaborando con uno specialista del restauro dei capelli, \u00e8 possibile trovare la soluzione migliore per le proprie esigenze. Non lasciatevi frenare da una calvizie: agite oggi stesso per recuperare i vostri capelli e la vostra fiducia.<\/p>\n<details id=\"e-n-accordion-item-4790\" open>\n<summary data-accordion-index=\"1\" tabindex=\"0\" aria-expanded=\"true\" aria-controls=\"e-n-accordion-item-4790\" >\n\t\t\t\t\t \u00bfQu\u00e9 provoca la aparici\u00f3n de calvas?<br \/>\n\t\t\t<svg aria-hidden=\"true\" viewBox=\"0 0 448 512\" xmlns=\"http:\/\/www.w3.org\/2000\/svg\"><path d=\"M416 208H32c-17.67 0-32 14.33-32 32v32c0 17.67 14.33 32 32 32h384c17.67 0 32-14.33 32-32v-32c0-17.67-14.33-32-32-32z\"><\/path><\/svg><br \/>\n\t\t\t<svg aria-hidden=\"true\" viewBox=\"0 0 448 512\" xmlns=\"http:\/\/www.w3.org\/2000\/svg\"><path d=\"M416 208H272V64c0-17.67-14.33-32-32-32h-32c-17.67 0-32 14.33-32 32v144H32c-17.67 0-32 14.33-32 32v32c0 17.67 14.33 32 32 32h144v144c0 17.67 14.33 32 32 32h32c17.67 0 32-14.33 32-32V304h144c17.67 0 32-14.33 32-32v-32c0-17.67-14.33-32-32-32z\"><\/path><\/svg><br \/>\n\t\t\t\t\t\t<\/summary>\n<p>Las calvas pueden deberse a diversas afecciones, como la alopecia areata, la calvicie de patr\u00f3n masculino o femenino, el estr\u00e9s, los desequilibrios hormonales o las infecciones del cuero cabelludo. Identificar la causa subyacente es clave para abordar el problema con eficacia.<\/p>\n<\/details>\n<details id=\"e-n-accordion-item-4791\" >\n<summary data-accordion-index=\"2\" tabindex=\"-1\" aria-expanded=\"false\" aria-controls=\"e-n-accordion-item-4791\" >\n\t\t\t\t\t \u00bfPuede el estr\u00e9s provocar calvicie?<br \/>\n\t\t\t<svg aria-hidden=\"true\" viewBox=\"0 0 448 512\" xmlns=\"http:\/\/www.w3.org\/2000\/svg\"><path d=\"M416 208H32c-17.67 0-32 14.33-32 32v32c0 17.67 14.33 32 32 32h384c17.67 0 32-14.33 32-32v-32c0-17.67-14.33-32-32-32z\"><\/path><\/svg><br \/>\n\t\t\t<svg aria-hidden=\"true\" viewBox=\"0 0 448 512\" xmlns=\"http:\/\/www.w3.org\/2000\/svg\"><path d=\"M416 208H272V64c0-17.67-14.33-32-32-32h-32c-17.67 0-32 14.33-32 32v144H32c-17.67 0-32 14.33-32 32v32c0 17.67 14.33 32 32 32h144v144c0 17.67 14.33 32 32 32h32c17.67 0 32-14.33 32-32V304h144c17.67 0 32-14.33 32-32v-32c0-17.67-14.33-32-32-32z\"><\/path><\/svg><br \/>\n\t\t\t\t\t\t<\/summary>\n<p>S\u00ed, el estr\u00e9s es un desencadenante habitual de afecciones de ca\u00edda del cabello como el efluvio tel\u00f3geno o la alopecia areata, que pueden dar lugar a calvas. Controlar el estr\u00e9s mediante t\u00e9cnicas de relajaci\u00f3n o terapia puede ayudar a prevenir una mayor ca\u00edda del cabello.<\/p>\n<\/details>\n<details id=\"e-n-accordion-item-4792\" >\n<summary data-accordion-index=\"3\" tabindex=\"-1\" aria-expanded=\"false\" aria-controls=\"e-n-accordion-item-4792\" >\n\t\t\t\t\t \u00bfSon permanentes las calvas?<br \/>\n\t\t\t<svg aria-hidden=\"true\" viewBox=\"0 0 448 512\" xmlns=\"http:\/\/www.w3.org\/2000\/svg\"><path d=\"M416 208H32c-17.67 0-32 14.33-32 32v32c0 17.67 14.33 32 32 32h384c17.67 0 32-14.33 32-32v-32c0-17.67-14.33-32-32-32z\"><\/path><\/svg><br \/>\n\t\t\t<svg aria-hidden=\"true\" viewBox=\"0 0 448 512\" xmlns=\"http:\/\/www.w3.org\/2000\/svg\"><path d=\"M416 208H272V64c0-17.67-14.33-32-32-32h-32c-17.67 0-32 14.33-32 32v144H32c-17.67 0-32 14.33-32 32v32c0 17.67 14.33 32 32 32h144v144c0 17.67 14.33 32 32 32h32c17.67 0 32-14.33 32-32V304h144c17.67 0 32-14.33 32-32v-32c0-17.67-14.33-32-32-32z\"><\/path><\/svg><br \/>\n\t\t\t\t\t\t<\/summary>\n<p>Que una calva sea permanente depende de la causa. Por ejemplo, el cabello perdido por alopecia areata suele volver a crecer, mientras que la p\u00e9rdida de cabello por alopecia cicatricial o calvicie de patr\u00f3n avanzado puede ser irreversible.<\/p>\n<\/details>\n<details id=\"e-n-accordion-item-4793\" >\n<summary data-accordion-index=\"4\" tabindex=\"-1\" aria-expanded=\"false\" aria-controls=\"e-n-accordion-item-4793\" >\n\t\t\t\t\t \u00bfExisten remedios caseros para tratar la calvicie?<br \/>\n\t\t\t<svg aria-hidden=\"true\" viewBox=\"0 0 448 512\" xmlns=\"http:\/\/www.w3.org\/2000\/svg\"><path d=\"M416 208H32c-17.67 0-32 14.33-32 32v32c0 17.67 14.33 32 32 32h384c17.67 0 32-14.33 32-32v-32c0-17.67-14.33-32-32-32z\"><\/path><\/svg><br \/>\n\t\t\t<svg aria-hidden=\"true\" viewBox=\"0 0 448 512\" xmlns=\"http:\/\/www.w3.org\/2000\/svg\"><path d=\"M416 208H272V64c0-17.67-14.33-32-32-32h-32c-17.67 0-32 14.33-32 32v144H32c-17.67 0-32 14.33-32 32v32c0 17.67 14.33 32 32 32h144v144c0 17.67 14.33 32 32 32h32c17.67 0 32-14.33 32-32V304h144c17.67 0 32-14.33 32-32v-32c0-17.67-14.33-32-32-32z\"><\/path><\/svg><br \/>\n\t\t\t\t\t\t<\/summary>\n<p>Los remedios caseros como la aplicaci\u00f3n de zumo de cebolla, aloe vera o aceites esenciales (por ejemplo, aceite de romero o de menta) pueden mejorar la salud del cuero cabelludo y favorecer el crecimiento del cabello, aunque su eficacia var\u00eda seg\u00fan la persona.<\/p>\n<\/details>\n<details id=\"e-n-accordion-item-4794\" >\n<summary data-accordion-index=\"5\" tabindex=\"-1\" aria-expanded=\"false\" aria-controls=\"e-n-accordion-item-4794\" >\n\t\t\t\t\t \u00bfPueden extenderse las calvas a otras zonas?<br \/>\n\t\t\t<svg aria-hidden=\"true\" viewBox=\"0 0 448 512\" xmlns=\"http:\/\/www.w3.org\/2000\/svg\"><path d=\"M416 208H32c-17.67 0-32 14.33-32 32v32c0 17.67 14.33 32 32 32h384c17.67 0 32-14.33 32-32v-32c0-17.67-14.33-32-32-32z\"><\/path><\/svg><br \/>\n\t\t\t<svg aria-hidden=\"true\" viewBox=\"0 0 448 512\" xmlns=\"http:\/\/www.w3.org\/2000\/svg\"><path d=\"M416 208H272V64c0-17.67-14.33-32-32-32h-32c-17.67 0-32 14.33-32 32v144H32c-17.67 0-32 14.33-32 32v32c0 17.67 14.33 32 32 32h144v144c0 17.67 14.33 32 32 32h32c17.67 0 32-14.33 32-32V304h144c17.67 0 32-14.33 32-32v-32c0-17.67-14.33-32-32-32z\"><\/path><\/svg><br \/>\n\t\t\t\t\t\t<\/summary>\n<p>En algunos casos, como la alopecia areata, las calvas pueden extenderse a otras partes del cuero cabelludo o del cuerpo. Un tratamiento precoz puede ayudar a controlar la afecci\u00f3n y evitar una mayor ca\u00edda del cabello.<\/p>\n<\/details>\n<details id=\"e-n-accordion-item-4795\" >\n<summary data-accordion-index=\"6\" tabindex=\"-1\" aria-expanded=\"false\" aria-controls=\"e-n-accordion-item-4795\" >\n\t\t\t\t\t \u00bfDebo consultar a un m\u00e9dico por una calva?<br \/>\n\t\t\t<svg aria-hidden=\"true\" viewBox=\"0 0 448 512\" xmlns=\"http:\/\/www.w3.org\/2000\/svg\"><path d=\"M416 208H32c-17.67 0-32 14.33-32 32v32c0 17.67 14.33 32 32 32h384c17.67 0 32-14.33 32-32v-32c0-17.67-14.33-32-32-32z\"><\/path><\/svg><br \/>\n\t\t\t<svg aria-hidden=\"true\" viewBox=\"0 0 448 512\" xmlns=\"http:\/\/www.w3.org\/2000\/svg\"><path d=\"M416 208H272V64c0-17.67-14.33-32-32-32h-32c-17.67 0-32 14.33-32 32v144H32c-17.67 0-32 14.33-32 32v32c0 17.67 14.33 32 32 32h144v144c0 17.67 14.33 32 32 32h32c17.67 0 32-14.33 32-32V304h144c17.67 0 32-14.33 32-32v-32c0-17.67-14.33-32-32-32z\"><\/path><\/svg><br \/>\n\t\t\t\t\t\t<\/summary>\n<p>S\u00ed, si notas una calva, es aconsejable que acudas a un dermat\u00f3logo o tric\u00f3logo. Ellos pueden diagnosticar la causa y recomendar los tratamientos adecuados para solucionar el problema.<\/p>\n<\/details>\n<details id=\"e-n-accordion-item-4796\" >\n<summary data-accordion-index=\"7\" tabindex=\"-1\" aria-expanded=\"false\" aria-controls=\"e-n-accordion-item-4796\" >\n\t\t\t\t\t \u00bfPueden los trasplantes capilares arreglar las calvas?<br \/>\n\t\t\t<svg aria-hidden=\"true\" viewBox=\"0 0 448 512\" xmlns=\"http:\/\/www.w3.org\/2000\/svg\"><path d=\"M416 208H32c-17.67 0-32 14.33-32 32v32c0 17.67 14.33 32 32 32h384c17.67 0 32-14.33 32-32v-32c0-17.67-14.33-32-32-32z\"><\/path><\/svg><br \/>\n\t\t\t<svg aria-hidden=\"true\" viewBox=\"0 0 448 512\" xmlns=\"http:\/\/www.w3.org\/2000\/svg\"><path d=\"M416 208H272V64c0-17.67-14.33-32-32-32h-32c-17.67 0-32 14.33-32 32v144H32c-17.67 0-32 14.33-32 32v32c0 17.67 14.33 32 32 32h144v144c0 17.67 14.33 32 32 32h32c17.67 0 32-14.33 32-32V304h144c17.67 0 32-14.33 32-32v-32c0-17.67-14.33-32-32-32z\"><\/path><\/svg><br \/>\n\t\t\t\t\t\t<\/summary>\n<p>Los trasplantes capilares pueden ser una soluci\u00f3n eficaz para las calvas permanentes causadas por afecciones como la alopecia androgen\u00e9tica. El procedimiento consiste en trasplantar fol\u00edculos pilosos sanos a la zona calva, lo que proporciona una soluci\u00f3n a largo plazo.<\/p>\n<\/details>\n<p>Las calvas pueden deberse a diversas afecciones, como la alopecia areata, la calvicie de patr\u00f3n masculino o femenino, el estr\u00e9s, los desequilibrios hormonales o las infecciones del cuero cabelludo. Identificar la causa subyacente es clave para abordar el problema con eficacia.<\/p>\n<p>S\u00ed, el estr\u00e9s es un desencadenante habitual de afecciones de ca\u00edda del cabello como el efluvio tel\u00f3geno o la alopecia areata, que pueden dar lugar a calvas. Controlar el estr\u00e9s mediante t\u00e9cnicas de relajaci\u00f3n o terapia puede ayudar a prevenir una mayor ca\u00edda del cabello.<\/p>\n<p>Que una calva sea permanente depende de la causa. Por ejemplo, el cabello perdido por alopecia areata suele volver a crecer, mientras que la p\u00e9rdida de cabello por alopecia cicatricial o calvicie de patr\u00f3n avanzado puede ser irreversible.<\/p>\n<p>Los remedios caseros como la aplicaci\u00f3n de zumo de cebolla, aloe vera o aceites esenciales (por ejemplo, aceite de romero o de menta) pueden mejorar la salud del cuero cabelludo y favorecer el crecimiento del cabello, aunque su eficacia var\u00eda seg\u00fan la persona.<\/p>\n<p>En algunos casos, como la alopecia areata, las calvas pueden extenderse a otras partes del cuero cabelludo o del cuerpo. Un tratamiento precoz puede ayudar a controlar la afecci\u00f3n y evitar una mayor ca\u00edda del cabello.<\/p>\n<p>S\u00ed, si notas una calva, es aconsejable que acudas a un dermat\u00f3logo o tric\u00f3logo. Ellos pueden diagnosticar la causa y recomendar los tratamientos adecuados para solucionar el problema.<\/p>\n<p>Los trasplantes capilares pueden ser una soluci\u00f3n eficaz para las calvas permanentes causadas por afecciones como la alopecia androgen\u00e9tica. El procedimiento consiste en trasplantar fol\u00edculos pilosos sanos a la zona calva, lo que proporciona una soluci\u00f3n a largo plazo.<\/p>\n","protected":false},"excerpt":{"rendered":"<p>C\u00f3mo tratar una calva: Causas y tratamientos Dr. Terziler \u00cdndice C\u00f3mo tratar una calva: Causas y tratamientos Avete notato una chiazza di calvizie sul cuoio capelluto? Scoprire una calvizie pu\u00f2 essere angosciante, ma capire le cause e i trattamenti disponibili pu\u00f2 aiutarvi a prendere il controllo della vostra perdita di capelli. In questo articolo esploreremo [&hellip;]<\/p>\n","protected":false},"author":6,"featured_media":0,"parent":14790,"menu_order":0,"comment_status":"closed","ping_status":"closed","template":"","meta":{"footnotes":""},"class_list":["post-14794","page","type-page","status-publish","hentry"],"_links":{"self":[{"href":"https:\/\/drterziler.com\/es\/wp-json\/wp\/v2\/pages\/14794","targetHints":{"allow":["GET"]}}],"collection":[{"href":"https:\/\/drterziler.com\/es\/wp-json\/wp\/v2\/pages"}],"about":[{"href":"https:\/\/drterziler.com\/es\/wp-json\/wp\/v2\/types\/page"}],"author":[{"embeddable":true,"href":"https:\/\/drterziler.com\/es\/wp-json\/wp\/v2\/users\/6"}],"replies":[{"embeddable":true,"href":"https:\/\/drterziler.com\/es\/wp-json\/wp\/v2\/comments?post=14794"}],"version-history":[{"count":4,"href":"https:\/\/drterziler.com\/es\/wp-json\/wp\/v2\/pages\/14794\/revisions"}],"predecessor-version":[{"id":38148,"href":"https:\/\/drterziler.com\/es\/wp-json\/wp\/v2\/pages\/14794\/revisions\/38148"}],"up":[{"embeddable":true,"href":"https:\/\/drterziler.com\/es\/wp-json\/wp\/v2\/pages\/14790"}],"wp:attachment":[{"href":"https:\/\/drterziler.com\/es\/wp-json\/wp\/v2\/media?parent=14794"}],"curies":[{"name":"wp","href":"https:\/\/api.w.org\/{rel}","templated":true}]}}