{"id":14830,"date":"2024-09-03T08:25:53","date_gmt":"2024-09-03T08:25:53","guid":{"rendered":"https:\/\/drterziler.com\/fut\/"},"modified":"2026-02-28T18:27:03","modified_gmt":"2026-02-28T18:27:03","slug":"fut","status":"publish","type":"page","link":"https:\/\/drterziler.com\/es\/trasplante-de-cabello\/fut\/","title":{"rendered":"Trasplante capilar FUT en Turqu\u00eda"},"content":{"rendered":"<div class=\"page-content\">\n<div id=\"header-area\">\n<div class=\"container\" id=\"firstContent\">\n<div class=\"header-content d-flex flex-column\">\n<h1 class=\"content-title h1-header\">Trasplante capilar FUT en Turqu\u00eda<\/h1>\n<div class=\"content-paragraph\">\n<p class=\"p-text\">\n<\/p><\/div>\n<nav aria-label=\"breadcrumb\" class=\"breadcrumbs\">\n<ul class=\"d-flex align-items-center mb-0\">\n<li><a class=\"link\" href=\"https:\/\/drterziler.com\/es\/\"><span>Dr. Terziler Exclusive Clinic<\/span><\/a><\/li>\n<li class=\"separator\">\u00bb<\/li>\n<li><a class=\"link\" href=\"https:\/\/drterziler.com\/es\/trasplante-de-cabello\/\"><span>Trasplante de cabello<\/span><\/a><\/li>\n<li class=\"separator\">\u00bb<\/li>\n<li class=\"current-page\"><span>Trasplante capilar FUT en Turqu\u00eda<\/span><\/li>\n<\/ul>\n<\/nav><\/div>\n<\/p><\/div>\n<\/p><\/div>\n<\/div>\n<section id=\"content-area\">\n<div class=\"container my-5\">\n<div class=\"row align-items-start\">\n<div class=\"col-md-6 order-2 order-md-1\">\n<div class=\"custom-toc-box\">\n<div id=\"toc-header\">\n<h4>\u00cdndice<\/h4>\n<div class=\"toc-toggle-icon\"><\/div>\n<\/p><\/div>\n<div class=\"toc-full-divider\"><\/div>\n<div id=\"toc-body\">\n<div id=\"toc-container\"><\/div>\n<\/p><\/div>\n<\/p><\/div>\n<\/p><\/div>\n<div class=\"col-md-6 order-1 order-md-2\" id=\"jForm\">\n                <script type=\"text\/javascript\" src=\"https:\/\/form.jotform.com\/jsform\/242881767918979\"><\/script>\n            <\/div>\n<\/p><\/div>\n<\/p><\/div>\n<div class=\"container\">\n<div class=\"img-thumb\">\n            <img loading=\"lazy\" decoding=\"async\" width=\"1700\" height=\"1080\" src=\"https:\/\/drterziler.com\/wp-content\/uploads\/2024\/08\/6.webp\" alt=\"\" srcset=\"https:\/\/drterziler.com\/wp-content\/uploads\/2024\/08\/6.webp 1700w, https:\/\/drterziler.com\/wp-content\/uploads\/2024\/08\/6-300x191.webp 300w, https:\/\/drterziler.com\/wp-content\/uploads\/2024\/08\/6-1024x651.webp 1024w, https:\/\/drterziler.com\/wp-content\/uploads\/2024\/08\/6-768x488.webp 768w, https:\/\/drterziler.com\/wp-content\/uploads\/2024\/08\/6-1536x976.webp 1536w\" sizes=\"auto, (max-width: 1700px) 100vw, 1700px\">\n        <\/div>\n<div>\n<div>\n<h2 class=\"h2-header\">\u00bfQu\u00e9 es el trasplante de cabello FUT?<\/h2>\n<\/p><\/div>\n<div>\n<p class=\"p-text\">Trasplante de unidades foliculares (FUT), tambi\u00e9n conocido como el m\u00e9todo de la tira, es una t\u00e9cnica quir\u00fargica de restauraci\u00f3n del cabello donde una tira de cuero cabelludo con pelo se retira de la zona donante (por lo general la parte posterior de la cabeza). Esta tira se disecciona en unidades foliculares individuales, que se trasplantan en las zonas calvas.<\/p>\n<\/p><\/div>\n<\/p><\/div>\n<div>\n<div>\n<h2 class=\"h2-header\">\u00bfPor qu\u00e9 elegir FUT en la Cl\u00ednica del Dr. Terziler?<\/h2>\n<\/p><\/div>\n<div>\n<p class=\"p-text\">1. Equipo experimentado El Dr. Servet Terziler cuenta con m\u00e1s de 30 a\u00f1os de experiencia m\u00e9dica y es pionero en el campo de la restauraci\u00f3n capilar en Turqu\u00eda. El equipo de la cl\u00ednica est\u00e1 altamente cualificado en la realizaci\u00f3n de procedimientos FUT. 2. Resultados naturales FUT permite el trasplante de un gran n\u00famero de injertos en una sola sesi\u00f3n, lo que resulta en un crecimiento del cabello m\u00e1s denso y de aspecto m\u00e1s natural. 3. Rentable FUT puede ser m\u00e1s rentable que otros m\u00e9todos, especialmente para pacientes que requieren un gran n\u00famero de injertos. 4. Instalaciones de vanguardia Aunque la cl\u00ednica del Dr. Terziler es conocida por su avanzada t\u00e9cnica rob\u00f3tica DHI, tambi\u00e9n ofrecen FUT tradicional con modernos equipos e instalaciones para garantizar los mejores resultados posibles. 5. Atenci\u00f3n integral Desde la consulta inicial hasta los cuidados postoperatorios, la cl\u00ednica ofrece un apoyo exhaustivo durante todo el proceso de restauraci\u00f3n capilar.<\/p>\n<\/p><\/div>\n<\/p><\/div>\n<div>\n<div>\n<h2 class=\"h2-header\">El procedimiento FUT en la cl\u00ednica del Dr. Terziler<\/h2>\n<\/p><\/div>\n<div>\n<p class=\"p-text\">Consulta inicial: Su viaje comienza con una consulta detallada para evaluar su p\u00e9rdida de cabello y determinar si FUT es la mejor opci\u00f3n para usted. Preparaci\u00f3n: El d\u00eda de la intervenci\u00f3n, se prepara la zona donante y se administra anestesia local para su comodidad. Extracci\u00f3n de la tira: Se retira cuidadosamente una tira de cuero cabelludo de la zona donante. Preparaci\u00f3n del injerto: La tira se disecciona en unidades foliculares individuales bajo microscopios de alta potencia. Creaci\u00f3n de la zona receptora: Se realizan peque\u00f1as incisiones en las zonas calvas para recibir los injertos. Colocaci\u00f3n de los injertos: Los injertos preparados se colocan meticulosamente en las zonas receptoras. Cierre: Se sutura la zona donante, dejando una fina cicatriz lineal que suele quedar cubierta por el cabello circundante.<\/p>\n<\/p><\/div>\n<\/p><\/div>\n<div>\n<div>\n<h2 class=\"h2-header\">Cuidados postoperatorios<\/h2>\n<\/p><\/div>\n<div>\n<p class=\"p-text\">La cl\u00ednica del Dr. Terziler proporciona instrucciones y apoyo completos para el postratamiento. Esto incluye orientaci\u00f3n sobre posiciones para dormir, cu\u00e1ndo reanudar las actividades normales y c\u00f3mo cuidar tanto la zona donante como la receptora. La cl\u00ednica tambi\u00e9n ofrece citas de seguimiento para supervisar su progreso y garantizar resultados \u00f3ptimos.<\/p>\n<\/p><\/div>\n<\/p><\/div>\n<div>\n<div>\n<h2 class=\"h2-header\">\u00bfPor qu\u00e9 Turqu\u00eda para su trasplante capilar FUT?<\/h2>\n<\/p><\/div>\n<div>\n<p class=\"p-text\">Turqu\u00eda, en particular Estambul, se ha convertido en un centro mundial para el trasplante capilar. La cl\u00ednica del Dr. Terziler combina una experiencia m\u00e9dica de primera clase con la reconocida hospitalidad del pa\u00eds. Usted se beneficiar\u00e1 de: 1. Precios asequibles Trasplantes capilares de alta calidad a una fracci\u00f3n del coste en comparaci\u00f3n con muchos pa\u00edses occidentales. 2. Oportunidad tur\u00edstica Combine su procedimiento con una visita a los lugares hist\u00f3ricos y atracciones de Estambul. 3. Alojamiento de lujo La cl\u00ednica organiza estancias en hoteles de 5 estrellas para su comodidad durante la recuperaci\u00f3n. 4. Transporte VIP Disfrute de un viaje sin complicaciones con los servicios de traslado VIP de la cl\u00ednica.<\/p>\n<\/p><\/div>\n<\/p><\/div>\n<div>\n<div>\n<h2 class=\"h2-header\">Conclusi\u00f3n<\/h2>\n<\/p><\/div>\n<div>\n<p class=\"p-text\">Aunque la cl\u00ednica del Dr. Terziler est\u00e1 a la vanguardia de la tecnolog\u00eda de trasplante capilar con su t\u00e9cnica DHI rob\u00f3tica, tambi\u00e9n destacan en m\u00e9todos tradicionales como la FUT. Esta versatilidad garantiza que cada paciente reciba el tratamiento m\u00e1s adecuado para sus necesidades individuales. Si est\u00e1 considerando la posibilidad de someterse a un trasplante capilar FUT, la Cl\u00ednica Capilar Exclusiva del Dr. Terziler en Turqu\u00eda le ofrece una combinaci\u00f3n de profesionales experimentados, instalaciones de vanguardia y una atenci\u00f3n integral para ayudarle a conseguir los resultados de restauraci\u00f3n capilar que desea. P\u00f3ngase en contacto con la cl\u00ednica hoy mismo para iniciar su viaje hacia una cabellera m\u00e1s abundante.<\/p>\n<\/p><\/div>\n<\/p><\/div>\n<\/p><\/div>\n<\/section>\n","protected":false},"excerpt":{"rendered":"<p>Trasplante capilar FUT en Turqu\u00eda Dr. Terziler Exclusive Clinic \u00bb Trasplante de cabello \u00bb Trasplante capilar FUT en Turqu\u00eda \u00cdndice \u00bfQu\u00e9 es el trasplante de cabello FUT? Trasplante de unidades foliculares (FUT), tambi\u00e9n conocido como el m\u00e9todo de la tira, es una t\u00e9cnica quir\u00fargica de restauraci\u00f3n del cabello donde una tira de cuero cabelludo con [&hellip;]<\/p>\n","protected":false},"author":6,"featured_media":0,"parent":2435,"menu_order":0,"comment_status":"closed","ping_status":"closed","template":"","meta":{"footnotes":""},"class_list":["post-14830","page","type-page","status-publish","hentry"],"_links":{"self":[{"href":"https:\/\/drterziler.com\/es\/wp-json\/wp\/v2\/pages\/14830","targetHints":{"allow":["GET"]}}],"collection":[{"href":"https:\/\/drterziler.com\/es\/wp-json\/wp\/v2\/pages"}],"about":[{"href":"https:\/\/drterziler.com\/es\/wp-json\/wp\/v2\/types\/page"}],"author":[{"embeddable":true,"href":"https:\/\/drterziler.com\/es\/wp-json\/wp\/v2\/users\/6"}],"replies":[{"embeddable":true,"href":"https:\/\/drterziler.com\/es\/wp-json\/wp\/v2\/comments?post=14830"}],"version-history":[{"count":6,"href":"https:\/\/drterziler.com\/es\/wp-json\/wp\/v2\/pages\/14830\/revisions"}],"predecessor-version":[{"id":58287,"href":"https:\/\/drterziler.com\/es\/wp-json\/wp\/v2\/pages\/14830\/revisions\/58287"}],"up":[{"embeddable":true,"href":"https:\/\/drterziler.com\/es\/wp-json\/wp\/v2\/pages\/2435"}],"wp:attachment":[{"href":"https:\/\/drterziler.com\/es\/wp-json\/wp\/v2\/media?parent=14830"}],"curies":[{"name":"wp","href":"https:\/\/api.w.org\/{rel}","templated":true}]}}