{"id":14842,"date":"2024-09-03T08:14:56","date_gmt":"2024-09-03T08:14:56","guid":{"rendered":"https:\/\/drterziler.com\/injerto-capilar\/"},"modified":"2025-06-11T06:17:55","modified_gmt":"2025-06-11T06:17:55","slug":"injerto-capilar","status":"publish","type":"page","link":"https:\/\/drterziler.com\/es\/injerto-capilar\/","title":{"rendered":"\u00bfQu\u00e9 es el injerto capilar?"},"content":{"rendered":"<nav aria-label=\"breadcrumbs\">\n<p>Dr. Terziler<\/p>\n<\/nav>\n<h4>\n\t\t\t\t\u00cdndice\t\t\t<\/h4>\n<p>\t\t\t\t\t\t\t<svg aria-hidden=\"true\" viewBox=\"0 0 448 512\" xmlns=\"http:\/\/www.w3.org\/2000\/svg\"><path d=\"M207.029 381.476L12.686 187.132c-9.373-9.373-9.373-24.569 0-33.941l22.667-22.667c9.357-9.357 24.522-9.375 33.901-.04L224 284.505l154.745-154.021c9.379-9.335 24.544-9.317 33.901.04l22.667 22.667c9.373 9.373 9.373 24.569 0 33.941L240.971 381.476c-9.373 9.372-24.569 9.372-33.942 0z\"><\/path><\/svg><br \/>\n\t\t\t\t<svg aria-hidden=\"true\" viewBox=\"0 0 448 512\" xmlns=\"http:\/\/www.w3.org\/2000\/svg\"><path d=\"M240.971 130.524l194.343 194.343c9.373 9.373 9.373 24.569 0 33.941l-22.667 22.667c-9.357 9.357-24.522 9.375-33.901.04L224 227.495 69.255 381.516c-9.379 9.335-24.544 9.317-33.901-.04l-22.667-22.667c-9.373-9.373-9.373-24.569 0-33.941L207.03 130.525c9.372-9.373 24.568-9.373 33.941-.001z\"><\/path><\/svg><br \/>\n\t\t\t\t<svg aria-hidden=\"true\" viewBox=\"0 0 1000 1000\" xmlns=\"http:\/\/www.w3.org\/2000\/svg\"><path d=\"M500 975V858C696 858 858 696 858 500S696 142 500 142 142 304 142 500H25C25 237 238 25 500 25S975 237 975 500 763 975 500 975Z\"><\/path><\/svg><br \/>\n\t\t\t\t\t\t\t\t\t\t\t\t\t\t\t\t\t\t\t\t\t\t<img loading=\"lazy\" decoding=\"async\" width=\"912\" height=\"697\" src=\"https:\/\/drterziler.com\/wp-content\/uploads\/2024\/11\/hair-graft.png\" alt=\"\" srcset=\"https:\/\/drterziler.com\/wp-content\/uploads\/2024\/11\/hair-graft.png 912w, https:\/\/drterziler.com\/wp-content\/uploads\/2024\/11\/hair-graft-300x229.png 300w, https:\/\/drterziler.com\/wp-content\/uploads\/2024\/11\/hair-graft-768x587.png 768w\" sizes=\"auto, (max-width: 912px) 100vw, 912px\">\t\t\t\t\t\t\t\t\t\t\t\t\t<\/p>\n<h1>\u00bfQu\u00e9 es el injerto capilar?<\/h1>\n<p>La ca\u00edda del cabello puede ser una fuente de angustia para muchas personas, ya que afecta a su autoestima y confianza. Afortunadamente, las t\u00e9cnicas modernas de trasplante capilar ofrecen una soluci\u00f3n para recuperar toda la cabellera. La base de estos procedimientos es el concepto de injerto capilar. En este art\u00edculo, el Dr. Terziler, reconocido experto en restauraci\u00f3n capilar, explica qu\u00e9 es un injerto capilar y su papel crucial en los trasplantes de pelo.<\/p>\n<h2>\u00bfQu\u00e9 son los injertos capilares?<\/h2>\n<p>Un injerto capilar es un peque\u00f1o trozo de piel que contiene uno o varios fol\u00edculos pilosos y que se extrae de una zona donante (normalmente la parte posterior o los laterales de la cabeza) y se trasplanta a una zona con p\u00e9rdida de cabello. Estos injertos son los componentes b\u00e1sicos de la cirug\u00eda de trasplante capilar, ya que permiten a los cirujanos redistribuir el cabello en las zonas donde m\u00e1s se necesita.<\/p>\n<h3>Tipos de injertos capilares<\/h3>\n<ol>\n<li><strong>Unidad folicular \u00fanica (UF)<\/strong>: Contiene 1 fol\u00edculo piloso<\/li>\n<li><strong>FU doble<\/strong>: Contiene 2 fol\u00edculos pilosos<\/li>\n<li><strong>Unidad folicular triple<\/strong>: contiene 3 fol\u00edculos pilosos<\/li>\n<li><strong>Unidad folicular cu\u00e1druple<\/strong>: contiene 4 o m\u00e1s fol\u00edculos pilosos.<\/li>\n<\/ol>\n<h2>El papel de los injertos capilares en los trasplantes<\/h2>\n<p>Los injertos capilares desempe\u00f1an un papel fundamental en la creaci\u00f3n de resultados de aspecto natural en los procedimientos de trasplante capilar. Mediante la extracci\u00f3n y colocaci\u00f3n cuidadosa de injertos individuales, los cirujanos pueden:<\/p>\n<ul>\n<li>Imitar el patr\u00f3n de crecimiento natural del cabello<\/li>\n<li>Crear una mezcla perfecta con el cabello existente<\/li>\n<li>Lograr una densidad \u00f3ptima en las zonas de escasez<\/li>\n<li>Dise\u00f1ar una l\u00ednea capilar personalizada que se adapte a los rasgos faciales del paciente.<\/li>\n<\/ul>\n<h2>T\u00e9cnicas de injerto<\/h2>\n<p>En la Cl\u00ednica Exclusiva Dr. Terziler, utilizamos t\u00e9cnicas avanzadas de injerto para asegurar los mejores resultados posibles para nuestros pacientes:<\/p>\n<h3>1. Extracci\u00f3n de Unidades Foliculares (FUE)<\/h3>\n<p>FUE consiste en la extracci\u00f3n de unidades foliculares individuales directamente de la zona donante utilizando una herramienta de perforaci\u00f3n especializada. Esta t\u00e9cnica ofrece:<\/p>\n<ul>\n<li>M\u00ednimas cicatrices<\/li>\n<li>Tiempo de recuperaci\u00f3n m\u00e1s r\u00e1pido<\/li>\n<li>Flexibilidad en la colocaci\u00f3n del injerto<\/li>\n<\/ul>\n<h3>2. Implantaci\u00f3n capilar directa (DHI)<\/h3>\n<p>La DHI es una t\u00e9cnica avanzada que permite la extracci\u00f3n y la implantaci\u00f3n simult\u00e1neas de injertos capilares. Entre sus ventajas se incluyen:<\/p>\n<ul>\n<li>Mayor precisi\u00f3n en la colocaci\u00f3n de los injertos<\/li>\n<li>Reducci\u00f3n del tiempo de permanencia de los injertos fuera del cuerpo<\/li>\n<li>Tasa de supervivencia de los injertos potencialmente mayor<\/li>\n<\/ul>\n<h3>3. DHI Rob\u00f3tico<\/h3>\n<p>Como pionera en tecnolog\u00eda de trasplante capilar, la Cl\u00ednica Exclusiva Dr. Terziler se enorgullece de ofrecer el DHI Rob\u00f3tico, la t\u00e9cnica de trasplante capilar m\u00e1s avanzada disponible. Este innovador m\u00e9todo combina la precisi\u00f3n de la rob\u00f3tica con la experiencia de nuestros cirujanos para proporcionar:<\/p>\n<ul>\n<li>Precisi\u00f3n sin precedentes en la extracci\u00f3n y colocaci\u00f3n de injertos<\/li>\n<li>Reducci\u00f3n al m\u00ednimo de los errores humanos<\/li>\n<li>Tiempos de intervenci\u00f3n m\u00e1s r\u00e1pidos<\/li>\n<li>Tasas optimizadas de supervivencia del injerto<\/li>\n<\/ul>\n<h2>Ventajas del injerto capilar<\/h2>\n<p>El injerto capilar ofrece numerosas ventajas a las personas que desean recuperar su cabello:<\/p>\n<ol>\n<li><strong>Resultados de aspecto natural<\/strong>: Los injertos se colocan para imitar los patrones naturales de crecimiento del cabello.<\/li>\n<li><strong>Soluci\u00f3n permanente<\/strong>: El cabello trasplantado es resistente a nuevas p\u00e9rdidas.<\/li>\n<li><strong>Mejora de la confianza en uno mismo<\/strong>: Restaurar el cabello puede aumentar significativamente la autoestima.<\/li>\n<li><strong>Versatilidad<\/strong>: Puede utilizarse para restaurar el pelo del cuero cabelludo, las cejas y la barba.<\/li>\n<li><strong>M\u00ednimamente invasiva<\/strong>: Las t\u00e9cnicas modernas dejan cicatrices m\u00ednimas y permiten una r\u00e1pida recuperaci\u00f3n.<\/li>\n<\/ol>\n<p>Comprender los injertos capilares es crucial para cualquiera que est\u00e9 considerando un trasplante capilar. En la Cl\u00ednica Exclusiva Dr. Terziler, aprovechamos nuestra experiencia y tecnolog\u00eda de vanguardia para ofrecer los mejores resultados posibles a nuestros pacientes. Si usted est\u00e1 tratando con un retroceso de cabello, adelgazamiento de la corona, o m\u00e1s extensa p\u00e9rdida de cabello, nuestro equipo puede crear un plan de tratamiento personalizado utilizando t\u00e9cnicas avanzadas de injerto para ayudarle a lograr la plena, el cabello de aspecto natural que usted desea.<\/p>\n<p>Si est\u00e1 pensando en someterse a un trasplante capilar o desea obtener m\u00e1s informaci\u00f3n sobre el injerto capilar, no dude en ponerse en contacto con la Cl\u00ednica Exclusiva Dr. Terziler. Nuestro equipo de expertos est\u00e1 listo para guiarle a trav\u00e9s del proceso y ayudarle a tomar una decisi\u00f3n informada sobre su viaje de restauraci\u00f3n capilar.<\/p>\n<details id=\"e-n-accordion-item-3980\" open>\n<summary data-accordion-index=\"1\" tabindex=\"0\" aria-expanded=\"true\" aria-controls=\"e-n-accordion-item-3980\" >\n\t\t\t\t\t \u00bfCu\u00e1ntos cabellos hay en un injerto?<br \/>\n\t\t\t<svg aria-hidden=\"true\" viewBox=\"0 0 448 512\" xmlns=\"http:\/\/www.w3.org\/2000\/svg\"><path d=\"M416 208H32c-17.67 0-32 14.33-32 32v32c0 17.67 14.33 32 32 32h384c17.67 0 32-14.33 32-32v-32c0-17.67-14.33-32-32-32z\"><\/path><\/svg><br \/>\n\t\t\t<svg aria-hidden=\"true\" viewBox=\"0 0 448 512\" xmlns=\"http:\/\/www.w3.org\/2000\/svg\"><path d=\"M416 208H272V64c0-17.67-14.33-32-32-32h-32c-17.67 0-32 14.33-32 32v144H32c-17.67 0-32 14.33-32 32v32c0 17.67 14.33 32 32 32h144v144c0 17.67 14.33 32 32 32h32c17.67 0 32-14.33 32-32V304h144c17.67 0 32-14.33 32-32v-32c0-17.67-14.33-32-32-32z\"><\/path><\/svg><br \/>\n\t\t\t\t\t\t<\/summary>\n<p>Cada injerto puede contener de 1 a 4 fol\u00edculos pilosos, dependiendo del m\u00e9todo de extracci\u00f3n y de las caracter\u00edsticas naturales del cabello del individuo.<\/p>\n<\/details>\n<details id=\"e-n-accordion-item-3981\" >\n<summary data-accordion-index=\"2\" tabindex=\"-1\" aria-expanded=\"false\" aria-controls=\"e-n-accordion-item-3981\" >\n\t\t\t\t\t \u00bfDe d\u00f3nde se extraen los injertos capilares?<br \/>\n\t\t\t<svg aria-hidden=\"true\" viewBox=\"0 0 448 512\" xmlns=\"http:\/\/www.w3.org\/2000\/svg\"><path d=\"M416 208H32c-17.67 0-32 14.33-32 32v32c0 17.67 14.33 32 32 32h384c17.67 0 32-14.33 32-32v-32c0-17.67-14.33-32-32-32z\"><\/path><\/svg><br \/>\n\t\t\t<svg aria-hidden=\"true\" viewBox=\"0 0 448 512\" xmlns=\"http:\/\/www.w3.org\/2000\/svg\"><path d=\"M416 208H272V64c0-17.67-14.33-32-32-32h-32c-17.67 0-32 14.33-32 32v144H32c-17.67 0-32 14.33-32 32v32c0 17.67 14.33 32 32 32h144v144c0 17.67 14.33 32 32 32h32c17.67 0 32-14.33 32-32V304h144c17.67 0 32-14.33 32-32v-32c0-17.67-14.33-32-32-32z\"><\/path><\/svg><br \/>\n\t\t\t\t\t\t<\/summary>\n<p>Los injertos capilares suelen extraerse de la zona donante de la parte posterior o los laterales del cuero cabelludo, ya que estos cabellos son m\u00e1s resistentes a la ca\u00edda hormonal. En algunos casos, puede utilizarse vello corporal (por ejemplo, de la barba o el pecho).<\/p>\n<\/details>\n<details id=\"e-n-accordion-item-3982\" >\n<summary data-accordion-index=\"3\" tabindex=\"-1\" aria-expanded=\"false\" aria-controls=\"e-n-accordion-item-3982\" >\n\t\t\t\t\t \u00bfCu\u00e1ntos injertos se necesitan para un trasplante capilar?<br \/>\n\t\t\t<svg aria-hidden=\"true\" viewBox=\"0 0 448 512\" xmlns=\"http:\/\/www.w3.org\/2000\/svg\"><path d=\"M416 208H32c-17.67 0-32 14.33-32 32v32c0 17.67 14.33 32 32 32h384c17.67 0 32-14.33 32-32v-32c0-17.67-14.33-32-32-32z\"><\/path><\/svg><br \/>\n\t\t\t<svg aria-hidden=\"true\" viewBox=\"0 0 448 512\" xmlns=\"http:\/\/www.w3.org\/2000\/svg\"><path d=\"M416 208H272V64c0-17.67-14.33-32-32-32h-32c-17.67 0-32 14.33-32 32v144H32c-17.67 0-32 14.33-32 32v32c0 17.67 14.33 32 32 32h144v144c0 17.67 14.33 32 32 32h32c17.67 0 32-14.33 32-32V304h144c17.67 0 32-14.33 32-32v-32c0-17.67-14.33-32-32-32z\"><\/path><\/svg><br \/>\n\t\t\t\t\t\t<\/summary>\n<p>El n\u00famero de injertos necesarios depende del tama\u00f1o de la zona calva, la densidad deseada y las caracter\u00edsticas capilares del paciente. Normalmente, pueden trasplantarse entre 1.000 y 4.000 injertos en una sola sesi\u00f3n.<\/p>\n<\/details>\n<details id=\"e-n-accordion-item-3983\" >\n<summary data-accordion-index=\"4\" tabindex=\"-1\" aria-expanded=\"false\" aria-controls=\"e-n-accordion-item-3983\" >\n\t\t\t\t\t \u00bfEs doloroso el proceso de extracci\u00f3n del injerto?<br \/>\n\t\t\t<svg aria-hidden=\"true\" viewBox=\"0 0 448 512\" xmlns=\"http:\/\/www.w3.org\/2000\/svg\"><path d=\"M416 208H32c-17.67 0-32 14.33-32 32v32c0 17.67 14.33 32 32 32h384c17.67 0 32-14.33 32-32v-32c0-17.67-14.33-32-32-32z\"><\/path><\/svg><br \/>\n\t\t\t<svg aria-hidden=\"true\" viewBox=\"0 0 448 512\" xmlns=\"http:\/\/www.w3.org\/2000\/svg\"><path d=\"M416 208H272V64c0-17.67-14.33-32-32-32h-32c-17.67 0-32 14.33-32 32v144H32c-17.67 0-32 14.33-32 32v32c0 17.67 14.33 32 32 32h144v144c0 17.67 14.33 32 32 32h32c17.67 0 32-14.33 32-32V304h144c17.67 0 32-14.33 32-32v-32c0-17.67-14.33-32-32-32z\"><\/path><\/svg><br \/>\n\t\t\t\t\t\t<\/summary>\n<p>No, el proceso no es doloroso, ya que se aplica anestesia local en la zona donante durante la extracci\u00f3n del injerto. Los pacientes pueden sentir ligeras molestias durante la recuperaci\u00f3n.<\/p>\n<\/details>\n<details id=\"e-n-accordion-item-3984\" >\n<summary data-accordion-index=\"5\" tabindex=\"-1\" aria-expanded=\"false\" aria-controls=\"e-n-accordion-item-3984\" >\n\t\t\t\t\t \u00bfPueden sobrevivir todos los injertos tras el trasplante?<br \/>\n\t\t\t<svg aria-hidden=\"true\" viewBox=\"0 0 448 512\" xmlns=\"http:\/\/www.w3.org\/2000\/svg\"><path d=\"M416 208H32c-17.67 0-32 14.33-32 32v32c0 17.67 14.33 32 32 32h384c17.67 0 32-14.33 32-32v-32c0-17.67-14.33-32-32-32z\"><\/path><\/svg><br \/>\n\t\t\t<svg aria-hidden=\"true\" viewBox=\"0 0 448 512\" xmlns=\"http:\/\/www.w3.org\/2000\/svg\"><path d=\"M416 208H272V64c0-17.67-14.33-32-32-32h-32c-17.67 0-32 14.33-32 32v144H32c-17.67 0-32 14.33-32 32v32c0 17.67 14.33 32 32 32h144v144c0 17.67 14.33 32 32 32h32c17.67 0 32-14.33 32-32V304h144c17.67 0 32-14.33 32-32v-32c0-17.67-14.33-32-32-32z\"><\/path><\/svg><br \/>\n\t\t\t\t\t\t<\/summary>\n<p>No todos los injertos sobreviven tras el trasplante, pero un cirujano experto puede lograr una tasa de supervivencia del 90% o superior utilizando las t\u00e9cnicas adecuadas y garantizando una manipulaci\u00f3n \u00f3ptima de los injertos.<\/p>\n<\/details>\n<details id=\"e-n-accordion-item-3985\" >\n<summary data-accordion-index=\"6\" tabindex=\"-1\" aria-expanded=\"false\" aria-controls=\"e-n-accordion-item-3985\" >\n\t\t\t\t\t \u00bfQu\u00e9 ocurre con la zona donante despu\u00e9s de retirar los injertos?<br \/>\n\t\t\t<svg aria-hidden=\"true\" viewBox=\"0 0 448 512\" xmlns=\"http:\/\/www.w3.org\/2000\/svg\"><path d=\"M416 208H32c-17.67 0-32 14.33-32 32v32c0 17.67 14.33 32 32 32h384c17.67 0 32-14.33 32-32v-32c0-17.67-14.33-32-32-32z\"><\/path><\/svg><br \/>\n\t\t\t<svg aria-hidden=\"true\" viewBox=\"0 0 448 512\" xmlns=\"http:\/\/www.w3.org\/2000\/svg\"><path d=\"M416 208H272V64c0-17.67-14.33-32-32-32h-32c-17.67 0-32 14.33-32 32v144H32c-17.67 0-32 14.33-32 32v32c0 17.67 14.33 32 32 32h144v144c0 17.67 14.33 32 32 32h32c17.67 0 32-14.33 32-32V304h144c17.67 0 32-14.33 32-32v-32c0-17.67-14.33-32-32-32z\"><\/path><\/svg><br \/>\n\t\t\t\t\t\t<\/summary>\n<p>La zona donante cicatriza en pocas semanas. En la FUE quedan peque\u00f1os puntos apenas visibles, mientras que la FUT puede dejar una cicatriz lineal que puede quedar oculta por el pelo circundante.<\/p>\n<\/details>\n<details id=\"e-n-accordion-item-3986\" >\n<summary data-accordion-index=\"7\" tabindex=\"-1\" aria-expanded=\"false\" aria-controls=\"e-n-accordion-item-3986\" >\n\t\t\t\t\t \u00bfPor qu\u00e9 es importante la calidad de los injertos capilares para que el trasplante tenga \u00e9xito?<br \/>\n\t\t\t<svg aria-hidden=\"true\" viewBox=\"0 0 448 512\" xmlns=\"http:\/\/www.w3.org\/2000\/svg\"><path d=\"M416 208H32c-17.67 0-32 14.33-32 32v32c0 17.67 14.33 32 32 32h384c17.67 0 32-14.33 32-32v-32c0-17.67-14.33-32-32-32z\"><\/path><\/svg><br \/>\n\t\t\t<svg aria-hidden=\"true\" viewBox=\"0 0 448 512\" xmlns=\"http:\/\/www.w3.org\/2000\/svg\"><path d=\"M416 208H272V64c0-17.67-14.33-32-32-32h-32c-17.67 0-32 14.33-32 32v144H32c-17.67 0-32 14.33-32 32v32c0 17.67 14.33 32 32 32h144v144c0 17.67 14.33 32 32 32h32c17.67 0 32-14.33 32-32V304h144c17.67 0 32-14.33 32-32v-32c0-17.67-14.33-32-32-32z\"><\/path><\/svg><br \/>\n\t\t\t\t\t\t<\/summary>\n<p>Los injertos de alta calidad garantizan mejores tasas de supervivencia, resultados de aspecto natural y crecimiento capilar a largo plazo. La recolecci\u00f3n, manipulaci\u00f3n y colocaci\u00f3n adecuadas de los injertos son esenciales para el \u00e9xito de un trasplante capilar.<\/p>\n<\/details>\n<p>Cada injerto puede contener de 1 a 4 fol\u00edculos pilosos, dependiendo del m\u00e9todo de extracci\u00f3n y de las caracter\u00edsticas naturales del cabello del individuo.<\/p>\n<p>Los injertos capilares suelen extraerse de la zona donante de la parte posterior o los laterales del cuero cabelludo, ya que estos cabellos son m\u00e1s resistentes a la ca\u00edda hormonal. En algunos casos, puede utilizarse vello corporal (por ejemplo, de la barba o el pecho).<\/p>\n<p>El n\u00famero de injertos necesarios depende del tama\u00f1o de la zona calva, la densidad deseada y las caracter\u00edsticas capilares del paciente. Normalmente, pueden trasplantarse entre 1.000 y 4.000 injertos en una sola sesi\u00f3n.<\/p>\n<p>No, el proceso no es doloroso, ya que se aplica anestesia local en la zona donante durante la extracci\u00f3n del injerto. Los pacientes pueden sentir ligeras molestias durante la recuperaci\u00f3n.<\/p>\n<p>No todos los injertos sobreviven tras el trasplante, pero un cirujano experto puede lograr una tasa de supervivencia del 90% o superior utilizando las t\u00e9cnicas adecuadas y garantizando una manipulaci\u00f3n \u00f3ptima de los injertos.<\/p>\n<p>La zona donante cicatriza en pocas semanas. En la FUE quedan peque\u00f1os puntos apenas visibles, mientras que la FUT puede dejar una cicatriz lineal que puede quedar oculta por el pelo circundante.<\/p>\n<p>Los injertos de alta calidad garantizan mejores tasas de supervivencia, resultados de aspecto natural y crecimiento capilar a largo plazo. La recolecci\u00f3n, manipulaci\u00f3n y colocaci\u00f3n adecuadas de los injertos son esenciales para el \u00e9xito de un trasplante capilar.<\/p>\n","protected":false},"excerpt":{"rendered":"<p>Dr. Terziler \u00cdndice \u00bfQu\u00e9 es el injerto capilar? La ca\u00edda del cabello puede ser una fuente de angustia para muchas personas, ya que afecta a su autoestima y confianza. Afortunadamente, las t\u00e9cnicas modernas de trasplante capilar ofrecen una soluci\u00f3n para recuperar toda la cabellera. La base de estos procedimientos es el concepto de injerto capilar. [&hellip;]<\/p>\n","protected":false},"author":6,"featured_media":0,"parent":0,"menu_order":0,"comment_status":"closed","ping_status":"closed","template":"","meta":{"footnotes":""},"class_list":["post-14842","page","type-page","status-publish","hentry"],"_links":{"self":[{"href":"https:\/\/drterziler.com\/es\/wp-json\/wp\/v2\/pages\/14842","targetHints":{"allow":["GET"]}}],"collection":[{"href":"https:\/\/drterziler.com\/es\/wp-json\/wp\/v2\/pages"}],"about":[{"href":"https:\/\/drterziler.com\/es\/wp-json\/wp\/v2\/types\/page"}],"author":[{"embeddable":true,"href":"https:\/\/drterziler.com\/es\/wp-json\/wp\/v2\/users\/6"}],"replies":[{"embeddable":true,"href":"https:\/\/drterziler.com\/es\/wp-json\/wp\/v2\/comments?post=14842"}],"version-history":[{"count":4,"href":"https:\/\/drterziler.com\/es\/wp-json\/wp\/v2\/pages\/14842\/revisions"}],"predecessor-version":[{"id":42990,"href":"https:\/\/drterziler.com\/es\/wp-json\/wp\/v2\/pages\/14842\/revisions\/42990"}],"wp:attachment":[{"href":"https:\/\/drterziler.com\/es\/wp-json\/wp\/v2\/media?parent=14842"}],"curies":[{"name":"wp","href":"https:\/\/api.w.org\/{rel}","templated":true}]}}