{"id":15919,"date":"2025-01-27T10:48:00","date_gmt":"2025-01-27T10:48:00","guid":{"rendered":"https:\/\/drterziler.com\/estetica-medica\/yuz-uygulamalari\/"},"modified":"2026-03-06T23:02:23","modified_gmt":"2026-03-06T23:02:23","slug":"tratamientos-faciales","status":"publish","type":"page","link":"https:\/\/drterziler.com\/es\/estetica-medica\/tratamientos-faciales\/","title":{"rendered":"Tratamientos Faciales"},"content":{"rendered":"<div class=\"page-content category-page\">\n<div id=\"header-area\">\n<div class=\"container\" id=\"firstContent\">\n<div class=\"header-content d-flex flex-column\">\n<h1 class=\"content-title\">Tratamientos Faciales<\/h1>\n<div class=\"content-paragraph\">\n                    Estamos aqu\u00ed por el rostro que deseas ver cuando te miras al espejo. Con nuestros dispositivos de tecnolog\u00eda avanzada y el toque de expertos, te guiamos en el viaje para rejuvenecer tu piel. La apariencia de tus sue\u00f1os est\u00e1 ahora a solo un paso, y en su forma m\u00e1s impecable.\n                <\/div>\n<nav aria-label=\"breadcrumb\" class=\"breadcrumbs\">\n<ul class=\"d-flex align-items-center mb-0\">\n<li><a class=\"link\" href=\"https:\/\/drterziler.com\/es\/\"><span>Dr. Terziler<\/span><\/a><\/li>\n<li class=\"separator\">\u00bb<\/li>\n<li><a class=\"link\" href=\"https:\/\/drterziler.com\/es\/estetica-medica\/\"><span>Est\u00e9tica M\u00e9dica<\/span><\/a><\/li>\n<li class=\"separator\">\u00bb<\/li>\n<li class=\"current-page\"><span>Tratamientos Faciales<\/span><\/li>\n<\/ul>\n<\/nav><\/div>\n<\/p><\/div>\n<\/p><\/div>\n<\/div>\n<section class=\"svc-section\">\n<div class=\"container\">\n<div class=\"svc-item right-card\">\n<div class=\"svc-media\">\n                <img decoding=\"async\" src=\"https:\/\/drterziler.com\/wp-content\/uploads\/2025\/01\/FRANSIZ-ASKISI.webp\" loading=\"lazy\" class=\"cat-img\" alt=\"\">\n            <\/div>\n<div class=\"svc-card\">\n<h3 class=\"svc-title gilda\">Levantamiento de Hilo Franc\u00e9s<\/h3>\n<p class=\"svc-text barlow\">\n                    El levantamiento con hilos franceses crea un efecto de elevaci\u00f3n natural al suspender los contornos faciales con hilos finos colocados bajo la piel. Tensa la piel, tratando la flacidez y el descolgamiento, proporcionando una apariencia juvenil y din\u00e1mica. El procedimiento es m\u00ednimamente invasivo y se realiza normalmente con anestesia local.\n                <\/p>\n<p>                <a class=\"btn-details barlow-condensed\" href=\"https:\/\/drterziler.com\/es\/estetica-medica\/tratamientos-faciales\/levantamiento-de-hilo-frances\/\">DETALLES<\/a>\n            <\/div>\n<\/p><\/div>\n<div class=\"svc-item left-card\">\n<div class=\"svc-media\">\n                <img decoding=\"async\" src=\"https:\/\/drterziler.com\/wp-content\/uploads\/2025\/01\/Likit-Yuz-Germe.webp\" loading=\"lazy\" class=\"cat-img\" alt=\"\">\n            <\/div>\n<div class=\"svc-card\">\n<h3 class=\"svc-title gilda\">Estiramiento Facial L\u00edquido<\/h3>\n<p class=\"svc-text barlow\">\n                    Los liftings l\u00edquidos moldean los contornos faciales y tensan la piel utilizando \u00e1cido hialur\u00f3nico y materiales de relleno similares. Al proporcionar resultados r\u00e1pidos y efectivos, rejuvenece el rostro sin necesidad de intervenci\u00f3n quir\u00fargica. El descolgamiento y las l\u00edneas en la cara se reducen significativamente.\n                <\/p>\n<p>                <a class=\"btn-details barlow-condensed\" href=\"https:\/\/drterziler.com\/es\/estetica-medica\/tratamientos-faciales\/estiramiento-facial-liquido\/\">DETALLES<\/a>\n            <\/div>\n<\/p><\/div>\n<div class=\"svc-item right-card\">\n<div class=\"svc-media\">\n                <img decoding=\"async\" src=\"https:\/\/drterziler.com\/wp-content\/uploads\/2025\/01\/Dolgu-Tedavisi.webp\" loading=\"lazy\" class=\"cat-img\" alt=\"\">\n            <\/div>\n<div class=\"svc-card\">\n<h3 class=\"svc-title gilda\">Rellenos<\/h3>\n<p class=\"svc-text barlow\">\n                    El ajetreo de la vida diaria, el estr\u00e9s y los efectos del envejecimiento se reflejan gradualmente en su piel, pero es posible revertir este cambio. Los diversos tratamientos de relleno que ofrecemos en nuestra cl\u00ednica restauran el volumen perdido, definen los contornos y suavizan su piel. Con resultados instant\u00e1neos y un tiempo de recuperaci\u00f3n m\u00ednimo, proporciona un rejuvenecimiento natural, haci\u00e9ndole sentir m\u00e1s fresco y joven.\n                <\/p>\n<p>                <a class=\"btn-details barlow-condensed\" href=\"https:\/\/drterziler.com\/es\/estetica-medica\/tratamientos-faciales\/relleno\/\">DETALLES<\/a>\n            <\/div>\n<\/p><\/div>\n<div class=\"svc-item left-card\">\n<div class=\"svc-media\">\n                <img decoding=\"async\" src=\"https:\/\/drterziler.com\/wp-content\/uploads\/2025\/01\/Botoks.webp\" loading=\"lazy\" class=\"cat-img\" alt=\"\">\n            <\/div>\n<div class=\"svc-card\">\n<h3 class=\"svc-title gilda\">Botox (Toxina Botul\u00ednica)<\/h3>\n<p class=\"svc-text barlow\">\n                    El Botox es un m\u00e9todo de tratamiento eficaz que rejuvenece los rasgos faciales y previene las arrugas. Al relajar temporalmente los m\u00fasculos, reduce las l\u00edneas y arrugas. Uno de los tratamientos est\u00e9ticos m\u00e1s populares, el Botox proporciona resultados r\u00e1pidos y seguros sin necesidad de intervenci\u00f3n quir\u00fargica. Alivia los signos del envejecimiento en la piel, haciendo que la expresi\u00f3n facial parezca m\u00e1s vibrante y juvenil.\n                <\/p>\n<p>                <a class=\"btn-details barlow-condensed\" href=\"https:\/\/drterziler.com\/es\/estetica-medica\/tratamientos-faciales\/botox-toxina-botulinica\/\">DETALLES<\/a>\n            <\/div>\n<\/p><\/div>\n<div class=\"svc-item right-card\">\n<div class=\"svc-media\">\n                <img decoding=\"async\" src=\"https:\/\/drterziler.com\/wp-content\/uploads\/2025\/01\/Mezoterapi.webp\" loading=\"lazy\" class=\"cat-img\" alt=\"\">\n            <\/div>\n<div class=\"svc-card\">\n<h3 class=\"svc-title gilda\">Mesoterapia<\/h3>\n<p class=\"svc-text barlow\">\n                    La mesoterapia es un m\u00e9todo de tratamiento eficaz que impacta profundamente en su piel, proporcionando juventud, vitalidad y luminosidad. A trav\u00e9s de microinyecciones de vitaminas, minerales, \u00e1cido hialur\u00f3nico y otros ingredientes nutritivos bajo la piel, asegura que su cutis reciba todos los nutrientes que necesita. Como resultado, se logra una apariencia vibrante y radiante.\n                <\/p>\n<p>                <a class=\"btn-details barlow-condensed\" href=\"https:\/\/drterziler.com\/es\/estetica-medica\/tratamientos-faciales\/mesoterapia\/\">DETALLES<\/a>\n            <\/div>\n<\/p><\/div>\n<div class=\"svc-item left-card\">\n<div class=\"svc-media\">\n                <img decoding=\"async\" src=\"https:\/\/drterziler.com\/wp-content\/uploads\/2025\/01\/PRP-ve-Egzozom-Plazma-Uygulamalari.webp\" loading=\"lazy\" class=\"cat-img\" alt=\"\">\n            <\/div>\n<div class=\"svc-card\">\n<h3 class=\"svc-title gilda\">Tratamientos de PRP y Plasma de Exosomas<\/h3>\n<p class=\"svc-text barlow\">\n                    Las aplicaciones de PRP y Plasma de Exosomas restauran un brillo juvenil a su piel mientras proporcionan una apariencia m\u00e1s densa y saludable a su cabello. Estas tecnolog\u00edas avanzadas activan los mecanismos naturales de regeneraci\u00f3n, logrando un impacto significativo en el mundo de la belleza y el cuidado, con una amplia gama de efectos desde la reducci\u00f3n de arrugas hasta la prevenci\u00f3n de la ca\u00edda del cabello.\n                <\/p>\n<p>                <a class=\"btn-details barlow-condensed\" href=\"https:\/\/drterziler.com\/es\/estetica-medica\/tratamientos-faciales\/tratamientos-con-prp-y-plasma-de-exosomas\/\">DETALLES<\/a>\n            <\/div>\n<\/p><\/div>\n<div class=\"svc-item right-card\">\n<div class=\"svc-media\">\n                <img decoding=\"async\" src=\"https:\/\/drterziler.com\/wp-content\/uploads\/2025\/01\/Kok-Hucre-Uygulamalari.webp\" loading=\"lazy\" class=\"cat-img\" alt=\"\">\n            <\/div>\n<div class=\"svc-card\">\n<h3 class=\"svc-title gilda\">Tratamientos con C\u00e9lulas Madre<\/h3>\n<p class=\"svc-text barlow\">\n                    La terapia con c\u00e9lulas madre es una tecnolog\u00eda de salud avanzada que desbloquea el potencial del cuerpo para la autorreparaci\u00f3n y la regeneraci\u00f3n. Este tratamiento especializado activa los mecanismos naturales de reparaci\u00f3n de las c\u00e9lulas, promoviendo la juventud, la resiliencia y la energ\u00eda. Al ofrecer un enfoque personalizado, la terapia con c\u00e9lulas madre apoya la salud general y mejora la calidad de vida.\n                <\/p>\n<p>                <a class=\"btn-details barlow-condensed\" href=\"https:\/\/drterziler.com\/es\/estetica-medica\/tratamientos-faciales\/tratamientos-con-celulas-madre\/\">DETALLES<\/a>\n            <\/div>\n<\/p><\/div>\n<div class=\"svc-item left-card\">\n<div class=\"svc-media\">\n                <img decoding=\"async\" src=\"https:\/\/drterziler.com\/wp-content\/uploads\/2025\/01\/Skinbooster.webp\" loading=\"lazy\" class=\"cat-img\" alt=\"\">\n            <\/div>\n<div class=\"svc-card\">\n<h3 class=\"svc-title gilda\">Potenciador de Piel<\/h3>\n<p class=\"svc-text barlow\">\n                    Es un m\u00e9todo de tratamiento altamente efectivo e innovador que revitaliza la salud y la apariencia de la piel. Con su f\u00f3rmula que contiene \u00e1cido hialur\u00f3nico, hidrata profundamente la piel, aumenta la elasticidad y minimiza los signos del envejecimiento. Al proporcionar una apariencia natural y radiante, crea un efecto de rejuvenecimiento saludable y hace que la piel parezca m\u00e1s vibrante.\n                <\/p>\n<p>                <a class=\"btn-details barlow-condensed\" href=\"https:\/\/drterziler.com\/es\/estetica-medica\/tratamientos-faciales\/potenciador-de-piel\/\">DETALLES<\/a>\n            <\/div>\n<\/p><\/div>\n<div class=\"svc-item right-card\">\n<div class=\"svc-media\">\n                <img decoding=\"async\" src=\"https:\/\/drterziler.com\/wp-content\/uploads\/2025\/01\/Dermapen.webp\" loading=\"lazy\" class=\"cat-img\" alt=\"\">\n            <\/div>\n<div class=\"svc-card\">\n<h3 class=\"svc-title gilda\">Dermapen<\/h3>\n<p class=\"svc-text barlow\">\n                    Dermapen es un dispositivo eficaz utilizado en procedimientos destinados a estimular los fol\u00edculos pilosos y mejorar la salud del cuero cabelludo. Las finas microagujas crean canales diminutos en el cuero cabelludo, aumentando el flujo sangu\u00edneo, permitiendo que los fol\u00edculos reciban m\u00e1s nutrici\u00f3n y maximizando la efectividad de los tratamientos. Se aplica de una manera completamente indolora y c\u00f3moda.\n                <\/p>\n<p>                <a class=\"btn-details barlow-condensed\" href=\"https:\/\/drterziler.com\/es\/estetica-medica\/tratamientos-faciales\/dermapen-es\/\">DETALLES<\/a>\n            <\/div>\n<\/p><\/div>\n<\/p><\/div>\n<\/section>\n","protected":false},"excerpt":{"rendered":"<p>Tratamientos Faciales Estamos aqu\u00ed por el rostro que deseas ver cuando te miras al espejo. Con nuestros dispositivos de tecnolog\u00eda avanzada y el toque de expertos, te guiamos en el viaje para rejuvenecer tu piel. La apariencia de tus sue\u00f1os est\u00e1 ahora a solo un paso, y en su forma m\u00e1s impecable. Dr. Terziler \u00bb [&hellip;]<\/p>\n","protected":false},"author":6,"featured_media":0,"parent":2504,"menu_order":0,"comment_status":"closed","ping_status":"closed","template":"","meta":{"footnotes":""},"class_list":["post-15919","page","type-page","status-publish","hentry"],"_links":{"self":[{"href":"https:\/\/drterziler.com\/es\/wp-json\/wp\/v2\/pages\/15919","targetHints":{"allow":["GET"]}}],"collection":[{"href":"https:\/\/drterziler.com\/es\/wp-json\/wp\/v2\/pages"}],"about":[{"href":"https:\/\/drterziler.com\/es\/wp-json\/wp\/v2\/types\/page"}],"author":[{"embeddable":true,"href":"https:\/\/drterziler.com\/es\/wp-json\/wp\/v2\/users\/6"}],"replies":[{"embeddable":true,"href":"https:\/\/drterziler.com\/es\/wp-json\/wp\/v2\/comments?post=15919"}],"version-history":[{"count":80,"href":"https:\/\/drterziler.com\/es\/wp-json\/wp\/v2\/pages\/15919\/revisions"}],"predecessor-version":[{"id":59841,"href":"https:\/\/drterziler.com\/es\/wp-json\/wp\/v2\/pages\/15919\/revisions\/59841"}],"up":[{"embeddable":true,"href":"https:\/\/drterziler.com\/es\/wp-json\/wp\/v2\/pages\/2504"}],"wp:attachment":[{"href":"https:\/\/drterziler.com\/es\/wp-json\/wp\/v2\/media?parent=15919"}],"curies":[{"name":"wp","href":"https:\/\/api.w.org\/{rel}","templated":true}]}}