{"id":16094,"date":"2025-01-27T12:06:11","date_gmt":"2025-01-27T12:06:11","guid":{"rendered":"https:\/\/drterziler.com\/estetica-medica\/yuz-uygulamalari\/fransiz-aski\/"},"modified":"2026-04-21T14:44:03","modified_gmt":"2026-04-21T14:44:03","slug":"levantamiento-de-hilo-frances","status":"publish","type":"page","link":"https:\/\/drterziler.com\/es\/estetica-medica\/tratamientos-faciales\/levantamiento-de-hilo-frances\/","title":{"rendered":"Levantamiento de Hilo Franc\u00e9s"},"content":{"rendered":"<div class=\"page-content\">\n<div id=\"header-area\">\n<div class=\"container\" id=\"firstContent\">\n<div class=\"header-content d-flex flex-column\">\n<h1 class=\"content-title h1-header\">Levantamiento de Hilo Franc\u00e9s<\/h1>\n<div class=\"content-paragraph\">\n<p class=\"p-text\">El lifting con hilo franc\u00e9s crea un efecto lifting natural al suspender los contornos faciales con finos hilos colocados debajo de la piel. Tensa la piel, aborda la flacidez y la flacidez, brindando una apariencia juvenil y din\u00e1mica. El procedimiento es m\u00ednimamente invasivo y normalmente se realiza con anestesia local.<\/p>\n<\/p><\/div>\n<nav aria-label=\"breadcrumb\" class=\"breadcrumbs\">\n<ul class=\"d-flex align-items-center mb-0\">\n<li><a class=\"link\" href=\"https:\/\/drterziler.com\/es\/\"><span>Dr. Terziler Exclusive Clinic<\/span><\/a><\/li>\n<li class=\"separator\">\u00bb<\/li>\n<li><a class=\"link\" href=\"https:\/\/drterziler.com\/es\/estetica-medica\/\"><span>Est\u00e9tica m\u00e9dica<\/span><\/a><\/li>\n<li class=\"separator\">\u00bb<\/li>\n<li><a class=\"link\" href=\"https:\/\/drterziler.com\/es\/estetica-medica\/tratamientos-faciales\/\"><span>Tratamientos Faciales<\/span><\/a><\/li>\n<li class=\"separator\">\u00bb<\/li>\n<li class=\"current-page\"><span>Levantamiento de Hilo Franc\u00e9s<\/span><\/li>\n<\/ul>\n<\/nav><\/div>\n<\/p><\/div>\n<\/p><\/div>\n<\/div>\n<section id=\"content-area\">\n<div class=\"container my-5\">\n<div class=\"row align-items-start\">\n<div class=\"col-md-6 order-2 order-md-1\">\n<div class=\"custom-toc-box\">\n<div id=\"toc-header\">\n<h4>\u00cdndice<\/h4>\n<div class=\"toc-toggle-icon\"><\/div>\n<\/p><\/div>\n<div class=\"toc-full-divider\"><\/div>\n<div id=\"toc-body\">\n<div id=\"toc-container\"><\/div>\n<\/p><\/div>\n<\/p><\/div>\n<\/p><\/div>\n<div class=\"col-md-6 order-1 order-md-2\" id=\"jForm\">\n                <script type=\"text\/javascript\" src=\"https:\/\/form.jotform.com\/jsform\/242881767918979\"><\/script>\n            <\/div>\n<\/p><\/div>\n<\/p><\/div>\n<div class=\"container\">\n<div class=\"img-thumb\">\n            <img loading=\"lazy\" decoding=\"async\" width=\"1920\" height=\"1080\" src=\"https:\/\/drterziler.com\/wp-content\/uploads\/2025\/01\/FRANSIZ-ASKISI.webp\" alt=\"\" srcset=\"https:\/\/drterziler.com\/wp-content\/uploads\/2025\/01\/FRANSIZ-ASKISI.webp 1920w, https:\/\/drterziler.com\/wp-content\/uploads\/2025\/01\/FRANSIZ-ASKISI-300x169.webp 300w, https:\/\/drterziler.com\/wp-content\/uploads\/2025\/01\/FRANSIZ-ASKISI-1024x576.webp 1024w, https:\/\/drterziler.com\/wp-content\/uploads\/2025\/01\/FRANSIZ-ASKISI-768x432.webp 768w, https:\/\/drterziler.com\/wp-content\/uploads\/2025\/01\/FRANSIZ-ASKISI-1536x864.webp 1536w\" sizes=\"auto, (max-width: 1920px) 100vw, 1920px\">\n        <\/div>\n<div>\n<div>\n<h2 class=\"h2-header\">\u00bfQu\u00e9 es el Lifting con Hilos Franceses?<\/h2>\n<\/p><\/div>\n<div>\n<p class=\"p-text\">El Lifting con Hilos Franceses es una t\u00e9cnica de levantamiento facial no quir\u00fargica y efectiva que no requiere anestesia. Los hilos especiales colocados bajo la piel elevan los contornos faciales, corrigiendo la flacidez y la laxitud. Adem\u00e1s, estimula la producci\u00f3n de col\u00e1geno debajo de la piel, proporcionando una apariencia m\u00e1s firme y joven.<\/p>\n<\/p><\/div>\n<\/p><\/div>\n<div>\n<div>\n<h2 class=\"h2-header\">\u00bfC\u00f3mo Afecta el Lifting con Hilos Franceses a la Piel?<\/h2>\n<\/p><\/div>\n<div>\n<p class=\"p-text\">El Lifting con Hilos Franceses funciona con hilos flexibles colocados en las capas m\u00e1s profundas de la piel. Estos hilos crean un efecto de levantamiento inmediato, tensando la piel fl\u00e1cida y promoviendo la producci\u00f3n de col\u00e1geno. Como resultado, la piel se vuelve m\u00e1s firme, voluminosa y adquiere una apariencia juvenil. Adem\u00e1s, los rasgos faciales se definen mejor y se elimina la flacidez en \u00e1reas como las cejas, el ment\u00f3n y los p\u00f3mulos.<\/p>\n<\/p><\/div>\n<\/p><\/div>\n<div>\n<div>\n<h2 class=\"h2-header\">\u00bfQui\u00e9nes Son Candidatos Adecuados?<\/h2>\n<\/p><\/div>\n<div>\n<p class=\"p-text\">Personas entre 35 y 60 a\u00f1os Quienes experimentan flacidez leve o moderada en el rostro Personas que prefieren soluciones no quir\u00fargicas pero buscan resultados efectivos Individuos que han pasado por cirug\u00eda previamente y han notado laxitud en los tejidos Personas con buena salud general<\/p>\n<\/p><\/div>\n<\/p><\/div>\n<div>\n<div>\n<h2 class=\"h2-header\">\u00bfQu\u00e9 Problemas de la Piel Trata?<\/h2>\n<\/p><\/div>\n<div>\n<p class=\"p-text\">El Lifting con Hilos Franceses trata la flacidez facial, la laxitud en la l\u00ednea de la mand\u00edbula, la p\u00e9rdida de definici\u00f3n en los p\u00f3mulos, la apariencia cansada y opaca, la ca\u00edda de las cejas y otros problemas de la piel. Adem\u00e1s, restaura la elasticidad en la zona de los ojos y el cuello, proporcionando una apariencia m\u00e1s juvenil.<\/p>\n<\/p><\/div>\n<\/p><\/div>\n<div>\n<div>\n<h2 class=\"h2-header\">Las Ventajas Perfectas del Lifting con Hilos Franceses<\/h2>\n<\/p><\/div>\n<div>\n<p class=\"p-text\">Procedimiento no quir\u00fargico Resultados inmediatos Efecto rejuvenecedor duradero Tiempo de recuperaci\u00f3n m\u00ednimo Apariencia natural y est\u00e9tica Alta seguridad Soluciona m\u00faltiples problemas faciales a la vez Aplicaci\u00f3n r\u00e1pida y sencilla Efectos permanentes<\/p>\n<\/p><\/div>\n<\/p><\/div>\n<div>\n<div>\n<h2 class=\"h2-header\">\u00bfCu\u00e1nto Tiempo Dura el Efecto?<\/h2>\n<\/p><\/div>\n<div>\n<p class=\"p-text\">El Lifting con Hilos Franceses generalmente proporciona resultados efectivos durante 3 a 5 a\u00f1os. La duraci\u00f3n del efecto puede variar seg\u00fan factores como la edad, el tipo de piel y la calidad de los hilos utilizados. Durante este per\u00edodo, la producci\u00f3n continua de col\u00e1geno ayuda a mantener el efecto rejuvenecedor en la piel.<\/p>\n<\/p><\/div>\n<\/p><\/div>\n<div>\n<div>\n<h2 class=\"h2-header\">Lifting con Hilos Franceses sin Cirug\u00eda<\/h2>\n<\/p><\/div>\n<div>\n<p class=\"p-text\">El Lifting con Hilos Franceses es una soluci\u00f3n no quir\u00fargica para el levantamiento facial. Realizado bajo anestesia local, el proceso de recuperaci\u00f3n es muy r\u00e1pido. Este procedimiento, que no conlleva riesgos quir\u00fargicos, moldea los contornos faciales de manera natural, logrando un rejuvenecimiento.<\/p>\n<\/p><\/div>\n<\/p><\/div>\n<div>\n<div>\n<h2 class=\"h2-header\">\u00bfExisten Efectos Secundarios?<\/h2>\n<\/p><\/div>\n<div>\n<p class=\"p-text\">El Lifting con Hilos Franceses es generalmente un m\u00e9todo seguro. Sin embargo, se puede experimentar un leve enrojecimiento, hinchaz\u00f3n o sensibilidad despu\u00e9s del procedimiento. Estos efectos secundarios suelen desaparecer por s\u00ed solos en unos pocos d\u00edas.<\/p>\n<\/p><\/div>\n<\/p><\/div>\n<div>\n<div>\n<h2 class=\"h2-header\">\u00bfPor Qu\u00e9 Elegir la Cl\u00ednica Exclusiva Dr. Terziler?<\/h2>\n<\/p><\/div>\n<div>\n<p class=\"p-text\">El Dr. Terziler combina una experiencia reconocida mundialmente con un enfoque est\u00e9tico que fusiona arte y ciencia, ofreciendo soluciones personalizadas que brindan no solo transformaci\u00f3n f\u00edsica, sino tambi\u00e9n emocional. Nuestra cl\u00ednica, equipada con tecnolog\u00edas avanzadas y operando con un enfoque en la comodidad y seguridad, adopta la excelencia como filosof\u00eda institucional. Porque aqu\u00ed, cada detalle est\u00e1 dise\u00f1ado para mejorar tu bienestar integral y felicidad.<\/p>\n<\/p><\/div>\n<\/p><\/div>\n<\/p><\/div>\n<\/section>\n","protected":false},"excerpt":{"rendered":"<p>Levantamiento de Hilo Franc\u00e9s El lifting con hilo franc\u00e9s crea un efecto lifting natural al suspender los contornos faciales con finos hilos colocados debajo de la piel. Tensa la piel, aborda la flacidez y la flacidez, brindando una apariencia juvenil y din\u00e1mica. El procedimiento es m\u00ednimamente invasivo y normalmente se realiza con anestesia local. Dr. [&hellip;]<\/p>\n","protected":false},"author":6,"featured_media":0,"parent":15919,"menu_order":0,"comment_status":"closed","ping_status":"closed","template":"","meta":{"footnotes":""},"class_list":["post-16094","page","type-page","status-publish","hentry"],"_links":{"self":[{"href":"https:\/\/drterziler.com\/es\/wp-json\/wp\/v2\/pages\/16094","targetHints":{"allow":["GET"]}}],"collection":[{"href":"https:\/\/drterziler.com\/es\/wp-json\/wp\/v2\/pages"}],"about":[{"href":"https:\/\/drterziler.com\/es\/wp-json\/wp\/v2\/types\/page"}],"author":[{"embeddable":true,"href":"https:\/\/drterziler.com\/es\/wp-json\/wp\/v2\/users\/6"}],"replies":[{"embeddable":true,"href":"https:\/\/drterziler.com\/es\/wp-json\/wp\/v2\/comments?post=16094"}],"version-history":[{"count":14,"href":"https:\/\/drterziler.com\/es\/wp-json\/wp\/v2\/pages\/16094\/revisions"}],"predecessor-version":[{"id":62413,"href":"https:\/\/drterziler.com\/es\/wp-json\/wp\/v2\/pages\/16094\/revisions\/62413"}],"up":[{"embeddable":true,"href":"https:\/\/drterziler.com\/es\/wp-json\/wp\/v2\/pages\/15919"}],"wp:attachment":[{"href":"https:\/\/drterziler.com\/es\/wp-json\/wp\/v2\/media?parent=16094"}],"curies":[{"name":"wp","href":"https:\/\/api.w.org\/{rel}","templated":true}]}}