{"id":16303,"date":"2025-01-27T12:45:37","date_gmt":"2025-01-27T12:45:37","guid":{"rendered":"https:\/\/drterziler.com\/estetica-medica\/yuz-uygulamalari\/relleno\/cene-dolgusu\/"},"modified":"2026-04-21T14:41:15","modified_gmt":"2026-04-21T14:41:15","slug":"relleno-de-menton","status":"publish","type":"page","link":"https:\/\/drterziler.com\/es\/estetica-medica\/tratamientos-faciales\/relleno\/relleno-de-menton\/","title":{"rendered":"Relleno de Ment\u00f3n"},"content":{"rendered":"<div class=\"page-content\">\n<div id=\"header-area\">\n<div class=\"container\" id=\"firstContent\">\n<div class=\"header-content d-flex flex-column\">\n<h1 class=\"content-title h1-header\">Relleno de Ment\u00f3n<\/h1>\n<div class=\"content-paragraph\">\n<p class=\"p-text\">El relleno de ment\u00f3n es un procedimiento est\u00e9tico dise\u00f1ado para definir la forma y los contornos del ment\u00f3n. Este tratamiento equilibra los rasgos faciales, creando una apariencia m\u00e1s atractiva y sim\u00e9trica. Se realiza utilizando materiales de relleno como el \u00e1cido hialur\u00f3nico y ofrece un proceso de tratamiento c\u00f3modo.<\/p>\n<\/p><\/div>\n<nav aria-label=\"breadcrumb\" class=\"breadcrumbs\">\n<ul class=\"d-flex align-items-center mb-0\">\n<li><a class=\"link\" href=\"https:\/\/drterziler.com\/es\/\"><span>Dr. Terziler Exclusive Clinic<\/span><\/a><\/li>\n<li class=\"separator\">\u00bb<\/li>\n<li><a class=\"link\" href=\"https:\/\/drterziler.com\/es\/estetica-medica\/\"><span>Est\u00e9tica m\u00e9dica<\/span><\/a><\/li>\n<li class=\"separator\">\u00bb<\/li>\n<li><a class=\"link\" href=\"https:\/\/drterziler.com\/es\/estetica-medica\/tratamientos-faciales\/\"><span>Tratamientos Faciales<\/span><\/a><\/li>\n<li class=\"separator\">\u00bb<\/li>\n<li><a class=\"link\" href=\"https:\/\/drterziler.com\/es\/estetica-medica\/tratamientos-faciales\/relleno\/\"><span>Relleno<\/span><\/a><\/li>\n<li class=\"separator\">\u00bb<\/li>\n<li class=\"current-page\"><span>Relleno de Ment\u00f3n<\/span><\/li>\n<\/ul>\n<\/nav><\/div>\n<\/p><\/div>\n<\/p><\/div>\n<\/div>\n<section id=\"content-area\">\n<div class=\"container my-5\">\n<div class=\"row align-items-start\">\n<div class=\"col-md-6 order-2 order-md-1\">\n<div class=\"custom-toc-box\">\n<div id=\"toc-header\">\n<h4>\u00cdndice<\/h4>\n<div class=\"toc-toggle-icon\"><\/div>\n<\/p><\/div>\n<div class=\"toc-full-divider\"><\/div>\n<div id=\"toc-body\">\n<div id=\"toc-container\"><\/div>\n<\/p><\/div>\n<\/p><\/div>\n<\/p><\/div>\n<div class=\"col-md-6 order-1 order-md-2\" id=\"jForm\">\n                <script type=\"text\/javascript\" src=\"https:\/\/form.jotform.com\/jsform\/242881767918979\"><\/script>\n            <\/div>\n<\/p><\/div>\n<\/p><\/div>\n<div class=\"container\">\n<div class=\"img-thumb\">\n            <img loading=\"lazy\" decoding=\"async\" width=\"1920\" height=\"1080\" src=\"https:\/\/drterziler.com\/wp-content\/uploads\/2025\/01\/Cene-Dolgusu.webp\" alt=\"\" srcset=\"https:\/\/drterziler.com\/wp-content\/uploads\/2025\/01\/Cene-Dolgusu.webp 1920w, https:\/\/drterziler.com\/wp-content\/uploads\/2025\/01\/Cene-Dolgusu-300x169.webp 300w, https:\/\/drterziler.com\/wp-content\/uploads\/2025\/01\/Cene-Dolgusu-1024x576.webp 1024w, https:\/\/drterziler.com\/wp-content\/uploads\/2025\/01\/Cene-Dolgusu-768x432.webp 768w, https:\/\/drterziler.com\/wp-content\/uploads\/2025\/01\/Cene-Dolgusu-1536x864.webp 1536w\" sizes=\"auto, (max-width: 1920px) 100vw, 1920px\">\n        <\/div>\n<div>\n<div>\n<h2 class=\"h2-header\">\u00bfQu\u00e9 es el Relleno de Ment\u00f3n?<\/h2>\n<\/p><\/div>\n<div>\n<p class=\"p-text\">El relleno de ment\u00f3n es un procedimiento est\u00e9tico m\u00e9dico no quir\u00fargico realizado para dar forma, definir y equilibrar la est\u00e9tica general del rostro. Este procedimiento generalmente utiliza rellenos como \u00e1cido hialur\u00f3nico, hidroxiapatita de calcio u otras sustancias similares. Puede aplicarse con diversos prop\u00f3sitos, como acentuar la l\u00ednea de la mand\u00edbula, alargar el ment\u00f3n o agregar volumen a la zona del ment\u00f3n.<\/p>\n<\/p><\/div>\n<\/p><\/div>\n<div>\n<div>\n<h2 class=\"h2-header\">\u00bfPara Qui\u00e9n es Adecuado?<\/h2>\n<\/p><\/div>\n<div>\n<p class=\"p-text\">Personas que desean definir m\u00e1s sus rasgos faciales Personas con asimetr\u00eda en el ment\u00f3n Quienes buscan una apariencia facial m\u00e1s equilibrada Personas cuya l\u00ednea del ment\u00f3n se ha debilitado debido al envejecimiento Individuos que experimentan arrugas o flacidez en el rostro Personas con p\u00e9rdida de volumen en la punta del ment\u00f3n Quienes desean mejorar la apariencia de su l\u00ednea mandibular Quienes no desean someterse a una intervenci\u00f3n quir\u00fargica Personas que desean a\u00f1adir un contorno natural a la zona del ment\u00f3n Quienes buscan una apariencia juvenil y fresca<\/p>\n<\/p><\/div>\n<\/p><\/div>\n<div>\n<div>\n<h2 class=\"h2-header\">\u00bfCu\u00e1les Son los Beneficios?<\/h2>\n<\/p><\/div>\n<div>\n<p class=\"p-text\">Mejora los rasgos faciales Corrige la estructura asim\u00e9trica del ment\u00f3n Proporciona un contorno facial atractivo y equilibrado Restaura el volumen perdido debido al envejecimiento No requiere intervenci\u00f3n quir\u00fargica Tiempo de recuperaci\u00f3n corto Proporciona resultados inmediatos Brinda una apariencia natural y est\u00e9tica Ofrece resultados duraderos<\/p>\n<\/p><\/div>\n<\/p><\/div>\n<div>\n<div>\n<h2 class=\"h2-header\">\u00bfC\u00f3mo se Aplica el Relleno de Ment\u00f3n?<\/h2>\n<\/p><\/div>\n<div>\n<p class=\"p-text\">El procedimiento de relleno de ment\u00f3n es realizado por un esteticista o dermat\u00f3logo experto. En el primer paso, se adormece la zona del ment\u00f3n con anestesia local. Luego, se selecciona un relleno, como \u00e1cido hialur\u00f3nico, y se inyecta en la zona del ment\u00f3n utilizando agujas. El procedimiento suele durar entre 15 y 30 minutos, y puedes retomar tus actividades diarias de inmediato.<\/p>\n<\/p><\/div>\n<\/p><\/div>\n<div>\n<div>\n<h2 class=\"h2-header\">\u00bfQu\u00e9 Tipo de Apariencia Proporciona el Relleno de Ment\u00f3n?<\/h2>\n<\/p><\/div>\n<div>\n<p class=\"p-text\">El relleno de mand\u00edbula define la l\u00ednea del ment\u00f3n y proporciona una apariencia m\u00e1s marcada. Mejora los contornos debajo del ment\u00f3n y equilibra la armon\u00eda facial en general. Adem\u00e1s, aporta un perfil m\u00e1s juvenil y est\u00e9tico.<\/p>\n<\/p><\/div>\n<\/p><\/div>\n<div>\n<div>\n<h2 class=\"h2-header\">\u00bfEs un Procedimiento Doloroso?<\/h2>\n<\/p><\/div>\n<div>\n<p class=\"p-text\">El relleno de ment\u00f3n es pr\u00e1cticamente indoloro gracias a la anestesia local aplicada antes del procedimiento. Este procedimiento r\u00e1pido y c\u00f3modo permite continuar con la rutina diaria sin interrupciones.<\/p>\n<\/p><\/div>\n<\/p><\/div>\n<div>\n<div>\n<h2 class=\"h2-header\">\u00bfCu\u00e1nto Duran los Resultados?<\/h2>\n<\/p><\/div>\n<div>\n<p class=\"p-text\">El relleno de ment\u00f3n suele durar entre 6 y 18 meses. Sin embargo, esta duraci\u00f3n puede variar seg\u00fan factores personales como la edad, el tipo de piel y el estilo de vida. Los resultados pueden mantenerse durante m\u00e1s tiempo con aplicaciones de seguimiento.<\/p>\n<\/p><\/div>\n<\/p><\/div>\n<div>\n<div>\n<h2 class=\"h2-header\">Precios del Relleno de Ment\u00f3n<\/h2>\n<\/p><\/div>\n<div>\n<p class=\"p-text\">Los precios se determinan en funci\u00f3n del tipo de relleno utilizado, la cantidad requerida para el procedimiento y el nivel de correcci\u00f3n y modelado deseado para la zona del ment\u00f3n. Para obtener informaci\u00f3n m\u00e1s detallada, te invitamos a visitar nuestra cl\u00ednica.<\/p>\n<\/p><\/div>\n<\/p><\/div>\n<div>\n<div>\n<h2 class=\"h2-header\">\u00bfPor Qu\u00e9 Elegir la Cl\u00ednica Exclusiva de Dr. Terziler?<\/h2>\n<\/p><\/div>\n<div>\n<p class=\"p-text\">El Dr. Terziler, con una experiencia reconocida internacionalmente y un enfoque \u00fanico que combina arte y ciencia, ofrece soluciones personalizadas que brindan no solo una transformaci\u00f3n f\u00edsica, sino tambi\u00e9n una renovaci\u00f3n emocional. Nuestra cl\u00ednica, equipada con tecnolog\u00edas avanzadas y operando bajo principios de comodidad y seguridad, adopta la perfecci\u00f3n como filosof\u00eda corporativa. Aqu\u00ed, cada toque est\u00e1 dise\u00f1ado para mejorar tu salud y felicidad integral.<\/p>\n<\/p><\/div>\n<\/p><\/div>\n<\/p><\/div>\n<\/section>\n","protected":false},"excerpt":{"rendered":"<p>Relleno de Ment\u00f3n El relleno de ment\u00f3n es un procedimiento est\u00e9tico dise\u00f1ado para definir la forma y los contornos del ment\u00f3n. Este tratamiento equilibra los rasgos faciales, creando una apariencia m\u00e1s atractiva y sim\u00e9trica. Se realiza utilizando materiales de relleno como el \u00e1cido hialur\u00f3nico y ofrece un proceso de tratamiento c\u00f3modo. Dr. Terziler Exclusive Clinic [&hellip;]<\/p>\n","protected":false},"author":6,"featured_media":0,"parent":3249,"menu_order":0,"comment_status":"closed","ping_status":"closed","template":"","meta":{"footnotes":""},"class_list":["post-16303","page","type-page","status-publish","hentry"],"_links":{"self":[{"href":"https:\/\/drterziler.com\/es\/wp-json\/wp\/v2\/pages\/16303","targetHints":{"allow":["GET"]}}],"collection":[{"href":"https:\/\/drterziler.com\/es\/wp-json\/wp\/v2\/pages"}],"about":[{"href":"https:\/\/drterziler.com\/es\/wp-json\/wp\/v2\/types\/page"}],"author":[{"embeddable":true,"href":"https:\/\/drterziler.com\/es\/wp-json\/wp\/v2\/users\/6"}],"replies":[{"embeddable":true,"href":"https:\/\/drterziler.com\/es\/wp-json\/wp\/v2\/comments?post=16303"}],"version-history":[{"count":17,"href":"https:\/\/drterziler.com\/es\/wp-json\/wp\/v2\/pages\/16303\/revisions"}],"predecessor-version":[{"id":62410,"href":"https:\/\/drterziler.com\/es\/wp-json\/wp\/v2\/pages\/16303\/revisions\/62410"}],"up":[{"embeddable":true,"href":"https:\/\/drterziler.com\/es\/wp-json\/wp\/v2\/pages\/3249"}],"wp:attachment":[{"href":"https:\/\/drterziler.com\/es\/wp-json\/wp\/v2\/media?parent=16303"}],"curies":[{"name":"wp","href":"https:\/\/api.w.org\/{rel}","templated":true}]}}