{"id":16373,"date":"2025-01-27T13:03:33","date_gmt":"2025-01-27T13:03:33","guid":{"rendered":"https:\/\/drterziler.com\/estetica-medica\/yuz-uygulamalari\/relleno\/dudak-dolgusu\/"},"modified":"2026-02-28T19:18:44","modified_gmt":"2026-02-28T19:18:44","slug":"relleno-de-labios","status":"publish","type":"page","link":"https:\/\/drterziler.com\/es\/estetica-medica\/tratamientos-faciales\/relleno\/relleno-de-labios\/","title":{"rendered":"Relleno de Labios"},"content":{"rendered":"<div class=\"page-content\">\n<div id=\"header-area\">\n<div class=\"container\" id=\"firstContent\">\n<div class=\"header-content d-flex flex-column\">\n<h1 class=\"content-title h1-header\">Relleno de Labios<\/h1>\n<div class=\"content-paragraph\">\n<p class=\"p-text\">El relleno labial aumenta el volumen de los labios, proporcionando una apariencia m\u00e1s llena y definida. Este procedimiento previene el adelgazamiento debido al envejecimiento y crea una est\u00e9tica natural. El tratamiento se realiza con anestesia local, minimizando el dolor. Los resultados son visibles de inmediato y el regreso a la vida social es r\u00e1pido.<\/p>\n<\/p><\/div>\n<nav aria-label=\"breadcrumb\" class=\"breadcrumbs\">\n<ul class=\"d-flex align-items-center mb-0\">\n<li><a class=\"link\" href=\"https:\/\/drterziler.com\/es\/\"><span>Dr. Terziler Exclusive Clinic<\/span><\/a><\/li>\n<li class=\"separator\">\u00bb<\/li>\n<li><a class=\"link\" href=\"https:\/\/drterziler.com\/es\/estetica-medica\/\"><span>Est\u00e9tica m\u00e9dica<\/span><\/a><\/li>\n<li class=\"separator\">\u00bb<\/li>\n<li><a class=\"link\" href=\"https:\/\/drterziler.com\/es\/estetica-medica\/tratamientos-faciales\/\"><span>Tratamientos Faciales<\/span><\/a><\/li>\n<li class=\"separator\">\u00bb<\/li>\n<li><a class=\"link\" href=\"https:\/\/drterziler.com\/es\/estetica-medica\/tratamientos-faciales\/relleno\/\"><span>Relleno<\/span><\/a><\/li>\n<li class=\"separator\">\u00bb<\/li>\n<li class=\"current-page\"><span>Relleno de Labios<\/span><\/li>\n<\/ul>\n<\/nav><\/div>\n<\/p><\/div>\n<\/p><\/div>\n<\/div>\n<section id=\"content-area\">\n<div class=\"container my-5\">\n<div class=\"row align-items-start\">\n<div class=\"col-md-6 order-2 order-md-1\">\n<div class=\"custom-toc-box\">\n<div id=\"toc-header\">\n<h4>\u00cdndice<\/h4>\n<div class=\"toc-toggle-icon\"><\/div>\n<\/p><\/div>\n<div class=\"toc-full-divider\"><\/div>\n<div id=\"toc-body\">\n<div id=\"toc-container\"><\/div>\n<\/p><\/div>\n<\/p><\/div>\n<\/p><\/div>\n<div class=\"col-md-6 order-1 order-md-2\" id=\"jForm\">\n               <script type=\"text\/javascript\" src=\"https:\/\/form.jotform.com\/jsform\/242881767918979\"><\/script>\n            <\/div>\n<\/p><\/div>\n<\/p><\/div>\n<div class=\"container\">\n<div class=\"img-thumb\">\n            <img loading=\"lazy\" decoding=\"async\" width=\"1920\" height=\"1080\" src=\"https:\/\/drterziler.com\/wp-content\/uploads\/2025\/01\/Dudak-Dolgusu.webp\" alt=\"dudak dolgusu\" srcset=\"https:\/\/drterziler.com\/wp-content\/uploads\/2025\/01\/Dudak-Dolgusu.webp 1920w, https:\/\/drterziler.com\/wp-content\/uploads\/2025\/01\/Dudak-Dolgusu-300x169.webp 300w, https:\/\/drterziler.com\/wp-content\/uploads\/2025\/01\/Dudak-Dolgusu-1024x576.webp 1024w, https:\/\/drterziler.com\/wp-content\/uploads\/2025\/01\/Dudak-Dolgusu-768x432.webp 768w, https:\/\/drterziler.com\/wp-content\/uploads\/2025\/01\/Dudak-Dolgusu-1536x864.webp 1536w\" sizes=\"auto, (max-width: 1920px) 100vw, 1920px\" \/>\n        <\/div>\n<div>\n<div>\n<h2 class=\"h2-header\">\u00bfQu\u00e9 es el Relleno de Labios?<\/h2>\n<\/p><\/div>\n<div>\n<p class=\"p-text\">El relleno de labios es un procedimiento est\u00e9tico realizado para aumentar el volumen de los labios, mejorar su forma y proporcionar una apariencia m\u00e1s sim\u00e9trica. En este proceso, se utilizan com\u00fanmente materiales de relleno como el \u00e1cido hialur\u00f3nico, que son compatibles con el cuerpo. Dado que el \u00e1cido hialur\u00f3nico es una sustancia que se encuentra naturalmente en la piel, proporciona una plenitud natural cuando se aplica en los labios. El relleno de labios no solo a\u00f1ade volumen, sino que tambi\u00e9n realza los contornos de los labios y reduce la apariencia de las arrugas.<\/p>\n<\/p><\/div>\n<\/p><\/div>\n<div>\n<div>\n<h2 class=\"h2-header\">\u00bfCu\u00e1les Son los Beneficios del Relleno de Labios?<\/h2>\n<\/p><\/div>\n<div>\n<p class=\"p-text\">Labios llenos y definidos en poco tiempo. Una apariencia natural, est\u00e9tica y sim\u00e9trica. Una estructura facial m\u00e1s femenina y fotog\u00e9nica. Soluciones personalizadas para cada forma de labios. Una soluci\u00f3n r\u00e1pida sin necesidad de cirug\u00eda. Una soluci\u00f3n eficaz para los signos del envejecimiento. Regreso inmediato a la vida social despu\u00e9s del procedimiento.<\/p>\n<\/p><\/div>\n<\/p><\/div>\n<div>\n<div>\n<h2 class=\"h2-header\">\u00bfQu\u00e9 Tipo de Apariencia Proporciona el Relleno de Labios?<\/h2>\n<\/p><\/div>\n<div>\n<p class=\"p-text\">El relleno de labios proporciona una apariencia m\u00e1s juvenil, voluminosa y atractiva. Los labios delgados se vuelven m\u00e1s definidos, mientras que el volumen perdido debido al envejecimiento se restaura. Adem\u00e1s, se corrige la asimetr\u00eda en las l\u00edneas de los labios, logrando un perfil m\u00e1s sim\u00e9trico. Despu\u00e9s del procedimiento, los labios adquieren una apariencia m\u00e1s vibrante, saludable y fresca. Las l\u00edneas finas que se forman en los labios como resultado del envejecimiento se suavizan y desaparecen, dando al rostro una expresi\u00f3n m\u00e1s juvenil.<\/p>\n<\/p><\/div>\n<\/p><\/div>\n<div>\n<div>\n<h2 class=\"h2-header\">\u00bfPara Qui\u00e9n es Adecuado el Relleno de Labios?<\/h2>\n<\/p><\/div>\n<div>\n<p class=\"p-text\">Personas que han perdido volumen en sus labios. Quienes tienen labios delgados. Personas con asimetr\u00eda en las l\u00edneas de los labios. Individuos con arrugas debido al envejecimiento. Quienes buscan una apariencia est\u00e9tica. Personas que desean cambiar la forma de sus labios. Quienes desean resultados con una intervenci\u00f3n m\u00ednima.<\/p>\n<\/p><\/div>\n<\/p><\/div>\n<div>\n<div>\n<h2 class=\"h2-header\">\u00bfC\u00f3mo se Aplica el Relleno de Labios?<\/h2>\n<\/p><\/div>\n<div>\n<p class=\"p-text\">El relleno de labios se aplica mediante un proceso sencillo. Antes de la aplicaci\u00f3n, se aplica una crema anest\u00e9sica local para reducir cualquier sensaci\u00f3n de dolor. Luego, un material de relleno a base de \u00e1cido hialur\u00f3nico se inyecta en los labios utilizando agujas finas. El procedimiento es realizado por un dermat\u00f3logo experto. Este proceso generalmente dura unos 20 minutos, y puedes volver a tu vida social inmediatamente despu\u00e9s del tratamiento. Dado que el relleno utilizado es compatible y seguro para el cuerpo, el riesgo de reacciones adversas es muy bajo.<\/p>\n<\/p><\/div>\n<\/p><\/div>\n<div>\n<div>\n<h2 class=\"h2-header\">\u00bfCu\u00e1nto Duran los Resultados del Relleno de Labios?<\/h2>\n<\/p><\/div>\n<div>\n<p class=\"p-text\">El relleno de labios es un tratamiento no permanente. Los resultados suelen durar entre 6 y 12 meses. Esta duraci\u00f3n puede variar seg\u00fan el tipo de relleno utilizado y el metabolismo individual. Los materiales de relleno, como el \u00e1cido hialur\u00f3nico, son absorbidos por el cuerpo con el tiempo, por lo que el procedimiento puede necesitar repetirse. Sin embargo, el contenido del relleno y la tasa de absorci\u00f3n en el cuerpo pueden variar de una persona a otra, por lo que la duraci\u00f3n de los resultados puede diferir individualmente.<\/p>\n<\/p><\/div>\n<\/p><\/div>\n<div>\n<div>\n<h2 class=\"h2-header\">\u00bfEs Doloroso el Relleno de Labios?<\/h2>\n<\/p><\/div>\n<div>\n<p class=\"p-text\">Dado que se aplica una crema anest\u00e9sica local en la zona antes del procedimiento, las sensaciones de dolor son m\u00ednimas. La mayor\u00eda de las personas no experimentan ning\u00fan dolor durante el procedimiento. Despu\u00e9s del tratamiento, puede haber una leve hinchaz\u00f3n o moretones que duran unas pocas horas, pero esto es temporal y se cura r\u00e1pidamente.<\/p>\n<\/p><\/div>\n<\/p><\/div>\n<div>\n<div>\n<h2 class=\"h2-header\">Precios del Relleno de Labios<\/h2>\n<\/p><\/div>\n<div>\n<p class=\"p-text\">Los precios del relleno de labios pueden variar seg\u00fan el tipo de relleno utilizado y el alcance del procedimiento. Los precios suelen ser proporcionales a la calidad del tratamiento y los resultados esperados. Para obtener la informaci\u00f3n m\u00e1s precisa sobre precios, recomendamos contactar con los consultores de nuestra cl\u00ednica.<\/p>\n<\/p><\/div>\n<\/p><\/div>\n<div>\n<div>\n<h2 class=\"h2-header\">\u00bfPor Qu\u00e9 Elegir la Cl\u00ednica Exclusiva de Dr. Terziler?<\/h2>\n<\/p><\/div>\n<div>\n<p class=\"p-text\">El Dr. Terziler, con una experiencia reconocida internacionalmente y un enfoque est\u00e9tico que combina arte y ciencia, ofrece soluciones personalizadas que brindan no solo una transformaci\u00f3n f\u00edsica, sino tambi\u00e9n una renovaci\u00f3n emocional. Nuestra cl\u00ednica, equipada con tecnolog\u00edas avanzadas y operando bajo principios de comodidad y seguridad, adopta la perfecci\u00f3n como filosof\u00eda corporativa. Aqu\u00ed, cada toque est\u00e1 dise\u00f1ado para mejorar tu salud y felicidad integral.<\/p>\n<\/p><\/div>\n<\/p><\/div>\n<\/p><\/div>\n<\/section>\n","protected":false},"excerpt":{"rendered":"<p>Relleno de Labios El relleno labial aumenta el volumen de los labios, proporcionando una apariencia m\u00e1s llena y definida. Este procedimiento previene el adelgazamiento debido al envejecimiento y crea una est\u00e9tica natural. El tratamiento se realiza con anestesia local, minimizando el dolor. Los resultados son visibles de inmediato y el regreso a la vida social [&hellip;]<\/p>\n","protected":false},"author":6,"featured_media":0,"parent":3249,"menu_order":0,"comment_status":"closed","ping_status":"closed","template":"","meta":{"footnotes":""},"class_list":["post-16373","page","type-page","status-publish","hentry"],"_links":{"self":[{"href":"https:\/\/drterziler.com\/es\/wp-json\/wp\/v2\/pages\/16373","targetHints":{"allow":["GET"]}}],"collection":[{"href":"https:\/\/drterziler.com\/es\/wp-json\/wp\/v2\/pages"}],"about":[{"href":"https:\/\/drterziler.com\/es\/wp-json\/wp\/v2\/types\/page"}],"author":[{"embeddable":true,"href":"https:\/\/drterziler.com\/es\/wp-json\/wp\/v2\/users\/6"}],"replies":[{"embeddable":true,"href":"https:\/\/drterziler.com\/es\/wp-json\/wp\/v2\/comments?post=16373"}],"version-history":[{"count":14,"href":"https:\/\/drterziler.com\/es\/wp-json\/wp\/v2\/pages\/16373\/revisions"}],"predecessor-version":[{"id":58381,"href":"https:\/\/drterziler.com\/es\/wp-json\/wp\/v2\/pages\/16373\/revisions\/58381"}],"up":[{"embeddable":true,"href":"https:\/\/drterziler.com\/es\/wp-json\/wp\/v2\/pages\/3249"}],"wp:attachment":[{"href":"https:\/\/drterziler.com\/es\/wp-json\/wp\/v2\/media?parent=16373"}],"curies":[{"name":"wp","href":"https:\/\/api.w.org\/{rel}","templated":true}]}}