{"id":16458,"date":"2025-01-27T13:43:13","date_gmt":"2025-01-27T13:43:13","guid":{"rendered":"https:\/\/drterziler.com\/estetica-medica\/yuz-uygulamalari\/relleno\/jawline-dolgusu\/"},"modified":"2026-02-28T19:24:24","modified_gmt":"2026-02-28T19:24:24","slug":"relleno-de-mandibula","status":"publish","type":"page","link":"https:\/\/drterziler.com\/es\/estetica-medica\/tratamientos-faciales\/relleno\/relleno-de-mandibula\/","title":{"rendered":"Relleno de Mand\u00edbula"},"content":{"rendered":"<div class=\"page-content\">\n<div id=\"header-area\">\n<div class=\"container\" id=\"firstContent\">\n<div class=\"header-content d-flex flex-column\">\n<h1 class=\"content-title h1-header\">Relleno de Mand\u00edbula<\/h1>\n<div class=\"content-paragraph\">\n<p class=\"p-text\">El relleno de la l\u00ednea de la mand\u00edbula define la l\u00ednea de la mand\u00edbula, creando un perfil facial m\u00e1s n\u00edtido. Realza los rasgos faciales y tiene un efecto rejuvenecedor. Este procedimiento, realizado con \u00e1cido hialur\u00f3nico, es m\u00ednimamente invasivo y ofrece resultados duraderos.<\/p>\n<\/p><\/div>\n<nav aria-label=\"breadcrumb\" class=\"breadcrumbs\">\n<ul class=\"d-flex align-items-center mb-0\">\n<li><a class=\"link\" href=\"https:\/\/drterziler.com\/es\/\"><span>Dr. Terziler Exclusive Clinic<\/span><\/a><\/li>\n<li class=\"separator\">\u00bb<\/li>\n<li><a class=\"link\" href=\"https:\/\/drterziler.com\/es\/estetica-medica\/\"><span>Est\u00e9tica m\u00e9dica<\/span><\/a><\/li>\n<li class=\"separator\">\u00bb<\/li>\n<li><a class=\"link\" href=\"https:\/\/drterziler.com\/es\/estetica-medica\/tratamientos-faciales\/\"><span>Tratamientos Faciales<\/span><\/a><\/li>\n<li class=\"separator\">\u00bb<\/li>\n<li><a class=\"link\" href=\"https:\/\/drterziler.com\/es\/estetica-medica\/tratamientos-faciales\/relleno\/\"><span>Relleno<\/span><\/a><\/li>\n<li class=\"separator\">\u00bb<\/li>\n<li class=\"current-page\"><span>Relleno de Mand\u00edbula<\/span><\/li>\n<\/ul>\n<\/nav><\/div>\n<\/p><\/div>\n<\/p><\/div>\n<\/div>\n<section id=\"content-area\">\n<div class=\"container my-5\">\n<div class=\"row align-items-start\">\n<div class=\"col-md-6 order-2 order-md-1\">\n<div class=\"custom-toc-box\">\n<div id=\"toc-header\">\n<h4>\u00cdndice<\/h4>\n<div class=\"toc-toggle-icon\"><\/div>\n<\/p><\/div>\n<div class=\"toc-full-divider\"><\/div>\n<div id=\"toc-body\">\n<div id=\"toc-container\"><\/div>\n<\/p><\/div>\n<\/p><\/div>\n<\/p><\/div>\n<div class=\"col-md-6 order-1 order-md-2\" id=\"jForm\">\n                <script type=\"text\/javascript\" src=\"https:\/\/form.jotform.com\/jsform\/242881767918979\"><\/script>\n            <\/div>\n<\/p><\/div>\n<\/p><\/div>\n<div class=\"container\">\n<div class=\"img-thumb\">\n            <img loading=\"lazy\" decoding=\"async\" width=\"1920\" height=\"1080\" src=\"https:\/\/drterziler.com\/wp-content\/uploads\/2025\/01\/Jawline-Dolgusu.webp\" alt=\"jawline filler\" srcset=\"https:\/\/drterziler.com\/wp-content\/uploads\/2025\/01\/Jawline-Dolgusu.webp 1920w, https:\/\/drterziler.com\/wp-content\/uploads\/2025\/01\/Jawline-Dolgusu-300x169.webp 300w, https:\/\/drterziler.com\/wp-content\/uploads\/2025\/01\/Jawline-Dolgusu-1024x576.webp 1024w, https:\/\/drterziler.com\/wp-content\/uploads\/2025\/01\/Jawline-Dolgusu-768x432.webp 768w, https:\/\/drterziler.com\/wp-content\/uploads\/2025\/01\/Jawline-Dolgusu-1536x864.webp 1536w\" sizes=\"auto, (max-width: 1920px) 100vw, 1920px\" \/>\n        <\/div>\n<div>\n<div>\n<h2 class=\"h2-header\">\u00bfQu\u00e9 es el Relleno de Mand\u00edbula?<\/h2>\n<\/p><\/div>\n<div>\n<p class=\"p-text\">El ment\u00f3n juega un papel importante en el equilibrio y la simetr\u00eda de los rasgos faciales. La definici\u00f3n de la l\u00ednea mandibular afecta directamente la percepci\u00f3n est\u00e9tica del rostro. El relleno de mand\u00edbula es un procedimiento est\u00e9tico dise\u00f1ado para darle forma a la l\u00ednea mandibular, realzar los rasgos faciales y proporcionar una apariencia natural. Es un m\u00e9todo no quir\u00fargico preferido por aquellos que desean rasgos faciales m\u00e1s marcados y atractivos. Se realiza con sustancias como el \u00e1cido hialur\u00f3nico y es extremadamente seguro.<\/p>\n<\/p><\/div>\n<\/p><\/div>\n<div>\n<div>\n<h2 class=\"h2-header\">\u00bfCu\u00e1les Son los Beneficios del Relleno de Mand\u00edbula?<\/h2>\n<\/p><\/div>\n<div>\n<p class=\"p-text\">Lograr una l\u00ednea mandibular definida y fuerte en 15-30 minutos sin necesidad de cirug\u00eda. Dise\u00f1o personalizado adecuado para cada tipo de rostro, asegurando resultados impecables. Aumentar la confianza logrando rasgos faciales masculinos o femeninos sin cirug\u00eda. Obtener rasgos faciales proporcionados y elegantes, volvi\u00e9ndote m\u00e1s fotog\u00e9nico. Experimentar un efecto rejuvenecedor que puede hacerte lucir de 5 a 10 a\u00f1os m\u00e1s joven en una sola sesi\u00f3n. Volver a tu vida social inmediatamente despu\u00e9s del procedimiento. Lograr una apariencia estilo Hollywood a precios asequibles.<\/p>\n<\/p><\/div>\n<\/p><\/div>\n<div>\n<div>\n<h2 class=\"h2-header\">\u00bfQu\u00e9 Tipo de Apariencia Proporciona el Relleno de Mand\u00edbula?<\/h2>\n<\/p><\/div>\n<div>\n<p class=\"p-text\">El relleno de mand\u00edbula mejora la definici\u00f3n de la l\u00ednea mandibular, proporcionando una apariencia m\u00e1s definida y sim\u00e9trica. Tambi\u00e9n crea un equilibrio est\u00e9tico con los contornos generales del rostro. Se logra suavizar la l\u00ednea mandibular, definir las esquinas de la mand\u00edbula y obtener una apariencia m\u00e1s juvenil. Con la ayuda del relleno, se elimina la flacidez en la zona de la mand\u00edbula y la parte inferior del rostro adquiere una apariencia m\u00e1s delgada.<\/p>\n<\/p><\/div>\n<\/p><\/div>\n<div>\n<div>\n<h2 class=\"h2-header\">\u00bfPara Qui\u00e9n es Adecuado el Relleno de Mand\u00edbula?<\/h2>\n<\/p><\/div>\n<div>\n<p class=\"p-text\">Quienes desean crear un perfil facial m\u00e1s est\u00e9tico. Mujeres y hombres mayores de 18 a\u00f1os. Quienes tienen una l\u00ednea mandibular poco definida. Personas que desean afilar sus rasgos faciales. Quienes muestran signos de envejecimiento en el rostro. Individuos que no desean cirug\u00eda. Quienes buscan resultados \u00f3ptimos en poco tiempo.<\/p>\n<\/p><\/div>\n<\/p><\/div>\n<div>\n<div>\n<h2 class=\"h2-header\">Soluci\u00f3n No Quir\u00fargica para Hombres y Mujeres<\/h2>\n<\/p><\/div>\n<div>\n<p class=\"p-text\">El relleno de mand\u00edbula es una excelente alternativa tanto para mujeres como para hombres, y puede personalizarse seg\u00fan las necesidades est\u00e9ticas de ambos g\u00e9neros. Para los hombres, se puede lograr una l\u00ednea mandibular m\u00e1s marcada y masculina, mientras que para las mujeres, se puede optar por un aspecto m\u00e1s delicado y refinado. La naturaleza no quir\u00fargica del procedimiento lo convierte en una opci\u00f3n adecuada para personas de todas las edades.<\/p>\n<\/p><\/div>\n<\/p><\/div>\n<div>\n<div>\n<h2 class=\"h2-header\">\u00bfC\u00f3mo se Aplica el Relleno de Mand\u00edbula?<\/h2>\n<\/p><\/div>\n<div>\n<p class=\"p-text\">El procedimiento se realiza bajo anestesia local. Primero, se identifican los puntos objetivo en la zona del ment\u00f3n. Luego, se inyectan materiales de relleno como el \u00e1cido hialur\u00f3nico en la l\u00ednea mandibular utilizando agujas finas. No hay dolor durante el procedimiento. Dura aproximadamente entre 20 y 30 minutos, y la persona puede regresar a sus actividades normales inmediatamente despu\u00e9s.<\/p>\n<\/p><\/div>\n<\/p><\/div>\n<div>\n<div>\n<h2 class=\"h2-header\">\u00bfCu\u00e1nto Duran los Resultados del Relleno de Mand\u00edbula?<\/h2>\n<\/p><\/div>\n<div>\n<p class=\"p-text\">El relleno de mand\u00edbula generalmente dura entre 12 y 18 meses. Los resultados pueden variar dependiendo del estilo de vida y el tipo de piel de cada persona. A medida que envejece, la elasticidad de la piel disminuye y el efecto del relleno puede disminuir. Sin embargo, despu\u00e9s de que el efecto del relleno se desvanezca, el procedimiento puede repetirse.<\/p>\n<\/p><\/div>\n<\/p><\/div>\n<div>\n<div>\n<h2 class=\"h2-header\">\u00bfHay Dolor o Incomodidad?<\/h2>\n<\/p><\/div>\n<div>\n<p class=\"p-text\">No hay dolor ni incomodidad durante el procedimiento. Se aplican cremas anest\u00e9sicas o anestesia local para adormecer la zona antes del procedimiento. Puedes sentir una leve incomodidad o una breve sensaci\u00f3n durante la inserci\u00f3n de la aguja, pero esto es temporal.<\/p>\n<\/p><\/div>\n<\/p><\/div>\n<div>\n<div>\n<h2 class=\"h2-header\">Precios del Relleno de Mand\u00edbula<\/h2>\n<\/p><\/div>\n<div>\n<p class=\"p-text\">Los costos pueden variar dependiendo del tipo de relleno utilizado o la cantidad de material aplicado en el \u00e1rea de tratamiento. Para obtener informaci\u00f3n m\u00e1s detallada sobre el procedimiento o los precios, no dudes en contactarnos.<\/p>\n<\/p><\/div>\n<\/p><\/div>\n<div>\n<div>\n<h2 class=\"h2-header\">\u00bfPor Qu\u00e9 Elegir la Cl\u00ednica Exclusiva de Dr. Terziler?<\/h2>\n<\/p><\/div>\n<div>\n<p class=\"p-text\">El Dr. Terziler, con una experiencia reconocida internacionalmente y un enfoque est\u00e9tico que combina arte y ciencia, ofrece soluciones personalizadas que brindan no solo una transformaci\u00f3n f\u00edsica, sino tambi\u00e9n una renovaci\u00f3n emocional. Nuestra cl\u00ednica, equipada con tecnolog\u00edas avanzadas y operando bajo principios de comodidad y seguridad, adopta la perfecci\u00f3n como filosof\u00eda corporativa. Cada toque aqu\u00ed est\u00e1 dise\u00f1ado para mejorar tu salud y felicidad integral.<\/p>\n<\/p><\/div>\n<\/p><\/div>\n<\/p><\/div>\n<\/section>\n","protected":false},"excerpt":{"rendered":"<p>Relleno de Mand\u00edbula El relleno de la l\u00ednea de la mand\u00edbula define la l\u00ednea de la mand\u00edbula, creando un perfil facial m\u00e1s n\u00edtido. Realza los rasgos faciales y tiene un efecto rejuvenecedor. Este procedimiento, realizado con \u00e1cido hialur\u00f3nico, es m\u00ednimamente invasivo y ofrece resultados duraderos. Dr. Terziler Exclusive Clinic \u00bb Est\u00e9tica m\u00e9dica \u00bb Tratamientos Faciales [&hellip;]<\/p>\n","protected":false},"author":6,"featured_media":0,"parent":3249,"menu_order":0,"comment_status":"closed","ping_status":"closed","template":"","meta":{"footnotes":""},"class_list":["post-16458","page","type-page","status-publish","hentry"],"_links":{"self":[{"href":"https:\/\/drterziler.com\/es\/wp-json\/wp\/v2\/pages\/16458","targetHints":{"allow":["GET"]}}],"collection":[{"href":"https:\/\/drterziler.com\/es\/wp-json\/wp\/v2\/pages"}],"about":[{"href":"https:\/\/drterziler.com\/es\/wp-json\/wp\/v2\/types\/page"}],"author":[{"embeddable":true,"href":"https:\/\/drterziler.com\/es\/wp-json\/wp\/v2\/users\/6"}],"replies":[{"embeddable":true,"href":"https:\/\/drterziler.com\/es\/wp-json\/wp\/v2\/comments?post=16458"}],"version-history":[{"count":13,"href":"https:\/\/drterziler.com\/es\/wp-json\/wp\/v2\/pages\/16458\/revisions"}],"predecessor-version":[{"id":58404,"href":"https:\/\/drterziler.com\/es\/wp-json\/wp\/v2\/pages\/16458\/revisions\/58404"}],"up":[{"embeddable":true,"href":"https:\/\/drterziler.com\/es\/wp-json\/wp\/v2\/pages\/3249"}],"wp:attachment":[{"href":"https:\/\/drterziler.com\/es\/wp-json\/wp\/v2\/media?parent=16458"}],"curies":[{"name":"wp","href":"https:\/\/api.w.org\/{rel}","templated":true}]}}