{"id":16492,"date":"2025-01-27T13:49:45","date_gmt":"2025-01-27T13:49:45","guid":{"rendered":"https:\/\/drterziler.com\/estetica-medica\/yuz-uygulamalari\/relleno\/kulak-memesi-dolgusu\/"},"modified":"2026-04-21T14:31:29","modified_gmt":"2026-04-21T14:31:29","slug":"relleno-del-lobulo-de-la-oreja","status":"publish","type":"page","link":"https:\/\/drterziler.com\/es\/estetica-medica\/tratamientos-faciales\/relleno\/relleno-del-lobulo-de-la-oreja\/","title":{"rendered":"Relleno del L\u00f3bulo de la Oreja"},"content":{"rendered":"<div class=\"page-content\">\n<div id=\"header-area\">\n<div class=\"container\" id=\"firstContent\">\n<div class=\"header-content d-flex flex-column\">\n<h1 class=\"content-title h1-header\">Relleno del L\u00f3bulo de la Oreja<\/h1>\n<div class=\"content-paragraph\">\n<p class=\"p-text\">El relleno de l\u00f3bulo de la oreja remodela y agrega volumen a los l\u00f3bulos de las orejas que se han ca\u00eddo debido al envejecimiento. Este procedimiento mejora el aspecto est\u00e9tico de los l\u00f3bulos de las orejas y proporciona un efecto rejuvenecedor. Se logran resultados r\u00e1pidos y el proceso de recuperaci\u00f3n es corto.<\/p>\n<\/p><\/div>\n<nav aria-label=\"breadcrumb\" class=\"breadcrumbs\">\n<ul class=\"d-flex align-items-center mb-0\">\n<li><a class=\"link\" href=\"https:\/\/drterziler.com\/es\/\"><span>Dr. Terziler Exclusive Clinic<\/span><\/a><\/li>\n<li class=\"separator\">\u00bb<\/li>\n<li><a class=\"link\" href=\"https:\/\/drterziler.com\/es\/estetica-medica\/\"><span>Est\u00e9tica m\u00e9dica<\/span><\/a><\/li>\n<li class=\"separator\">\u00bb<\/li>\n<li><a class=\"link\" href=\"https:\/\/drterziler.com\/es\/estetica-medica\/tratamientos-faciales\/\"><span>Tratamientos Faciales<\/span><\/a><\/li>\n<li class=\"separator\">\u00bb<\/li>\n<li><a class=\"link\" href=\"https:\/\/drterziler.com\/es\/estetica-medica\/tratamientos-faciales\/relleno\/\"><span>Relleno<\/span><\/a><\/li>\n<li class=\"separator\">\u00bb<\/li>\n<li class=\"current-page\"><span>Relleno del L\u00f3bulo de la Oreja<\/span><\/li>\n<\/ul>\n<\/nav><\/div>\n<\/p><\/div>\n<\/p><\/div>\n<\/div>\n<section id=\"content-area\">\n<div class=\"container my-5\">\n<div class=\"row align-items-start\">\n<div class=\"col-md-6 order-2 order-md-1\">\n<div class=\"custom-toc-box\">\n<div id=\"toc-header\">\n<h4>\u00cdndice<\/h4>\n<div class=\"toc-toggle-icon\"><\/div>\n<\/p><\/div>\n<div class=\"toc-full-divider\"><\/div>\n<div id=\"toc-body\">\n<div id=\"toc-container\"><\/div>\n<\/p><\/div>\n<\/p><\/div>\n<\/p><\/div>\n<div class=\"col-md-6 order-1 order-md-2\" id=\"jForm\">\n                <script type=\"text\/javascript\" src=\"https:\/\/form.jotform.com\/jsform\/242881767918979\"><\/script>\n            <\/div>\n<\/p><\/div>\n<\/p><\/div>\n<div class=\"container\">\n<div class=\"img-thumb\">\n            <img loading=\"lazy\" decoding=\"async\" width=\"1920\" height=\"1080\" src=\"https:\/\/drterziler.com\/wp-content\/uploads\/2025\/01\/Kulak-Memesi-Dolgusu.webp\" alt=\"\" srcset=\"https:\/\/drterziler.com\/wp-content\/uploads\/2025\/01\/Kulak-Memesi-Dolgusu.webp 1920w, https:\/\/drterziler.com\/wp-content\/uploads\/2025\/01\/Kulak-Memesi-Dolgusu-300x169.webp 300w, https:\/\/drterziler.com\/wp-content\/uploads\/2025\/01\/Kulak-Memesi-Dolgusu-1024x576.webp 1024w, https:\/\/drterziler.com\/wp-content\/uploads\/2025\/01\/Kulak-Memesi-Dolgusu-768x432.webp 768w, https:\/\/drterziler.com\/wp-content\/uploads\/2025\/01\/Kulak-Memesi-Dolgusu-1536x864.webp 1536w\" sizes=\"auto, (max-width: 1920px) 100vw, 1920px\">\n        <\/div>\n<div>\n<div>\n<h2 class=\"h2-header\">\u00bfQu\u00e9 es el Relleno de L\u00f3bulo de Oreja?<\/h2>\n<\/p><\/div>\n<div>\n<p class=\"p-text\">El l\u00f3bulo de la oreja es una zona a menudo pasada por alto en la est\u00e9tica facial, pero juega un papel importante. Con el tiempo, el envejecimiento, el efecto de la gravedad y el uso de pendientes pesados pueden causar adelgazamiento y deformaci\u00f3n de los l\u00f3bulos de las orejas. El relleno de l\u00f3bulo de oreja es un procedimiento est\u00e9tico preferido para corregir estos problemas de forma no quir\u00fargica. Este procedimiento, realizado con rellenos a base de \u00e1cido hialur\u00f3nico, proporciona al l\u00f3bulo de la oreja una apariencia m\u00e1s llena y juvenil.<\/p>\n<\/p><\/div>\n<\/p><\/div>\n<div>\n<div>\n<h2 class=\"h2-header\">\u00bfCu\u00e1les Son los Beneficios del Relleno de L\u00f3bulo de Oreja?<\/h2>\n<\/p><\/div>\n<div>\n<p class=\"p-text\">Es una soluci\u00f3n r\u00e1pida y pr\u00e1ctica, ya que es un m\u00e9todo no quir\u00fargico. El procedimiento se completa en 10-15 minutos. Restaura el volumen perdido del l\u00f3bulo de la oreja. Corrige las deformaciones causadas por el uso de pendientes pesados. Proporciona una apariencia juvenil y saludable al l\u00f3bulo de la oreja. Es un procedimiento seguro, adecuado para todos los grupos de edad. Puedes regresar inmediatamente a tu vida social despu\u00e9s del procedimiento.<\/p>\n<\/p><\/div>\n<\/p><\/div>\n<div>\n<div>\n<h2 class=\"h2-header\">\u00bfQu\u00e9 Tipo de Apariencia Proporciona el Relleno de L\u00f3bulo de Oreja?<\/h2>\n<\/p><\/div>\n<div>\n<p class=\"p-text\">El relleno de l\u00f3bulo de oreja elimina la p\u00e9rdida de volumen en el l\u00f3bulo, d\u00e1ndole una apariencia m\u00e1s llena y est\u00e9tica. Tambi\u00e9n suaviza las arrugas y la flacidez, ofreciendo un aspecto m\u00e1s uniforme. Este procedimiento rejuvenece el l\u00f3bulo de la oreja en armon\u00eda con la est\u00e9tica general del rostro.<\/p>\n<\/p><\/div>\n<\/p><\/div>\n<div>\n<div>\n<h2 class=\"h2-header\">\u00bfPara Qui\u00e9n es Adecuado el Relleno de L\u00f3bulo de Oreja?<\/h2>\n<\/p><\/div>\n<div>\n<p class=\"p-text\">Quienes han experimentado p\u00e9rdida de volumen en sus l\u00f3bulos de oreja. Quienes tienen deformaciones causadas por el uso de pendientes pesados. Personas que desean una apariencia m\u00e1s juvenil y saludable para sus l\u00f3bulos de oreja. Quienes buscan una alternativa r\u00e1pida y efectiva a la cirug\u00eda. Mujeres y hombres mayores de 18 a\u00f1os. Quienes desean que sus pendientes luzcan m\u00e1s elegantes.<\/p>\n<\/p><\/div>\n<\/p><\/div>\n<div>\n<div>\n<h2 class=\"h2-header\">M\u00e9todo No Quir\u00fargico para Hombres y Mujeres<\/h2>\n<\/p><\/div>\n<div>\n<p class=\"p-text\">El relleno de l\u00f3bulo de oreja es adecuado tanto para mujeres como para hombres. Mientras que las mujeres generalmente lo prefieren por razones est\u00e9ticas, los hombres pueden optar por este procedimiento para abordar la p\u00e9rdida de volumen debido al envejecimiento. Su naturaleza no quir\u00fargica lo convierte en una opci\u00f3n atractiva para todos.<\/p>\n<\/p><\/div>\n<\/p><\/div>\n<div>\n<div>\n<h2 class=\"h2-header\">\u00bfC\u00f3mo se Aplica el Relleno de L\u00f3bulo de Oreja?<\/h2>\n<\/p><\/div>\n<div>\n<p class=\"p-text\">El procedimiento se realiza bajo anestesia local. Primero, se identifican las \u00e1reas donde se aplicar\u00e1 el relleno. Luego, se inyecta cuidadosamente el relleno a base de \u00e1cido hialur\u00f3nico en el l\u00f3bulo de la oreja utilizando agujas finas. No hay dolor durante el procedimiento, que se completa en unos 10-15 minutos. Se realiza por especialistas est\u00e9ticos experimentados y es muy seguro.<\/p>\n<\/p><\/div>\n<\/p><\/div>\n<div>\n<div>\n<h2 class=\"h2-header\">\u00bfCu\u00e1nto Duran los Resultados del Relleno de L\u00f3bulo de Oreja?<\/h2>\n<\/p><\/div>\n<div>\n<p class=\"p-text\">El relleno de l\u00f3bulo de oreja generalmente dura entre 12 y 18 meses. Los resultados pueden variar dependiendo del tipo de piel, el estilo de vida y el tipo de relleno utilizado. Despu\u00e9s de que el efecto del relleno se desvanezca, el procedimiento puede repetirse.<\/p>\n<\/p><\/div>\n<\/p><\/div>\n<div>\n<div>\n<h2 class=\"h2-header\">Precios del Relleno de L\u00f3bulo de Oreja<\/h2>\n<\/p><\/div>\n<div>\n<p class=\"p-text\">Los costos pueden variar dependiendo del tipo de relleno utilizado o la cantidad de material aplicado en el \u00e1rea de tratamiento. Para obtener m\u00e1s informaci\u00f3n detallada sobre el procedimiento o los precios, no dudes en contactarnos.<\/p>\n<\/p><\/div>\n<\/p><\/div>\n<div>\n<div>\n<h2 class=\"h2-header\">\u00bfPor Qu\u00e9 Elegir la Cl\u00ednica Exclusiva de Dr. Terziler?<\/h2>\n<\/p><\/div>\n<div>\n<p class=\"p-text\">El Dr. Terziler, con una experiencia reconocida internacionalmente y un enfoque est\u00e9tico que combina arte y ciencia, ofrece soluciones personalizadas que brindan no solo una transformaci\u00f3n f\u00edsica, sino tambi\u00e9n una renovaci\u00f3n emocional. Nuestra cl\u00ednica, equipada con tecnolog\u00edas avanzadas y operando bajo principios de comodidad y seguridad, adopta la perfecci\u00f3n como filosof\u00eda corporativa. Cada toque aqu\u00ed est\u00e1 dise\u00f1ado para mejorar tu salud y felicidad integral.<\/p>\n<\/p><\/div>\n<\/p><\/div>\n<\/p><\/div>\n<\/section>\n","protected":false},"excerpt":{"rendered":"<p>Relleno del L\u00f3bulo de la Oreja El relleno de l\u00f3bulo de la oreja remodela y agrega volumen a los l\u00f3bulos de las orejas que se han ca\u00eddo debido al envejecimiento. Este procedimiento mejora el aspecto est\u00e9tico de los l\u00f3bulos de las orejas y proporciona un efecto rejuvenecedor. Se logran resultados r\u00e1pidos y el proceso de [&hellip;]<\/p>\n","protected":false},"author":6,"featured_media":0,"parent":3249,"menu_order":0,"comment_status":"closed","ping_status":"closed","template":"","meta":{"footnotes":""},"class_list":["post-16492","page","type-page","status-publish","hentry"],"_links":{"self":[{"href":"https:\/\/drterziler.com\/es\/wp-json\/wp\/v2\/pages\/16492","targetHints":{"allow":["GET"]}}],"collection":[{"href":"https:\/\/drterziler.com\/es\/wp-json\/wp\/v2\/pages"}],"about":[{"href":"https:\/\/drterziler.com\/es\/wp-json\/wp\/v2\/types\/page"}],"author":[{"embeddable":true,"href":"https:\/\/drterziler.com\/es\/wp-json\/wp\/v2\/users\/6"}],"replies":[{"embeddable":true,"href":"https:\/\/drterziler.com\/es\/wp-json\/wp\/v2\/comments?post=16492"}],"version-history":[{"count":14,"href":"https:\/\/drterziler.com\/es\/wp-json\/wp\/v2\/pages\/16492\/revisions"}],"predecessor-version":[{"id":62406,"href":"https:\/\/drterziler.com\/es\/wp-json\/wp\/v2\/pages\/16492\/revisions\/62406"}],"up":[{"embeddable":true,"href":"https:\/\/drterziler.com\/es\/wp-json\/wp\/v2\/pages\/3249"}],"wp:attachment":[{"href":"https:\/\/drterziler.com\/es\/wp-json\/wp\/v2\/media?parent=16492"}],"curies":[{"name":"wp","href":"https:\/\/api.w.org\/{rel}","templated":true}]}}